{"id":215,"date":"2024-04-01T07:41:02","date_gmt":"2024-04-01T07:41:02","guid":{"rendered":"https:\/\/niramart.com\/revista-magazine\/alex-belemuski-y-mussorgsky-4\/"},"modified":"2024-04-01T07:41:02","modified_gmt":"2024-04-01T07:41:02","slug":"alex-belemuski-y-mussorgsky-4","status":"publish","type":"page","link":"https:\/\/niramart.com\/revista-magazine\/tag\/alex-belemuski\/","title":{"rendered":"ALEX BELEMUSKI Y MUSSORGSKY"},"content":{"rendered":"<div id=\"main-col\">\n<div id=\"content\" class=\"hfeed\">\n<article class=\"excerpt post-1016 post type-post status-publish format-standard hentry category-c39-articulos-espanol category-bellas-artes category-no-3-4-2013 tag-alex-belemuski tag-hector-martinez tag-mussorgsky category-18-id category-119-id category-178-id post-seq-1 post-parity-odd meta-position-left-pullout fix\" id=\"post-1016\">\n<header class=\"post-header title-container fix\">\n<div class=\"title\">\n<h2 class=\"posttitle\"><a href=\"https:\/\/niramart.com\/revista-magazine\/alex-belemuski-y-mussorgsky\/\" class=\"entry-title\" rel=\"bookmark\" title=\"ALEX BELEMUSKI Y MUSSORGSKY\">ALEX BELEMUSKI Y MUSSORGSKY<\/a><\/h2>\n<\/div>\n<div class=\"date\"><span class=\"month\">Jun<\/span> <span class=\"day\">12<\/span><span class=\"year\">2013<\/span><\/div>\n<\/header>\n<p> <span class=\"post-format-icon\">&nbsp;<\/span><span class=\"updated\" title=\"2013-06-12T15:13:39+00:00\">&nbsp;<\/span><\/p>\n<div class=\"entry-container fix\">\n<div class=\"entry entry-content fix\">\n<p class=\"bch4dcbow065stdpy\">ALL\u00cd DONDE PINTURA Y M\u00daSICA SE FUNDEN Por H\u00e9ctor Mart\u00ednez He conversado m\u00e1s de una vez con Alex Belemuski, hemos pasado horas juntos. Me ha acompa\u00f1ado en las presentaciones de libros m\u00edos y no en pocas veces ha soportado mis peroratas desde un atril <a href=\"https:\/\/niramart.com\/revista-magazine\/alex-belemuski-y-mussorgsky\/\" class=\"excerpt-more\">[&#8230;]<\/a><\/p>\n<\/div>\n<div class=\"meta-pullout meta-left-pullout\">\n<ul>\n<li class=\"fix\"><span class=\"category\"><span class=\"icon\">&nbsp;<\/span> <a href=\"https:\/\/niramart.com\/revista-magazine\/category\/s5-articulos\/c39-articulos-espanol\/\" rel=\"category tag\">Articulos espa\u00f1ol<\/a>, <a href=\"https:\/\/niramart.com\/revista-magazine\/category\/bellas-artes\/\" rel=\"category tag\">Bellas Artes<\/a>, <a href=\"https:\/\/niramart.com\/revista-magazine\/category\/no-3-4-2013\/\" rel=\"category tag\">N\u00ba 3-4 2013<\/a><\/span><\/li>\n<li class=\"fix\"><span class=\"tags tax\"><span class=\"icon\">&nbsp;<\/span>Tagged with: <a href=\"https:\/\/niramart.com\/revista-magazine\/tag\/alex-belemuski\/\" rel=\"tag\">Alex Belemuski<\/a>, <a href=\"https:\/\/niramart.com\/revista-magazine\/tag\/hector-martinez\/\" rel=\"tag\">H\u00e9ctor Mart\u00ednez<\/a>, <a href=\"https:\/\/niramart.com\/revista-magazine\/tag\/mussorgsky\/\" rel=\"tag\">MUSSORGSKY<\/a><\/span><\/li>\n<\/ul>\n<\/div>\n<\/div>\n<footer class=\"post-footer postdata fix\"><\/footer>\n<\/article>\n<\/div>\n<\/div>\n","protected":false,"raw":""},"excerpt":{"rendered":"<p>ALEX BELEMUSKI Y MUSSORGSKY Jun 122013 &nbsp;&nbsp; ALL\u00cd DONDE [&hellip;]<\/p>\n","protected":false},"author":0,"featured_media":0,"parent":0,"menu_order":0,"comment_status":"closed","ping_status":"closed","template":"","meta":{"footnotes":""},"class_list":["post-215","page","type-page","status-publish","hentry"],"yoast_head":"<!-- This site is optimized with the Yoast SEO plugin v27.4 - https:\/\/yoast.com\/product\/yoast-seo-wordpress\/ -->\n<title>Alex Belemuski \u00bb Niram Art Magazine<\/title>\n<meta name=\"robots\" content=\"index, follow, max-snippet:-1, max-image-preview:large, max-video-preview:-1\" \/>\n<link rel=\"canonical\" href=\"https:\/\/niramart.com\/revista-magazine\/tag\/alex-belemuski\/\" \/>\n<meta property=\"og:type\" content=\"article\" \/>\n<meta property=\"og:title\" content=\"Alex Belemuski \u00bb Niram Art Magazine\" \/>\n<meta property=\"og:description\" content=\"ALEX BELEMUSKI Y MUSSORGSKY Jun 122013 &nbsp;&nbsp; ALL\u00cd DONDE [&hellip;]\" \/>\n<meta property=\"og:url\" content=\"https:\/\/niramart.com\/revista-magazine\/tag\/alex-belemuski\/\" \/>\n<meta property=\"og:site_name\" content=\"Niram Art Magazine\" \/>\n<meta name=\"twitter:card\" content=\"summary_large_image\" \/>\n<!-- \/ Yoast SEO plugin. -->","yoast_head_json":{"title":"Alex Belemuski \u00bb Niram Art Magazine","robots":{"index":"index","follow":"follow","max-snippet":"max-snippet:-1","max-image-preview":"max-image-preview:large","max-video-preview":"max-video-preview:-1"},"canonical":"https:\/\/niramart.com\/revista-magazine\/tag\/alex-belemuski\/","og_type":"article","og_title":"Alex Belemuski \u00bb Niram Art Magazine","og_description":"ALEX BELEMUSKI Y MUSSORGSKY Jun 122013 &nbsp;&nbsp; ALL\u00cd DONDE [&hellip;]","og_url":"https:\/\/niramart.com\/revista-magazine\/tag\/alex-belemuski\/","og_site_name":"Niram Art Magazine","twitter_card":"summary_large_image"},"_links":{"self":[{"href":"https:\/\/niramart.com\/revista-magazine\/wp-json\/wp\/v2\/pages\/215","targetHints":{"allow":["GET"]}}],"collection":[{"href":"https:\/\/niramart.com\/revista-magazine\/wp-json\/wp\/v2\/pages"}],"about":[{"href":"https:\/\/niramart.com\/revista-magazine\/wp-json\/wp\/v2\/types\/page"}],"replies":[{"embeddable":true,"href":"https:\/\/niramart.com\/revista-magazine\/wp-json\/wp\/v2\/comments?post=215"}],"version-history":[{"count":0,"href":"https:\/\/niramart.com\/revista-magazine\/wp-json\/wp\/v2\/pages\/215\/revisions"}],"wp:attachment":[{"href":"https:\/\/niramart.com\/revista-magazine\/wp-json\/wp\/v2\/media?parent=215"}],"curies":[{"name":"wp","href":"https:\/\/api.w.org\/{rel}","templated":true}]}}