{"id":212,"date":"2024-04-01T07:41:02","date_gmt":"2024-04-01T07:41:02","guid":{"rendered":"https:\/\/niramart.com\/revista-magazine\/sobre-ninfas-y-nenufares-2\/"},"modified":"2024-04-01T07:41:02","modified_gmt":"2024-04-01T07:41:02","slug":"sobre-ninfas-y-nenufares-2","status":"publish","type":"page","link":"https:\/\/niramart.com\/revista-magazine\/sobre-ninfas-y-nenufares\/","title":{"rendered":"Sobre ninfas y nen\u00fafares"},"content":{"rendered":"<div id=\"main-col\">\n<div id=\"content\">\n<article class=\"post-1220 post type-post status-publish format-standard hentry category-c39-articulos-espanol category-literatura tag-damaso-lopez-garcia tag-el-nenufar-de-las-ninfas tag-jairo-compostela category-18-id category-120-id full-content meta-position-left-pullout fix\" id=\"post-1220\">\n<header class=\"post-header title-container fix\">\n<div class=\"title\">\n<h1 class=\"posttitle\"><a href=\"https:\/\/niramart.com\/revista-magazine\/sobre-ninfas-y-nenufares\/\" class=\"entry-title\" rel=\"bookmark\" title=\"Sobre ninfas y nen\u00fafares\">Sobre ninfas y nen\u00fafares<\/a><\/h1>\n<\/div>\n<div class=\"date\"><span class=\"month\">Nov<\/span> <span class=\"day\">28<\/span><span class=\"year\">2013<\/span><\/div>\n<\/header>\n<p> <span class=\"post-format-icon\">&nbsp;<\/span><span class=\"updated\" title=\"2013-11-28T15:40:56+00:00\">&nbsp;<\/span><\/p>\n<div class=\"entry-container fix\">\n<div class=\"entry fix\">\n<p class=\"bch4dcbow065stdpy\"><a title=\"Pr\u00f3logo del libro El nen\u00fafar de las ninfas de Jairo Compostela\" href=\"http:\/\/niramarteditorial.espacioniram.com\/2013\/11\/prologo-del-libro-el-nenufar-de-las-ninfas-de-jairo-compostela\/\" rel=\"bookmark\"><img loading=\"lazy\" decoding=\"async\" class=\"alignleft\" alt=\"D\u00e1maso L\u00f3pez Garc\u00eda\" src=\"https:\/\/niramart.com\/revista-magazine\/files\/2013\/11\/damaso-lopez-garcia.jpg\" width=\"145\" height=\"122\"\/>Pr\u00f3logo del libro El nen\u00fafar de las ninfas de Jairo Compostela, Niram Art Editorial<\/a><\/p>\n<p style=\"text-align: left;\" align=\"right\"><b>D\u00e1maso L\u00f3pez Garc\u00eda, <\/b>Decano de la Facultad de Filolog\u00eda, Universidad Complutense de Madrid<\/p>\n<p class=\"bch4dcbow065stdpy\">&nbsp;<\/p>\n<p class=\"bch4dcbow065stdpy\">El libro de <strong>Jairo Compostela <\/strong> <i>El nen\u00fafar de las ninfas<\/i>  trae al \u00e1nimo del lector un n\u00famero de experiencias que hace cuentas con la exaltaci\u00f3n de los sentidos; acaso entre las p\u00e1ginas del libro tengan estos mayor protagonismo que los propios sentimientos. Los sentimientos y las emociones, cierto es, se hallan bajo sospecha en el mundo contempor\u00e1neo, siempre aparecen con su contravuelta ir\u00f3nica. La firmeza de las convicciones y la fe en las posibilidades de su expresi\u00f3n art\u00edstica son titubeantes en un mundo en el que todo lo que es s\u00f3lido se desvanece en el aire y en un mundo en el que la moralidad p\u00fablica y privada son m\u00e1s o menos l\u00edquidas. \u00bfAd\u00f3nde acudir para hallar certidumbres?<\/p>\n<div style=\"width: 225px\" class=\"wp-caption alignleft\"><img loading=\"lazy\" decoding=\"async\" alt=\" El nen\u00fafar de las ninfas de Jairo Compostela\" src=\"https:\/\/niramart.com\/revista-magazine\/files\/niramarteditorial-sub\/wp-content\/uploads\/2013\/11\/portada-jairo-compostela-215x300.jpg\" width=\"215\" height=\"300\"\/><\/p>\n<p class=\"wp-caption-text\">El nen\u00fafar de las ninfas de Jairo Compostela<\/p>\n<\/div>\n<p class=\"bch4dcbow065stdpy\">No puede faltar en un libro de poes\u00eda escrito en estos tiempos una reflexi\u00f3n que se muestre en la mirada ir\u00f3nica con la que se contemplan las posibilidades de supervivencia de las formas tradicionales de la escritura: \u00abHoy que TE QUIERO se escribe TK\u00bb. Hay una econom\u00eda de la expresi\u00f3n de las emociones que se somete a la prueba del tiempo y hay tambi\u00e9n una reflexi\u00f3n que oscila entre el inter\u00e9s narcisista por uno mismo y el inter\u00e9s por las condiciones mudadas de la experiencia humana de la pasi\u00f3n. Esa oscilaci\u00f3n describe un arco sobre el fondo en el que se alza la sospecha de que los sentimientos humanos est\u00e1n de m\u00e1s en un mundo modificado por los propios seres humanos.<\/p>\n<p style=\"text-align: center;\">Hoy que TE QUIERO se escribe TK<\/p>\n<p style=\"text-align: center;\">Hoy que hay lista de espera en los gimnasios<\/p>\n<p style=\"text-align: center;\">Hoy que la pasi\u00f3n se estudia en libros de Historia<\/p>\n<p style=\"text-align: center;\">Hoy que leer a B\u00e9cquer es motivo de burla<\/p>\n<p class=\"bch4dcbow065stdpy\">&nbsp;<\/p>\n<p class=\"bch4dcbow065stdpy\">Hoy, escribir poes\u00eda es una labor que busca, entre otras cosas, instaurar formas de atenci\u00f3n al pasado sin desatender, de forma cr\u00edtica, a las necesidades o novedades del presente. Al menos, eso puede comprobar el lector en <i>El nen\u00fafar de las ninfas<\/i>. Desde un presente que ha perdido la fe, se busca reanudar una relaci\u00f3n con un pasado que acaso ten\u00eda demasiada fe. Desde el Romanticismo, no hay poes\u00eda que no reflexione sobre sus propios l\u00edmites, los l\u00edmites de lo po\u00e9tico, que no vaya contra su inter\u00e9s al confesar que \u00abuna oda solo es buena \/ de un billete del Banco al dorso escrita\u00bb. La poes\u00eda se manifiesta en buena medida desde entonces como metapoes\u00eda. Pero Jairo Compostela sabe que en poes\u00eda el di\u00e1logo con el pasado es inexcusable, sea para admirarlo, sea para negarlo, sea para corregirlo:<\/p>\n<p style=\"text-align: center;\"><i>El amor no lo es todo<\/i><\/p>\n<p style=\"text-align: center;\">dijo Dafne a Apolo.<\/p>\n<p style=\"text-align: center;\"><i>Pero es mucho<\/i><\/p>\n<p style=\"text-align: center;\">dijo Apolo a un \u00e1rbol.<\/p>\n<p class=\"bch4dcbow065stdpy\">&nbsp;<\/p>\n<p class=\"bch4dcbow065stdpy\">La estremecedora transformaci\u00f3n de Dafne en laurel, tal y como la cuenta Garcilaso, por ejemplo, se canjea en este poema por una desencantada y acaso fr\u00edvola constataci\u00f3n de una decepci\u00f3n, de una nueva forma de enfrentarse con la incomunicaci\u00f3n, de la dislocaci\u00f3n de los interlocutores. \u00bfSer\u00e1 acaso esta musa la musa posmoderna? No se asustar\u00e1n los viejos ret\u00f3ricos, en los tiempos posmodernos, pues a ellos les encantar\u00e1 encontrarse con el mito de Apolo y Dafne navegando sobre las nuevas aguas que traen los tiempos. Hay humor, bien se ve, en esta suerte de truncado di\u00e1logo amebeo del poema y lo hay en muchas p\u00e1ginas del libro <i>El nen\u00fafar de las ninfas<\/i>. Hay un humor an\u00e1logo al que preside poemas como el anteriormente citado. Es un humor poco entusiasmado con la dif\u00edcil tarea de creer en los grandes relatos, en el del amor, por ejemplo; es un humor decepcionado ante la necesidad de creer en ellos, en los grandes relatos, en el \u00abmetarrelato legitimador\u00bb, y es un humor, en fin, entregado a la tarea de expresar con un escepticismo de terciopelo la dial\u00e9ctica de aquella dificultad.<\/p>\n<p class=\"bch4dcbow065stdpy\">Sin embargo, esta dial\u00e9ctica se inclina con resignada iron\u00eda por la defensa de lo aut\u00e9ntico, de la autenticidad. <i>La chica de pl\u00e1stico<\/i> es un poema que pretende expresar la posibilidad de la autenticidad a trav\u00e9s del relato del observador imparcial que bruscamente se convierte en el sujeto.<\/p>\n<p class=\"bch4dcbow065stdpy\">&nbsp;<\/p>\n<p style=\"text-align: center;\">Peluca de color rosa brillante,<\/p>\n<p style=\"text-align: center;\">pesta\u00f1as postizas, lentillas azules,<\/p>\n<p style=\"text-align: center;\">pendientes, piercings, silicona.<\/p>\n<p style=\"text-align: center;\">Anillos, esclavas, brazaletes,<\/p>\n<p style=\"text-align: center;\">tacones altos, medias amarillas,<\/p>\n<p style=\"text-align: center;\">u\u00f1as fosforescentes que perturban.<\/p>\n<p style=\"text-align: center;\">\u00a1Eres falsa, ficticia, artificial!<\/p>\n<p style=\"text-align: center;\">Y, naturalmente, te amo.<\/p>\n<p class=\"bch4dcbow065stdpy\">&nbsp;<\/p>\n<p class=\"bch4dcbow065stdpy\">Naturalmente, el lector compartir\u00e1 la celebraci\u00f3n de la conclusi\u00f3n. Pero no es solo la autenticidad, la sinceridad, un asunto perenne y perennemente renovado en el archivo de la poes\u00eda, Jairo Compostela sabe alzar el vuelo sobre los inconvenientes de la realidad y sabe dar expresi\u00f3n a la elusiva naturaleza de lo aut\u00e9ntico:<\/p>\n<p class=\"bch4dcbow065stdpy\">&nbsp;<\/p>\n<p style=\"text-align: center;\">Desp\u00f3jate de tus ra\u00edces,<\/p>\n<p style=\"text-align: center;\">desn\u00fadate de tu folclore,<\/p>\n<p style=\"text-align: center;\">desv\u00edstete de tus prejuicios,<\/p>\n<p style=\"text-align: center;\">\u00a1Despr\u00e9ndete de tu envoltorio!<\/p>\n<p class=\"bch4dcbow065stdpy\">Esa realidad que no se deja ver, que se esconde en la tradici\u00f3n, que se abriga con la cultura popular, que se eriza de prejuicios, que se arropa con envoltorios que la desfiguran, sin embargo, se muestra en la aspiraci\u00f3n a una intensidad l\u00edrica que se anuncia en el az\u00facar del caramelo y en la m\u00fasica:<\/p>\n<p class=\"bch4dcbow065stdpy\">&nbsp;<\/p>\n<p style=\"text-align: center;\">\u00a1Caramelo de Marruecos,<\/p>\n<p style=\"text-align: center;\">humedece mi lengua errante<\/p>\n<p style=\"text-align: center;\">con el sabor a melod\u00eda<\/p>\n<p style=\"text-align: center;\">de tus labios de luci\u00e9rnaga!<\/p>\n<p class=\"bch4dcbow065stdpy\">&nbsp;<\/p>\n<p class=\"bch4dcbow065stdpy\">El libro de Jairo Compostela, <i>El nen\u00fafar de las ninfas<\/i>, pide a sus lectores que sepan acomodar sus reacciones a los diferentes registros en los que se encarna su experiencia po\u00e9tica. Eso lo hacen todos los libros de poes\u00eda, exclamar\u00e1 el lector, s\u00ed, pero cada libro lo hace a su manera diferente. Distingue aquella petici\u00f3n del libro de Jairo Compostela el hecho de que sabe aunar recursos formales que echan mano de la paronomasia tanto como de la aliteraci\u00f3n, por ejemplo, o de cuidadosas sinestesias o de diferentes recursos m\u00e9tricos o de un ir\u00f3nico antiintelectualismo que subraya lo intelectual, para celebrar una exaltaci\u00f3n de los sentidos, de la sensualidad, que se halla siempre vigilada por una actitud cr\u00edtica o esc\u00e9ptica o propensa a denunciar lo que socava los fundamentos que rigen las relaciones entre las personas, especialmente, las relaciones con las ninfas.<\/p>\n<p class=\"bch4dcbow065stdpy\">&nbsp;<\/p>\n<p align=\"right\">D. L. G.<\/p>\n<p align=\"right\">Decano de la Facultad de Filolog\u00eda de la Universidad Complutense de Madrid<\/p>\n<p class=\"bch4dcbow065stdpy\">&nbsp;<\/p>\n<\/div>\n<div class=\"meta-pullout meta-left-pullout\">\n<ul>\n<li class=\"fix\"><span class=\"category\"><span class=\"icon\">&nbsp;<\/span> <a href=\"https:\/\/niramart.com\/revista-magazine\/category\/s5-articulos\/c39-articulos-espanol\/\" rel=\"category tag\">Articulos espa\u00f1ol<\/a>, <a href=\"https:\/\/niramart.com\/revista-magazine\/category\/literatura\/\" rel=\"category tag\">Literatura<\/a><\/span><\/li>\n<li class=\"fix\"><span class=\"tags tax\"><span class=\"icon\">&nbsp;<\/span>Tagged with: <a href=\"https:\/\/niramart.com\/revista-magazine\/tag\/damaso-lopez-garcia\/\" rel=\"tag\">D\u00e1maso L\u00f3pez Garc\u00eda<\/a>, <a href=\"https:\/\/niramart.com\/revista-magazine\/tag\/el-nenufar-de-las-ninfas\/\" rel=\"tag\">El nen\u00fafar de las ninfas<\/a>, <a href=\"https:\/\/niramart.com\/revista-magazine\/tag\/jairo-compostela\/\" rel=\"tag\">Jairo Compostela<\/a><\/span><\/li>\n<\/ul>\n<\/div>\n<\/div>\n<footer class=\"post-footer postdata fix\"> <\/footer>\n<section id=\"comments\"> <\/section>\n<\/article>\n<nav class=\"post-nav fix\">\n<table>\n<tr>\n<td class=\"previous\"><a href=\"https:\/\/niramart.com\/revista-magazine\/tarbut-arte-presenta-frank-auerbach-vida-y-obra\/\" rel=\"prev\"><span class=\"icon\">&nbsp;<\/span> Tarbut Arte presenta: Frank Auerbach, vida y obra<\/a><\/td>\n<td class=\"next\"><a href=\"https:\/\/niramart.com\/revista-magazine\/calma-y-tempestad-a-flor-de-piel\/\" rel=\"next\"><span class=\"icon\">&nbsp;<\/span> Calma y tempestad a flor de piel<\/a><\/td>\n<\/tr>\n<\/table>\n<\/nav>\n<\/div>\n<\/div>\n","protected":false,"raw":""},"excerpt":{"rendered":"<p>Sobre ninfas y nen\u00fafares Nov 282013 &nbsp;&nbsp; Pr\u00f3logo del [&hellip;]<\/p>\n","protected":false},"author":0,"featured_media":0,"parent":0,"menu_order":0,"comment_status":"closed","ping_status":"closed","template":"","meta":{"footnotes":""},"class_list":["post-212","page","type-page","status-publish","hentry"],"yoast_head":"<!-- This site is optimized with the Yoast SEO plugin v27.4 - https:\/\/yoast.com\/product\/yoast-seo-wordpress\/ -->\n<title>Sobre ninfas y nen\u00fafares \u00bb Niram Art Magazine<\/title>\n<meta name=\"robots\" content=\"index, follow, max-snippet:-1, max-image-preview:large, max-video-preview:-1\" \/>\n<link rel=\"canonical\" href=\"https:\/\/niramart.com\/revista-magazine\/sobre-ninfas-y-nenufares\/\" \/>\n<meta property=\"og:type\" content=\"article\" \/>\n<meta property=\"og:title\" content=\"Sobre ninfas y nen\u00fafares \u00bb Niram Art Magazine\" \/>\n<meta property=\"og:description\" content=\"Sobre ninfas y nen\u00fafares Nov 282013 &nbsp;&nbsp; Pr\u00f3logo del [&hellip;]\" \/>\n<meta property=\"og:url\" content=\"https:\/\/niramart.com\/revista-magazine\/sobre-ninfas-y-nenufares\/\" \/>\n<meta property=\"og:site_name\" content=\"Niram Art Magazine\" \/>\n<meta name=\"twitter:card\" content=\"summary_large_image\" \/>\n<meta name=\"twitter:label1\" content=\"Est. reading time\" \/>\n\t<meta name=\"twitter:data1\" content=\"6 minutes\" \/>\n<!-- \/ Yoast SEO plugin. -->","yoast_head_json":{"title":"Sobre ninfas y nen\u00fafares \u00bb Niram Art Magazine","robots":{"index":"index","follow":"follow","max-snippet":"max-snippet:-1","max-image-preview":"max-image-preview:large","max-video-preview":"max-video-preview:-1"},"canonical":"https:\/\/niramart.com\/revista-magazine\/sobre-ninfas-y-nenufares\/","og_type":"article","og_title":"Sobre ninfas y nen\u00fafares \u00bb Niram Art Magazine","og_description":"Sobre ninfas y nen\u00fafares Nov 282013 &nbsp;&nbsp; Pr\u00f3logo del [&hellip;]","og_url":"https:\/\/niramart.com\/revista-magazine\/sobre-ninfas-y-nenufares\/","og_site_name":"Niram Art Magazine","twitter_card":"summary_large_image","twitter_misc":{"Est. reading time":"6 minutes"}},"_links":{"self":[{"href":"https:\/\/niramart.com\/revista-magazine\/wp-json\/wp\/v2\/pages\/212","targetHints":{"allow":["GET"]}}],"collection":[{"href":"https:\/\/niramart.com\/revista-magazine\/wp-json\/wp\/v2\/pages"}],"about":[{"href":"https:\/\/niramart.com\/revista-magazine\/wp-json\/wp\/v2\/types\/page"}],"replies":[{"embeddable":true,"href":"https:\/\/niramart.com\/revista-magazine\/wp-json\/wp\/v2\/comments?post=212"}],"version-history":[{"count":0,"href":"https:\/\/niramart.com\/revista-magazine\/wp-json\/wp\/v2\/pages\/212\/revisions"}],"wp:attachment":[{"href":"https:\/\/niramart.com\/revista-magazine\/wp-json\/wp\/v2\/media?parent=212"}],"curies":[{"name":"wp","href":"https:\/\/api.w.org\/{rel}","templated":true}]}}