{"id":211,"date":"2024-04-01T07:41:02","date_gmt":"2024-04-01T07:41:02","guid":{"rendered":"https:\/\/niramart.com\/revista-magazine\/sobre-la-novela-mision-109-la-tragedia-del-lady-be-good\/"},"modified":"2024-04-01T07:41:02","modified_gmt":"2024-04-01T07:41:02","slug":"sobre-la-novela-mision-109-la-tragedia-del-lady-be-good","status":"publish","type":"page","link":"https:\/\/niramart.com\/revista-magazine\/sobre-la-novela-mision-109-la-tragedia-del-lady-be-good\/","title":{"rendered":"Sobre la novela Misi\u00f3n 109, la tragedia del Lady Be Good"},"content":{"rendered":"<div id=\"main-col\">\n<div id=\"content\">\n<article class=\"post-1091 post type-post status-publish format-standard hentry category-c39-articulos-espanol category-literatura tag-hector-martinez-sanz tag-ivan-miedho category-18-id category-120-id full-content meta-position-left-pullout fix\" id=\"post-1091\">\n<header class=\"post-header title-container fix\">\n<div class=\"title\">\n<h1 class=\"posttitle\"><a href=\"https:\/\/niramart.com\/revista-magazine\/sobre-la-novela-mision-109-la-tragedia-del-lady-be-good\/\" class=\"entry-title\" rel=\"bookmark\" title=\"Sobre la novela Misi\u00f3n 109, la tragedia del Lady Be Good\">Sobre la novela Misi\u00f3n 109, la tragedia del Lady Be Good<\/a><\/h1>\n<\/div>\n<div class=\"date\"><span class=\"month\">Sep<\/span> <span class=\"day\">18<\/span><span class=\"year\">2013<\/span><\/div>\n<\/header>\n<p> <span class=\"post-format-icon\">&nbsp;<\/span><span class=\"updated\" title=\"2013-09-18T12:14:16+00:00\">&nbsp;<\/span><\/p>\n<div class=\"entry-container fix\">\n<div class=\"entry fix\">\n<p style=\"text-align: left;\"><strong>Por Iv\u00e1n MIEDHO<\/strong><\/p>\n<p class=\"bch4dcbow065stdpy\">Uno de los paisajes m\u00e1s aterradores y bellos que alcanzan y golpean mi esp\u00edritu son los desiertos. Un habitad inh\u00f3spito, violento. Donde la vida es m\u00ednima y la supervivencia es un lujo.<\/p>\n<p class=\"bch4dcbow065stdpy\">Hace unos d\u00edas que he podido leer la nueva obra del escritor <b>H\u00e9ctor Mart\u00ednez Sanz<\/b>, publicada por la editorial <a href=\"http:\/\/niramarteditorial.espacioniram.com\/\"><b>Niram Art<\/b><\/a> y que se present\u00f3 en <b>La Noche de los Libros<\/b>, organizada por la <b>Comunidad de Madrid<\/b> en la <b>Universidad Complutense de Madrid.<\/b><\/p>\n<p class=\"bch4dcbow065stdpy\">&nbsp;<\/p>\n<p class=\"bch4dcbow065stdpy\">En esta obra, <b>H\u00e9ctor Mart\u00ednez Sanz<\/b> aborda con maestr\u00eda, sutileza y elegancia los acontecimientos que tuvieron lugar en Libia. La tragedia del bombardero estadounidense B-24 que por un error de navegaci\u00f3n acab\u00f3 en las entra\u00f1as del mismo desierto.<\/p>\n<p class=\"bch4dcbow065stdpy\">\n<p class=\"bch4dcbow065stdpy\">La acci\u00f3n nos sit\u00faa en el a\u00f1o 1959, descubrimiento del bombardero <b>Lady Be Good<\/b> por una avioneta que ten\u00eda como tarea observar el desierto de Libia en busca de posibles yacimientos de petroleo. Paralelamente comienza la historia de la tripulaci\u00f3n del bombardero B-24 en la base de Soluch.<\/p>\n<p class=\"bch4dcbow065stdpy\">El tit\u00e1nico trabajo de investigaci\u00f3n y documentaci\u00f3n que ha realizado el autor queda constatado a trav\u00e9s de todos los detalles de los que goza y bebe la novela, las descripciones de los personajes, situaciones recreadas a partir de fotograf\u00edas de archivo, la precisi\u00f3n cronol\u00f3gica de los acontecimientos. Todo est\u00e1 cuidado al m\u00e1ximo detalle para dar al lector el m\u00e1ximo acercamiento posible a la lucha por la supervivencia, que el teniente William J. Hatton y el resto de su tripulaci\u00f3n mantienen contra la naturaleza. Pero H\u00e9ctor Mart\u00ednez Sanz no se limita a realizar una novela historiogr\u00e1fica. Existe un elemento que aparece poco a poco y que cobra protagonismo seg\u00fan transcurre la acci\u00f3n. Al principio pr\u00e1cticamente imperceptible para el lector. Ir\u00e1 contaminado y se ir\u00e1 abriendo camino hasta mostrar la certeza y la verdad. La fuerza oculta y maldita que de alguna manera sumi\u00f3 a la tripulaci\u00f3n del Lady Be Good en una situaci\u00f3n irrevocable.<\/p>\n<p class=\"bch4dcbow065stdpy\">Aunque los acontecimientos narrados en <b>Misi\u00f3n 109 <\/b>son de sobra conocidos, siempre ha habido un halo de misterio en torno a los hechos ocurridos. <b>H\u00e9ctor Mart\u00ednez Sanz<\/b> nos sabe transportar desde la realidad del desierto de Libia hasta el surrealismo del mal que acabar\u00e1 personific\u00e1ndose y haciendo gala de su profunda crueldad.<\/p>\n<p class=\"bch4dcbow065stdpy\">&nbsp;<\/p>\n<p class=\"bch4dcbow065stdpy\"><b>H\u00e9ctor Mart\u00ednez Sanz<\/b> ha conseguido con esta obra crear un nuevo punto de vista, una forma de entender la tr\u00e1gica historia del bombardero estadounidense <b>Lady Be Good<\/b>. Es un homenaje digno al recuerdo de toda la tripulaci\u00f3n y la voluntad infinita que demostraron por vivir en las \u00e1ridas e indomables arenas del tiempo.<\/p>\n<p class=\"bch4dcbow065stdpy\">&nbsp;<\/p>\n<p class=\"bch4dcbow065stdpy\">&nbsp;<\/p>\n<p class=\"bch4dcbow065stdpy\">&nbsp;<\/p>\n<p class=\"bch4dcbow065stdpy\">&nbsp;<\/p>\n<p class=\"bch4dcbow065stdpy\"><i>(\u2026) Antes de hundirme en el infierno<\/i><\/p>\n<p class=\"bch4dcbow065stdpy\"><i>los lictores del dios me permitieron que mirara una rosa.<\/i><\/p>\n<p class=\"bch4dcbow065stdpy\"><i>Esa rosa es ahora mi tormento<\/i><\/p>\n<p class=\"bch4dcbow065stdpy\"><i>en el oscuro reino (\u2026)<\/i><\/p>\n<p class=\"bch4dcbow065stdpy\"><i> <\/i><\/p>\n<p class=\"bch4dcbow065stdpy\">Fragmento del poema <b>El Desierto<\/b>, de Jorge Luis Borges<\/p>\n<p class=\"bch4dcbow065stdpy\">&nbsp;<\/p>\n<\/div>\n<div class=\"meta-pullout meta-left-pullout\">\n<ul>\n<li class=\"fix\"><span class=\"category\"><span class=\"icon\">&nbsp;<\/span> <a href=\"https:\/\/niramart.com\/revista-magazine\/category\/s5-articulos\/c39-articulos-espanol\/\" rel=\"category tag\">Articulos espa\u00f1ol<\/a>, <a href=\"https:\/\/niramart.com\/revista-magazine\/category\/literatura\/\" rel=\"category tag\">Literatura<\/a><\/span><\/li>\n<li class=\"fix\"><span class=\"tags tax\"><span class=\"icon\">&nbsp;<\/span>Tagged with: <a href=\"https:\/\/niramart.com\/revista-magazine\/tag\/hector-martinez-sanz\/\" rel=\"tag\">H\u00e9ctor Mart\u00ednez sanz<\/a>, <a href=\"https:\/\/niramart.com\/revista-magazine\/tag\/ivan-miedho\/\" rel=\"tag\">iv\u00e1n miedho<\/a><\/span><\/li>\n<\/ul>\n<\/div>\n<\/div>\n<footer class=\"post-footer postdata fix\"><\/footer>\n<section id=\"comments\"><\/section>\n<\/article>\n<nav class=\"post-nav fix\">\n<table>\n<tr>\n<td class=\"previous\"><a href=\"https:\/\/niramart.com\/revista-magazine\/el-escritor-que-mato-a-hitler-una-novela-necesaria\/\" rel=\"prev\"><span class=\"icon\">&nbsp;<\/span> El escritor que mat\u00f3 a Hitler, una novela necesaria<\/a><\/td>\n<td class=\"next\"><a href=\"https:\/\/niramart.com\/revista-magazine\/el-amante-inconmensurable\/\" rel=\"next\"><span class=\"icon\">&nbsp;<\/span> El amante inconmensurable<\/a><\/td>\n<\/tr>\n<\/table>\n<\/nav>\n<\/div>\n<\/div>\n","protected":false,"raw":""},"excerpt":{"rendered":"<p>Sobre la novela Misi\u00f3n 109, la tragedia del Lady [&hellip;]<\/p>\n","protected":false},"author":0,"featured_media":0,"parent":0,"menu_order":0,"comment_status":"closed","ping_status":"closed","template":"","meta":{"footnotes":""},"class_list":["post-211","page","type-page","status-publish","hentry"],"yoast_head":"<!-- This site is optimized with the Yoast SEO plugin v27.4 - https:\/\/yoast.com\/product\/yoast-seo-wordpress\/ -->\n<title>Sobre la novela Misi\u00f3n 109, la tragedia del Lady Be Good \u00bb Niram Art Magazine<\/title>\n<meta name=\"robots\" content=\"index, follow, max-snippet:-1, max-image-preview:large, max-video-preview:-1\" \/>\n<link rel=\"canonical\" href=\"https:\/\/niramart.com\/revista-magazine\/sobre-la-novela-mision-109-la-tragedia-del-lady-be-good\/\" \/>\n<meta property=\"og:type\" content=\"article\" \/>\n<meta property=\"og:title\" content=\"Sobre la novela Misi\u00f3n 109, la tragedia del Lady Be Good \u00bb Niram Art Magazine\" \/>\n<meta property=\"og:description\" content=\"Sobre la novela Misi\u00f3n 109, la tragedia del Lady [&hellip;]\" \/>\n<meta property=\"og:url\" content=\"https:\/\/niramart.com\/revista-magazine\/sobre-la-novela-mision-109-la-tragedia-del-lady-be-good\/\" \/>\n<meta property=\"og:site_name\" content=\"Niram Art Magazine\" \/>\n<meta name=\"twitter:card\" content=\"summary_large_image\" \/>\n<meta name=\"twitter:label1\" content=\"Est. reading time\" \/>\n\t<meta name=\"twitter:data1\" content=\"3 minutes\" \/>\n<!-- \/ Yoast SEO plugin. -->","yoast_head_json":{"title":"Sobre la novela Misi\u00f3n 109, la tragedia del Lady Be Good \u00bb Niram Art Magazine","robots":{"index":"index","follow":"follow","max-snippet":"max-snippet:-1","max-image-preview":"max-image-preview:large","max-video-preview":"max-video-preview:-1"},"canonical":"https:\/\/niramart.com\/revista-magazine\/sobre-la-novela-mision-109-la-tragedia-del-lady-be-good\/","og_type":"article","og_title":"Sobre la novela Misi\u00f3n 109, la tragedia del Lady Be Good \u00bb Niram Art Magazine","og_description":"Sobre la novela Misi\u00f3n 109, la tragedia del Lady [&hellip;]","og_url":"https:\/\/niramart.com\/revista-magazine\/sobre-la-novela-mision-109-la-tragedia-del-lady-be-good\/","og_site_name":"Niram Art Magazine","twitter_card":"summary_large_image","twitter_misc":{"Est. reading time":"3 minutes"}},"_links":{"self":[{"href":"https:\/\/niramart.com\/revista-magazine\/wp-json\/wp\/v2\/pages\/211","targetHints":{"allow":["GET"]}}],"collection":[{"href":"https:\/\/niramart.com\/revista-magazine\/wp-json\/wp\/v2\/pages"}],"about":[{"href":"https:\/\/niramart.com\/revista-magazine\/wp-json\/wp\/v2\/types\/page"}],"replies":[{"embeddable":true,"href":"https:\/\/niramart.com\/revista-magazine\/wp-json\/wp\/v2\/comments?post=211"}],"version-history":[{"count":0,"href":"https:\/\/niramart.com\/revista-magazine\/wp-json\/wp\/v2\/pages\/211\/revisions"}],"wp:attachment":[{"href":"https:\/\/niramart.com\/revista-magazine\/wp-json\/wp\/v2\/media?parent=211"}],"curies":[{"name":"wp","href":"https:\/\/api.w.org\/{rel}","templated":true}]}}