{"id":208,"date":"2024-04-01T07:41:01","date_gmt":"2024-04-01T07:41:01","guid":{"rendered":"https:\/\/niramart.com\/revista-magazine\/salud-mental-y-exposicion-de-arte-lisboa\/"},"modified":"2024-04-01T07:41:01","modified_gmt":"2024-04-01T07:41:01","slug":"salud-mental-y-exposicion-de-arte-lisboa","status":"publish","type":"page","link":"https:\/\/niramart.com\/revista-magazine\/salud-mental-y-exposicion-de-arte-lisboa\/","title":{"rendered":"SALUD MENTAL Y EXPOSICI\u00d3N DE ARTE &#8211; LISBOA"},"content":{"rendered":"<div id=\"main-col\">\n<div id=\"content\">\n<article class=\"post-1146 post type-post status-publish format-standard hentry category-c38-noticias-revista tag-alvaro-lobato-de-faria tag-lisboa tag-mac tag-portugal category-32-id full-content meta-position-left-pullout fix\" id=\"post-1146\">\n<header class=\"post-header title-container fix\">\n<div class=\"title\">\n<h1 class=\"posttitle\"><a href=\"https:\/\/niramart.com\/revista-magazine\/salud-mental-y-exposicion-de-arte-lisboa\/\" class=\"entry-title\" rel=\"bookmark\" title=\"SALUD MENTAL Y EXPOSICI\u00d3N DE ARTE \u2013 LISBOA\">SALUD MENTAL Y EXPOSICI\u00d3N DE ARTE &#8211; LISBOA<\/a><\/h1>\n<\/p><\/div>\n<p><!-- \/.title --><\/p>\n<div class=\"date\"><span class=\"month\">Oct<\/span> <span class=\"day\">24<\/span><span class=\"year\">2013<\/span><\/div>\n<\/header>\n<p><!-- \/.title-container --><br \/>\n\t<span class=\"post-format-icon\">&nbsp;<\/span><span class=\"updated\" title=\"2013-10-24T13:07:36+00:00\">&nbsp;<\/span>\t\t<\/p>\n<div class=\"entry-container fix\">\n<div class=\"entry fix\">\n<p class=\"bch4dcbow065stdpy\">En el contexto de las iniciativas culturales para combatir el estigma, la <strong>El Programa Nacional Portugu\u00e9s de Salud Mental<\/strong> promueve la exposici\u00f3n de obras de arte realizadas por personas con enfermedad mental en las \u00e1reas de pintura, escultura y fotograf\u00eda. La exposici\u00f3n es comisariada por <strong>\u00c1lvaro Lobato de Faria, <\/strong>Director Coordinador del Movimiento de Arte Contempor\u00e1neo <a href=\"http:\/\/movimentoartecontemporanea.com\/mac\/\"><strong>MAC &#8211; Lisboa.<\/strong><\/a><\/p>\n<div style=\"width: 408px\" class=\"wp-caption aligncenter\"><img loading=\"lazy\" decoding=\"async\" alt=\" SALUD MENTAL Y EXPOSICI\u00d3N DE ARTE - LISBOA\" src=\"https:\/\/niramart.com\/revista-magazine\/files\/-bx2y0jjvuya\/umkae0mcxei\/aaaaaaaafv0\/kaqy3oloule\/s640\/e-card-museu-do-oriente.jpg\" width=\"398\" height=\"548\"\/><\/p>\n<p class=\"wp-caption-text\">SALUD MENTAL Y EXPOSICI\u00d3N DE ARTE &#8211; LISBOA<\/p>\n<\/div>\n<p class=\"bch4dcbow065stdpy\">&nbsp;<\/p>\n<div id=\"attachment_1151\" style=\"width: 216px\" class=\"wp-caption alignleft\"><a href=\"#\"><img loading=\"lazy\" decoding=\"async\" class=\"size-medium wp-image-1151\" alt=\"SALUD MENTAL Y EXPOSICI\u00d3N DE ARTE \u2013 LISBOA\" src=\"https:\/\/niramart.com\/revista-magazine\/files\/wp-content\/uploads\/2013\/10\/salud_mental-206x300.jpg\" width=\"206\" height=\"300\"\/><\/a><\/p>\n<p class=\"wp-caption-text\">SALUD MENTAL Y EXPOSICI\u00d3N DE ARTE \u2013 LISBOA<\/p>\n<\/div>\n<p class=\"bch4dcbow065stdpy\">La muestra que hace parte de una base nacional m\u00e1s amplia, fijada ahora  en un cat\u00e1logo, comenz\u00f3 a ser expuesta en Oporto,  en conmemoraci\u00f3n del D\u00eda Mundial de la Salud Mental \/ 2013 en el Museo Nacional de Soares dos Reis, y  va a tener continuidad en el Museo de Oriente de Lisboa.<\/p>\n<p class=\"bch4dcbow065stdpy\"><strong>La inauguraci\u00f3n de la exposici\u00f3n ser\u00e1 presidida por el Ministro de Salud de Portugal, Don Paulo Macedo, el Jueves 24 de octubre a las 18:30 horas, y la exposici\u00f3n quedar\u00e1 abierta  hasta el 3 de noviembre.<\/strong><\/p>\n<p class=\"bch4dcbow065stdpy\">Viajes en grupo tienen entrada gratuita, si se reserva previamente a trav\u00e9s del museo.<\/p>\n<p class=\"bch4dcbow065stdpy\">&nbsp;<\/p>\n<\/p><\/div>\n<p><!--\/entry --><\/p>\n<div class=\"meta-pullout meta-left-pullout\">\n<ul>\n<li class=\"fix\"><span class=\"category\"><span class=\"icon\">&nbsp;<\/span> <a href=\"https:\/\/niramart.com\/revista-magazine\/category\/c38-noticias-revista\/\" title=\"View all posts in Noticias\" rel=\"category tag\">Noticias<\/a><\/span><\/li>\n<li class=\"fix\"><span class=\"tags tax\"><span class=\"icon\">&nbsp;<\/span>Tagged with: <a href=\"https:\/\/niramart.com\/revista-magazine\/tag\/alvaro-lobato-de-faria\/\" rel=\"tag\">\u00c1lvaro Lobato de Faria<\/a>, <a href=\"https:\/\/niramart.com\/revista-magazine\" rel=\"tag\">Lisboa<\/a>, <a href=\"https:\/\/niramart.com\/revista-magazine\/tag\/mac\/\" rel=\"tag\">MAC<\/a>, <a href=\"https:\/\/niramart.com\/revista-magazine\" rel=\"tag\">portugal<\/a><\/span><\/li>\n<\/ul>\n<\/div><\/div>\n<p><!-- .entry-container --><\/p>\n<footer class=\"post-footer postdata fix\">\n<\/footer>\n<p><!-- .post-footer --><\/p>\n<section id=\"comments\">\n<\/section>\n<p>   <!-- #comments -->\t<\/article>\n<p><!--\/post --><\/p>\n<nav class=\"post-nav fix\">\n<table>\n<tr>\n<td class=\"previous\"><a href=\"https:\/\/niramart.com\/revista-magazine\/lanzamiento-del-libro-poesis-y-otredad-nueve-mujeres-hacia-la-alteridad-poetica\/\" rel=\"prev\"><span class=\"icon\">&nbsp;<\/span> Lanzamiento del libro Poesis y Otredad: Nueve Mujeres Hacia La Alteridad Po\u00e9tica<\/a><\/td>\n<td class=\"next\"><a href=\"https:\/\/niramart.com\/revista-magazine\/palestra-e-texto-referente-a-exposicao-arte-e-saude-mental\/\" rel=\"next\"><span class=\"icon\">&nbsp;<\/span> Palestra e texto referente \u00e0 exposi\u00e7\u00e3o: Arte e Sa\u00fade Mental<\/a><\/td>\n<\/tr>\n<\/table>\n<\/nav><\/div>\n<p><!-- content -->\n    <\/div>\n<p><!-- main col --><\/p>\n","protected":false,"raw":""},"excerpt":{"rendered":"<p>SALUD MENTAL Y EXPOSICI\u00d3N DE ARTE &#8211; LISBOA Oct [&hellip;]<\/p>\n","protected":false},"author":0,"featured_media":0,"parent":0,"menu_order":0,"comment_status":"closed","ping_status":"closed","template":"","meta":{"footnotes":""},"class_list":["post-208","page","type-page","status-publish","hentry"],"yoast_head":"<!-- This site is optimized with the Yoast SEO plugin v27.4 - https:\/\/yoast.com\/product\/yoast-seo-wordpress\/ -->\n<title>SALUD MENTAL Y EXPOSICI\u00d3N DE ARTE - LISBOA \u00bb Niram Art Magazine<\/title>\n<meta name=\"robots\" content=\"index, follow, max-snippet:-1, max-image-preview:large, max-video-preview:-1\" \/>\n<link rel=\"canonical\" href=\"https:\/\/niramart.com\/revista-magazine\/salud-mental-y-exposicion-de-arte-lisboa\/\" \/>\n<meta property=\"og:type\" content=\"article\" \/>\n<meta property=\"og:title\" content=\"SALUD MENTAL Y EXPOSICI\u00d3N DE ARTE - LISBOA \u00bb Niram Art Magazine\" \/>\n<meta property=\"og:description\" content=\"SALUD MENTAL Y EXPOSICI\u00d3N DE ARTE &#8211; LISBOA Oct [&hellip;]\" \/>\n<meta property=\"og:url\" content=\"https:\/\/niramart.com\/revista-magazine\/salud-mental-y-exposicion-de-arte-lisboa\/\" \/>\n<meta property=\"og:site_name\" content=\"Niram Art Magazine\" \/>\n<meta name=\"twitter:card\" content=\"summary_large_image\" \/>\n<meta name=\"twitter:label1\" content=\"Est. reading time\" \/>\n\t<meta name=\"twitter:data1\" content=\"1 minute\" \/>\n<!-- \/ Yoast SEO plugin. -->","yoast_head_json":{"title":"SALUD MENTAL Y EXPOSICI\u00d3N DE ARTE - LISBOA \u00bb Niram Art Magazine","robots":{"index":"index","follow":"follow","max-snippet":"max-snippet:-1","max-image-preview":"max-image-preview:large","max-video-preview":"max-video-preview:-1"},"canonical":"https:\/\/niramart.com\/revista-magazine\/salud-mental-y-exposicion-de-arte-lisboa\/","og_type":"article","og_title":"SALUD MENTAL Y EXPOSICI\u00d3N DE ARTE - LISBOA \u00bb Niram Art Magazine","og_description":"SALUD MENTAL Y EXPOSICI\u00d3N DE ARTE &#8211; LISBOA Oct [&hellip;]","og_url":"https:\/\/niramart.com\/revista-magazine\/salud-mental-y-exposicion-de-arte-lisboa\/","og_site_name":"Niram Art Magazine","twitter_card":"summary_large_image","twitter_misc":{"Est. reading time":"1 minute"}},"_links":{"self":[{"href":"https:\/\/niramart.com\/revista-magazine\/wp-json\/wp\/v2\/pages\/208","targetHints":{"allow":["GET"]}}],"collection":[{"href":"https:\/\/niramart.com\/revista-magazine\/wp-json\/wp\/v2\/pages"}],"about":[{"href":"https:\/\/niramart.com\/revista-magazine\/wp-json\/wp\/v2\/types\/page"}],"replies":[{"embeddable":true,"href":"https:\/\/niramart.com\/revista-magazine\/wp-json\/wp\/v2\/comments?post=208"}],"version-history":[{"count":0,"href":"https:\/\/niramart.com\/revista-magazine\/wp-json\/wp\/v2\/pages\/208\/revisions"}],"wp:attachment":[{"href":"https:\/\/niramart.com\/revista-magazine\/wp-json\/wp\/v2\/media?parent=208"}],"curies":[{"name":"wp","href":"https:\/\/api.w.org\/{rel}","templated":true}]}}