{"id":201,"date":"2024-04-01T07:41:00","date_gmt":"2024-04-01T07:41:00","guid":{"rendered":"https:\/\/niramart.com\/revista-magazine\/reivindicacion-de-raphael-3\/"},"modified":"2024-04-01T07:41:00","modified_gmt":"2024-04-01T07:41:00","slug":"reivindicacion-de-raphael-3","status":"publish","type":"page","link":"https:\/\/niramart.com\/revista-magazine\/reivindicacion-de-raphael\/","title":{"rendered":"Reivindicaci\u00f3n de Raphael"},"content":{"rendered":"<div id=\"main-col\">\n<div id=\"content\">\n<article class=\"post-1305 post type-post status-publish format-standard hentry category-c39-articulos-espanol category-literatura tag-diego-vadillo tag-raphael category-18-id category-120-id full-content meta-position-left-pullout fix\" id=\"post-1305\">\n<header class=\"post-header title-container fix\">\n<div class=\"title\">\n<h1 class=\"posttitle\"><a href=\"https:\/\/niramart.com\/revista-magazine\/reivindicacion-de-raphael\/\" class=\"entry-title\" rel=\"bookmark\" title=\"Reivindicaci\u00f3n de Raphael\">Reivindicaci\u00f3n de Raphael<\/a><\/h1>\n<\/div>\n<div class=\"date\"><span class=\"month\">Oct<\/span> <span class=\"day\">14<\/span><span class=\"year\">2014<\/span><\/div>\n<\/header>\n<p> <span class=\"post-format-icon\">&nbsp;<\/span><span class=\"updated\" title=\"2014-10-14T19:26:30+00:00\">&nbsp;<\/span><\/p>\n<div class=\"entry-container fix\">\n<div class=\"entry fix\">\n<p class=\"bch4dcbow065stdpy\"><strong><a href=\"https:\/\/niramart.com\/revista-magazine\/files\/wp-content\/uploads\/2014\/10\/raphael-1.jpg\"><img loading=\"lazy\" decoding=\"async\" class=\"alignleft wp-image-1306 size-medium\" src=\"https:\/\/niramart.com\/revista-magazine\/files\/wp-content\/uploads\/2014\/10\/raphael-1-300x300.jpg\" alt=\"Reivindicaci\u00f3n de Raphael\" width=\"300\" height=\"300\"\/><\/a>Diego Vadillo L\u00f3pez<\/strong><\/p>\n<p class=\"bch4dcbow065stdpy\">&nbsp;<\/p>\n<p class=\"bch4dcbow065stdpy\">Asohora, vi\u00e9ndolo en un programa de televisi\u00f3n de \u00edndole memorativa que se centraba ese d\u00eda en su carrera, d\u00edme buena cuenta de que Raphael es un grande.<\/p>\n<p class=\"bch4dcbow065stdpy\">Raphael es de los pocos, escas\u00edsimos, de su generaci\u00f3n que cuando asisten al homenaje de marras a su persona lo hace estando en activo y con \u00e9xito. Es un cl\u00e1sico vivo. Peligrosamente vivo. Una leyenda que sigue girando.<\/p>\n<p class=\"bch4dcbow065stdpy\">Movi\u00e9ndonos como lo hacemos en una atm\u00f3sfera nugatoria por dem\u00e1s, Raphael, ya heptagenario, podemos afirmar que es verdad; es una realidad fehaciente y constatable, de gran\u00edtica solidez. Y lo digo oteando su m\u00e1s que luenga trayectoria art\u00edstica as\u00ed como la emoci\u00f3n adolescente con que sigue hablando de su profesi\u00f3n. Sus peque\u00f1os ojos se iluminaban cuando visionaban pret\u00e9ritos videos de sus actuaciones. Y, sumergido en plena gira, no le importaba interpretar en directo las tonadas que fuere menester.<\/p>\n<p class=\"bch4dcbow065stdpy\">No me cabe la menor duda de que Raphael es de los que fenecen con las botas bien calzadas, aunque m\u00e1s certero es afirmar que se trata de un inmortal en el sentido m\u00e1s manrique\u00f1o.<\/p>\n<p class=\"bch4dcbow065stdpy\">Sobrepuesto a letales padecimientos y a las modas que circulan vertiginosamente por entre la contemporaneidad, sigue aplicando su unipersonal g\u00e9nero art\u00edstico. Raphael es un g\u00e9nero en s\u00ed mismo, y no solo en el orbe de lo musical.<\/p>\n<p class=\"bch4dcbow065stdpy\">Perteneciente a una generaci\u00f3n de artistas con marcada personalidad, sigue regener\u00e1ndose d\u00eda a d\u00eda, cespitoso, dando m\u00e1s y m\u00e1s vueltas de tuerca al tornillo de su genialidad.<\/p>\n<p class=\"bch4dcbow065stdpy\">Habiendo perdido, como es l\u00f3gico, algo de la potencia de voz de que siempre hiciera gala, sigue conservando el aura que tantos a\u00f1os ha perfilado su siempre delirante y enardecido contorno.<\/p>\n<p class=\"bch4dcbow065stdpy\">Camino de copar seis d\u00e9cadas de ejercicio profesional sobre las tablas, contin\u00faa embebido en sus proyectos, siempre dispuesto a iniciar singladuras sin l\u00edmite.<\/p>\n<p class=\"bch4dcbow065stdpy\">Es Raphael su temperamento, es su voz, es su <em>look<\/em> dandi\u2026 es su obra, una obra que sigue acrecent\u00e1ndose a\u00f1o tras a\u00f1o.<\/p>\n<p class=\"bch4dcbow065stdpy\">Francisco Umbral consideraba <em>kitsch<\/em> todo el envoltorio caracter\u00edstico y consustancial al artista, elev\u00e1ndose la voz por encima de todo lo dem\u00e1s, \u201cuna voz que \u2014a decir del c\u00e9lebre literato\u2014 va del ni\u00f1o de coro a la nocturnidad profunda de Sinatra\u201d (cf. <em>Diario pol\u00edtico y sentimental<\/em>, 2000, p. 346).<\/p>\n<p class=\"bch4dcbow065stdpy\">Otra apreciaci\u00f3n del propio Umbral con la que estoy completamente de acuerdo es con la catalogaci\u00f3n del cantante como barroco: \u201csu g\u00e9nero \u2014dice\u2014 [\u2026] nace precisamente en los a\u00f1os del kitsch, los sesenta, y [\u2026] sigue fascinando a los p\u00fablicos como un alarde final del barroco espa\u00f1ol\u201d (cf. <em>Ib\u00edd<\/em>.).<\/p>\n<p class=\"bch4dcbow065stdpy\">Y, en la misma l\u00ednea, en el mismo ep\u00edgrafe, me pareci\u00f3 genial la pl\u00e1stica forma de referir lo que, al modo de ver de Umbral, es el barroquismo <em>kitsch<\/em> de Raphael: \u201cEn este artista buscamos una y otra vez la apoteosis de lo kitsch, que en sus sesiones largas \u2014casi todas lo son\u2014 llega al delirio, con arrequives y molduras vocales que son el equivalente del churrigueresco madrile\u00f1o de la puerta del Hospicio. Raphael quedar\u00e1, como T\u00f3rtola Valencia o Cleo de Merode, por lo que su arte tiene de \u00fanico, de exageraci\u00f3n popular de un g\u00e9nero, en su caso sentimental\u201d (cf. <em>Ib\u00edd<\/em>.).<\/p>\n<p class=\"bch4dcbow065stdpy\">Raphael es un cantante popular\u00edsimo y a un tiempo de culto; Raphael casa con todo, combina a la perfecci\u00f3n con lo que se quiera. Es un imprescindible.<\/p>\n<p class=\"bch4dcbow065stdpy\">El \u00edmpetu, las guturales volutas con que moldea el torrente emergido del diafragma se asimilan a las torsiones, cimbreos y espasm\u00f3dicos capiteles de entrega sin condici\u00f3n; en fin, todos esos aditamentos que son los que nos hacen desear que este gran artista siga ejerciendo como tal por muchos a\u00f1os.<\/p>\n<\/div>\n<div class=\"meta-pullout meta-left-pullout\">\n<ul>\n<li class=\"fix\"><span class=\"category\"><span class=\"icon\">&nbsp;<\/span> <a href=\"https:\/\/niramart.com\/revista-magazine\/category\/s5-articulos\/c39-articulos-espanol\/\" rel=\"category tag\">Articulos espa\u00f1ol<\/a>, <a href=\"https:\/\/niramart.com\/revista-magazine\/category\/literatura\/\" rel=\"category tag\">Literatura<\/a><\/span><\/li>\n<li class=\"fix\"><span class=\"tags tax\"><span class=\"icon\">&nbsp;<\/span>Tagged with: <a href=\"https:\/\/niramart.com\/revista-magazine\/tag\/diego-vadillo\/\" rel=\"tag\">Diego Vadillo<\/a>, <a href=\"https:\/\/niramart.com\/revista-magazine\/tag\/raphael\/\" rel=\"tag\">raphael<\/a><\/span><\/li>\n<\/ul>\n<\/div>\n<\/div>\n<footer class=\"post-footer postdata fix\"> <\/footer>\n<section id=\"comments\"> <\/section>\n<\/article>\n<nav class=\"post-nav fix\">\n<table>\n<tr>\n<td class=\"previous\"><a href=\"https:\/\/niramart.com\/revista-magazine\/resena-courageless-y-las-flores-del-miedho\/\" rel=\"prev\"><span class=\"icon\">&nbsp;<\/span> Rese\u00f1a: Courageless y Las Flores del MIEDHO<\/a><\/td>\n<td class=\"next\"><\/td>\n<\/tr>\n<\/table>\n<\/nav>\n<\/div>\n<\/div>\n","protected":false,"raw":""},"excerpt":{"rendered":"<p>Reivindicaci\u00f3n de Raphael Oct 142014 &nbsp;&nbsp; Diego Vadillo L\u00f3pez [&hellip;]<\/p>\n","protected":false},"author":0,"featured_media":0,"parent":0,"menu_order":0,"comment_status":"closed","ping_status":"closed","template":"","meta":{"footnotes":""},"class_list":["post-201","page","type-page","status-publish","hentry"],"yoast_head":"<!-- This site is optimized with the Yoast SEO plugin v27.4 - https:\/\/yoast.com\/product\/yoast-seo-wordpress\/ -->\n<title>Reivindicaci\u00f3n de Raphael \u00bb Niram Art Magazine<\/title>\n<meta name=\"robots\" content=\"index, follow, max-snippet:-1, max-image-preview:large, max-video-preview:-1\" \/>\n<link rel=\"canonical\" href=\"https:\/\/niramart.com\/revista-magazine\/reivindicacion-de-raphael\/\" \/>\n<meta property=\"og:type\" content=\"article\" \/>\n<meta property=\"og:title\" content=\"Reivindicaci\u00f3n de Raphael \u00bb Niram Art Magazine\" \/>\n<meta property=\"og:description\" content=\"Reivindicaci\u00f3n de Raphael Oct 142014 &nbsp;&nbsp; Diego Vadillo L\u00f3pez [&hellip;]\" \/>\n<meta property=\"og:url\" content=\"https:\/\/niramart.com\/revista-magazine\/reivindicacion-de-raphael\/\" \/>\n<meta property=\"og:site_name\" content=\"Niram Art Magazine\" \/>\n<meta name=\"twitter:card\" content=\"summary_large_image\" \/>\n<meta name=\"twitter:label1\" content=\"Est. reading time\" \/>\n\t<meta name=\"twitter:data1\" content=\"3 minutes\" \/>\n<!-- \/ Yoast SEO plugin. -->","yoast_head_json":{"title":"Reivindicaci\u00f3n de Raphael \u00bb Niram Art Magazine","robots":{"index":"index","follow":"follow","max-snippet":"max-snippet:-1","max-image-preview":"max-image-preview:large","max-video-preview":"max-video-preview:-1"},"canonical":"https:\/\/niramart.com\/revista-magazine\/reivindicacion-de-raphael\/","og_type":"article","og_title":"Reivindicaci\u00f3n de Raphael \u00bb Niram Art Magazine","og_description":"Reivindicaci\u00f3n de Raphael Oct 142014 &nbsp;&nbsp; Diego Vadillo L\u00f3pez [&hellip;]","og_url":"https:\/\/niramart.com\/revista-magazine\/reivindicacion-de-raphael\/","og_site_name":"Niram Art Magazine","twitter_card":"summary_large_image","twitter_misc":{"Est. reading time":"3 minutes"}},"_links":{"self":[{"href":"https:\/\/niramart.com\/revista-magazine\/wp-json\/wp\/v2\/pages\/201","targetHints":{"allow":["GET"]}}],"collection":[{"href":"https:\/\/niramart.com\/revista-magazine\/wp-json\/wp\/v2\/pages"}],"about":[{"href":"https:\/\/niramart.com\/revista-magazine\/wp-json\/wp\/v2\/types\/page"}],"replies":[{"embeddable":true,"href":"https:\/\/niramart.com\/revista-magazine\/wp-json\/wp\/v2\/comments?post=201"}],"version-history":[{"count":0,"href":"https:\/\/niramart.com\/revista-magazine\/wp-json\/wp\/v2\/pages\/201\/revisions"}],"wp:attachment":[{"href":"https:\/\/niramart.com\/revista-magazine\/wp-json\/wp\/v2\/media?parent=201"}],"curies":[{"name":"wp","href":"https:\/\/api.w.org\/{rel}","templated":true}]}}