{"id":200,"date":"2024-04-01T07:41:00","date_gmt":"2024-04-01T07:41:00","guid":{"rendered":"https:\/\/niramart.com\/revista-magazine\/reencuentro-con-los-grandes-en-alcala-31\/"},"modified":"2024-04-01T07:41:00","modified_gmt":"2024-04-01T07:41:00","slug":"reencuentro-con-los-grandes-en-alcala-31","status":"publish","type":"page","link":"https:\/\/niramart.com\/revista-magazine\/reencuentro-con-los-grandes-en-alcala-31\/","title":{"rendered":"Reencuentro con los grandes en Alcal\u00e1 31"},"content":{"rendered":"<div id=\"main-col\">\n<div id=\"content\">\n<article class=\"post-1286 post type-post status-publish format-standard hentry category-c39-articulos-espanol category-literatura tag-diego-vadillo-lopez tag-miguel-de-unaamuno tag-ramon-gomez-de-la-serna tag-valle-inclan category-18-id category-120-id full-content meta-position-left-pullout fix\" id=\"post-1286\">\n<header class=\"post-header title-container fix\">\n<div class=\"title\">\n<h1 class=\"posttitle\"><a href=\"https:\/\/niramart.com\/revista-magazine\/reencuentro-con-los-grandes-en-alcala-31\/\" class=\"entry-title\" rel=\"bookmark\" title=\"Reencuentro con los grandes en Alcal\u00e1 31\">Reencuentro con los grandes en Alcal\u00e1 31<\/a><\/h1>\n<\/div>\n<div class=\"date\"><span class=\"month\">Oct<\/span> <span class=\"day\">04<\/span><span class=\"year\">2014<\/span><\/div>\n<\/header>\n<p> <span class=\"post-format-icon\">&nbsp;<\/span><span class=\"updated\" title=\"2014-10-04T15:53:08+00:00\">&nbsp;<\/span><\/p>\n<div class=\"entry-container fix\">\n<div class=\"entry fix\">\n<p class=\"bch4dcbow065stdpy\"><strong>Diego Vadillo L\u00f3pez<\/strong><\/p>\n<p class=\"bch4dcbow065stdpy\">Bajaba por la Cuesta de San Vicente una tarde de finales de septiembre cuando me top\u00e9 con la imagen de Ram\u00f3n G\u00f3mez de la Serna columpi\u00e1ndose en el antiguo Price ocupando una marquesina de parada de bus urbano. Encuentro sin duda emocionante para un \u201cramonista\u201d, como lo es el que escribe.<\/p>\n<div style=\"width: 589px\" class=\"wp-caption aligncenter\"><img loading=\"lazy\" decoding=\"async\" class=\"\" src=\"https:\/\/niramart.com\/revista-magazine\/files\/2014\/10\/gc3b3mez-de-la-serna.jpg\" alt=\"Ram\u00f3n G\u00f3mez de la Serna \" width=\"579\" height=\"360\"\/><\/p>\n<p class=\"wp-caption-text\">Ram\u00f3n G\u00f3mez de la Serna<\/p>\n<\/div>\n<p class=\"bch4dcbow065stdpy\">Fascinado por hallarme ante una de mis instant\u00e1neas favoritas, par\u00e9 a leer el motivo de aquella comparecencia inesperada en el lugar donde se suelen anunciar lencer\u00edas lucidas por mozuelas de pronunciada parrilla costal y filmes de los USA o de Santiago Segura. Resulta que la c\u00e9lebre fotograf\u00eda serv\u00eda de reclamo a la exposici\u00f3n que se celebra en la sala \u201cAlcal\u00e1 31\u201d hasta el 11 de enero: \u201cEl rostro de las letras\u201d, comisariada por Publio L\u00f3pez Mond\u00e9jar.<\/p>\n<p class=\"bch4dcbow065stdpy\">Tras llegar al recinto en cuesti\u00f3n con la avidez de quien siempre ha admirado y ha sentido incluso como familiares a muchos de aquellos a los que Trapiello se refer\u00eda como \u201cnietos del Cid\u201d, que habitaron aquel periodo enunciado por Mainer como Edad de Plata en un brillante libro de cr\u00edtica, incursion\u00e9 preso de una gran emoci\u00f3n la cual no fue en absoluto defraudada.<\/p>\n<div style=\"width: 760px\" class=\"wp-caption aligncenter\">\n<p class=\"wp-caption-text\">Miguel de Unamuno<\/p>\n<\/div>\n<p class=\"bch4dcbow065stdpy\">All\u00ed estaban casi todos: los rom\u00e1nticos, los realistas, los \u201cnoventayochos\u201d, los novecentistas\u2026 todos aquellos con los que alucin\u00e9 ya a edad muy temprana.<\/p>\n<p class=\"bch4dcbow065stdpy\">Especial conmoci\u00f3n me produjo reencontrarme con Valle-Incl\u00e1n, con el ya mencionado G\u00f3mez de la Serna, con Unamuno, con Eugenio Noel\u2026 en definitiva con toda aquella bohemia un tanto extraviada que aportaba lucidez a un pa\u00eds siempre enfangado en lo pol\u00edtico-financiero. Aunque otrora incluso los corruptos ten\u00edan un tono m\u00e1s distinguido (me viene a la cabeza Alejandro Lerroux).<\/p>\n<p class=\"bch4dcbow065stdpy\">Una de las instant\u00e1neas que m\u00e1s me gust\u00f3, de las de \u00edndole pol\u00edtica, es aquella en la que Unamuno sale del Paraninfo de la Universidad de Salamanca increpado por un grupo de falangistas tras su agarr\u00f3n dial\u00e9ctico con Mill\u00e1n Astray. Tambi\u00e9n es harto impactante aquella en la que aparece mitineando en las Ventas junto a los componentes del frente republicano.<\/p>\n<p class=\"bch4dcbow065stdpy\">Otra de las mejores se me antoja aquella en la que aparece Valle-Incl\u00e1n sentado de perfil presumiendo de ausencia de extremidad superior siniestra.<\/p>\n<div style=\"width: 596px\" class=\"wp-caption aligncenter\">\n<p class=\"wp-caption-text\">Valle-Incl\u00e1n<\/p>\n<\/div>\n<p class=\"bch4dcbow065stdpy\">Llama mucho la atenci\u00f3n el sentido de la propia imagen que ya entonces ten\u00edan los literatos y la manera de sacar lo mejor de ellos de los fot\u00f3grafos de entonces. No me cabe la menor duda de que si habitaran los actuales tiempos pocos ser\u00edan los que no tuvieran cuenta en alguna de las c\u00e9lebres redes sociales que hoy gozan de tanta boga. Seguro que muchos incluso incurrir\u00edan en la horterada del <em>selfie<\/em>. Otros, como G\u00f3mez de la Serna, probablemente habr\u00edan sacado mucho partido a las m\u00e1s pujantes tecnolog\u00edas. Si ya en aquellos a\u00f1os de incipiente aparici\u00f3n del cine las gentes de la cultura nos legaron joyas de gran audacia como \u201cEsencia de verbena\u201d o \u201cUn perro andaluz\u201d\u2026 qu\u00e9 no perge\u00f1ar\u00edan hoy.<\/p>\n<p class=\"bch4dcbow065stdpy\">El dandismo, el costumbrismo, el genio, la tristeza, la fascinaci\u00f3n; en definitiva\u2026 la nostalgia de un tiempo de gran riqueza anegar\u00e1 el campo visual de quien se deje caer por Alcal\u00e1 31. Estoy convencido.<\/p>\n<\/div>\n<div class=\"meta-pullout meta-left-pullout\">\n<ul>\n<li class=\"fix\"><span class=\"category\"><span class=\"icon\">&nbsp;<\/span> <a href=\"https:\/\/niramart.com\/revista-magazine\/category\/s5-articulos\/c39-articulos-espanol\/\" rel=\"category tag\">Articulos espa\u00f1ol<\/a>, <a href=\"https:\/\/niramart.com\/revista-magazine\/category\/literatura\/\" rel=\"category tag\">Literatura<\/a><\/span><\/li>\n<li class=\"fix\"><span class=\"tags tax\"><span class=\"icon\">&nbsp;<\/span>Tagged with: <a href=\"https:\/\/niramart.com\/revista-magazine\/tag\/diego-vadillo-lopez\/\" rel=\"tag\">Diego Vadillo L\u00f3pez<\/a>, <a href=\"https:\/\/niramart.com\/revista-magazine\/tag\/miguel-de-unaamuno\/\" rel=\"tag\">MIguel de Unaamuno<\/a>, <a href=\"https:\/\/niramart.com\/revista-magazine\/tag\/ramon-gomez-de-la-serna\/\" rel=\"tag\">Ram\u00f3n G\u00f3mez de la Serna<\/a>, <a href=\"https:\/\/niramart.com\/revista-magazine\/tag\/valle-inclan\/\" rel=\"tag\">Valle-Incl\u00e1n<\/a><\/span><\/li>\n<\/ul>\n<\/div>\n<\/div>\n<footer class=\"post-footer postdata fix\"> <\/footer>\n<section id=\"comments\"> <\/section>\n<\/article>\n<nav class=\"post-nav fix\">\n<table>\n<tr>\n<td class=\"previous\"><a href=\"https:\/\/niramart.com\/revista-magazine\/aproximacion-a-la-obra-artistica-de-yolanda-dominguez\/\" rel=\"prev\"><span class=\"icon\">&nbsp;<\/span> Aproximaci\u00f3n a la obra art\u00edstica de Yolanda Dom\u00ednguez<\/a><\/td>\n<td class=\"next\"><a href=\"https:\/\/niramart.com\/revista-magazine\/resena-courageless-y-las-flores-del-miedho\/\" rel=\"next\"><span class=\"icon\">&nbsp;<\/span> Rese\u00f1a: Courageless y Las Flores del MIEDHO<\/a><\/td>\n<\/tr>\n<\/table>\n<\/nav>\n<\/div>\n<\/div>\n","protected":false,"raw":""},"excerpt":{"rendered":"<p>Reencuentro con los grandes en Alcal\u00e1 31 Oct 042014 [&hellip;]<\/p>\n","protected":false},"author":0,"featured_media":0,"parent":0,"menu_order":0,"comment_status":"closed","ping_status":"closed","template":"","meta":{"footnotes":""},"class_list":["post-200","page","type-page","status-publish","hentry"],"yoast_head":"<!-- This site is optimized with the Yoast SEO plugin v27.4 - https:\/\/yoast.com\/product\/yoast-seo-wordpress\/ -->\n<title>Reencuentro con los grandes en Alcal\u00e1 31 \u00bb Niram Art Magazine<\/title>\n<meta name=\"robots\" content=\"index, follow, max-snippet:-1, max-image-preview:large, max-video-preview:-1\" \/>\n<link rel=\"canonical\" href=\"https:\/\/niramart.com\/revista-magazine\/reencuentro-con-los-grandes-en-alcala-31\/\" \/>\n<meta property=\"og:type\" content=\"article\" \/>\n<meta property=\"og:title\" content=\"Reencuentro con los grandes en Alcal\u00e1 31 \u00bb Niram Art Magazine\" \/>\n<meta property=\"og:description\" content=\"Reencuentro con los grandes en Alcal\u00e1 31 Oct 042014 [&hellip;]\" \/>\n<meta property=\"og:url\" content=\"https:\/\/niramart.com\/revista-magazine\/reencuentro-con-los-grandes-en-alcala-31\/\" \/>\n<meta property=\"og:site_name\" content=\"Niram Art Magazine\" \/>\n<meta name=\"twitter:card\" content=\"summary_large_image\" \/>\n<meta name=\"twitter:label1\" content=\"Est. reading time\" \/>\n\t<meta name=\"twitter:data1\" content=\"3 minutes\" \/>\n<!-- \/ Yoast SEO plugin. -->","yoast_head_json":{"title":"Reencuentro con los grandes en Alcal\u00e1 31 \u00bb Niram Art Magazine","robots":{"index":"index","follow":"follow","max-snippet":"max-snippet:-1","max-image-preview":"max-image-preview:large","max-video-preview":"max-video-preview:-1"},"canonical":"https:\/\/niramart.com\/revista-magazine\/reencuentro-con-los-grandes-en-alcala-31\/","og_type":"article","og_title":"Reencuentro con los grandes en Alcal\u00e1 31 \u00bb Niram Art Magazine","og_description":"Reencuentro con los grandes en Alcal\u00e1 31 Oct 042014 [&hellip;]","og_url":"https:\/\/niramart.com\/revista-magazine\/reencuentro-con-los-grandes-en-alcala-31\/","og_site_name":"Niram Art Magazine","twitter_card":"summary_large_image","twitter_misc":{"Est. reading time":"3 minutes"}},"_links":{"self":[{"href":"https:\/\/niramart.com\/revista-magazine\/wp-json\/wp\/v2\/pages\/200","targetHints":{"allow":["GET"]}}],"collection":[{"href":"https:\/\/niramart.com\/revista-magazine\/wp-json\/wp\/v2\/pages"}],"about":[{"href":"https:\/\/niramart.com\/revista-magazine\/wp-json\/wp\/v2\/types\/page"}],"replies":[{"embeddable":true,"href":"https:\/\/niramart.com\/revista-magazine\/wp-json\/wp\/v2\/comments?post=200"}],"version-history":[{"count":0,"href":"https:\/\/niramart.com\/revista-magazine\/wp-json\/wp\/v2\/pages\/200\/revisions"}],"wp:attachment":[{"href":"https:\/\/niramart.com\/revista-magazine\/wp-json\/wp\/v2\/media?parent=200"}],"curies":[{"name":"wp","href":"https:\/\/api.w.org\/{rel}","templated":true}]}}