{"id":198,"date":"2024-04-01T07:41:00","date_gmt":"2024-04-01T07:41:00","guid":{"rendered":"https:\/\/niramart.com\/revista-magazine\/primera-exposicion-colectiva-de-los-artistas-arttime\/"},"modified":"2024-04-01T07:41:00","modified_gmt":"2024-04-01T07:41:00","slug":"primera-exposicion-colectiva-de-los-artistas-arttime","status":"publish","type":"page","link":"https:\/\/niramart.com\/revista-magazine\/primera-exposicion-colectiva-de-los-artistas-arttime\/","title":{"rendered":"PRIMERA EXPOSICI\u00d3N COLECTIVA   DE LOS ARTISTAS  ARTTIME"},"content":{"rendered":"<div id=\"main-col\">\n<div id=\"content\">\n<article class=\"post-98 post type-post status-publish format-standard has-post-thumbnail hentry category-c39-articulos-espanol category-18-id full-content meta-position-left-pullout fix\" id=\"post-98\">\n<header class=\"post-header title-container fix\">\n<div class=\"title\">\n<h1 class=\"posttitle\"><a href=\"https:\/\/niramart.com\/revista-magazine\/primera-exposicion-colectiva-de-los-artistas-arttime\/\" class=\"entry-title\" rel=\"bookmark\" title=\"PRIMERA EXPOSICI\u00d3N COLECTIVA   DE LOS ARTISTAS  ARTTIME\">PRIMERA EXPOSICI\u00d3N COLECTIVA   DE LOS ARTISTAS  ARTTIME<\/a><\/h1>\n<\/div>\n<div class=\"date\"><span class=\"month\">May<\/span> <span class=\"day\">19<\/span><span class=\"year\">2010<\/span><\/div>\n<\/header>\n<p> <span class=\"post-format-icon\">&nbsp;<\/span><span class=\"updated\" title=\"2010-05-19T00:32:11+00:00\">&nbsp;<\/span><\/p>\n<div class=\"entry-container fix\">\n<div class=\"entry fix\">\n<div class=\"left-thumbnail\"><\/div>\n<p class=\"bch4dcbow065stdpy\"><\/span><\/p>\n<p class=\"MsoNormal\" style=\"line-height: 125%; text-align: justify;\"><span style=\"font-weight: bold;\" lang=\"es\">&nbsp; <\/span><\/p>\n<p class=\"MsoNormal\" style=\"line-height: 125%; text-align: justify;\"><span style=\"font-weight: bold;\" lang=\"es\">&nbsp; <\/span><\/p>\n<p class=\"MsoNormal\" style=\"line-height: 125%; text-align: justify;\"><span style=\"text-transform: uppercase;\" lang=\"es\">arttime<\/span><span lang=\"es\">, espacio de arte y tecnolog\u00eda, tiene como objetivo promocionar y difundir las de nuevos talentos sin coste alguno. La nueva plataforma impulsar\u00e1 el conocimiento de sus trabajos tanto en la Red como fuera de ella, para conectar a los artistas con los p\u00fablicos de su inter\u00e9s. . .<\/span><span style=\"text-transform: uppercase;\" lang=\"es\">arttime <\/span><span lang=\"es\">no cobra comisiones ni hace de intermediario. La tarea de arttime es puramente divulgativa realizando los primeros contactos para que el organismo, instituci\u00f3n o particular que est\u00e9 interesado en un autor en particular se ponga en contacto directamente con el artista. <\/span><span style=\"font-weight: bold;\" lang=\"es\">www.arttime.es<\/span><span lang=\"es\">&nbsp; <\/span><\/p>\n<p class=\"MsoNormal\"><span lang=\"es\">&nbsp; <\/span><\/p>\n<p style=\"text-align: center;\"><span style=\"font-size: 24pt; line-height: 125%; font-family: Impact;\" lang=\"es\">EDUARDO BARCIA<\/span><\/p>\n<p class=\"bch4dcbow065stdpy\">\n<p class=\"MsoNormal\" style=\"line-height: 125%; text-align: justify;\"><span lang=\"es\">&nbsp; <\/span><\/p>\n<p class=\"MsoNormal\" style=\"line-height: 125%; text-align: justify;\"><span lang=\"es\">&nbsp; <\/span><\/p>\n<p class=\"MsoNormal\" style=\"line-height: 125%; text-align: justify;\"><span lang=\"es\">Eduardo Barcia supo que quer\u00eda ser artista desde el momento en que se dio cuenta de que ser pirata era muy poco factible. Tras haber pasado horas y horas garabateando, nos cuenta que para el pintar es m\u00e1s bien un lenguaje, una manera de expresar <\/span><span style=\"font-style: italic;\" lang=\"es\">eso<\/span><span lang=\"es\"> que de otra manera ser\u00eda imposible reflejar.<\/span><\/p>\n<p class=\"MsoNormal\" style=\"line-height: 125%; text-align: justify;\"><span lang=\"es\">&nbsp; <\/span><\/p>\n<p class=\"MsoNormal\" style=\"line-height: 125%; text-align: justify;\"><span lang=\"es\">Adem\u00e1s de pintura, entre sus creaciones encontramos infograf\u00edas e ilustraciones, lo que le ha valido un amplio reconocimiento, tanto en forma de premios y becas como en la de adquisiciones por parte de museos e instituciones.<\/span><\/p>\n<p class=\"MsoNormal\" style=\"line-height: 125%; text-align: justify;\"><span lang=\"es\">&nbsp; <\/span><\/p>\n<p class=\"MsoNormal\" style=\"line-height: 125%; text-align: justify;\"><span lang=\"es\">&nbsp; <\/span><\/p>\n<p class=\"MsoNormal\" style=\"line-height: 125%; text-align: justify;\"><span lang=\"es\">&nbsp; <\/span><\/p>\n<p class=\"MsoNormal\" style=\"line-height: 125%; text-align: center;\"><span style=\"font-size: 24pt; line-height: 125%; font-family: Impact;\" lang=\"es\"><span class=\"bch4dcbow065stdpy\">&nbsp; <\/span>JAVIER PEREIRA<span class=\"bch4dcbow065stdpy\">&nbsp; <\/span><span class=\"bch4dcbow065stdpy\">&nbsp; <\/span><\/span><span lang=\"es\"><span class=\"bch4dcbow065stdpy\">&nbsp; <\/span><\/span><span style=\"font-weight: bold;\" lang=\"es\">&nbsp; <\/span><\/p>\n<p class=\"MsoNormal\" style=\"line-height: 125%; text-align: justify;\"><span lang=\"es\">&nbsp; <\/span><\/p>\n<p class=\"MsoNormal\" style=\"line-height: 125%; text-align: justify;\"><span lang=\"es\">&nbsp; <\/span><\/p>\n<p class=\"MsoNormal\" style=\"line-height: 125%; text-align: justify;\"><span lang=\"es\">Javier Pereira, licenciado en Bellas Artes, se ha sentido ligado al mundo de la pintura y el arte &#8220;desde siempre&#8221;. Lo tiene tan claro que lleva dedic\u00e1ndose a ello veinte a\u00f1os profesionalmente y como \u00fanica actividad. No deja de lado, sin embargo, su faceta de profesor: dirige junto a Myriam Villarrubia <\/span><span style=\"font-style: italic;\" lang=\"es\">el Subsuelo<\/span><span lang=\"es\">, escuela y estudio de arte a un tiempo.<\/span><\/p>\n<p class=\"MsoNormal\" style=\"line-height: 125%; text-align: justify;\"><span lang=\"es\">&nbsp; <\/span><\/p>\n<p class=\"MsoNormal\" style=\"line-height: 125%; text-align: justify;\"><span style=\"font-style: italic;\" lang=\"es\">&#8220;Mi obra, aunque tiende a rasgos generales hacia a la abstracci\u00f3n<\/span><span lang=\"es\"> \u2014nos descubre Javier\u2014, <\/span><span style=\"font-style: italic;\" lang=\"es\">parte siempre de un germen figurativo, que se hace m\u00e1s evidente con el paso del tiempo. La intenci\u00f3n no es comunicar un mensaje concreto, sinotransmitir sensaciones sensaciones intensas, distintas a las de la vida cotidiana<\/span><span lang=\"es\">&nbsp; <\/span><\/p>\n<p class=\"MsoNormal\" style=\"line-height: 125%; text-align: justify;\"><span lang=\"es\">&nbsp; <\/span><\/p>\n<p class=\"MsoNormal\" style=\"line-height: 125%; text-align: justify;\"><span lang=\"es\">&nbsp; <\/span><\/p>\n<p class=\"MsoNormal\" style=\"line-height: 125%; text-align: center;\"><span style=\"font-size: 24pt; line-height: 125%; font-family: Impact;\" lang=\"es\">MARIA CLARA IBORRA<\/span><\/p>\n<p class=\"MsoNormal\" style=\"line-height: 125%; text-align: justify;\"><span style=\"font-weight: bold;\" lang=\"es\">&nbsp; <\/span><\/p>\n<p class=\"MsoNormal\" style=\"line-height: 125%; text-align: justify;\"><span lang=\"es\">&nbsp; <\/span><\/p>\n<p class=\"MsoNormal\" style=\"line-height: 125%; text-align: justify;\"><span style=\"font-style: italic;\" lang=\"es\">&#8220;Desde peque\u00f1a he pintado y es lo \u00fanico que s\u00e9 hacer&#8221;.<\/span><span lang=\"es\"> Mar\u00eda Clara Iborra siempre ha tenido claro que se iba a dedicar a la pintura, desde que que empez\u00f3 a pintar cuerpos redondos a l\u00e1piz hasta que dirigi\u00f3 sus esfuerzos hacia el retrato.En esta fase de su carrera, Mar\u00eda se dedica en exclusiva al retrato, influida por el expresionismo y el realismo, empez\u00f3 a dibujar caras realistas pero como ella misma menciona <\/span><span style=\"font-style: italic;\" lang=\"es\">&#8220;nunca pinto lo que tengo en mente.&#8221; <\/span><\/p>\n<p class=\"MsoNormal\" style=\"line-height: 125%; text-align: justify;\"><span style=\"font-style: italic;\" lang=\"es\">&nbsp; <\/span><\/p>\n<p class=\"MsoNormal\" style=\"line-height: 125%; text-align: justify;\"><span style=\"font-style: italic;\" lang=\"es\">Definir lo que es arte es muy dif\u00edcil<\/span><span style=\"font-style: italic;\" lang=\"es\">&nbsp; <\/span><span style=\"font-style: italic;\" lang=\"es\">\u2014<\/span><span lang=\"es\">explica Mar\u00eda Clara<\/span><span style=\"font-style: italic;\" lang=\"es\">\u2014<\/span><span style=\"font-style: italic;\" lang=\"es\"> para la gran mayor\u00eda de la gente creo que es que en un retrato el modelo refleje la realidad. Yo creo que arte es algo que resulta insuperable a la vista, que en cuanto lo ves lo reconoces. Es una obra que te provoca sensaciones y que te hace exclamar \u201cesto es incre\u00edble\u201d, que te deja sin palabras.<\/span><\/p>\n<p class=\"MsoNormal\" style=\"line-height: 125%; text-align: justify;\"><span lang=\"es\">&nbsp; <\/span><\/p>\n<p class=\"MsoNormal\" style=\"line-height: 125%; text-align: justify;\"><span lang=\"es\">&nbsp; <\/span><\/p>\n<p class=\"MsoNormal\" style=\"line-height: 125%; text-align: justify;\"><span lang=\"es\">&nbsp; <\/span><\/p>\n<p class=\"MsoNormal\" style=\"line-height: 125%; text-align: center;\"><span style=\"font-size: 24pt; line-height: 125%; font-family: Impact; font-weight: bold;\" lang=\"es\">ALFONSO DE LA VEGA<\/span><\/p>\n<p class=\"MsoNormal\" style=\"line-height: 125%;\"><span lang=\"es\">&nbsp; <\/span><\/p>\n<p class=\"MsoNormal\" style=\"line-height: 125%; text-align: center;\"><span lang=\"es\">&nbsp; <\/span><\/p>\n<p class=\"MsoNormal\" style=\"line-height: 125%; text-align: justify;\"><span lang=\"es\">Alfonso de la Vega comenz\u00f3 con<span class=\"bch4dcbow065stdpy\">&nbsp; <\/span>l\u00e1pices y acuarelas, como autodidacta, decant\u00e1ndose por la t\u00e9cnica realista. La decisi\u00f3n de dedicarse profesionalmente a la pintura llevar\u00e1 aparejado otro cambio: su t\u00e9cnica ir\u00e1 acerc\u00e1ndose al expresionismo, con pinceladas contundentes y sueltas. Cada vez<span class=\"bch4dcbow065stdpy\">&nbsp; <\/span>menos realista y con necesidad de ser menos figurativo.<\/span><\/p>\n<p class=\"MsoNormal\" style=\"line-height: 125%; text-align: justify;\"><span lang=\"es\">&nbsp; <\/span><\/p>\n<p class=\"MsoNormal\" style=\"line-height: 125%; text-align: justify;\"><span style=\"font-style: italic;\" lang=\"es\">&#8220;Actualmente mi pintura es abstracta <\/span><span lang=\"es\">\u2014aclara el propio Alfonso\u2014 <\/span><span style=\"font-style: italic;\" lang=\"es\">basada en un concepto del que extraigo lo m\u00e1s insignificante para convertirlo en lo trascendente de la obra, creando un cierto misterio.&#8221;<\/span><\/p>\n<p class=\"MsoNormal\" style=\"line-height: 125%; text-align: center;\"><span lang=\"es\">&nbsp; <\/span><\/p>\n<p class=\"MsoNormal\" style=\"line-height: 125%; text-align: center;\"><span lang=\"es\">&nbsp; <\/span><\/p>\n<p class=\"MsoNormal\" style=\"line-height: 125%; text-align: center;\"><span lang=\"es\">&nbsp; <\/span><\/p>\n<p class=\"MsoNormal\" style=\"line-height: 125%; text-align: center;\"><span lang=\"es\">&nbsp; <\/span><\/p>\n<p class=\"MsoNormal\" style=\"line-height: 125%; text-align: center;\"><span lang=\"es\">&nbsp; <\/span><\/p>\n<p class=\"MsoNormal\" style=\"line-height: 125%; text-align: center;\"><span style=\"font-size: 24pt; line-height: 125%; font-family: Impact;\" lang=\"es\">MYRIAM VILLARRUBIA<\/span><\/p>\n<p class=\"MsoNormal\" style=\"line-height: 125%; text-align: center;\"><span lang=\"es\">&nbsp; <\/span><\/p>\n<p class=\"MsoNormal\" style=\"line-height: 125%; text-align: center;\"><span lang=\"es\">&nbsp; <\/span><\/p>\n<p class=\"MsoNormal\" style=\"line-height: 125%; text-align: justify;\"><span lang=\"es\">Myriam Villarrubia tuvo desde peque\u00f1a ganas de pintar. Dan fe de ello las pintarrajeadas paredes de su casa. Desde muy pronto se dedic\u00f3 al mundo de la pintura, sin olvidarse de otras disciplinas como la escultura la fotograf\u00eda, el dise\u00f1o o la publicidad. Tras licenciarse en Bellas artes, comienza a realizar exposiciones peri\u00f3dicas de pintura y funda <\/span><span style=\"font-style: italic;\" lang=\"es\">el Subsuelo,<\/span><span lang=\"es\"> escuela y estudio de arte que dirige junto con Javier<span class=\"bch4dcbow065stdpy\">&nbsp; <\/span>Pereira.<\/span><\/p>\n<p class=\"MsoNormal\" style=\"line-height: 125%; text-align: justify;\"><span lang=\"es\">&nbsp; <\/span><\/p>\n<p class=\"MsoNormal\" style=\"line-height: 125%; text-align: justify;\"><span style=\"font-style: italic;\" lang=\"es\">&#8220;Considero mi pintura figurativa y realista, ya que surge de la realidad, aunque una realidad subjetiva generada desde mi propia mente. Es una visi\u00f3n personal basada en mis recuerdos y en las sensaciones experimentadas.&#8221;<\/span><\/p>\n<p class=\"MsoNormal\" style=\"line-height: 125%; text-align: center;\"><span lang=\"es\">&nbsp; <\/span><\/p>\n<p class=\"MsoNormal\" style=\"line-height: 125%; text-align: center;\"><span lang=\"es\">&nbsp; <\/span><\/p>\n<p class=\"MsoNormal\" style=\"line-height: 125%; text-align: center;\"><span lang=\"es\">&nbsp; <\/span><\/p>\n<p class=\"MsoNormal\" style=\"line-height: 125%; text-align: center;\"><span lang=\"es\">&nbsp; <\/span><\/p>\n<p class=\"MsoNormal\" style=\"line-height: 125%; text-align: center;\"><span lang=\"es\">&nbsp; <\/span><\/p>\n<p class=\"MsoNormal\" style=\"line-height: 125%; text-align: center;\"><span lang=\"es\">&nbsp; <\/span><\/p>\n<p class=\"MsoNormal\" style=\"line-height: 125%; text-align: center;\"><span style=\"font-size: 24pt; line-height: 125%; font-family: Impact;\" lang=\"es\">JIMENA ARAGON\u00c9S<\/span><\/p>\n<p class=\"MsoNormal\" style=\"line-height: 125%; text-align: center;\"><span lang=\"es\">&nbsp; <\/span><\/p>\n<p class=\"MsoNormal\" style=\"line-height: 125%; text-align: center;\"><span lang=\"es\">&nbsp; <\/span><\/p>\n<p class=\"MsoNormal\" style=\"line-height: 125%; text-align: justify;\"><span lang=\"es\">Jimena Aragoneses naci\u00f3 en Arequipa, Per\u00fa, rodeada de un ambiente art\u00edstico \u2014su madre y su abuelo son pintores\u2014 del que no tardar\u00e1 en &#8216;contagiarse\u2019. Al poco tiempo se traslada a Espa\u00f1a, y de all\u00ed a Estados Unidos donde residir\u00e1 a\u00f1o y medio como estudiante de intercambio. Al volver a Madrid, estudia dos a\u00f1os de Publicidad y Relaciones P\u00fablicas para ingresar m\u00e1s tarde en la Facultad de Bellas Artes de la Universidad Complutense de Madrid, donde actualmente cursa estudios.<\/span><\/p>\n<p class=\"MsoNormal\" style=\"line-height: 125%; text-align: justify;\"><span lang=\"es\">&nbsp; <\/span><\/p>\n<p class=\"MsoNormal\" style=\"line-height: 125%; text-align: justify;\"><span lang=\"es\">En<\/span><span lang=\"es\">&nbsp; <\/span><span lang=\"es\">cuanto a su obra, explica que le gusta el much\u00edsimo el dibujo y que \u00faltimamente utiliza t\u00e9cnicas mixtas como son a l\u00e1piz, bol\u00edgrafo, carboncillo y acr\u00edlicos. &#8220;<\/span><span style=\"font-style: italic;\" lang=\"es\">Espero mejorar much\u00edsimo m\u00e1s y segur pintando que es lo \u00fanico que me mantiene relajada, me inspira y todos los problemas desaparecen cuando cojo un l\u00e1piz.&#8221;<\/span><span lang=\"es\">&nbsp; <\/span><\/p>\n<p class=\"MsoNormal\" style=\"line-height: 125%;\"><span style=\"font-style: italic;\" lang=\"es\">&nbsp; <\/span><\/p>\n<p class=\"MsoNormal\" style=\"line-height: 125%;\"><span lang=\"es\">&nbsp; <\/span><\/p>\n<p class=\"MsoNormal\" style=\"line-height: 125%;\"><span lang=\"es\">&nbsp; <\/span><\/p>\n<p class=\"MsoNormal\" style=\"line-height: 125%; text-align: justify;\"><span style=\"font-style: italic;\" lang=\"es\">&nbsp; <\/span><\/p>\n<p class=\"MsoNormal\"><span lang=\"es\">&nbsp; <\/span><\/p>\n<p class=\"MsoNormal\"><span lang=\"es\">&nbsp; <\/span><\/p>\n<p class=\"bch4dcbow065stdpy\">\n<\/div>\n<div class=\"meta-pullout meta-left-pullout\">\n<ul>\n<li class=\"fix\"><span class=\"category\"><span class=\"icon\">&nbsp;<\/span> <a href=\"https:\/\/niramart.com\/revista-magazine\/category\/s5-articulos\/c39-articulos-espanol\/\" rel=\"category tag\">Articulos espa\u00f1ol<\/a><\/span><\/li>\n<\/ul>\n<\/div>\n<\/div>\n<footer class=\"post-footer postdata fix\"><\/footer>\n<section id=\"comments\"><\/section>\n<\/article>\n<nav class=\"post-nav fix\">\n<table>\n<tr>\n<td class=\"previous\"><a href=\"https:\/\/niramart.com\/revista-magazine\" rel=\"prev\"><span class=\"icon\">&nbsp;<\/span> DIALOGO ENTRE UN        ARTISTA INTROSPECTIVO Y UN  COMPRADOR  ADINERADO de Lara Gala<\/a><\/td>\n<td class=\"next\"><a href=\"https:\/\/niramart.com\/revista-magazine\/marcella-savaget-madeira-una-vision-propia-sobre-su-pintura\/\" rel=\"next\"><span class=\"icon\">&nbsp;<\/span> MARCELLA SAVAGET MADEIRA \u2013 una visi\u00f3n propia sobre su pintura<\/a><\/td>\n<\/tr>\n<\/table>\n<\/nav>\n<\/div>\n<\/div>\n","protected":false,"raw":""},"excerpt":{"rendered":"<p>PRIMERA EXPOSICI\u00d3N COLECTIVA DE LOS ARTISTAS ARTTIME May 192010 [&hellip;]<\/p>\n","protected":false},"author":0,"featured_media":0,"parent":0,"menu_order":0,"comment_status":"closed","ping_status":"closed","template":"","meta":{"footnotes":""},"class_list":["post-198","page","type-page","status-publish","hentry"],"yoast_head":"<!-- This site is optimized with the Yoast SEO plugin v27.4 - https:\/\/yoast.com\/product\/yoast-seo-wordpress\/ -->\n<title>PRIMERA EXPOSICI\u00d3N COLECTIVA DE LOS ARTISTAS ARTTIME \u00bb Niram Art Magazine<\/title>\n<meta name=\"robots\" content=\"index, follow, max-snippet:-1, max-image-preview:large, max-video-preview:-1\" \/>\n<link rel=\"canonical\" href=\"https:\/\/niramart.com\/revista-magazine\/primera-exposicion-colectiva-de-los-artistas-arttime\/\" \/>\n<meta property=\"og:type\" content=\"article\" \/>\n<meta property=\"og:title\" content=\"PRIMERA EXPOSICI\u00d3N COLECTIVA DE LOS ARTISTAS ARTTIME \u00bb Niram Art Magazine\" \/>\n<meta property=\"og:description\" content=\"PRIMERA EXPOSICI\u00d3N COLECTIVA DE LOS ARTISTAS ARTTIME May 192010 [&hellip;]\" \/>\n<meta property=\"og:url\" content=\"https:\/\/niramart.com\/revista-magazine\/primera-exposicion-colectiva-de-los-artistas-arttime\/\" \/>\n<meta property=\"og:site_name\" content=\"Niram Art Magazine\" \/>\n<meta name=\"twitter:card\" content=\"summary_large_image\" \/>\n<meta name=\"twitter:label1\" content=\"Est. reading time\" \/>\n\t<meta name=\"twitter:data1\" content=\"5 minutes\" \/>\n<!-- \/ Yoast SEO plugin. -->","yoast_head_json":{"title":"PRIMERA EXPOSICI\u00d3N COLECTIVA DE LOS ARTISTAS ARTTIME \u00bb Niram Art Magazine","robots":{"index":"index","follow":"follow","max-snippet":"max-snippet:-1","max-image-preview":"max-image-preview:large","max-video-preview":"max-video-preview:-1"},"canonical":"https:\/\/niramart.com\/revista-magazine\/primera-exposicion-colectiva-de-los-artistas-arttime\/","og_type":"article","og_title":"PRIMERA EXPOSICI\u00d3N COLECTIVA DE LOS ARTISTAS ARTTIME \u00bb Niram Art Magazine","og_description":"PRIMERA EXPOSICI\u00d3N COLECTIVA DE LOS ARTISTAS ARTTIME May 192010 [&hellip;]","og_url":"https:\/\/niramart.com\/revista-magazine\/primera-exposicion-colectiva-de-los-artistas-arttime\/","og_site_name":"Niram Art Magazine","twitter_card":"summary_large_image","twitter_misc":{"Est. reading time":"5 minutes"}},"_links":{"self":[{"href":"https:\/\/niramart.com\/revista-magazine\/wp-json\/wp\/v2\/pages\/198","targetHints":{"allow":["GET"]}}],"collection":[{"href":"https:\/\/niramart.com\/revista-magazine\/wp-json\/wp\/v2\/pages"}],"about":[{"href":"https:\/\/niramart.com\/revista-magazine\/wp-json\/wp\/v2\/types\/page"}],"replies":[{"embeddable":true,"href":"https:\/\/niramart.com\/revista-magazine\/wp-json\/wp\/v2\/comments?post=198"}],"version-history":[{"count":0,"href":"https:\/\/niramart.com\/revista-magazine\/wp-json\/wp\/v2\/pages\/198\/revisions"}],"wp:attachment":[{"href":"https:\/\/niramart.com\/revista-magazine\/wp-json\/wp\/v2\/media?parent=198"}],"curies":[{"name":"wp","href":"https:\/\/api.w.org\/{rel}","templated":true}]}}