{"id":195,"date":"2024-04-01T07:40:59","date_gmt":"2024-04-01T07:40:59","guid":{"rendered":"https:\/\/niramart.com\/revista-magazine\/premios-niram-art-entrevista-con-michel-houellebecq\/"},"modified":"2024-04-01T07:40:59","modified_gmt":"2024-04-01T07:40:59","slug":"premios-niram-art-entrevista-con-michel-houellebecq","status":"publish","type":"page","link":"https:\/\/niramart.com\/revista-magazine\/premios-niram-art-entrevista-con-michel-houellebecq\/","title":{"rendered":"Premios Niram Art: Entrevista con  Michel Houellebecq"},"content":{"rendered":"<div id=\"main-col\">\n<div id=\"content\">\n<article class=\"post-222 post type-post status-publish format-standard hentry category-entrevistas category-c56-no-1-2-2012 category-121-id category-28-id full-content meta-position-left-pullout fix\" id=\"post-222\">\n<header class=\"post-header title-container fix\">\n<div class=\"title\">\n<h1 class=\"posttitle\"><a href=\"https:\/\/niramart.com\/revista-magazine\/premios-niram-art-entrevista-con-michel-houellebecq\/\" class=\"entry-title\" rel=\"bookmark\" title=\"Premios Niram Art: Entrevista con  Michel Houellebecq\">Premios Niram Art: Entrevista con  Michel Houellebecq<\/a><\/h1>\n<\/div>\n<div class=\"date\"><span class=\"month\">Jan<\/span> <span class=\"day\">06<\/span><span class=\"year\">2012<\/span><\/div>\n<\/header>\n<p> <span class=\"post-format-icon\">&nbsp;<\/span><span class=\"updated\" title=\"2012-01-06T18:15:00+00:00\">&nbsp;<\/span><\/p>\n<div class=\"entry-container fix\">\n<div class=\"entry fix\">\n<p class=\"bch4dcbow065stdpy\">&nbsp;<\/p>\n<div>\n<div>\n<p class=\"bch4dcbow065stdpy\"><a href=\"https:\/\/niramart.com\/revista-magazine\/files\/niramarteditorial-sub\/wp-content\/uploads\/2012\/01\/michel_houellebecq1.jpg\"><img decoding=\"async\" class=\"alignleft\" title=\"Michel Houellebecq\" alt=\"Michel Houellebecq\" src=\"https:\/\/niramart.com\/revista-magazine\/files\/niramarteditorial-sub\/wp-content\/uploads\/2012\/01\/michel_houellebecq1-213x300.jpg\" width=\"212\" border=\"0\"\/><\/a><strong>Durante su estancia en Madrid, a la invitaci\u00f3n de la Editorial y la Revista <a href=\"http:\/\/niramarteditorial.espacioniram.com\/\">Niram Art<\/a>, el escritor franc\u00e9s Michel Houellebecq recibi\u00f3 el Premio Niram Art -Trofeo Mihail Sebastian y tuvo varios encuentros con sus lectores, en <a href=\"http:\/\/espacioniram.com\/\">Espacio Niram<\/a> de Madrid y en la Facultad de Ciencias de la Informaci\u00f3n de la Universidad Complutense. Sus pasos por Madrid quedan recogidos en la entrevista que le hizo Lu\u00eds Alemany y publicada en el peri\u00f3dico <a href=\"http:\/\/www.elmundo.es\/\">El Mundo <\/a>(n\u00ba 8.037, edici\u00f3n de s\u00e1bado, el 24 de diciembre de 2011). <\/strong><\/p>\n<\/div>\n<\/div>\n<p class=\"bch4dcbow065stdpy\">&nbsp;<\/p>\n<p class=\"bch4dcbow065stdpy\">\u201cEste oto\u00f1o, Michel Houellebecq no cumpli\u00f3 con sus obligaciones promocionales debidas a la publicaci\u00f3n en espa\u00f1ol de \u201cEl mapa y el territorio\u201d (Anagrama). Durante el verano no se puso al tel\u00e9fono, no contest\u00f3 a ning\u00fan correo electr\u00f3nico. Fue imposible organizar una visita a Espa\u00f1a, una sola entrevista para los corresponsales en Par\u00eds. \u00bfQu\u00e9 le ocurr\u00eda? \u201cLe ha pasado algo a su perro. Se ha muerto, o se ha perdido, o algo por el estilo. Est\u00e1 de duelo\u201d, explicaban en la editorial barcelonesa.<\/p>\n<p class=\"bch4dcbow065stdpy\">Y eso que muchos lectores, al leer la novela, pudieron pensar que Houellebecq estaba curado. \u201cEl mapa y el territorio\u201d llegaba con el Premio Goncourt en el curr\u00edculo y las buenas cr\u00edticas de aquellos que, incluso, no sol\u00edan soportar a Houellebecq. La novela es, a su manera, muy houellebecquiana, pero, al mismo tiempo, deja resquicios a cierta simpat\u00eda, a cierta ternura. Hay un personaje llamado Michel Houellebecq que parece remontar una depresi\u00f3n bastante c\u00f3mica. Y la pol\u00e9mica inevitable (en este caso, la apropiaci\u00f3n de algunas frases tomadas de Wikipedia) parec\u00eda bastante inocua comparada con los viejos tiempos.<\/p>\n<p class=\"bch4dcbow065stdpy\">\n<p class=\"bch4dcbow065stdpy\"><strong><a href=\"http:\/\/niramarteditorial.espacioniram.com\/?attachment_id=2732\" rel=\"attachment wp-att-2732\"><\/a><\/strong>\u201cDebi\u00f3 de ser eso, lo del perro, porque el s\u00e1bado pasado estuve con \u00e9l por la tarde y llev\u00e9 al m\u00edo, a mi perro. Tuve que llevarlo, no pod\u00eda dejarlo en casa\u2026Y el hombre lo vio y se volvi\u00f3 loco, estuvo encantador, jug\u00f3 con \u00e9l, lo bes\u00f3\u2026dec\u00eda que los animales son mucho mejores que las personas.\u201d \u00bfY el resto del tiempo? \u201cYa sabe como es Houellebecq. No es que est\u00e9 antip\u00e1tico, pero s\u00ed que anda un poco ensimismado\u201d. Esta vez la que habla es una de las responsables de la fundaci\u00f3n que ha conseguido que Houellebecq pase unos d\u00edas en Madrid, donde ha recibido el premio <a href=\"http:\/\/niramartawards.espacioniram.com\/\">Trofeo Niram Art <\/a>y ha protagonizado un par de encuentros con sus lectores.<\/p>\n<p class=\"bch4dcbow065stdpy\">El primero se produjo martes pasado en la Facultad de Ciencias de la Informaci\u00f3n de la Universidad Complutense de Madrid (\u2026)\u201d<\/p>\n<p style=\"text-align: center;\">\n<blockquote>\n<p class=\"bch4dcbow065stdpy\">La entrevista completa en <a href=\"http:\/\/www.elmundo.es\/\"><strong>Elmundo.es<\/strong><\/a><\/p>\n<\/blockquote>\n<\/div>\n<div class=\"meta-pullout meta-left-pullout\">\n<ul>\n<li class=\"fix\"><span class=\"category\"><span class=\"icon\">&nbsp;<\/span> <a href=\"https:\/\/niramart.com\/revista-magazine\/category\/entrevistas\/\" rel=\"category tag\">Entrevistas<\/a>, <a href=\"https:\/\/niramart.com\/revista-magazine\/category\/s5-articulos\/c56-no-1-2-2012\/\" rel=\"category tag\">N\u00ba 1 &#8211; 2, 2012<\/a><\/span><\/li>\n<\/ul>\n<\/div>\n<\/div>\n<footer class=\"post-footer postdata fix\"> <\/footer>\n<section id=\"comments\"> <\/section>\n<\/article>\n<nav class=\"post-nav fix\">\n<table>\n<tr>\n<td class=\"previous\"><a href=\"https:\/\/niramart.com\/revista-magazine\/premiados-niram-art-2011\/\" rel=\"prev\"><span class=\"icon\">&nbsp;<\/span> Premiados Niram Art 2011<\/a><\/td>\n<td class=\"next\"><a href=\"https:\/\/niramart.com\/revista-magazine\/entrevista-a-diego-vadillo-lopez-autor-de-de-compras-en-tzara\/\" rel=\"next\"><span class=\"icon\">&nbsp;<\/span> Entrevista a Diego Vadillo L\u00f3pez, autor de \u201cDe compras en Tzara\u201d<\/a><\/td>\n<\/tr>\n<\/table>\n<\/nav>\n<\/div>\n<\/div>\n","protected":false,"raw":""},"excerpt":{"rendered":"<p>Premios Niram Art: Entrevista con Michel Houellebecq Jan 062012 [&hellip;]<\/p>\n","protected":false},"author":0,"featured_media":0,"parent":0,"menu_order":0,"comment_status":"closed","ping_status":"closed","template":"","meta":{"footnotes":""},"class_list":["post-195","page","type-page","status-publish","hentry"],"yoast_head":"<!-- This site is optimized with the Yoast SEO plugin v27.4 - https:\/\/yoast.com\/product\/yoast-seo-wordpress\/ -->\n<title>Premios Niram Art: Entrevista con Michel Houellebecq \u00bb Niram Art Magazine<\/title>\n<meta name=\"robots\" content=\"index, follow, max-snippet:-1, max-image-preview:large, max-video-preview:-1\" \/>\n<link rel=\"canonical\" href=\"https:\/\/niramart.com\/revista-magazine\/premios-niram-art-entrevista-con-michel-houellebecq\/\" \/>\n<meta property=\"og:type\" content=\"article\" \/>\n<meta property=\"og:title\" content=\"Premios Niram Art: Entrevista con Michel Houellebecq \u00bb Niram Art Magazine\" \/>\n<meta property=\"og:description\" content=\"Premios Niram Art: Entrevista con Michel Houellebecq Jan 062012 [&hellip;]\" \/>\n<meta property=\"og:url\" content=\"https:\/\/niramart.com\/revista-magazine\/premios-niram-art-entrevista-con-michel-houellebecq\/\" \/>\n<meta property=\"og:site_name\" content=\"Niram Art Magazine\" \/>\n<meta name=\"twitter:card\" content=\"summary_large_image\" \/>\n<meta name=\"twitter:label1\" content=\"Est. reading time\" \/>\n\t<meta name=\"twitter:data1\" content=\"2 minutes\" \/>\n<!-- \/ Yoast SEO plugin. -->","yoast_head_json":{"title":"Premios Niram Art: Entrevista con Michel Houellebecq \u00bb Niram Art Magazine","robots":{"index":"index","follow":"follow","max-snippet":"max-snippet:-1","max-image-preview":"max-image-preview:large","max-video-preview":"max-video-preview:-1"},"canonical":"https:\/\/niramart.com\/revista-magazine\/premios-niram-art-entrevista-con-michel-houellebecq\/","og_type":"article","og_title":"Premios Niram Art: Entrevista con Michel Houellebecq \u00bb Niram Art Magazine","og_description":"Premios Niram Art: Entrevista con Michel Houellebecq Jan 062012 [&hellip;]","og_url":"https:\/\/niramart.com\/revista-magazine\/premios-niram-art-entrevista-con-michel-houellebecq\/","og_site_name":"Niram Art Magazine","twitter_card":"summary_large_image","twitter_misc":{"Est. reading time":"2 minutes"}},"_links":{"self":[{"href":"https:\/\/niramart.com\/revista-magazine\/wp-json\/wp\/v2\/pages\/195","targetHints":{"allow":["GET"]}}],"collection":[{"href":"https:\/\/niramart.com\/revista-magazine\/wp-json\/wp\/v2\/pages"}],"about":[{"href":"https:\/\/niramart.com\/revista-magazine\/wp-json\/wp\/v2\/types\/page"}],"replies":[{"embeddable":true,"href":"https:\/\/niramart.com\/revista-magazine\/wp-json\/wp\/v2\/comments?post=195"}],"version-history":[{"count":0,"href":"https:\/\/niramart.com\/revista-magazine\/wp-json\/wp\/v2\/pages\/195\/revisions"}],"wp:attachment":[{"href":"https:\/\/niramart.com\/revista-magazine\/wp-json\/wp\/v2\/media?parent=195"}],"curies":[{"name":"wp","href":"https:\/\/api.w.org\/{rel}","templated":true}]}}