{"id":186,"date":"2024-04-01T07:40:58","date_gmt":"2024-04-01T07:40:58","guid":{"rendered":"https:\/\/niramart.com\/revista-magazine\/nuevos-lanzamientos-niram-art-editorial-2\/"},"modified":"2024-04-01T07:40:58","modified_gmt":"2024-04-01T07:40:58","slug":"nuevos-lanzamientos-niram-art-editorial-2","status":"publish","type":"page","link":"https:\/\/niramart.com\/revista-magazine\/nuevos-lanzamientos-niram-art-editorial\/","title":{"rendered":"Nuevos Lanzamientos Niram Art Editorial"},"content":{"rendered":"<div id=\"main-col\">\n<div id=\"content\">\n<article class=\"post-201 post type-post status-publish format-standard hentry category-c55-no-5-6-2011 category-c38-noticias-revista category-27-id category-32-id full-content meta-position-left-pullout fix\" id=\"post-201\">\n<header class=\"post-header title-container fix\">\n<div class=\"title\">\n<h1 class=\"posttitle\"><a href=\"https:\/\/niramart.com\/revista-magazine\/nuevos-lanzamientos-niram-art-editorial\/\" class=\"entry-title\" rel=\"bookmark\" title=\"Nuevos Lanzamientos Niram Art Editorial\">Nuevos Lanzamientos Niram Art Editorial<\/a><\/h1>\n<\/div>\n<div class=\"date\"><span class=\"month\">Sep<\/span> <span class=\"day\">09<\/span><span class=\"year\">2011<\/span><\/div>\n<\/header>\n<p> <span class=\"post-format-icon\">&nbsp;<\/span><span class=\"updated\" title=\"2011-09-09T20:09:41+00:00\">&nbsp;<\/span><\/p>\n<div class=\"entry-container fix\">\n<div class=\"entry fix\">\n<p class=\"bch4dcbow065stdpy\">&nbsp;<\/p>\n<div>\n<div>\n<div>\n<p class=\"bch4dcbow065stdpy\"><img decoding=\"async\" class=\"alignleft\" alt=\"\" src=\"https:\/\/niramart.com\/revista-magazine\/files\/2011\/06\/cartel_lanzamientos.jpg\" width=\"133\" border=\"0\"\/><\/p>\n<p class=\"bch4dcbow065stdpy\"><strong>10 de junio del 2011, a las 19 horas<\/strong><\/p>\n<\/div>\n<p class=\"bch4dcbow065stdpy\"><strong>Aula de Teatro de la Facultad de Filosof\u00eda,<\/strong><\/p>\n<p class=\"bch4dcbow065stdpy\"><strong>Universidad Complutense de Madrid, Ciudad Universitaria, 28040 \u2013 MADRID<\/strong><\/p>\n<p class=\"bch4dcbow065stdpy\">Viernes, D\u00eda 10 de junio del 2011, a las 19 horas, tendr\u00e1n lugar los lanzamientos de los m\u00e1s recientes t\u00edtulos de la <strong>Editorial <\/strong><a href=\"http:\/\/niramarteditorial.espacioniram.com\/2011\/06\/\" target=\"_blank\" rel=\"noopener\"><strong>Niram Art<\/strong><\/a><strong>,<\/strong> en la Aula de Teatro de la Facultad de Filosof\u00eda, Universidad Complutense de Madrid. La apertura del evento estar\u00e1 a cargo del director de la Editorial Niram Art, el teniente-coronel <strong>Miguel \u00c1ngel Gal\u00e1n Segovia<\/strong>.<\/p>\n<p class=\"bch4dcbow065stdpy\">&nbsp;<\/p>\n<\/div>\n<\/div>\n<p style=\"text-align: justify;\">Se trata del lanzamiento de cuatro vol\u00famenes:<\/p>\n<blockquote style=\"text-align: justify;\">\n<p class=\"bch4dcbow065stdpy\"><a href=\"http:\/\/niramarteditorial.espacioniram.com\/libros\/stefan-mitroi\/\" target=\"_blank\" rel=\"noopener\"><strong>\u201cEl Agujero o Agua viva, Agua muerta\u201d<\/strong><\/a> (es una novela del escritor <strong>Stefan Mitroi<\/strong>, autor que comenz\u00f3 su carera literaria como periodista y cuentista (cuatro vol\u00famenes). Posteriormente, public\u00f3 poes\u00eda (siete vol\u00famenes, 1992-2001), libros para ni\u00f1os (cuatro vol\u00famenes, 1988-2005), novelas (seis vol\u00famenes, 2003-2010) y teatro (dos vol\u00famenes, 2006-2007). Su primera novela, \u201c<em>La Ca\u00edda en el cielo\u201d<\/em>, 2003, ha sido traducida al franc\u00e9s, en el mismo a\u00f1o, obteniendo un \u00e9xito notable. Le sigui\u00f3 <em>\u201cEl Agujero<\/em>\u201d, en 2004, que ha sido traducida al portugu\u00e9s en 2008. En 2005, sali\u00f3 <em>\u201cLa vida inversa de Cocostel Ouatu<\/em>\u201d. En 2008, public\u00f3 su novela-tr\u00edptico \u201c<em>Dulce como el ajenjo\u201d<\/em>, su m\u00e1s notable producci\u00f3n literaria hasta el momento. \u201c<em>R\u00e9quiem para Tanase\u201d<\/em> es su \u00faltima novela publicada en 2010. Entre muchos otros premios, Stefan Mitroi fue galardonado, en 2010, con el Premio de la Academia Rumana, el m\u00e1s importante premio literario de su pa\u00eds, para la novela <em>\u201cDulce como el ajenjo\u201d.<\/em> Recibi\u00f3 tambi\u00e9n, en el mismo a\u00f1o, el Premio del Club de los Novelistas de la Asociaci\u00f3n de los Escritores de Bucarest. Sus obras han sido traducidas al franc\u00e9s y al portugu\u00e9s. Traducci\u00f3n al espa\u00f1ol por Fabianni Belemuski. ISBN: 978-84-615-0936-2.<\/p>\n<\/blockquote>\n<p style=\"text-align: justify;\">El libro ser\u00e1 presentado al p\u00fablico por el cr\u00edtico <strong>Dan Caragea<\/strong> y el propio autor tendr\u00e1 una breve intervenci\u00f3n. La fotograf\u00eda de la portada es una obra del fot\u00f3grafo <strong>Bogdan Ater.<\/strong><\/p>\n<blockquote style=\"text-align: justify;\">\n<p class=\"bch4dcbow065stdpy\"><a href=\"http:\/\/niramarteditorial.espacioniram.com\/libros\/maranatha\/\" target=\"_blank\" rel=\"noopener\"><strong>\u201cMaranatha\u201d<\/strong><\/a> es un volumen de ensayos sobre tres de los libros del Antiguo Testamento  (El Cantar de los Cantares, El Eclesiast\u00e9s y Job), firmado por los escritores <strong>Fabianni Belemuski, Diego Vadillo L\u00f3pez<\/strong> y <strong>H\u00e9ctor Mart\u00ednez Sanz<\/strong>. La portada del libro es una obra del gran pintor israel\u00ed <strong>Baruch Elron<\/strong>. ISBN: 978-84-615-0935-5.<\/p>\n<p class=\"bch4dcbow065stdpy\">&nbsp;<\/p>\n<p class=\"bch4dcbow065stdpy\"><strong>Fabianni Belemuski<\/strong>, licenciado en Periodismo, M\u00e1ster en Estudios Avanzados en Filosof\u00eda por la Universidad Complutense de Madrid,  es escritor, traductor, periodista, autor de art\u00edculos, reportajes, entrevistas y cr\u00edticas literarias y art\u00edsticas en la prensa. Es autor del libro <em>\u201cDiario del Capit\u00e1n Nwo S\u00e9kke y otros cuentos\u201d<\/em> (Ed. Niram Art 2010), traductor de los libros <em>\u201cLos Securistas fueron Extraterrestres\u201d<\/em> y \u201c<em>El Agujero\u201d<\/em> (Ed. Niram Art 2011). Ha recibido el premio MAC (Movimiento Arte Contempor\u00e1neo\u2014Lisboa) \u201cPeriodismo Cultural 2010\u201d.<\/p>\n<p style=\"text-align: justify;\">\n<\/blockquote>\n<p style=\"text-align: justify;\">\n<p style=\"text-align: justify;\"><strong>Diego Vadillo L\u00f3pez<\/strong>, madrile\u00f1o de nacimiento, es profesor de Lengua Castellana y Literatura y autor de dos novelas, con los t\u00edtulos \u201c<em>Voz arrojada al vac\u00edo\u201d<\/em> (2005) y <em>\u201cUtop\u00eda y Astigmatismo\u201d<\/em> (2007), del poemario \u201c<em>Burladeros de Hojaldre\u201d<\/em> (2010) y del ensayo <em>\u201cG\u00f3mez de la Serna era trotskista\u201d<\/em> (2011), publicado por Niram Art Editorial. Tambi\u00e9n es autor de varios art\u00edculos y cr\u00f3nicas en diversas publicaciones.<\/p>\n<p style=\"text-align: justify;\">\n<p style=\"text-align: justify;\"><strong>H\u00e9ctor Mart\u00ednez Sanz<\/strong> es licenciado en Filosof\u00eda y Letras por la Universidad Complutense de Madrid y Diplomado en Literatura por la Sociedad Cervantina de Madrid. Profesor titular de Filosof\u00eda, Lengua y Literatura en Madrid, es autor de: <em>\u201cComentarios a Unamuno y a aqu\u00e9llos que quisieron ser como dioses\u201d<\/em> (Ed. Ant\u00edgona, 2006), <em>\u201cPor un horizonte de niebla\u201d<\/em> en la colectiva de poes\u00eda \u201cCon versos, fragmentos de una antolog\u00eda futura\u201d (Ed. Ant\u00edgona, 2006), el recopilatorio po\u00e9tico <em>\u201cAntolog\u00eda digital\u201d <\/em>(Retrato Literario, 2009) y \u201cPent\u00e1gono\u201d (Ed. Niram Art 2010). Es director fundador de la revista de arte y ensayo <em>Madrid en Marco<\/em>. Ha sido galardonado con el premio \u201cAmicus Rumaniae\u201d ICR Madrid marzo 2010, premio \u201cNiram Art 2010\u2014Manuscrito\u201d mayo 2010, premio MAC (Movimiento Arte Contempor\u00e1neo\u2014Lisboa) \u201cCr\u00edtica de Arte 2010\u201d. y premio \u201cTrofeo de las Celebridades Espa\u00f1a 2010\u201d.<\/p>\n<p style=\"text-align: justify;\">\n<blockquote style=\"text-align: justify;\">\n<p class=\"bch4dcbow065stdpy\"><a href=\"http:\/\/niramarteditorial.espacioniram.com\/libros\/diego-vadillo-lopez\/lirismos-de-lo-horizontal\/\" target=\"_blank\" rel=\"noopener\"><strong>\u201cLirismos de lo horizontal\u201d<\/strong><\/a> es el t\u00edtulo del volumen de ensayos de <strong>Diego Vadillo L\u00f3pez<\/strong> en torno a la obra del poeta <strong>Carlos Edmundo de Ory<\/strong>. La portada es una obra de la fot\u00f3grafa madrile\u00f1a<strong> Saga<\/strong>. ISBN: 978-84-615-0931-7.<\/p>\n<p class=\"bch4dcbow065stdpy\">\n<p class=\"bch4dcbow065stdpy\">&nbsp;<\/p>\n<p class=\"bch4dcbow065stdpy\">&nbsp;<\/p>\n<p class=\"bch4dcbow065stdpy\">&nbsp;<\/p>\n<p class=\"bch4dcbow065stdpy\">&nbsp;<\/p>\n<p class=\"bch4dcbow065stdpy\">&nbsp;<\/p>\n<p class=\"bch4dcbow065stdpy\">&nbsp;<\/p>\n<p class=\"bch4dcbow065stdpy\">&nbsp;<\/p>\n<p class=\"bch4dcbow065stdpy\">&nbsp;<\/p>\n<p class=\"bch4dcbow065stdpy\"><a href=\"http:\/\/niramarteditorial.espacioniram.com\/libros\/fabianni-belemuski\/deconstruccion\/\" target=\"_blank\" rel=\"noopener\"><strong>&nbsp;<\/strong><\/a><\/p>\n<p class=\"bch4dcbow065stdpy\">&nbsp;<\/p>\n<p class=\"bch4dcbow065stdpy\">&nbsp;<\/p>\n<p class=\"bch4dcbow065stdpy\"><a href=\"http:\/\/niramarteditorial.espacioniram.com\/libros\/fabianni-belemuski\/deconstruccion\/\" target=\"_blank\" rel=\"noopener\"><strong>\u201cDeconstrucci\u00f3n\u201d<\/strong><\/a> es un libro de ensayos firmado por <strong>Fabianni Belemuski.<\/strong> La portada pertenece a la artista pl\u00e1stica <strong>Liv Peicanni<\/strong>. ISBN: 978-84-615-0934-8.<\/p>\n<\/blockquote>\n<p style=\"text-align: justify;\">Los libros y sus autores ser\u00e1n presentados por <strong>D\u00e9bora Ragel Gal\u00e1n<\/strong> y <strong>Wendy Jaclyn Moriel Maldonado<\/strong>. El evento cuenta con varias intervenciones musicales.<\/p>\n<p class=\"bch4dcbow065stdpy\">&nbsp;<\/p>\n<p class=\"bch4dcbow065stdpy\"><strong>Niram Art Editorial<\/strong><\/p>\n<p class=\"bch4dcbow065stdpy\"><strong><a href=\"http:\/\/niramarteditorial.espacioniram.com\/\" target=\"_blank\" rel=\"noopener\">http:\/\/niramarteditorial.espacioniram.com<\/a><\/strong><\/p>\n<\/div>\n<div class=\"meta-pullout meta-left-pullout\">\n<ul>\n<li class=\"fix\"><span class=\"category\"><span class=\"icon\">&nbsp;<\/span> <a href=\"https:\/\/niramart.com\/revista-magazine\/category\/s5-articulos\/c55-no-5-6-2011\/\" rel=\"category tag\">N\u00ba 5- 6, 2011<\/a>, <a href=\"https:\/\/niramart.com\/revista-magazine\/category\/c38-noticias-revista\/\" rel=\"category tag\">Noticias<\/a><\/span><\/li>\n<\/ul>\n<\/div>\n<\/div>\n<footer class=\"post-footer postdata fix\"><\/footer>\n<section id=\"comments\"><\/section>\n<\/article>\n<nav class=\"post-nav fix\">\n<table>\n<tr>\n<td class=\"previous\"><a href=\"https:\/\/niramart.com\/revista-magazine\/niram-art-galardonada-en-lisboa\/\" rel=\"prev\"><span class=\"icon\">&nbsp;<\/span> Niram Art galardonada en Lisboa<\/a><\/td>\n<td class=\"next\"><a href=\"https:\/\/niramart.com\/revista-magazine\" rel=\"next\"><span class=\"icon\">&nbsp;<\/span> Premios Niram Art 2011<\/a><\/td>\n<\/tr>\n<\/table>\n<\/nav>\n<\/div>\n<\/div>\n","protected":false,"raw":""},"excerpt":{"rendered":"<p>Nuevos Lanzamientos Niram Art Editorial Sep 092011 &nbsp;&nbsp; &nbsp; [&hellip;]<\/p>\n","protected":false},"author":0,"featured_media":0,"parent":0,"menu_order":0,"comment_status":"closed","ping_status":"closed","template":"","meta":{"footnotes":""},"class_list":["post-186","page","type-page","status-publish","hentry"],"yoast_head":"<!-- This site is optimized with the Yoast SEO plugin v27.4 - https:\/\/yoast.com\/product\/yoast-seo-wordpress\/ -->\n<title>Nuevos Lanzamientos Niram Art Editorial \u00bb Niram Art Magazine<\/title>\n<meta name=\"robots\" content=\"index, follow, max-snippet:-1, max-image-preview:large, max-video-preview:-1\" \/>\n<link rel=\"canonical\" href=\"https:\/\/niramart.com\/revista-magazine\/nuevos-lanzamientos-niram-art-editorial\/\" \/>\n<meta property=\"og:type\" content=\"article\" \/>\n<meta property=\"og:title\" content=\"Nuevos Lanzamientos Niram Art Editorial \u00bb Niram Art Magazine\" \/>\n<meta property=\"og:description\" content=\"Nuevos Lanzamientos Niram Art Editorial Sep 092011 &nbsp;&nbsp; &nbsp; [&hellip;]\" \/>\n<meta property=\"og:url\" content=\"https:\/\/niramart.com\/revista-magazine\/nuevos-lanzamientos-niram-art-editorial\/\" \/>\n<meta property=\"og:site_name\" content=\"Niram Art Magazine\" \/>\n<meta name=\"twitter:card\" content=\"summary_large_image\" \/>\n<meta name=\"twitter:label1\" content=\"Est. reading time\" \/>\n\t<meta name=\"twitter:data1\" content=\"4 minutes\" \/>\n<!-- \/ Yoast SEO plugin. -->","yoast_head_json":{"title":"Nuevos Lanzamientos Niram Art Editorial \u00bb Niram Art Magazine","robots":{"index":"index","follow":"follow","max-snippet":"max-snippet:-1","max-image-preview":"max-image-preview:large","max-video-preview":"max-video-preview:-1"},"canonical":"https:\/\/niramart.com\/revista-magazine\/nuevos-lanzamientos-niram-art-editorial\/","og_type":"article","og_title":"Nuevos Lanzamientos Niram Art Editorial \u00bb Niram Art Magazine","og_description":"Nuevos Lanzamientos Niram Art Editorial Sep 092011 &nbsp;&nbsp; &nbsp; [&hellip;]","og_url":"https:\/\/niramart.com\/revista-magazine\/nuevos-lanzamientos-niram-art-editorial\/","og_site_name":"Niram Art Magazine","twitter_card":"summary_large_image","twitter_misc":{"Est. reading time":"4 minutes"}},"_links":{"self":[{"href":"https:\/\/niramart.com\/revista-magazine\/wp-json\/wp\/v2\/pages\/186","targetHints":{"allow":["GET"]}}],"collection":[{"href":"https:\/\/niramart.com\/revista-magazine\/wp-json\/wp\/v2\/pages"}],"about":[{"href":"https:\/\/niramart.com\/revista-magazine\/wp-json\/wp\/v2\/types\/page"}],"replies":[{"embeddable":true,"href":"https:\/\/niramart.com\/revista-magazine\/wp-json\/wp\/v2\/comments?post=186"}],"version-history":[{"count":0,"href":"https:\/\/niramart.com\/revista-magazine\/wp-json\/wp\/v2\/pages\/186\/revisions"}],"wp:attachment":[{"href":"https:\/\/niramart.com\/revista-magazine\/wp-json\/wp\/v2\/media?parent=186"}],"curies":[{"name":"wp","href":"https:\/\/api.w.org\/{rel}","templated":true}]}}