{"id":185,"date":"2024-04-01T07:40:58","date_gmt":"2024-04-01T07:40:58","guid":{"rendered":"https:\/\/niramart.com\/revista-magazine\/noi-lansari-de-carte-academica-romaneasca-la-univ-complutense-din-madrid\/"},"modified":"2024-04-01T07:40:58","modified_gmt":"2024-04-01T07:40:58","slug":"noi-lansari-de-carte-academica-romaneasca-la-univ-complutense-din-madrid","status":"publish","type":"page","link":"https:\/\/niramart.com\/revista-magazine\/noi-lansari-de-carte-academica-romaneasca-la-univ-complutense-din-madrid\/","title":{"rendered":"Noi lansari de carte academica romaneasca la Univ. Complutense din Madrid"},"content":{"rendered":"<div id=\"main-col\">\n<div id=\"content\">\n<article class=\"post-1332 post type-post status-publish format-standard hentry category-c42-articulos-romana tag-carmen-cozma tag-fabianni-belemuski tag-ion-pohoata tag-jose-noguera-santaella tag-livia-durac tag-miguel-angel-galan-segovia tag-niram-art tag-petru-bejan tag-universidad-complutense-de-madrid category-16-id full-content meta-position-left-pullout fix\" id=\"post-1332\">\n<header class=\"post-header title-container fix\">\n<div class=\"title\">\n<h1 class=\"posttitle\"><a href=\"https:\/\/niramart.com\/revista-magazine\/noi-lansari-de-carte-academica-romaneasca-la-univ-complutense-din-madrid\/\" class=\"entry-title\" rel=\"bookmark\" title=\"Noi lansari de carte academica romaneasca la Univ. Complutense din Madrid\">Noi lansari de carte academica romaneasca la Univ. Complutense din Madrid<\/a><\/h1>\n<\/div>\n<div class=\"date\"><span class=\"month\">Mar<\/span> <span class=\"day\">28<\/span><span class=\"year\">2015<\/span><\/div>\n<\/header>\n<p> <span class=\"post-format-icon\">&nbsp;<\/span><span class=\"updated\" title=\"2015-03-28T01:37:01+00:00\">&nbsp;<\/span><\/p>\n<div class=\"entry-container fix\">\n<div class=\"entry fix\">\n<p class=\"bch4dcbow065stdpy\"><strong>Joi, 26 martie 2015, a avut loc la Madrid a treia intalnire din cadrul programului editorial <a href=\"http:\/\/niramarteditorial.espacioniram.com\/category\/titulos-editorial-niram-art\/libros-academicos\/\">Vida Universitaria<\/a>, proiect initiat de editura Niram Art in colaborare cu Universitatea Complutense din Madrid, aceasta editie desfasurandu-se si cu participarea Universitatii Santiago de Chile. Evenimentul a avut loc la Facultatea de Stiinte ale Informatiei (Universitatea Complutense de Madrid), in prezenta mai multor profesori universitari si studenti din Romania, Spania si Chile.<\/strong><\/p>\n<div style=\"width: 323px\" class=\"wp-caption alignleft\"><a href=\"https:\/\/niramart.com\/revista-magazine\/files\/2015\/03\/vicedecano-josc3a9-ignacio-poblacic3b3n-bernardo-vicedecano-web1.jpg\"><img loading=\"lazy\" decoding=\"async\" class=\"\" src=\"https:\/\/niramart.com\/revista-magazine\/files\/2015\/03\/vicedecano-josc3a9-ignacio-poblacic3b3n-bernardo-vicedecano-web1.jpg\" alt=\"\" width=\"313\" height=\"305\"\/><\/a><\/p>\n<p class=\"wp-caption-text\">Vicedecanul Fac. de Stiinte ale Informatiei, Jos\u00e9 Ignacio Poblaci\u00f3n Bernardo, Univ. Complutense<\/p>\n<\/div>\n<p class=\"bch4dcbow065stdpy\">Au fost prezentate ultimele aparitii de carte academica ale editurii <strong>Niram Art<\/strong>: in domeniul criticii de arta, volumul <strong><a href=\"http:\/\/niramarteditorial.espacioniram.com\/El%20ocaso%20de%20lo%20bello%20%E2%80%93%20Petru%20Bejan\"><em>El ocaso de lo bello<\/em><\/a>,  <\/strong>al criticului <a href=\"http:\/\/niramarteditorial.espacioniram.com\/autores\/niramarteditorial.espacioniram.com\/autores\/petru-bejan\/\"><strong>Petru Bejan<\/strong><\/a>, directorul Departamentului de Filosofie din cadrul Univ. Al.I. Cuza Iasi; in domeniul sociologiei, <strong><em><a href=\"http:\/\/niramarteditorial.espacioniram.com\/2015\/03\/corrientes-de-pensamiento-durac\/\">Corrientes de pensamiento en la investigaci\u00f3n psicosociol\u00f3gica y jur\u00eddica<\/a>, <\/em><\/strong>de <a href=\"http:\/\/niramarteditorial.espacioniram.com\/autores\/livia-durac\/\"><strong>Livia Durac<\/strong><\/a>, profesor universitar doctor \u00een cadrul Univ. Petre Andrei, Facultatea de Psihologie, Iasi si doua volume de stiinte economice, <strong><a title=\"El capitalismo. Itinerarios econ\u00f3micos \u2013 Ion Pohoata\" href=\"http:\/\/niramarteditorial.espacioniram.com\/2015\/03\/el-capitalismo-itinerarios-economicos-ion-pohoata\/\" target=\"_blank\" rel=\"noopener\"><em>El capitalismo, itinerarios econ\u00f3micos<\/em><\/a>, <\/strong>de <strong><a title=\"Ion Pohoata\" href=\"http:\/\/niramarteditorial.espacioniram.com\/autores\/ion-pohoata\/\" target=\"_blank\" rel=\"noopener\">Ion Pohoata<\/a><\/strong>, profesor de economie la Universitatea Al.I. Cuza si <strong><a href=\"http:\/\/niramarteditorial.espacioniram.com\/2015\/03\/las-primeras-ideas-economicas-y-su-contexto-jose-noguera-santaella\/\" target=\"_blank\" rel=\"noopener\"><em>Las primeras ideas econ\u00f3micas y su contexto<\/em><\/a>, <\/strong>de <strong><a href=\"http:\/\/niramarteditorial.espacioniram.com\/autores\/niramarteditorial.espacioniram.com\/autores\/jose-noguera-santaella\/\" target=\"_blank\" rel=\"noopener\">Jos\u00e9 Noguera Santaella<\/a><\/strong>, de la Universitatea Santiago de Chile. In cadrul aceluiasi proiect, este de mentionat  aparitia in limba spaniola a amplului studiu despre filosofia lui Lucian Blaga, realizat de prof. <a href=\"http:\/\/niramarteditorial.espacioniram.com\/2015\/03\/lucian-blaga-el-filosofar-bajo-la-especie-del-misterio-carmen-cozma\/\"><strong>Carmen Cozma<\/strong> <\/a>de la Univ. Al. I.Cuza: <em><strong><a title=\"Lucian Blaga, El filosofar bajo la especie del misterio \u2013 Carmen Cozma\" href=\"http:\/\/niramarteditorial.espacioniram.com\/2015\/03\/lucian-blaga-el-filosofar-bajo-la-especie-del-misterio-carmen-cozma\/\" rel=\"bookmark\">Lucian Blaga, El filosofar bajo la especie del misterio.<\/a><\/strong><\/em><\/p>\n<p class=\"bch4dcbow065stdpy\">Evenimentul a fost deschis de vicedecanul Facultatii de Stiinte ale Informatiei,<strong> Jos\u00e9 Ignacio Poblaci\u00f3n Bernardo,<\/strong> care a subliniat necesitatea de a \u201cdescoperi alte idei, din alte parti ale lumii\u201d si moderat de <strong>Fabianni Belemuski<\/strong>, scriitor si jurnalist de origine romana.<\/p>\n<p class=\"bch4dcbow065stdpy\">Volumul de critica de arta semnat de <a href=\"http:\/\/niramarteditorial.espacioniram.com\/autores\/niramarteditorial.espacioniram.com\/autores\/petru-bejan\/\"><strong>Petru Bejan<\/strong><\/a> reuneste articole publicate \u00een presa culturala romaneasca de-a lungul anilor. In cuvintele autorului, \u201eele aduc \u00een aten\u021bie \u00eentamplari simpto\u00admatice pentru contextul artistic \u00een care ne situam, evidentiind speculatia filosofica de acompaniament, solicitata sa legitimeze experimente dintre cele mai curajoase. Cititorul va fi familiarizat cu tendintele notabile din campul artei: ajustari si transgresiuni estetice, strategii, pro\u00adgrame si proiecte artistice, personaje de referinta, institutii reprezentative.\u201d<\/p>\n<div style=\"width: 471px\" class=\"wp-caption aligncenter\"><a href=\"https:\/\/niramart.com\/revista-magazine\/files\/2015\/03\/petru-bejan-4-web.jpg\"><img loading=\"lazy\" decoding=\"async\" src=\"https:\/\/niramart.com\/revista-magazine\/files\/2015\/03\/petru-bejan-4-web.jpg\" alt=\"\" width=\"461\" height=\"726\"\/><\/a><\/p>\n<p class=\"wp-caption-text\">Petru Bejan<\/p>\n<\/div>\n<div style=\"width: 471px\" class=\"wp-caption aligncenter\"><a href=\"https:\/\/niramart.com\/revista-magazine\/files\/2015\/03\/petru-bejan-3-web.jpg\"><img loading=\"lazy\" decoding=\"async\" class=\"\" src=\"https:\/\/niramart.com\/revista-magazine\/files\/2015\/03\/petru-bejan-3-web.jpg\" alt=\"\" width=\"461\" height=\"377\"\/><\/a><\/p>\n<p class=\"wp-caption-text\">Petru Bejan<\/p>\n<\/div>\n<p class=\"bch4dcbow065stdpy\">Analistul de arta si scriitorul <strong>Diego Vadillo Lopez<\/strong> a rezumat principalele aspecte reliefate de criticul roman, facand referire la \u201cdematerializarea artei\u201d, \u201carta gazoasa\u201d si alte definitii ale artei contemporane, termeni adoptati in mod original de Bejan. Dezbaterea despre arta s-a terminat cu un mesaj cheie al profesorului roman: \u201carta nu mai cauta frumosul. Categoria estetica a devenit caduca. Arta vrea sa fie acum mai mult interesanta, inovatoare, inteligenta, conceptuala. Cine nu intelege asta, nu intelege ce se intampla, de fapt, astazi, in galerii si in muzee\u201d.<\/p>\n<div style=\"width: 472px\" class=\"wp-caption aligncenter\"><img loading=\"lazy\" decoding=\"async\" class=\"\" src=\"https:\/\/niramart.com\/revista-magazine\/files\/2015\/03\/petru-bejan-2-web1.jpg\" alt=\"\" width=\"462\" height=\"590\"\/><\/p>\n<p class=\"wp-caption-text\">Diego Vadillo Lopez, Petru Bejan<\/p>\n<\/div>\n<div style=\"width: 534px\" class=\"wp-caption aligncenter\"><a href=\"https:\/\/niramart.com\/revista-magazine\/files\/2015\/03\/petru-bejan-1-web.jpg\"><img loading=\"lazy\" decoding=\"async\" class=\"\" src=\"https:\/\/niramart.com\/revista-magazine\/files\/2015\/03\/petru-bejan-1-web.jpg\" alt=\"\" width=\"524\" height=\"399\"\/><\/a><\/p>\n<p class=\"wp-caption-text\">Diego Vadillo Lopez, Petru Bejan<\/p>\n<\/div>\n<p class=\"bch4dcbow065stdpy\">Prezentata de <strong>Victoria Sanchez Acero<\/strong>, studenta in cadrul facultatii de Stiinte ale Informatiei, profesoara <a href=\"http:\/\/niramarteditorial.espacioniram.com\/autores\/livia-durac\/\" target=\"_blank\" rel=\"noopener\"><strong>Livia Durac<\/strong><\/a>, membra a International Association of Women Philosophers sub patronajul UNESCO, a International Society of Intercommunication of New Ideas (ISINI) si autoare  a patru volume, a luat cuvantul explicand principalele trasaturi ale comportamentului nonverbal, asa cum reies din cartea sa recent publicata in spaniola,<strong><em><a href=\"http:\/\/niramarteditorial.espacioniram.com\/2015\/03\/corrientes-de-pensamiento-durac\/\" target=\"_blank\" rel=\"noopener\">Corrientes de pensamiento en la investigaci\u00f3n psicosociol\u00f3gica y jur\u00eddica<\/a>.<\/em><\/strong><\/p>\n<div style=\"width: 536px\" class=\"wp-caption aligncenter\"><a href=\"https:\/\/niramart.com\/revista-magazine\/files\/2015\/03\/belemuski-durac-2-web.jpg\"><img loading=\"lazy\" decoding=\"async\" class=\"\" src=\"https:\/\/niramart.com\/revista-magazine\/files\/2015\/03\/belemuski-durac-2-web.jpg\" alt=\"\" width=\"526\" height=\"536\"\/><\/a><\/p>\n<p class=\"wp-caption-text\">Fabianni Belemuski, Livia Durac<\/p>\n<\/div>\n<p class=\"bch4dcbow065stdpy\">&nbsp;<\/p>\n<div style=\"width: 536px\" class=\"wp-caption aligncenter\"><a href=\"https:\/\/niramart.com\/revista-magazine\/files\/2015\/03\/livia-durac-1-web.jpg\"><img loading=\"lazy\" decoding=\"async\" class=\"\" src=\"https:\/\/niramart.com\/revista-magazine\/files\/2015\/03\/livia-durac-1-web.jpg\" alt=\"\" width=\"526\" height=\"649\"\/><\/a><\/p>\n<p class=\"wp-caption-text\">Livia Durac<\/p>\n<\/div>\n<div style=\"width: 541px\" class=\"wp-caption aligncenter\"><a href=\"https:\/\/niramart.com\/revista-magazine\/files\/2015\/03\/belemuski-durac-1-web.jpg\"><img loading=\"lazy\" decoding=\"async\" class=\"\" src=\"https:\/\/niramart.com\/revista-magazine\/files\/2015\/03\/belemuski-durac-1-web.jpg\" alt=\"\" width=\"531\" height=\"359\"\/><\/a><\/p>\n<p class=\"wp-caption-text\">Fabianni Belemuski, Livia Durac<\/p>\n<\/div>\n<p class=\"bch4dcbow065stdpy\">O tema de mare actualitate, cea a capitalismului, a fost introdusa in discutie de catre profesoara<strong> Yanna Guttierez Franco<\/strong>, de la Departamentul de Economie Aplicata, care a dezbatut impreuna cu profesorul <a href=\"http:\/\/niramarteditorial.espacioniram.com\/autores\/ion-pohoata\/\" target=\"_blank\" rel=\"noopener\"><strong>Ion Pohoata<\/strong><\/a> ratiunile din spatele succesului capitalismului.<\/p>\n<div style=\"width: 550px\" class=\"wp-caption aligncenter\"><a href=\"https:\/\/niramart.com\/revista-magazine\/files\/2015\/03\/ion-pohoata-1-web.jpg\"><img loading=\"lazy\" decoding=\"async\" class=\"\" src=\"https:\/\/niramart.com\/revista-magazine\/files\/2015\/03\/ion-pohoata-1-web.jpg\" alt=\"\" width=\"540\" height=\"517\"\/><\/a><\/p>\n<p class=\"wp-caption-text\">Prezentare Ion Pohoata<\/p>\n<\/div>\n<p class=\"bch4dcbow065stdpy\">In opinia Prof. <a href=\"http:\/\/niramarteditorial.espacioniram.com\/autores\/ion-pohoata\/\" target=\"_blank\" rel=\"noopener\"><strong>Ion Pohoata<\/strong><\/a>, \u201ccapitalismul este, in ciuda defectelor sale, cel mai bun sistem creat de om\u201d. Atentia s-a centrat in mod special si pe cazul Romaniei, pe tranzitia de la comunism la capitalism din tara noastra.<\/p>\n<div style=\"width: 555px\" class=\"wp-caption aligncenter\"><a href=\"https:\/\/niramart.com\/revista-magazine\/files\/2015\/03\/ion-pohoata-3-web.jpg\"><img loading=\"lazy\" decoding=\"async\" src=\"https:\/\/niramart.com\/revista-magazine\/files\/2015\/03\/ion-pohoata-3-web.jpg\" alt=\"\" width=\"545\" height=\"661\"\/><\/a><\/p>\n<p class=\"wp-caption-text\">Yanna Maria Franco, Ion Pohoata<\/p>\n<\/div>\n<div style=\"width: 555px\" class=\"wp-caption aligncenter\"><a href=\"https:\/\/niramart.com\/revista-magazine\/files\/2015\/03\/ion-pohoata-2-web.jpg\"><img loading=\"lazy\" decoding=\"async\" class=\"\" src=\"https:\/\/niramart.com\/revista-magazine\/files\/2015\/03\/ion-pohoata-2-web.jpg\" alt=\"\" width=\"545\" height=\"393\"\/><\/a><\/p>\n<p class=\"wp-caption-text\">Ion Pohoata<\/p>\n<\/div>\n<p class=\"bch4dcbow065stdpy\">La dialogul academic spaniol-roman pe teme economice, s-a adaugat contributia profesorului <a href=\"http:\/\/niramarteditorial.espacioniram.com\/autores\/niramarteditorial.espacioniram.com\/autores\/jose-noguera-santaella\/\" target=\"_blank\" rel=\"noopener\"><strong>Jos\u00e9 Noguera Santaella<\/strong><\/a>, de la Universitatea Santiago de Chile, cercetator asociat al Centrului de Studii Latino-americane, care a prezentat o scurta istorie a ideilor economice.<\/p>\n<div style=\"width: 556px\" class=\"wp-caption aligncenter\"><img loading=\"lazy\" decoding=\"async\" class=\"\" src=\"https:\/\/niramart.com\/revista-magazine\/files\/2015\/03\/josc3a9-noguera-santaella-2-web.jpg\" alt=\"\" width=\"546\" height=\"407\"\/><\/p>\n<p class=\"wp-caption-text\">Jos\u00e9 Noguera Santaella, Fabianni Belemuski<\/p>\n<\/div>\n<p class=\"bch4dcbow065stdpy\">Directorul editurii <strong>Niram Art,<\/strong> colonelul Reales Tercios <strong>Miguel Angel Galan Segovia<\/strong>, a evidentiat, printr-un discurs inflacarat, extraordinara pregatire a profesorilor universitari romani, subliniind totodata faptul ca \u201edesi academice, este vorba de carti de cultura generala, de sinteze si introduceri in domeniu accesibile publicului tanar, curios si interesat\u201d.<\/p>\n<div style=\"width: 567px\" class=\"wp-caption aligncenter\"><a href=\"https:\/\/niramart.com\/revista-magazine\/files\/2015\/03\/miguel-c3a1ngel-galc3a1n-segovia-web.jpg\"><img loading=\"lazy\" decoding=\"async\" class=\"\" src=\"https:\/\/niramart.com\/revista-magazine\/files\/2015\/03\/miguel-c3a1ngel-galc3a1n-segovia-web.jpg\" alt=\"\" width=\"557\" height=\"771\"\/><\/a><\/p>\n<p class=\"wp-caption-text\">Miguel \u00c1ngel Gal\u00e1n Segovia, dir. Niram Art<\/p>\n<\/div>\n<p class=\"bch4dcbow065stdpy\">Urmatoarele editii ale proiectului <a href=\"http:\/\/niramarteditorial.espacioniram.com\/category\/titulos-editorial-niram-art\/libros-academicos\/\" target=\"_blank\" rel=\"noopener\"><strong>Vida Universitaria<\/strong><\/a> vor avea loc in lunile iunie si iulie 2015, in colaborare cu aceeasi universitate madrilena si cu contributii academice din Romania, Spania si America Latina.<\/p>\n<p class=\"bch4dcbow065stdpy\">&nbsp;<\/p>\n<\/div>\n<div class=\"meta-pullout meta-left-pullout\">\n<ul>\n<li class=\"fix\"><span class=\"category\"><span class=\"icon\">&nbsp;<\/span> <a href=\"https:\/\/niramart.com\/revista-magazine\/category\/s5-articulos\/c42-articulos-romana\/\" rel=\"category tag\">Articole in limba romana<\/a><\/span><\/li>\n<li class=\"fix\"><span class=\"tags tax\"><span class=\"icon\">&nbsp;<\/span>Tagged with: <a href=\"https:\/\/niramart.com\/revista-magazine\/tag\/carmen-cozma\/\" rel=\"tag\">Carmen Cozma<\/a>, <a href=\"https:\/\/niramart.com\/revista-magazine\/tag\/fabianni-belemuski\/\" rel=\"tag\">fabianni belemuski<\/a>, <a href=\"https:\/\/niramart.com\/revista-magazine\/tag\/ion-pohoata\/\" rel=\"tag\">Ion Pohoata<\/a>, <a href=\"https:\/\/niramart.com\/revista-magazine\/tag\/jose-noguera-santaella\/\" rel=\"tag\">Jos\u00e9 Noguera Santaella<\/a>, <a href=\"https:\/\/niramart.com\/revista-magazine\/tag\/livia-durac\/\" rel=\"tag\">Livia Durac<\/a>, <a href=\"https:\/\/niramart.com\/revista-magazine\/tag\/miguel-angel-galan-segovia\/\" rel=\"tag\">Miguel \u00c1ngel Gal\u00e1n Segovia<\/a>, <a href=\"https:\/\/niramart.com\/revista-magazine\/tag\/niram-art\/\" rel=\"tag\">niram art<\/a>, <a href=\"https:\/\/niramart.com\/revista-magazine\/tag\/petru-bejan\/\" rel=\"tag\">Petru Bejan<\/a>, <a href=\"https:\/\/niramart.com\/revista-magazine\/tag\/universidad-complutense-de-madrid\/\" rel=\"tag\">Universidad Complutense de Madrid.<\/a><\/span><\/li>\n<\/ul>\n<\/div>\n<\/div>\n<footer class=\"post-footer postdata fix\"> <\/footer>\n<section id=\"comments\"> <\/section>\n<\/article>\n<nav class=\"post-nav fix\">\n<table>\n<tr>\n<td class=\"previous\"><a href=\"https:\/\/niramart.com\/revista-magazine\/expozitie-de-grafica-eduard-rudolf-roth\/\" rel=\"prev\"><span class=\"icon\">&nbsp;<\/span> Expozitie de grafica Eduard Rudolf Roth<\/a><\/td>\n<td class=\"next\"><a href=\"https:\/\/niramart.com\/revista-magazine\/craciun-frumos-si-fire-de-lumina-de-valentina-alexa\/\" rel=\"next\"><span class=\"icon\">&nbsp;<\/span> Cr\u0103ciun frumos \u0219i fire de Lumin\u0103 de Valentina Alexa<\/a><\/td>\n<\/tr>\n<\/table>\n<\/nav>\n<\/div>\n<\/div>\n","protected":false,"raw":""},"excerpt":{"rendered":"<p>Noi lansari de carte academica romaneasca la Univ. Complutense [&hellip;]<\/p>\n","protected":false},"author":0,"featured_media":0,"parent":0,"menu_order":0,"comment_status":"closed","ping_status":"closed","template":"","meta":{"footnotes":""},"class_list":["post-185","page","type-page","status-publish","hentry"],"yoast_head":"<!-- This site is optimized with the Yoast SEO plugin v27.4 - https:\/\/yoast.com\/product\/yoast-seo-wordpress\/ -->\n<title>Noi lansari de carte academica romaneasca la Univ. Complutense din Madrid \u00bb Niram Art Magazine<\/title>\n<meta name=\"robots\" content=\"index, follow, max-snippet:-1, max-image-preview:large, max-video-preview:-1\" \/>\n<link rel=\"canonical\" href=\"https:\/\/niramart.com\/revista-magazine\/noi-lansari-de-carte-academica-romaneasca-la-univ-complutense-din-madrid\/\" \/>\n<meta property=\"og:type\" content=\"article\" \/>\n<meta property=\"og:title\" content=\"Noi lansari de carte academica romaneasca la Univ. Complutense din Madrid \u00bb Niram Art Magazine\" \/>\n<meta property=\"og:description\" content=\"Noi lansari de carte academica romaneasca la Univ. Complutense [&hellip;]\" \/>\n<meta property=\"og:url\" content=\"https:\/\/niramart.com\/revista-magazine\/noi-lansari-de-carte-academica-romaneasca-la-univ-complutense-din-madrid\/\" \/>\n<meta property=\"og:site_name\" content=\"Niram Art Magazine\" \/>\n<meta name=\"twitter:card\" content=\"summary_large_image\" \/>\n<meta name=\"twitter:label1\" content=\"Est. reading time\" \/>\n\t<meta name=\"twitter:data1\" content=\"4 minutes\" \/>\n<!-- \/ Yoast SEO plugin. -->","yoast_head_json":{"title":"Noi lansari de carte academica romaneasca la Univ. Complutense din Madrid \u00bb Niram Art Magazine","robots":{"index":"index","follow":"follow","max-snippet":"max-snippet:-1","max-image-preview":"max-image-preview:large","max-video-preview":"max-video-preview:-1"},"canonical":"https:\/\/niramart.com\/revista-magazine\/noi-lansari-de-carte-academica-romaneasca-la-univ-complutense-din-madrid\/","og_type":"article","og_title":"Noi lansari de carte academica romaneasca la Univ. Complutense din Madrid \u00bb Niram Art Magazine","og_description":"Noi lansari de carte academica romaneasca la Univ. Complutense [&hellip;]","og_url":"https:\/\/niramart.com\/revista-magazine\/noi-lansari-de-carte-academica-romaneasca-la-univ-complutense-din-madrid\/","og_site_name":"Niram Art Magazine","twitter_card":"summary_large_image","twitter_misc":{"Est. reading time":"4 minutes"}},"_links":{"self":[{"href":"https:\/\/niramart.com\/revista-magazine\/wp-json\/wp\/v2\/pages\/185","targetHints":{"allow":["GET"]}}],"collection":[{"href":"https:\/\/niramart.com\/revista-magazine\/wp-json\/wp\/v2\/pages"}],"about":[{"href":"https:\/\/niramart.com\/revista-magazine\/wp-json\/wp\/v2\/types\/page"}],"replies":[{"embeddable":true,"href":"https:\/\/niramart.com\/revista-magazine\/wp-json\/wp\/v2\/comments?post=185"}],"version-history":[{"count":0,"href":"https:\/\/niramart.com\/revista-magazine\/wp-json\/wp\/v2\/pages\/185\/revisions"}],"wp:attachment":[{"href":"https:\/\/niramart.com\/revista-magazine\/wp-json\/wp\/v2\/media?parent=185"}],"curies":[{"name":"wp","href":"https:\/\/api.w.org\/{rel}","templated":true}]}}