{"id":184,"date":"2024-04-01T07:40:58","date_gmt":"2024-04-01T07:40:58","guid":{"rendered":"https:\/\/niramart.com\/revista-magazine\/niram-art-galardonada-en-lisboa\/"},"modified":"2024-04-01T07:40:58","modified_gmt":"2024-04-01T07:40:58","slug":"niram-art-galardonada-en-lisboa","status":"publish","type":"page","link":"https:\/\/niramart.com\/revista-magazine\/niram-art-galardonada-en-lisboa\/","title":{"rendered":"Niram Art galardonada en Lisboa"},"content":{"rendered":"<div id=\"main-col\">\n<div id=\"content\">\n<article class=\"post-204 post type-post status-publish format-standard hentry category-c39-articulos-espanol category-c55-no-5-6-2011 category-c38-noticias-revista tag-eva-defeses tag-fabianni-belemuski tag-hector-martinez-sanz tag-mac tag-niram-art tag-premio tag-romeo-niram category-18-id category-27-id category-32-id full-content meta-position-left-pullout fix\" id=\"post-204\">\n<header class=\"post-header title-container fix\">\n<div class=\"title\">\n<h1 class=\"posttitle\"><a href=\"https:\/\/niramart.com\/revista-magazine\/niram-art-galardonada-en-lisboa\/\" class=\"entry-title\" rel=\"bookmark\" title=\"Niram Art galardonada en Lisboa\">Niram Art galardonada en Lisboa<\/a><\/h1>\n<\/div>\n<div class=\"date\"><span class=\"month\">Sep<\/span> <span class=\"day\">09<\/span><span class=\"year\">2011<\/span><\/div>\n<\/header>\n<p> <span class=\"post-format-icon\">&nbsp;<\/span><span class=\"updated\" title=\"2011-09-09T12:03:21+00:00\">&nbsp;<\/span><\/p>\n<div class=\"entry-container fix\">\n<div class=\"entry fix\">\n<p class=\"bch4dcbow065stdpy\">Martes, el 28 de Junio del 2011, tuvo lugar en Lisboa la Entrega de los <strong><a href=\"http:\/\/www.movimentoartecontemporanea.com\/mac\/premios\/22\/\">PREMIOS MAC<\/a><\/strong> <strong>2011<\/strong> que marcan el 17\u00ba Aniversario del MAC \u2013 Lisboa (Movimiento Arte Contempor\u00e1neo).<\/p>\n<p class=\"MsoNormal\" style=\"text-align: justify;\"><span class=\"hps\"><span lang=\"PT\">Institu\u00eddos por primera vez<\/span><\/span><span lang=\"PT\"> <span title=\"Haz clic para obtener otras posibles traducciones\"><span class=\"hps\">en 1997<\/span><\/span><span title=\"Haz clic para obtener otras posibles traducciones\">,<\/span> <span title=\"Haz clic para obtener otras posibles traducciones\"><span class=\"hps\">los premios<\/span><\/span> <span title=\"Haz clic para obtener otras posibles traducciones\"><span class=\"hps\">tienen como objectivo estrechar los lazos entre<\/span><\/span> <span title=\"Haz clic para obtener otras posibles traducciones\"><span class=\"hps\">los diversos agentes y pr\u00e1cticas art\u00edsticas<\/span><\/span><span title=\"Haz clic para obtener otras posibles traducciones\">, representaciones, expresiones<\/span><span title=\"Haz clic para obtener otras posibles traducciones\">, conocimientos y habilidades<\/span> <span title=\"Haz clic para obtener otras posibles traducciones\"><span class=\"hps\">\u2013<\/span> <span title=\"Haz clic para obtener otras posibles traducciones\"><span class=\"hps\">y los espacios<\/span><\/span> <span title=\"Haz clic para obtener otras posibles traducciones\"><span class=\"hps\">asociados a ellas<\/span><\/span> <span title=\"Haz clic para obtener otras posibles traducciones\"><span class=\"hps\">&#8211;<\/span><\/span> <span title=\"Haz clic para obtener otras posibles traducciones\"><span class=\"hps\">las instituciones<\/span><\/span><span title=\"Haz clic para obtener otras posibles traducciones\">,<\/span> <span title=\"Haz clic para obtener otras posibles traducciones\"><span class=\"hps\">los medios de comunicaci\u00f3n<\/span><\/span><span title=\"Haz clic para obtener otras posibles traducciones\">,<\/span> <span title=\"Haz clic para obtener otras posibles traducciones\"><span class=\"hps\">grupos o individuos que<\/span><\/span> <span title=\"Haz clic para obtener otras posibles traducciones\"><span class=\"hps\">a lo largo de<\/span><\/span> <span title=\"Haz clic para obtener otras posibles traducciones\"><span class=\"hps\">cada a\u00f1o<\/span><\/span> <span title=\"Haz clic para obtener otras posibles traducciones\"><span class=\"hps\">participan m\u00e1s activamente en<\/span><\/span> <span title=\"Haz clic para obtener otras posibles traducciones\"><span class=\"hps\">la producci\u00f3n, promoci\u00f3n<\/span><\/span> <span title=\"Haz clic para obtener otras posibles traducciones\"><span class=\"hps\">y difusi\u00f3n cultural<\/span><\/span><span title=\"Haz clic para obtener otras posibles traducciones\">, el enriquecimiento del<\/span> <span title=\"Haz clic para obtener otras posibles traducciones\"><span class=\"hps\">panorama art\u00edstico<\/span><\/span> <span title=\"Haz clic para obtener otras posibles traducciones\"><span class=\"hps\">nacional e internacional.<\/span><\/span><\/span><\/span><\/p>\n<p class=\"MsoNormal\" style=\"text-align: justify;\"><span lang=\"PT\"><span class=\"hps\"><span title=\"Haz clic para obtener otras posibles traducciones\">Desde entonces,<\/span><\/span> <span title=\"Haz clic para obtener otras posibles traducciones\"><span class=\"hps\">los premios<\/span><\/span> <span title=\"Haz clic para obtener otras posibles traducciones\"><span class=\"hps\">comenzaron a aparecer anualmente, materializados en trofeos concebidos por los nombres m\u00e1s famosos<\/span><\/span> <span title=\"Haz clic para obtener otras posibles traducciones\"><span class=\"hps\">de<\/span><\/span> <span title=\"Haz clic para obtener otras posibles traducciones\"><span class=\"hps\">Portugal<\/span> en<\/span> <span title=\"Haz clic para obtener otras posibles traducciones\"><span class=\"hps\">escultura y<\/span><\/span> <span title=\"Haz clic para obtener otras posibles traducciones\"><span class=\"hps\">medallas<\/span><\/span> <span title=\"Haz clic para obtener otras posibles traducciones\"><span class=\"hps\">&#8211;<\/span><\/span> <span title=\"Haz clic para obtener otras posibles traducciones\"><a href=\"http:\/\/www.movimentoartecontemporanea.com\/artistas\/62\/\">Jo\u00e3o Duarte<\/a>, <a href=\"http:\/\/www.movimentoartecontemporanea.com\/artistas\/3\/\">Alberto Gordillo<\/a> y <a href=\"http:\/\/www.movimentoartecontemporanea.com\/artistas\/14\/\">Maria Manuela Madureira<\/a>.<\/span><\/span><\/p>\n<p class=\"MsoNormal\" style=\"text-align: justify;\"><span lang=\"PT\"><span class=\"hps\"><span title=\"Haz clic para obtener otras posibles traducciones\">Este a\u00f1o,<\/span><\/span> <span title=\"Haz clic para obtener otras posibles traducciones\"><span class=\"hps\">la tarea<\/span><\/span> <span title=\"Haz clic para obtener otras posibles traducciones\"><span class=\"hps\">fue encomendada<\/span><\/span> <span title=\"Haz clic para obtener otras posibles traducciones\"><span class=\"hps\">al escultor<\/span><\/span> <span title=\"Haz clic para obtener otras posibles traducciones\"><span class=\"hps\"><strong>Santos<\/strong><\/span><\/span><strong> <span class=\"hps\"><span title=\"Haz clic para obtener otras posibles traducciones\">Lopes<\/span><\/span><\/strong><span title=\"Haz clic para obtener otras posibles traducciones\">, quien produjo<\/span> <span title=\"Haz clic para obtener otras posibles traducciones\"><span class=\"hps\">una obra<\/span><\/span> <span title=\"Haz clic para obtener otras posibles traducciones\"><span class=\"hps\">rica en simbolismo<\/span><\/span> <span title=\"Haz clic para obtener otras posibles traducciones\"><span class=\"hps\">que plantea<\/span><\/span> <span title=\"Haz clic para obtener otras posibles traducciones\"><span class=\"hps\">los principios<\/span><\/span> <span title=\"Haz clic para obtener otras posibles traducciones\"><span class=\"hps\">de la fundaci\u00f3n<\/span><\/span> <span title=\"Haz clic para obtener otras posibles traducciones\"><span class=\"hps\">de los premios<\/span><\/span> <span title=\"Haz clic para obtener otras posibles traducciones\"><span class=\"hps\">MAC<\/span><\/span><span title=\"Haz clic para obtener otras posibles traducciones\">:<\/span> <span title=\"Haz clic para obtener otras posibles traducciones\"><span class=\"hps\">recompensar a<\/span><\/span> <span title=\"Haz clic para obtener otras posibles traducciones\"><span class=\"hps\">la exenci\u00f3n<\/span><\/span> <span title=\"Haz clic para obtener otras posibles traducciones\"><span class=\"hps\">y la calidad<\/span><\/span><span title=\"Haz clic para obtener otras posibles traducciones\">.<\/span><\/span><\/p>\n<p class=\"MsoNormal\" style=\"text-align: justify;\"><span lang=\"PT\"><span title=\"Haz clic para obtener otras posibles traducciones\"><strong>Reportaje fotogr\u00e1fico: Radu Darolti<\/strong><\/span><\/span><\/p>\n<p class=\"MsoNormal\" style=\"text-align: justify;\">Los premiados MAC 2011 son: <strong>Fabianni Belemuski<\/strong> para la Revista <strong><a href=\"http:\/\/niramart.espacioniram.com\/\">Niram Art<\/a><\/strong> (Prensa), <strong>Eva Defeses<\/strong> (Divulgaci\u00f3n Cultural, <a href=\"http:\/\/defesesfinearts.com\/\">Defeses Fine Arts PR Agency<\/a>),<strong>Joao Paulo Sacadura<\/strong> (Periodista Cultural Televisi\u00f3n TVI), <a href=\"http:\/\/www.tvi24.iol.pt\/sociedade\/cartaz-das-artes-premios-tvi-joao-paulo-sacadura\/1263547-4071.html\">\u201cCartaz das artes\u201d<\/a> (Programa Cultural, TVI), <strong>Teresa Mendon\u00e7a<\/strong> (Premio Hilario Teixeira Lopes), <strong>Luisa Noguiera<\/strong> (Pintura), <strong>Ricardo Paula<\/strong> (Carrera), <strong>Onik Sahakian<\/strong> (Prestigio), <strong>Joao Duarte<\/strong> (Honorario), <strong>Roberto Chichorro<\/strong> (Merito y excelencia), <strong>Hilario Teixeira Lopes<\/strong> (Vida y Obra)<\/p>\n<p class=\"bch4dcbow065stdpy\">&nbsp;<\/p>\n<p class=\"MsoNormal\" style=\"text-align: justify;\"><span class=\"hps\"><span lang=\"PT\"> <\/span><\/span><\/p>\n<p class=\"MsoNormal\" style=\"text-align: center;\"><span class=\"hps\"><span lang=\"PT\"><img loading=\"lazy\" decoding=\"async\" style=\"vertical-align: middle; margin-left: 5px; margin-right: 5px;\" alt=\"Fabianni Belemuski\" src=\"https:\/\/niramart.com\/revista-magazine\/files\/wp-content\/uploads\/2011\/07\/fabianni_belemuski1-500x468.jpg\" width=\"365\" height=\"341\" border=\"0\"\/><br class=\"bch4dcbow065stdpy\"\/> <\/span><\/span><\/p>\n<p class=\"MsoNormal\" style=\"text-align: justify;\">\n<p class=\"MsoNormal\" style=\"text-align: center;\"><em>Fabianni Belemuski, dir. Niram Art<\/em><\/p>\n<p style=\"text-align: center;\"><img loading=\"lazy\" decoding=\"async\" style=\"vertical-align: middle; margin-left: 5px; margin-right: 5px;\" alt=\"Antonio Calderon de Jes\u00fas, promotor cultural\" src=\"https:\/\/niramart.com\/revista-magazine\/files\/wp-content\/uploads\/2011\/07\/antonio_calderon_jesus_lisboa-500x332.jpg\" width=\"400\" height=\"266\" border=\"0\"\/><\/p>\n<p style=\"text-align: center;\"><em>Antonio Calder\u00f3n de Jes\u00fas, asesor de arte, promotor<\/em><\/p>\n<p style=\"text-align: center;\"><img loading=\"lazy\" decoding=\"async\" style=\"vertical-align: middle; margin-left: 5px; margin-right: 5px;\" alt=\"Romeo Niram\" src=\"https:\/\/niramart.com\/revista-magazine\/files\/wp-content\/uploads\/2011\/07\/romeo_niram_lisboa-500x332.jpg\" width=\"342\" height=\"228\" border=\"0\"\/><\/p>\n<p class=\"MsoNormal\" style=\"text-align: center;\"><em>Romeo Niram, fundador revista Niram Art<\/em><\/p>\n<p class=\"MsoNormal\" style=\"text-align: justify;\"><span class=\"hps\"><span lang=\"PT\">Tambi\u00e9n se entregaron<\/span><\/span><span lang=\"PT\"> <span title=\"Haz clic para obtener otras posibles traducciones\"><span class=\"hps\">Distinciones<\/span><\/span> <span title=\"Haz clic para obtener otras posibles traducciones\">relacionadas con la <span class=\"hps\">Colaboraci\u00f3n<\/span><\/span><span title=\"Haz clic para obtener otras posibles traducciones\">,<\/span> <span title=\"Haz clic para obtener otras posibles traducciones\"><span class=\"hps\">Difusi\u00f3n Cultural<\/span><\/span> <span title=\"Haz clic para obtener otras posibles traducciones\"><span class=\"hps\">y la<\/span><\/span> <span title=\"Haz clic para obtener otras posibles traducciones\"><span class=\"hps\">Asociaci\u00f3n para<\/span><\/span> <span title=\"Haz clic para obtener otras posibles traducciones\"><span class=\"hps\">un grupo de<\/span><\/span> <span title=\"Haz clic para obtener otras posibles traducciones\"><span class=\"hps\">personas que<\/span><\/span><span title=\"Haz clic para obtener otras posibles traducciones\">, individual o colectivamente<\/span><span title=\"Haz clic para obtener otras posibles traducciones\">,<\/span> <span title=\"Haz clic para obtener otras posibles traducciones\"><span class=\"hps\">han trabajado<\/span><\/span> <span title=\"Haz clic para obtener otras posibles traducciones\"><span class=\"hps\">para dar<\/span><\/span> <span title=\"Haz clic para obtener otras posibles traducciones\"><span class=\"hps\">un mayor reconocimiento<\/span><\/span> <span title=\"Haz clic para obtener otras posibles traducciones\"><span class=\"hps\">p\u00fablico para el<\/span><\/span> <span title=\"Haz clic para obtener otras posibles traducciones\"><span class=\"hps\">MAC<\/span><\/span> <span title=\"Haz clic para obtener otras posibles traducciones\"><span class=\"hps\">y sus artistas<\/span><\/span><span title=\"Haz clic para obtener otras posibles traducciones\">.<\/span> <\/span><\/p>\n<p class=\"MsoNormal\" style=\"text-align: justify;\">\n<p class=\"MsoNormal\" style=\"text-align: justify;\"><span class=\"hps\"><span lang=\"PT\">Las distinciones<\/span><\/span><span lang=\"PT\"> <span title=\"Haz clic para obtener otras posibles traducciones\">para <span class=\"hps\"><strong>Divulgaci\u00f3n<\/strong><\/span><\/span><strong> <span class=\"hps\"><span title=\"Haz clic para obtener otras posibles traducciones\">Cultural<\/span><\/span><\/strong><span class=\"hps\"> fueron otorgadas<\/span><\/span> <span title=\"Haz clic para obtener otras posibles traducciones\"><span class=\"hps\">a <strong>H\u00e9ctor<\/strong><\/span><\/span><strong> <span class=\"hps\"><span title=\"Haz clic para obtener otras posibles traducciones\">Mart\u00ednez<\/span><\/span> <span class=\"hps\"><span title=\"Haz clic para obtener otras posibles traducciones\">Sanz<\/span><\/span><\/strong><span title=\"Haz clic para obtener otras posibles traducciones\">,<\/span> <span title=\"Haz clic para obtener otras posibles traducciones\"><span class=\"hps\">por su trabajo<\/span><\/span> <span title=\"Haz clic para obtener otras posibles traducciones\"><span class=\"hps\">en la Revista <\/span><span title=\"Haz clic para obtener otras posibles traducciones\"><span class=\"hps\"><strong>Marco en Madrid<\/strong>,<\/span><\/span> <span title=\"Haz clic para obtener otras posibles traducciones\"><span class=\"hps\">los Talleres de<\/span><\/span> <span title=\"Haz clic para obtener otras posibles traducciones\"><span class=\"hps\">Formaci\u00f3n y<\/span><\/span> <span title=\"Haz clic para obtener otras posibles traducciones\"><span class=\"hps\">Animaci\u00f3n Cultural<\/span><\/span> <span title=\"Haz clic para obtener otras posibles traducciones\"><span class=\"hps\">Mayor<\/span><\/span> <span title=\"Haz clic para obtener otras posibles traducciones\"><span class=\"hps\">de<\/span><\/span> <span title=\"Haz clic para obtener otras posibles traducciones\"><span class=\"hps\">Aljustrel<\/span><\/span> <span title=\"Haz clic para obtener otras posibles traducciones\"><span class=\"hps\">y periodista<\/span><\/span> <span title=\"Haz clic para obtener otras posibles traducciones\"><span class=\"hps\"><strong>Manuel<\/strong><\/span><\/span><strong> <span class=\"hps\"><span title=\"Haz clic para obtener otras posibles traducciones\">Rodr\u00edguez<\/span><\/span> <span class=\"hps\"><span title=\"Haz clic para obtener otras posibles traducciones\">Vaz<\/span><\/span><span title=\"Haz clic para obtener otras posibles traducciones\">.<\/span><\/strong><\/span><\/p>\n<p class=\"MsoNormal\" style=\"text-align: center;\"><span title=\"Haz clic para obtener otras posibles traducciones\"><strong><span title=\"Haz clic para obtener otras posibles traducciones\"><img loading=\"lazy\" decoding=\"async\" style=\"vertical-align: middle; margin-left: 5px; margin-right: 5px;\" alt=\"H\u00e9ctor Mart\u00ednez Sanz\" src=\"https:\/\/niramart.com\/revista-magazine\/files\/wp-content\/uploads\/2011\/07\/hector_martinez_sanz-500x403.jpg\" width=\"357\" height=\"287\" border=\"0\"\/><br class=\"bch4dcbow065stdpy\"\/> <\/span><\/strong><\/span><\/p>\n<p class=\"MsoNormal\" style=\"text-align: justify;\">\n<p class=\"bch4dcbow065stdpy\"><em><span title=\"Haz clic para obtener otras posibles traducciones\"><span class=\"hps\">H\u00e9ctor<\/span><\/span> <span class=\"hps\"><span title=\"Haz clic para obtener otras posibles traducciones\">Mart\u00ednez<\/span><\/span> <span class=\"hps\"><span title=\"Haz clic para obtener otras posibles traducciones\">Sanz<\/span><\/span><\/em><\/p>\n<p class=\"MsoNormal\" style=\"text-align: justify;\"><span class=\"hps\"><span lang=\"PT\">Tambi\u00e9n fueron galardonados en<\/span><\/span><span lang=\"PT\"> <span title=\"Haz clic para obtener otras posibles traducciones\"><span class=\"hps\">la categor\u00eda de<\/span> <strong>Colaboraci\u00f3n<\/strong><\/span><strong> <span class=\"hps\"><span title=\"Haz clic para obtener otras posibles traducciones\">Cultural<\/span><\/span><\/strong> <span title=\"Haz clic para obtener otras posibles traducciones\"><span class=\"hps\">de la propuesta:<\/span><\/span> <span title=\"Haz clic para obtener otras posibles traducciones\"><span class=\"hps\">la pintora<\/span> <span title=\"Haz clic para obtener otras posibles traducciones\"><span class=\"hps\"><strong>Mar\u00eda<\/strong><\/span><\/span><strong> <span title=\"Haz clic para obtener otras posibles traducciones\">Joao <span class=\"hps\">Franco<\/span><\/span><\/strong><span title=\"Haz clic para obtener otras posibles traducciones\">, <span class=\"hps\"><strong>Paul<\/strong><\/span><\/span><strong> <span class=\"hps\"><span title=\"Haz clic para obtener otras posibles traducciones\">Canilhas<\/span><\/span> <span title=\"Haz clic para obtener otras posibles traducciones\">, <span class=\"hps\">Rosa<\/span><\/span> <span class=\"hps\"><span title=\"Haz clic para obtener otras posibles traducciones\">Reis<\/span><\/span><span title=\"Haz clic para obtener otras posibles traducciones\">.<\/span> <\/strong>La distinci\u00f3n MAC pedagogica-cultural fue otorgada a<strong> Ana Tristany <\/strong>y para <span class=\"bch4dcbow065stdpy\">Parceria pedag\u00f3gico-cultural al<strong> <span class=\"bch4dcbow065stdpy\">Col\u00e9gio Militar<\/span><\/strong>.<\/span><\/span><\/span><\/p>\n<p class=\"bch4dcbow065stdpy\">Antes de la ceremonia de entrega de los premios MAC 2011, <strong>Alvaro Lobato de Faria<\/strong>, dir. coord. MAC,  le entreg\u00f3 una Medalla de Reconocimiento Internacional (creador Joao Duarte) al promotor cultural<strong> Antonio Calder\u00f3n de Jes\u00fas<\/strong>, conocido por sus proyectos internacionales  entre America Latina y Espa\u00f1a y Ruman\u00eda y Espa\u00f1a.<\/p>\n<p class=\"MsoNormal\" style=\"text-align: justify;\">\n<p class=\"MsoNormal\" style=\"text-align: justify;\"><span lang=\"PT\" style=\"font-size: 11pt;\">M\u00e1s fotograf\u00edas:<\/span><\/p>\n<p class=\"MsoNormal\" style=\"text-align: justify;\">\n<p class=\"MsoNormal\"><span lang=\"PT\"><a href=\"http:\/\/www.movimentoartecontemporanea.com\/mac\/premios\/22\/\">http:\/\/www.movimentoartecontemporanea.com\/mac\/premios\/22\/<\/a><\/span><\/p>\n<p class=\"MsoNormal\">\n<p class=\"MsoNormal\"><span lang=\"PT\"><a href=\"http:\/\/www.tvi24.iol.pt\/sociedade\/cartaz-das-artes-premios-tvi-joao-paulo-sacadura\/1263547-4071.html\">http:\/\/www.tvi24.iol.pt\/sociedade\/cartaz-das-artes-premios-tvi-joao-paulo-sacadura\/1263547-4071.html<\/a><\/span><\/p>\n<p class=\"bch4dcbow065stdpy\"><object width=\"700\" height=\"525\" classid=\"clsid:d27cdb6e-ae6d-11cf-96b8-444553540000\" codebase=\"https:\/\/niramart.com\/revista-magazine\/files\/pub\/shockwave\/cabs\/flash\/swflash.cab\"><param name=\"flashvars\" value=\"offsite=true&amp;lang=es-us&amp;page_show_url=%2Fphotos%2Fdefesesfinearts%2Fsets%2F72157627125606996%2Fshow%2F&amp;page_show_back_url=%2Fphotos%2Fdefesesfinearts%2Fsets%2F72157627125606996%2F&amp;set_id=72157627125606996&amp;jump_to=\"\/><param name=\"allowFullScreen\" value=\"true\"\/><param name=\"src\" value=\"http:\/\/www.flickr.com\/apps\/slideshow\/show.swf?v=104087\"\/><param name=\"allowfullscreen\" value=\"true\"\/><embed width=\"700\" height=\"525\" type=\"application\/x-shockwave-flash\" src=\"https:\/\/niramart.com\/revista-magazine\/files\/apps\/slideshow\/show-v-104087.swf\" flashvars=\"offsite=true&amp;lang=es-us&amp;page_show_url=%2Fphotos%2Fdefesesfinearts%2Fsets%2F72157627125606996%2Fshow%2F&amp;page_show_back_url=%2Fphotos%2Fdefesesfinearts%2Fsets%2F72157627125606996%2F&amp;set_id=72157627125606996&amp;jump_to=\" allowfullscreen=\"true\"\/><\/object><\/p>\n<\/div>\n<div class=\"meta-pullout meta-left-pullout\">\n<ul>\n<li class=\"fix\"><span class=\"category\"><span class=\"icon\">&nbsp;<\/span> <a href=\"https:\/\/niramart.com\/revista-magazine\/category\/s5-articulos\/c39-articulos-espanol\/\" rel=\"category tag\">Articulos espa\u00f1ol<\/a>, <a href=\"https:\/\/niramart.com\/revista-magazine\/category\/s5-articulos\/c55-no-5-6-2011\/\" rel=\"category tag\">N\u00ba 5- 6, 2011<\/a>, <a href=\"https:\/\/niramart.com\/revista-magazine\/category\/c38-noticias-revista\/\" rel=\"category tag\">Noticias<\/a><\/span><\/li>\n<li class=\"fix\"><span class=\"tags tax\"><span class=\"icon\">&nbsp;<\/span>Tagged with: <a href=\"https:\/\/niramart.com\/revista-magazine\/tag\/eva-defeses\/\" rel=\"tag\">eva defeses<\/a>, <a href=\"https:\/\/niramart.com\/revista-magazine\/tag\/fabianni-belemuski\/\" rel=\"tag\">fabianni belemuski<\/a>, <a href=\"https:\/\/niramart.com\/revista-magazine\/tag\/hector-martinez-sanz\/\" rel=\"tag\">H\u00e9ctor Mart\u00ednez sanz<\/a>, <a href=\"https:\/\/niramart.com\/revista-magazine\/tag\/mac\/\" rel=\"tag\">MAC<\/a>, <a href=\"https:\/\/niramart.com\/revista-magazine\/tag\/niram-art\/\" rel=\"tag\">niram art<\/a>, <a href=\"https:\/\/niramart.com\/revista-magazine\/tag\/premio\/\" rel=\"tag\">premio<\/a>, <a href=\"https:\/\/niramart.com\/revista-magazine\/tag\/romeo-niram\/\" rel=\"tag\">romeo niram<\/a><\/span><\/li>\n<\/ul>\n<\/div>\n<\/div>\n<footer class=\"post-footer postdata fix\"><\/footer>\n<section id=\"comments\"><\/section>\n<\/article>\n<nav class=\"post-nav fix\">\n<table>\n<tr>\n<td class=\"previous\"><a href=\"https:\/\/niramart.com\/revista-magazine\/presentacion-del-libro-maranatha-ed-niram-art\/\" rel=\"prev\"><span class=\"icon\">&nbsp;<\/span> Presentaci\u00f3n del Libro MARANATHA, Ed. Niram Art<\/a><\/td>\n<td class=\"next\"><a href=\"https:\/\/niramart.com\/revista-magazine\/nuevos-lanzamientos-niram-art-editorial\/\" rel=\"next\"><span class=\"icon\">&nbsp;<\/span> Nuevos Lanzamientos Niram Art Editorial<\/a><\/td>\n<\/tr>\n<\/table>\n<\/nav>\n<\/div>\n<\/div>\n","protected":false,"raw":""},"excerpt":{"rendered":"<p>Niram Art galardonada en Lisboa Sep 092011 &nbsp;&nbsp; Martes, [&hellip;]<\/p>\n","protected":false},"author":0,"featured_media":0,"parent":0,"menu_order":0,"comment_status":"closed","ping_status":"closed","template":"","meta":{"footnotes":""},"class_list":["post-184","page","type-page","status-publish","hentry"],"yoast_head":"<!-- This site is optimized with the Yoast SEO plugin v27.4 - https:\/\/yoast.com\/product\/yoast-seo-wordpress\/ -->\n<title>Niram Art galardonada en Lisboa \u00bb Niram Art Magazine<\/title>\n<meta name=\"robots\" content=\"index, follow, max-snippet:-1, max-image-preview:large, max-video-preview:-1\" \/>\n<link rel=\"canonical\" href=\"https:\/\/niramart.com\/revista-magazine\/niram-art-galardonada-en-lisboa\/\" \/>\n<meta property=\"og:type\" content=\"article\" \/>\n<meta property=\"og:title\" content=\"Niram Art galardonada en Lisboa \u00bb Niram Art Magazine\" \/>\n<meta property=\"og:description\" content=\"Niram Art galardonada en Lisboa Sep 092011 &nbsp;&nbsp; Martes, [&hellip;]\" \/>\n<meta property=\"og:url\" content=\"https:\/\/niramart.com\/revista-magazine\/niram-art-galardonada-en-lisboa\/\" \/>\n<meta property=\"og:site_name\" content=\"Niram Art Magazine\" \/>\n<meta name=\"twitter:card\" content=\"summary_large_image\" \/>\n<meta name=\"twitter:label1\" content=\"Est. reading time\" \/>\n\t<meta name=\"twitter:data1\" content=\"3 minutes\" \/>\n<!-- \/ Yoast SEO plugin. -->","yoast_head_json":{"title":"Niram Art galardonada en Lisboa \u00bb Niram Art Magazine","robots":{"index":"index","follow":"follow","max-snippet":"max-snippet:-1","max-image-preview":"max-image-preview:large","max-video-preview":"max-video-preview:-1"},"canonical":"https:\/\/niramart.com\/revista-magazine\/niram-art-galardonada-en-lisboa\/","og_type":"article","og_title":"Niram Art galardonada en Lisboa \u00bb Niram Art Magazine","og_description":"Niram Art galardonada en Lisboa Sep 092011 &nbsp;&nbsp; Martes, [&hellip;]","og_url":"https:\/\/niramart.com\/revista-magazine\/niram-art-galardonada-en-lisboa\/","og_site_name":"Niram Art Magazine","twitter_card":"summary_large_image","twitter_misc":{"Est. reading time":"3 minutes"}},"_links":{"self":[{"href":"https:\/\/niramart.com\/revista-magazine\/wp-json\/wp\/v2\/pages\/184","targetHints":{"allow":["GET"]}}],"collection":[{"href":"https:\/\/niramart.com\/revista-magazine\/wp-json\/wp\/v2\/pages"}],"about":[{"href":"https:\/\/niramart.com\/revista-magazine\/wp-json\/wp\/v2\/types\/page"}],"replies":[{"embeddable":true,"href":"https:\/\/niramart.com\/revista-magazine\/wp-json\/wp\/v2\/comments?post=184"}],"version-history":[{"count":0,"href":"https:\/\/niramart.com\/revista-magazine\/wp-json\/wp\/v2\/pages\/184\/revisions"}],"wp:attachment":[{"href":"https:\/\/niramart.com\/revista-magazine\/wp-json\/wp\/v2\/media?parent=184"}],"curies":[{"name":"wp","href":"https:\/\/api.w.org\/{rel}","templated":true}]}}