{"id":181,"date":"2024-04-01T07:40:57","date_gmt":"2024-04-01T07:40:57","guid":{"rendered":"https:\/\/niramart.com\/revista-magazine\/mihai-y-veronica-de-hector-martinez-sanz-elegida-ganadora-del-concurso-mihai-eminescu-premio-especial-editorial-niram-art-2\/"},"modified":"2024-04-01T07:40:57","modified_gmt":"2024-04-01T07:40:57","slug":"mihai-y-veronica-de-hector-martinez-sanz-elegida-ganadora-del-concurso-mihai-eminescu-premio-especial-editorial-niram-art-2","status":"publish","type":"page","link":"https:\/\/niramart.com\/revista-magazine\/mihai-y-veronica-de-hector-martinez-sanz-elegida-ganadora-del-concurso-mihai-eminescu-premio-especial-editorial-niram-art\/","title":{"rendered":"\u201cMihai y Ver\u00f3nica\u201d de H\u00e9ctor Mart\u00ednez Sanz, elegida Ganadora del concurso \u201cMihai Eminescu\u201d, Premio Especial Editorial Niram Art"},"content":{"rendered":"<div id=\"main-col\">\n<div id=\"content\">\n<article class=\"post-126 post type-post status-publish format-standard hentry category-c39-articulos-espanol category-c34-premios tag-editorial-niram-art tag-hector-martinez-sanz category-18-id category-20-id full-content meta-position-left-pullout fix\" id=\"post-126\">\n<header class=\"post-header title-container fix\">\n<div class=\"title\">\n<h1 class=\"posttitle\"><a href=\"https:\/\/niramart.com\/revista-magazine\/mihai-y-veronica-de-hector-martinez-sanz-elegida-ganadora-del-concurso-mihai-eminescu-premio-especial-editorial-niram-art\/\" class=\"entry-title\" rel=\"bookmark\" title=\"\u201cMihai y Ver\u00f3nica\u201d de H\u00e9ctor Mart\u00ednez Sanz, elegida Ganadora del concurso \u201cMihai Eminescu\u201d, Premio Especial Editorial Niram Art\">\u201cMihai y Ver\u00f3nica\u201d de H\u00e9ctor Mart\u00ednez Sanz, elegida Ganadora del concurso \u201cMihai Eminescu\u201d, Premio Especial Editorial Niram Art<\/a><\/h1>\n<\/div>\n<div class=\"date\"><span class=\"month\">May<\/span> <span class=\"day\">30<\/span><span class=\"year\">2010<\/span><\/div>\n<\/header>\n<p> <span class=\"post-format-icon\">&nbsp;<\/span><span class=\"updated\" title=\"2010-05-30T00:00:00+00:00\">&nbsp;<\/span><\/p>\n<div class=\"entry-container fix\">\n<div class=\"entry fix\">\n<p class=\"bch4dcbow065stdpy\">La <strong>Editorial Niram Art<\/strong> ha premiado con 6000 euros al  ganador del concurso de literatura \u201eEminescu visto por Espa\u00f1oles\u201d <a href=\"http:\/\/retratoliterario.wordpress.com\/\"><strong>H\u00e9ctor Mart\u00ednez  Sanz<\/strong><\/a> y su novela \u201eMihai y Ver\u00f3nica\u201d se publicar\u00e1 por la  Editorial Niram Art. El cheque ha sido entregado al escritor por el  director de la Editorial Niram Art, <strong>Miguel \u00c1ngel Gal\u00e1n Segovia<\/strong>.  H\u00e9ctor Mart\u00ednez Sanz ha recibido tambi\u00e9n el Trofeo Niram Art, creaci\u00f3n  de Bogdan Ater.<\/p>\n<p class=\"bch4dcbow065stdpy\">\n<p class=\"bch4dcbow065stdpy\">\n<p class=\"bch4dcbow065stdpy\">\n<p class=\"bch4dcbow065stdpy\">\n<p class=\"bch4dcbow065stdpy\">\n<\/div>\n<div class=\"meta-pullout meta-left-pullout\">\n<ul>\n<li class=\"fix\"><span class=\"category\"><span class=\"icon\">&nbsp;<\/span> <a href=\"https:\/\/niramart.com\/revista-magazine\/category\/s5-articulos\/c39-articulos-espanol\/\" rel=\"category tag\">Articulos espa\u00f1ol<\/a>, <a href=\"https:\/\/niramart.com\/revista-magazine\/category\/c34-premios\/\" rel=\"category tag\">Premios Niram Art<\/a><\/span><\/li>\n<li class=\"fix\"><span class=\"tags tax\"><span class=\"icon\">&nbsp;<\/span>Tagged with: <a href=\"https:\/\/niramart.com\/revista-magazine\/tag\/editorial-niram-art\/\" rel=\"tag\">editorial niram art<\/a>, <a href=\"https:\/\/niramart.com\/revista-magazine\/tag\/hector-martinez-sanz\/\" rel=\"tag\">H\u00e9ctor Mart\u00ednez sanz<\/a><\/span><\/li>\n<\/ul>\n<\/div>\n<\/div>\n<footer class=\"post-footer postdata fix\"><\/footer>\n<section id=\"comments\"><\/section>\n<\/article>\n<nav class=\"post-nav fix\">\n<table>\n<tr>\n<td class=\"previous\"><a href=\"https:\/\/niramart.com\/revista-magazine\/entrevista-con-el-escritor-hector-martinez-sanz-autor-del-libro-pentagono\/\" rel=\"prev\"><span class=\"icon\">&nbsp;<\/span> Entrevista con el escritor H\u00e9ctor Mart\u00ednez Sanz, autor del libro Pent\u00e1gono<\/a><\/td>\n<td class=\"next\"><a href=\"https:\/\/niramart.com\/revista-magazine\/escher-y-lo-imposible-de-hector-martinez-sanz\/\" rel=\"next\"><span class=\"icon\">&nbsp;<\/span> ESCHER Y LO IMPOSIBLE de H\u00c9CTOR MART\u00cdNEZ SANZ<\/a><\/td>\n<\/tr>\n<\/table>\n<\/nav>\n<\/div>\n<\/div>\n","protected":false,"raw":""},"excerpt":{"rendered":"<p>\u201cMihai y Ver\u00f3nica\u201d de H\u00e9ctor Mart\u00ednez Sanz, elegida Ganadora [&hellip;]<\/p>\n","protected":false},"author":0,"featured_media":0,"parent":0,"menu_order":0,"comment_status":"closed","ping_status":"closed","template":"","meta":{"footnotes":""},"class_list":["post-181","page","type-page","status-publish","hentry"],"yoast_head":"<!-- This site is optimized with the Yoast SEO plugin v27.4 - https:\/\/yoast.com\/product\/yoast-seo-wordpress\/ -->\n<title>\u201cMihai y Ver\u00f3nica\u201d de H\u00e9ctor Mart\u00ednez Sanz, elegida Ganadora del concurso \u201cMihai Eminescu\u201d, Premio Especial Editorial Niram Art \u00bb Niram Art Magazine<\/title>\n<meta name=\"robots\" content=\"index, follow, max-snippet:-1, max-image-preview:large, max-video-preview:-1\" \/>\n<link rel=\"canonical\" href=\"https:\/\/niramart.com\/revista-magazine\/mihai-y-veronica-de-hector-martinez-sanz-elegida-ganadora-del-concurso-mihai-eminescu-premio-especial-editorial-niram-art\/\" \/>\n<meta property=\"og:type\" content=\"article\" \/>\n<meta property=\"og:title\" content=\"\u201cMihai y Ver\u00f3nica\u201d de H\u00e9ctor Mart\u00ednez Sanz, elegida Ganadora del concurso \u201cMihai Eminescu\u201d, Premio Especial Editorial Niram Art \u00bb Niram Art Magazine\" \/>\n<meta property=\"og:description\" content=\"\u201cMihai y Ver\u00f3nica\u201d de H\u00e9ctor Mart\u00ednez Sanz, elegida Ganadora [&hellip;]\" \/>\n<meta property=\"og:url\" content=\"https:\/\/niramart.com\/revista-magazine\/mihai-y-veronica-de-hector-martinez-sanz-elegida-ganadora-del-concurso-mihai-eminescu-premio-especial-editorial-niram-art\/\" \/>\n<meta property=\"og:site_name\" content=\"Niram Art Magazine\" \/>\n<meta name=\"twitter:card\" content=\"summary_large_image\" \/>\n<meta name=\"twitter:label1\" content=\"Est. reading time\" \/>\n\t<meta name=\"twitter:data1\" content=\"1 minute\" \/>\n<!-- \/ Yoast SEO plugin. -->","yoast_head_json":{"title":"\u201cMihai y Ver\u00f3nica\u201d de H\u00e9ctor Mart\u00ednez Sanz, elegida Ganadora del concurso \u201cMihai Eminescu\u201d, Premio Especial Editorial Niram Art \u00bb Niram Art Magazine","robots":{"index":"index","follow":"follow","max-snippet":"max-snippet:-1","max-image-preview":"max-image-preview:large","max-video-preview":"max-video-preview:-1"},"canonical":"https:\/\/niramart.com\/revista-magazine\/mihai-y-veronica-de-hector-martinez-sanz-elegida-ganadora-del-concurso-mihai-eminescu-premio-especial-editorial-niram-art\/","og_type":"article","og_title":"\u201cMihai y Ver\u00f3nica\u201d de H\u00e9ctor Mart\u00ednez Sanz, elegida Ganadora del concurso \u201cMihai Eminescu\u201d, Premio Especial Editorial Niram Art \u00bb Niram Art Magazine","og_description":"\u201cMihai y Ver\u00f3nica\u201d de H\u00e9ctor Mart\u00ednez Sanz, elegida Ganadora [&hellip;]","og_url":"https:\/\/niramart.com\/revista-magazine\/mihai-y-veronica-de-hector-martinez-sanz-elegida-ganadora-del-concurso-mihai-eminescu-premio-especial-editorial-niram-art\/","og_site_name":"Niram Art Magazine","twitter_card":"summary_large_image","twitter_misc":{"Est. reading time":"1 minute"}},"_links":{"self":[{"href":"https:\/\/niramart.com\/revista-magazine\/wp-json\/wp\/v2\/pages\/181","targetHints":{"allow":["GET"]}}],"collection":[{"href":"https:\/\/niramart.com\/revista-magazine\/wp-json\/wp\/v2\/pages"}],"about":[{"href":"https:\/\/niramart.com\/revista-magazine\/wp-json\/wp\/v2\/types\/page"}],"replies":[{"embeddable":true,"href":"https:\/\/niramart.com\/revista-magazine\/wp-json\/wp\/v2\/comments?post=181"}],"version-history":[{"count":0,"href":"https:\/\/niramart.com\/revista-magazine\/wp-json\/wp\/v2\/pages\/181\/revisions"}],"wp:attachment":[{"href":"https:\/\/niramart.com\/revista-magazine\/wp-json\/wp\/v2\/media?parent=181"}],"curies":[{"name":"wp","href":"https:\/\/api.w.org\/{rel}","templated":true}]}}