{"id":180,"date":"2024-04-01T07:40:57","date_gmt":"2024-04-01T07:40:57","guid":{"rendered":"https:\/\/niramart.com\/revista-magazine\/miedho\/"},"modified":"2024-04-01T07:40:57","modified_gmt":"2024-04-01T07:40:57","slug":"miedho","status":"publish","type":"page","link":"https:\/\/niramart.com\/revista-magazine\/miedho\/","title":{"rendered":"Miedho"},"content":{"rendered":"<div id=\"main-col\">\n<div id=\"content\">\n<article class=\"post-855 post type-post status-publish format-standard hentry category-bellas-artes category-no-1-2-2013 tag-bodgan-ater tag-diego-vadillo-lopez tag-hector-martinez-sanz tag-miedho tag-pedro-ortega category-119-id category-148-id full-content meta-position-left-pullout fix\" id=\"post-855\">\n<header class=\"post-header title-container fix\">\n<div class=\"title\">\n<h1 class=\"posttitle\"><a href=\"https:\/\/niramart.com\/revista-magazine\/miedho\/\" class=\"entry-title\" rel=\"bookmark\" title=\"Miedho\">Miedho<\/a><\/h1>\n<\/div>\n<div class=\"date\"><span class=\"month\">Apr<\/span> <span class=\"day\">08<\/span><span class=\"year\">2013<\/span><\/div>\n<\/header>\n<p> <span class=\"post-format-icon\">&nbsp;<\/span><span class=\"updated\" title=\"2013-04-08T16:56:32+00:00\">&nbsp;<\/span><\/p>\n<div class=\"entry-container fix\">\n<div class=\"entry fix\">\n<p style=\"text-align: left;\" align=\"right\"><b>Pedro Ortega<\/b><\/p>\n<p style=\"text-align: left;\" align=\"right\">Historiador del Arte<\/p>\n<div style=\"width: 330px\" class=\"wp-caption alignleft\"><img loading=\"lazy\" decoding=\"async\" alt=\"MIEDHO\" src=\"https:\/\/niramart.com\/revista-magazine\/files\/_xajjlliw_t4\/s-x9pnssmpi\/aaaaaaaaafo\/c3by5gvhru8\/s320\/tierra-2.jpg\" width=\"320\" height=\"240\"\/><\/p>\n<p class=\"wp-caption-text\">MIEDHO<\/p>\n<\/div>\n<p class=\"bch4dcbow065stdpy\">Por una curiosa circunstancia, una amiga me puso en contacto con el intrigante protagonista de esta historia, este artista que se da a conocer bajo el acr\u00f3nimo <b>Miedho<\/b>. Cambiamos unos amables mensajes y surgi\u00f3 la posibilidad de comentar este libro monogr\u00e1fico constituido por ensayos filos\u00f3ficos y art\u00edsticos sobre su obra. Curioso de conocer un poco m\u00e1s a fondo su obra indagu\u00e9 por internet pero muy contadas obras suyas se pueden ver en la red. Seg\u00fan iba leyendo el libro, como ahora contar\u00e9, mi curiosidad se iba acrecentando cada vez m\u00e1s y confieso que tengo ganas de conocer a <b>Miedho<\/b> en persona y que me desvele algunas de sus obras, a poder ser vi\u00e9ndolas cara a cara y no por internet.<\/p>\n<p class=\"bch4dcbow065stdpy\">El libro que tenemos entre manos es una colecci\u00f3n de ensayos sobre el artista, ya bien sobre su punto de vista acerca de la sociedad, la filosof\u00eda que profesa, comentarios de sus exposiciones, una entrevista y un ensayo art\u00edstico como colof\u00f3n final. Los encargados de los textos han sido <b>H\u00e9ctor Mart\u00ednez Sanz<\/b>, <b>Diego Vadillo L\u00f3pez<\/b>, <b>Bodgan Ater<\/b> y el propio <b>Miedho<\/b>.<\/p>\n<p class=\"bch4dcbow065stdpy\">Sin lugar a dudas, la l\u00ednea argumental de este trabajo es una cr\u00edtica social profunda y dura, una rebeli\u00f3n ante la alienaci\u00f3n brutal de los individuos que nacen, crecen y mueren sometidos a un continuo lavado de cerebro a trav\u00e9s de la imagen y de los mensajes que nos bombardean un d\u00eda tras otros dici\u00e9ndonos lo que debemos o no hacer, lo que debemos o no comprar: nos est\u00e1n formando desde peque\u00f1itos a ser consumidores. En la lectura del libro me ven\u00eda a la mente una terrible an\u00e9cdota: a una clase de alumnos preescolares les hab\u00edan llevado un d\u00eda, como actividad extraescolar, a visitar las dependencias de un conocido centro comercial. Es algo tr\u00e1gico. As\u00ed que puedo decir que coincido plenamente con la idea general transmitida a lo largo del libro.<\/p>\n<p class=\"bch4dcbow065stdpy\">Otra cuesti\u00f3n es la magn\u00edfica cr\u00edtica que hacen los autores sobe la obra de <b>Miedho<\/b> y que, como dec\u00eda, me han despertado una tremenda curiosidad. La exposici\u00f3n \u201cEidolon\u201d, t\u00e9rmino griego para designar imagen, fantasma o aparici\u00f3n, fija uno de los conceptos que <b>Miedho<\/b> quiere transmitir, esa alienaci\u00f3n que sufrimos a trav\u00e9s de la imagen. Otra de las exposiciones se basa en los cuatro elementos, los cuales <b>Miedho<\/b> traduce en colores. De alguna manera <b>Miedho<\/b> mira al pasado pagano de Grecia como en una suerte de b\u00fasqueda de un nuevo Renacimiento: echar la mirada atr\u00e1s para recuperar los sabios valores de la Antig\u00fcedad que hace mucho tiempo que perdimos.<\/p>\n<p class=\"bch4dcbow065stdpy\">Pero sin duda alguna, como Historiador del Arte que soy, el ensayo que me ha gustado sobremanera es el realizado por <b>Bodgan Ater <\/b>puesto que es el primero que incardina la obra art\u00edstica de <b>Miedho<\/b> con algunos referentes art\u00edsticos contempor\u00e1neos. La comparaci\u00f3n de la obra de <b>Miedho<\/b> con la de <b>Zdzislaw Beksinski<\/b> me resulta tremendamente interesante, sobre todo por la admiraci\u00f3n que siento por este artista polaco.<\/p>\n<p class=\"bch4dcbow065stdpy\">En este punto quiero poner de relieve algunas cuestiones que considero importantes y que se han pasado por alto o se han omitido. Me estoy refiriendo a incardinar a <b>Miedho <\/b>dentro del Movimiento G\u00f3tico. No me cabe la menor duda de que si alguien se presenta como artista y antepone esa etiqueta de g\u00f3tico, probablemente va a ser denostado de primeras por ese malditismo que esta sociedad nos ha echado encima. Pero es que la ideolog\u00eda, la obra de <b>Miedho<\/b> \u2013al menos la que conozco-, su indumentaria y la m\u00fasica que escucha \u2013entre otros Marilyn Manson y Rammstein- se topan directamente con la concepci\u00f3n que yo tengo sobre lo que caracteriza al Movimiento G\u00f3tico. Como bien sabr\u00e1n los lectores, una de mis \u00faltimas iniciativas es poner en valor lo g\u00f3tico a trav\u00e9s de la v\u00eda acad\u00e9mica, con el Congreso sobre Arte, Literatura y Cultura G\u00f3tica urbana \u2013la segunda edici\u00f3n se celebrar\u00e1 del 23 al 25 de mayo en el Centro Cultural La Corrala de Madrid- y la Revista Herej\u00eda y Belleza, que recoge las conferencias del congreso as\u00ed como otros art\u00edculos acad\u00e9micos. Por ello creo que el considerarse dentro de un movimiento caracterizado precisamente por esa cr\u00edtica social y los valores contraculturales que se expresan en el libro es algo de lo que hay que sentirse orgulloso y no debe ser ocultado. Al menos as\u00ed lo siento yo.<\/p>\n<p class=\"bch4dcbow065stdpy\">Otra cuesti\u00f3n que quiero poner de relieve es que la obra de <b>Miedho<\/b> no debe analizarse de forma aislada, debe incardinarse en toda una serie de creadores que han seguido y siguen patrones ideol\u00f3gicos similares a los de <b>Miedho<\/b>. A m\u00ed se me vienen a la cabeza muchos artistas que, a\u00fan con diferencias formales, t\u00e9cnicas e iconogr\u00e1ficas, deben alinearse con el buen hacer de <b>Miedho<\/b>, algunos nombres ser\u00edan <b>Ra\u00fal Moreira<\/b>, <b>Mar\u00eda Men\u00e9ndez<\/b>, <b>Alonso Urbanos<\/b>, <b>Rage Against World<\/b>, <b>Mara Hern\u00e1ndez<\/b>\u2026 Muchos de ellos estuvieron en la <b>Exposici\u00f3n Ensue\u00f1o Prerrafaelita<\/b> (pod\u00e9is consultar el cat\u00e1logo online en <a href=\"http:\/\/www.mentenebre.com\/\"><b>Mentenebre<\/b><\/a>).<\/p>\n<p class=\"bch4dcbow065stdpy\">Hechas estas precisiones quiero recomendar este libro porque de veras que conecta con un sentir, creo que generalizado, de todos aquellos que hacemos y leemos <b>Mentenebre<\/b>. Traza un componente ideol\u00f3gico que creo que es com\u00fan a todos nosotros.<\/p>\n<p class=\"bch4dcbow065stdpy\">Y s\u00f3lo me queda esperar a que pronto haya una circunstancia que me permita ver la obra de <b>Miedho<\/b> cara a cara, pues este libro me ha descubierto los numerosos puntos de vista que creo que compartimos con <b>Miedho<\/b>.<\/p>\n<blockquote>\n<p class=\"bch4dcbow065stdpy\">_______________<\/p>\n<\/blockquote>\n<div style=\"width: 134px\" class=\"wp-caption alignleft\"><img loading=\"lazy\" decoding=\"async\" alt=\"Pedro Ortega\" src=\"https:\/\/niramart.com\/revista-magazine\/files\/2013\/04\/pedro-ortega-w-200.jpg\" width=\"124\" height=\"183\"\/><\/p>\n<p class=\"wp-caption-text\">Pedro Ortega<\/p>\n<\/div>\n<p style=\"text-align: left;\" align=\"right\"><b>Pedro Ortega <\/b>es historiador del arte<b>, <\/b>titulado en Estudios Avanzados en Historia del Arte por la UAM y actualmente est\u00e1 realizando la tesis doctoral; director de la revista acad\u00e9mica <b>Herej\u00eda y Belleza<\/b>; subdirector de la revista <b>Mentenebre<\/b>.<\/p>\n<blockquote>\n<p style=\"text-align: left;\" align=\"right\">Advanced Studies on Art History. Currently writing Ph.D Thesis. Curator. Editor. Director of Herej\u00eda y Belleza magazine. Subdirector of Mentenebre magazine<\/p>\n<p style=\"text-align: left;\" align=\"right\"><i>Art\u00edculo originalmente publicado  en <\/i><em>la revista <a href=\"http:\/\/www.mentenebre.com\/articulos.php?op=verarticle&amp;artid=2428\"><b>Mentenebre<\/b> <\/a>\u2013 Espa\u00f1a &#8211; 2013-03-18<\/em><\/p>\n<\/blockquote>\n<\/div>\n<div class=\"meta-pullout meta-left-pullout\">\n<ul>\n<li class=\"fix\"><span class=\"category\"><span class=\"icon\">&nbsp;<\/span> <a href=\"https:\/\/niramart.com\/revista-magazine\/category\/bellas-artes\/\" rel=\"category tag\">Bellas Artes<\/a>, <a href=\"https:\/\/niramart.com\/revista-magazine\/category\/s5-articulos\/no-1-2-2013\/\" rel=\"category tag\">N\u00ba 1-2, 2013<\/a><\/span><\/li>\n<li class=\"fix\"><span class=\"tags tax\"><span class=\"icon\">&nbsp;<\/span>Tagged with: <a href=\"https:\/\/niramart.com\/revista-magazine\/tag\/bodgan-ater\/\" rel=\"tag\">Bodgan Ater<\/a>, <a href=\"https:\/\/niramart.com\/revista-magazine\/tag\/diego-vadillo-lopez\/\" rel=\"tag\">Diego Vadillo L\u00f3pez<\/a>, <a href=\"https:\/\/niramart.com\/revista-magazine\/tag\/hector-martinez-sanz\/\" rel=\"tag\">H\u00e9ctor Mart\u00ednez sanz<\/a>, <a href=\"https:\/\/niramart.com\/revista-magazine\/tag\/miedho\/\" rel=\"tag\">MIEDHO<\/a>, <a href=\"https:\/\/niramart.com\/revista-magazine\/tag\/pedro-ortega\/\" rel=\"tag\">Pedro Ortega<\/a><\/span><\/li>\n<\/ul>\n<\/div>\n<\/div>\n<footer class=\"post-footer postdata fix\"><\/footer>\n<section id=\"comments\"><\/section>\n<\/article>\n<nav class=\"post-nav fix\">\n<table>\n<tr>\n<td class=\"previous\"><a href=\"https:\/\/niramart.com\/revista-magazine\" rel=\"prev\"><span class=\"icon\">&nbsp;<\/span> \u00bfQui\u00e9n es MIEDHO?<\/a><\/td>\n<td class=\"next\"><a href=\"https:\/\/niramart.com\/revista-magazine\/liana-acero-de-la-cuesta-unica-en-su-diversidad\/\" rel=\"next\"><span class=\"icon\">&nbsp;<\/span> Liana Acero de la Cuesta, \u00fanica en su diversidad<\/a><\/td>\n<\/tr>\n<\/table>\n<\/nav>\n<\/div>\n<\/div>\n","protected":false,"raw":""},"excerpt":{"rendered":"<p>Miedho Apr 082013 &nbsp;&nbsp; Pedro Ortega Historiador del Arte [&hellip;]<\/p>\n","protected":false},"author":0,"featured_media":0,"parent":0,"menu_order":0,"comment_status":"closed","ping_status":"closed","template":"","meta":{"footnotes":""},"class_list":["post-180","page","type-page","status-publish","hentry"],"yoast_head":"<!-- This site is optimized with the Yoast SEO plugin v27.4 - https:\/\/yoast.com\/product\/yoast-seo-wordpress\/ -->\n<title>Miedho \u00bb Niram Art Magazine<\/title>\n<meta name=\"robots\" content=\"index, follow, max-snippet:-1, max-image-preview:large, max-video-preview:-1\" \/>\n<link rel=\"canonical\" href=\"https:\/\/niramart.com\/revista-magazine\/miedho\/\" \/>\n<meta property=\"og:type\" content=\"article\" \/>\n<meta property=\"og:title\" content=\"Miedho \u00bb Niram Art Magazine\" \/>\n<meta property=\"og:description\" content=\"Miedho Apr 082013 &nbsp;&nbsp; Pedro Ortega Historiador del Arte [&hellip;]\" \/>\n<meta property=\"og:url\" content=\"https:\/\/niramart.com\/revista-magazine\/miedho\/\" \/>\n<meta property=\"og:site_name\" content=\"Niram Art Magazine\" \/>\n<meta name=\"twitter:card\" content=\"summary_large_image\" \/>\n<meta name=\"twitter:label1\" content=\"Est. reading time\" \/>\n\t<meta name=\"twitter:data1\" content=\"5 minutes\" \/>\n<!-- \/ Yoast SEO plugin. -->","yoast_head_json":{"title":"Miedho \u00bb Niram Art Magazine","robots":{"index":"index","follow":"follow","max-snippet":"max-snippet:-1","max-image-preview":"max-image-preview:large","max-video-preview":"max-video-preview:-1"},"canonical":"https:\/\/niramart.com\/revista-magazine\/miedho\/","og_type":"article","og_title":"Miedho \u00bb Niram Art Magazine","og_description":"Miedho Apr 082013 &nbsp;&nbsp; Pedro Ortega Historiador del Arte [&hellip;]","og_url":"https:\/\/niramart.com\/revista-magazine\/miedho\/","og_site_name":"Niram Art Magazine","twitter_card":"summary_large_image","twitter_misc":{"Est. reading time":"5 minutes"}},"_links":{"self":[{"href":"https:\/\/niramart.com\/revista-magazine\/wp-json\/wp\/v2\/pages\/180","targetHints":{"allow":["GET"]}}],"collection":[{"href":"https:\/\/niramart.com\/revista-magazine\/wp-json\/wp\/v2\/pages"}],"about":[{"href":"https:\/\/niramart.com\/revista-magazine\/wp-json\/wp\/v2\/types\/page"}],"replies":[{"embeddable":true,"href":"https:\/\/niramart.com\/revista-magazine\/wp-json\/wp\/v2\/comments?post=180"}],"version-history":[{"count":0,"href":"https:\/\/niramart.com\/revista-magazine\/wp-json\/wp\/v2\/pages\/180\/revisions"}],"wp:attachment":[{"href":"https:\/\/niramart.com\/revista-magazine\/wp-json\/wp\/v2\/media?parent=180"}],"curies":[{"name":"wp","href":"https:\/\/api.w.org\/{rel}","templated":true}]}}