{"id":177,"date":"2024-04-01T07:40:56","date_gmt":"2024-04-01T07:40:56","guid":{"rendered":"https:\/\/niramart.com\/revista-magazine\/marinela-artista-a-sufletului-omenesc-de-valentina-alexa\/"},"modified":"2024-04-01T07:40:56","modified_gmt":"2024-04-01T07:40:56","slug":"marinela-artista-a-sufletului-omenesc-de-valentina-alexa","status":"publish","type":"page","link":"https:\/\/niramart.com\/revista-magazine\/marinela-artista-a-sufletului-omenesc-valentina-alexa\/","title":{"rendered":"Marinela. Artist\u0103 a sufletului omenesc de Valentina Alexa"},"content":{"rendered":"<div id=\"main-col\">\n<div id=\"content\">\n<article class=\"post-1391 post type-post status-publish format-standard hentry category-c42-articulos-romana category-uncategorized category-16-id category-1-id full-content meta-position-left-pullout fix\" id=\"post-1391\">\n<header class=\"post-header title-container fix\">\n<div class=\"title\">\n<h1 class=\"posttitle\"><a href=\"https:\/\/niramart.com\/revista-magazine\/marinela-artista-a-sufletului-omenesc-valentina-alexa\/\" class=\"entry-title\" rel=\"bookmark\" title=\"Marinela. Artist\u0103 a sufletului omenesc de Valentina Alexa\">Marinela. Artist\u0103 a sufletului omenesc de Valentina Alexa<\/a><\/h1>\n<\/div>\n<div class=\"date\"><span class=\"month\">May<\/span> <span class=\"day\">01<\/span><span class=\"year\">2016<\/span><\/div>\n<\/header>\n<p> <span class=\"post-format-icon\">&nbsp;<\/span><span class=\"updated\" title=\"2016-05-01T15:08:56+00:00\">&nbsp;<\/span><\/p>\n<div class=\"entry-container fix\">\n<div class=\"entry fix\">\n<p class=\"bch4dcbow065stdpy\"><img loading=\"lazy\" decoding=\"async\" class=\"alignleft\" src=\"https:\/\/niramart.com\/revista-magazine\/files\/2016\/05\/marinela-poza-1.jpg\" alt=\"\" width=\"276\" height=\"207\"\/>Tu, suflet curat, \u00eengera\u015f frumos, \u00een\u0103l\u0163at la Cer prea devreme! Marinela mea! Sora mea iubita! Ce trist\u0103 e lumea f\u0103r\u0103 tine, ce mare e golul din sufletul meu! Unde e\u015fti tu?<\/p>\n<p style=\"text-align: justify;\">Frumoas\u0103, cu ochi mari \u0219i verzi, \u00eentreb\u0103tori \u0219i juc\u0103u\u0219i, cu un neast\u00e2mp\u0103r de copil mic, dr\u0103g\u0103la\u0219, care \u0219tie c\u0103 e iubit de to\u021bi! Tu, bibeloul familiei noastre, care te-ai dus la sufletul tuturor prin felul t\u0103u de a fi, ginga\u0219 \u0219i minunat!<\/p>\n<p style=\"text-align: justify;\">S\u0103 \u0219tii s\u0103 mergi la inima omului \u0219i s\u0103 scormone\u0219ti acolo, s\u0103 \u00eembl\u00e2nze\u0219ti pe cineva prin faptul c\u0103 i-ai ar\u0103tat \u00eencredere, s\u0103 reu\u0219e\u0219ti s\u0103-l transformi, asta e art\u0103 pur\u0103! Artist\u0103 a sufletului omenesc, te numesc eu pe tine, cea care ai \u0219tiut s\u0103 c\u00e2n\u021bi at\u00eet de minunat! Inima ta a c\u00e2ntat \u00eentotdeauna bucuria incandescent\u0103 a vie\u021bii. Azi c\u00e2nd \u0219tiu c\u0103 m\u00e2ine este ziua mea, g\u00e2ndul meu e doar la tine. Nu m\u0103 pot lini\u0219ti! \u0218tiu c\u0103 se apropie \u0219i ziua ta \u0219i m\u0103 g\u00e2ndesc cum pot s\u0103 te cinstesc, cum pot s\u0103 te fac s\u0103 sim\u021bi c\u00e2t de mult \u00eensemni tu pentru noi. \u0218i atunci m-am g\u00e2ndit c\u0103 cel mai bine ar fi s\u0103-\u021bi ofer ni\u0219te flori de iubire. Inimioare, soare \u0219i ging\u0103\u0219ie \u00eentr-un buchet legat cu o fund\u0103 mare de bucurie! De bucurie c\u0103 exi\u0219ti, c\u0103 Dumnezeu te-a creat \u0219i c\u0103 oric\u00e2nd doresc, am acces la tine, prin sufletul meu. Sufletul meu \u0219i al t\u0103u sunt pentru totdeauna conectate, nu conteaza unde ne afl\u0103m fiecare. Suntem mereu \u00eempreun\u0103. Important este s\u0103 \u0219tim asta \u0219i s\u0103 zbur\u0103m spre stele.<\/p>\n<p style=\"text-align: justify;\">To\u021bi te iubim \u0219i la to\u021bi ne e dor de tine! Tu e\u0219ti pentru noi un dar de la Dumnezeu!<\/p>\n<p style=\"text-align: justify;\">\u2019\u2019Dumnezeu a iubit-o mai mult ca voi, de accea a luat-o la El!\u201d A\u0219a a spus cineva despre tine, iubita mea surioar\u0103! Da, te-a iubit pentru c\u0103 tu i-ai apar\u021binut Lui dintotdeauna \u0219i nou\u0103 ni te-a dat doar pentru o scurt\u0103 perioad\u0103 de timp, ca s\u0103 \u00eenv\u0103\u021b\u0103m de la tine, ca s\u0103 te avem, ca s\u0103 te iubim, ca s\u0103 ne bucur\u0103m de prezen\u021ba ta! Ce bine c\u0103 am stat mult timp \u00eempreun\u0103, ce bine c\u0103 am \u0219tiut ce e important. Nu ne-am risipit timpul, l-am pre\u021buit \u0219i l-am folosit pentru noi! Ne-am fost aproape \u0219i acum suntem la fel!!! Exi\u0219ti l\u00e2ng\u0103 mine, \u00een inima mea \u0219i \u00een via\u021ba mea! Prezen\u021ba ta este \u0219i mai puternic\u0103! Vedem acum \u0219i mai bine valoarea ta. \u00cen simplitate \u0219i adev\u0103r, \u00een lumin\u0103 \u0219i cur\u0103\u021benie sufleteasc\u0103, tu str\u0103luce\u0219ti! E\u0219ti diafan\u0103 \u0219i pl\u0103cut\u0103. Ai gra\u021bie \u0219i modestie \u0219i z\u00e2mbe\u0219ti at\u00e2t de frumos!<\/p>\n<p style=\"text-align: justify;\">Chipul t\u0103u minunat a fost \u00eentotdeuna t\u00een\u0103r, trupul la fel \u0219i sufletul de copil cuminte. Ce puternic\u0103 am fost \u0219i ce fericit\u0103 sunt c\u0103 te am! Care este minunatul t\u0103u dar, sora mea iubit\u0103?<\/p>\n<p style=\"text-align: justify;\">Ce ai avut tu at\u00e2t de pre\u021bios, de minunat? Ai avut acea candoare, naivitate \u0219i bun\u0103tate, care rar se mai g\u0103sesc azi.<\/p>\n<p style=\"text-align: justify;\">Ai iubit oamenii, \u021bi-a p\u0103sat de ei! I-ai pre\u021buit, i-ai respectat, erai atent\u0103 cu ei!! Cel mai important pentru tine era s\u0103 le dai aten\u021bie, s\u0103 \u00eei suni, s\u0103 le vorbe\u0219ti. \u0218i oamenii te iubeau la r\u00eendul lor, erau obi\u0219nui\u021bi cu tine; telefonul t\u0103u suna \u00eentruna. Telefonul t\u0103u era \u201dprietenu\u021bul t\u0103u\u201d. Telefonul t\u0103u a sunat \u0219i dup\u0103 ce tu te-ai dus \u00eentr-un loc minunat! Oamenii te-au sunat la acela\u0219i num\u0103r, le-a fost dor de tine! Etern ne va fi dor de tine, etern ne vei lipsi \u0219i te vom iubi!<\/p>\n<p style=\"text-align: justify;\">Colega ta de liceu care era timid\u0103 ca \u0219i tine, ar fi vrut s\u0103 fie prietena ta. Dar era timid\u0103&#8230; Dar ea nu te poate uita. A venit la noi pl\u00e2ng\u00e2nd,cu flori pentru tine, spun\u00e2nd c\u0103 dintre to\u021bi copiii numai tu \u00eei d\u0103deai bicicleta. Ea nu avea biciclet\u0103 \u0219i tu aveai. Ea nu poate uita, cum tu te bucurai atunci c\u00eend \u00eei d\u0103deai bicicleta. Te bucurai pentru bucuria ei!!! Ea spune despre tine cu lacrimi \u00een ochi: \u201dEra at\u00e2t de bun\u0103!\u201d Ea pl\u00e2nge acum dup\u0103 tine \u0219i tu nu ai \u0219tiut c\u0103t de mult te-a apreciat ea. Eu vreau s\u0103 \u00ee\u021bi spun c\u0103 ea \u021bi-a sim\u021bit bun\u0103tatea \u0219i c\u0103 tu e\u0219ti at\u00e2t de valoroas\u0103 pentru noi to\u021bi. Prin BUN\u0102TATE! Prin faptul c\u0103 ai vrut ca \u0219i ea s\u0103 se bucure! \u0218i e\u0219ti valoroas\u0103 pentru noi \u00een primul r\u00e2nd pentru c\u0103 e\u0219ti a noastr\u0103!<\/p>\n<p style=\"text-align: justify;\">Cea mai mare valoare a unui om este BUN\u0102TATEA lui! Nu exist\u0103 nimic mai puternic dec\u00eet bun\u0103tatea \u0219i iubirea! Acestea \u00eenfloresc \u00een puritate iar Dumnezeu se bucur\u0103 atunci c\u00eend un om este bun! Aceasta este voin\u021ba Lui!<\/p>\n<p style=\"text-align: justify;\">Marinela, azi, oamenii au venit la tine, acolo unde e\u0219ti tu acuma! Nu au putut s\u0103 nu vin\u0103! Nu pot sta f\u0103r\u0103 tine! Sufletul t\u0103u bun, dragostea ta pentru ei \u00eei leag\u0103 de tine! Devota\u021bi p\u00e2n\u0103 la lacrimi! A\u0219a cum ai fost tu pentru ei! Cum e\u0219ti tu pentru ei!!<\/p>\n<p style=\"text-align: justify;\">Ce r\u0103m\u00e2ne dup\u0103 noi? Ce este esen\u021bial? Doar ceea ce d\u0103m din inima noastr\u0103! Doar aceasta e valoare vie! At\u00e2t de mult ai d\u0103ruit \u0219i at\u00e2t de mult ai primit! Ce bogat\u0103 e\u0219ti! Arome de iubire \u0219i flori de trandafir, petale de crin plutesc acum \u00een jurul t\u0103u \u0219i tu te bucuri!<\/p>\n<p style=\"text-align: justify;\">Ai fost, e\u0219ti \u0219i vei fi important\u0103 pentru noi \u00eentotdeauna. \u0218tim c\u0103 ai fost \u0219i e\u0219ti un dar de la Dumnezeu pentru noi! Cu ging\u0103\u0219ia ta, cu privirea \u0219i candoarea ta, bun\u0103tatea inimii tale \u0219i \u00een\u021belepciunea ta delicat\u0103, fin\u0103. Erai at\u00eet de simpl\u0103 \u0219i de adev\u0103rat\u0103. \u0218tiai orice r\u0103spuns f\u0103r\u0103 s\u0103 faci efort pentru c\u0103 pluteai \u00een Adev\u0103r. Tu nu ai \u0219tiut s\u0103 min\u021bi! Ai iubit \u0219i ai primit iubire! Minunea mea, bibeloul meu! Te ador\u0103m \u0219i te avem cu noi pentru totdeauna! Fiind la Cer, te vedem \u0219i mai bine, ne minun\u0103m \u0219i mai mult de calit\u0103\u021bile tale, de bucuria \u0219i energia pe care o transmiteai \u00een jur. L\u00e2ng\u0103 tine oamenii se sim\u021beau cura\u021bi, lini\u0219ti\u021bi. Erai a\u0219a de pl\u0103cut\u0103 \u0219i vorbeai a\u0219a frumos! Niciodat\u0103 nu ai jignit pe nimeni! \u0218tiai s\u0103 r\u00e2zi \u0219i ai \u0219tiut s\u0103 te bucuri! Ai avut partea ta de durere! Dar ai \u00eenvins! Ai \u00eenvins pentru c\u0103 \u021bi-ai p\u0103strat candoarea, \u021bi-ai p\u0103strat voio\u0219ia \u0219i speran\u021ba \u0219i pentru c\u0103 ai tr\u0103it cu adev\u0103rat. Suntem din nou noi \u00een\u0219ine c\u0103nd doar ne g\u00eendim la tine. \u0218tim c\u0103 e\u0219ti a noastr\u0103 \u0219i te iubim mult. Ne apar\u021bii!<\/p>\n<p style=\"text-align: justify;\">Fie acesta cadoul meu pentru tine, de ziua ta! O recunoa\u0219tere pe care \u021bi-o ofer \u021bie, sora mea, care ai f\u0103cut ceva pe lumea asta, care ai l\u0103sat urme at\u00e2t de ad\u00e2nci \u00een noi prin dragostea \u0219i iubirea ta, prin ging\u0103\u0219ie, candoare \u0219i puritate!<\/p>\n<p style=\"text-align: justify;\">Te iubim Marinela, acum \u0219i mereu, miracolul nostru viu!<\/p>\n<p style=\"text-align: justify;\">Valentina Alexa<\/p>\n<\/div>\n<div class=\"meta-pullout meta-left-pullout\">\n<ul>\n<li class=\"fix\"><span class=\"category\"><span class=\"icon\">&nbsp;<\/span> <a href=\"https:\/\/niramart.com\/revista-magazine\/category\/s5-articulos\/c42-articulos-romana\/\" rel=\"category tag\">Articole in limba romana<\/a>, <a href=\"https:\/\/niramart.com\/revista-magazine\/category\/uncategorized\/\" rel=\"category tag\">Uncategorized<\/a><\/span><\/li>\n<\/ul>\n<\/div>\n<\/div>\n<footer class=\"post-footer postdata fix\"> <\/footer>\n<section id=\"comments\"> <\/section>\n<\/article>\n<nav class=\"post-nav fix\">\n<table>\n<tr>\n<td class=\"previous\"><a href=\"https:\/\/niramart.com\/revista-magazine\/limbaj-corporal-si-limbaj-verbal-in-arta-actorului-de-otilia-huzum\/\" rel=\"prev\"><span class=\"icon\">&nbsp;<\/span> Limbaj corporal \u015fi limbaj verbal \u00een arta actorului de Otilia Huzum<\/a><\/td>\n<td class=\"next\"><a href=\"https:\/\/niramart.com\/revista-magazine\/calea-cea-vesnic-dreapta-a-arhitecturii-de-anca-sandu-tomaszewski\/\" rel=\"next\"><span class=\"icon\">&nbsp;<\/span> Calea cea ve\u015fnic dreapt\u0103 a arhitecturii de Anca Sandu Tomaszewski<\/a><\/td>\n<\/tr>\n<\/table>\n<\/nav>\n<\/div>\n<\/div>\n","protected":false,"raw":""},"excerpt":{"rendered":"<p>Marinela. Artist\u0103 a sufletului omenesc de Valentina Alexa May [&hellip;]<\/p>\n","protected":false},"author":0,"featured_media":0,"parent":0,"menu_order":0,"comment_status":"closed","ping_status":"closed","template":"","meta":{"footnotes":""},"class_list":["post-177","page","type-page","status-publish","hentry"],"yoast_head":"<!-- This site is optimized with the Yoast SEO plugin v27.4 - https:\/\/yoast.com\/product\/yoast-seo-wordpress\/ -->\n<title>Marinela. Artist\u0103 a sufletului omenesc de Valentina Alexa \u00bb Niram Art Magazine<\/title>\n<meta name=\"robots\" content=\"index, follow, max-snippet:-1, max-image-preview:large, max-video-preview:-1\" \/>\n<link rel=\"canonical\" href=\"https:\/\/niramart.com\/revista-magazine\/marinela-artista-a-sufletului-omenesc-valentina-alexa\/\" \/>\n<meta property=\"og:type\" content=\"article\" \/>\n<meta property=\"og:title\" content=\"Marinela. Artist\u0103 a sufletului omenesc de Valentina Alexa \u00bb Niram Art Magazine\" \/>\n<meta property=\"og:description\" content=\"Marinela. Artist\u0103 a sufletului omenesc de Valentina Alexa May [&hellip;]\" \/>\n<meta property=\"og:url\" content=\"https:\/\/niramart.com\/revista-magazine\/marinela-artista-a-sufletului-omenesc-valentina-alexa\/\" \/>\n<meta property=\"og:site_name\" content=\"Niram Art Magazine\" \/>\n<meta name=\"twitter:card\" content=\"summary_large_image\" \/>\n<meta name=\"twitter:label1\" content=\"Est. reading time\" \/>\n\t<meta name=\"twitter:data1\" content=\"6 minutes\" \/>\n<!-- \/ Yoast SEO plugin. -->","yoast_head_json":{"title":"Marinela. Artist\u0103 a sufletului omenesc de Valentina Alexa \u00bb Niram Art Magazine","robots":{"index":"index","follow":"follow","max-snippet":"max-snippet:-1","max-image-preview":"max-image-preview:large","max-video-preview":"max-video-preview:-1"},"canonical":"https:\/\/niramart.com\/revista-magazine\/marinela-artista-a-sufletului-omenesc-valentina-alexa\/","og_type":"article","og_title":"Marinela. Artist\u0103 a sufletului omenesc de Valentina Alexa \u00bb Niram Art Magazine","og_description":"Marinela. Artist\u0103 a sufletului omenesc de Valentina Alexa May [&hellip;]","og_url":"https:\/\/niramart.com\/revista-magazine\/marinela-artista-a-sufletului-omenesc-valentina-alexa\/","og_site_name":"Niram Art Magazine","twitter_card":"summary_large_image","twitter_misc":{"Est. reading time":"6 minutes"}},"_links":{"self":[{"href":"https:\/\/niramart.com\/revista-magazine\/wp-json\/wp\/v2\/pages\/177","targetHints":{"allow":["GET"]}}],"collection":[{"href":"https:\/\/niramart.com\/revista-magazine\/wp-json\/wp\/v2\/pages"}],"about":[{"href":"https:\/\/niramart.com\/revista-magazine\/wp-json\/wp\/v2\/types\/page"}],"replies":[{"embeddable":true,"href":"https:\/\/niramart.com\/revista-magazine\/wp-json\/wp\/v2\/comments?post=177"}],"version-history":[{"count":0,"href":"https:\/\/niramart.com\/revista-magazine\/wp-json\/wp\/v2\/pages\/177\/revisions"}],"wp:attachment":[{"href":"https:\/\/niramart.com\/revista-magazine\/wp-json\/wp\/v2\/media?parent=177"}],"curies":[{"name":"wp","href":"https:\/\/api.w.org\/{rel}","templated":true}]}}