{"id":176,"date":"2024-04-01T07:40:56","date_gmt":"2024-04-01T07:40:56","guid":{"rendered":"https:\/\/niramart.com\/revista-magazine\/marcella-savaget-madeira-una-vision-propia-sobre-su-pintura\/"},"modified":"2024-04-01T07:40:56","modified_gmt":"2024-04-01T07:40:56","slug":"marcella-savaget-madeira-una-vision-propia-sobre-su-pintura","status":"publish","type":"page","link":"https:\/\/niramart.com\/revista-magazine\/marcella-savaget-madeira-una-vision-propia-sobre-su-pintura\/","title":{"rendered":"MARCELLA SAVAGET MADEIRA \u2013 una visi\u00f3n propia sobre su pintura"},"content":{"rendered":"<div id=\"main-col\">\n<div id=\"content\">\n<article class=\"post-50 post type-post status-publish format-standard hentry category-c39-articulos-espanol category-bellas-artes category-c54-no-3-4-2010 category-18-id category-119-id category-26-id full-content meta-position-left-pullout fix\" id=\"post-50\">\n<header class=\"post-header title-container fix\">\n<div class=\"title\">\n<h1 class=\"posttitle\"><a href=\"https:\/\/niramart.com\/revista-magazine\/marcella-savaget-madeira-una-vision-propia-sobre-su-pintura\/\" class=\"entry-title\" rel=\"bookmark\" title=\"MARCELLA SAVAGET MADEIRA \u2013 una visi\u00f3n propia sobre su pintura\">MARCELLA SAVAGET MADEIRA \u2013 una visi\u00f3n propia sobre su pintura<\/a><\/h1>\n<\/div>\n<div class=\"date\"><span class=\"month\">May<\/span> <span class=\"day\">19<\/span><span class=\"year\">2010<\/span><\/div>\n<\/header>\n<p> <span class=\"post-format-icon\">&nbsp;<\/span><span class=\"updated\" title=\"2010-05-19T20:09:34+00:00\">&nbsp;<\/span><\/p>\n<div class=\"entry-container fix\">\n<div class=\"entry fix\">\n<p class=\"bch4dcbow065stdpy\">&nbsp;<\/p>\n<p style=\"text-align: center;\">\n<p class=\"bch4dcbow065stdpy\">Mis trabajos llenos de color utilizan pegatinas, cortes hechos a mano, fotograf\u00edas de flores y  papeles pintados en conjunto con mi proceso de pintura. El punto de partida de mi trabajo es la estrategia que artistas Cubistas engendraron del \u201ccollage\u201d. Mis \u201ccollages\u201d exploran las posibilidades que ofrecen la pr\u00e1ctica de la pintura de hoy; es un proceso de apropiaci\u00f3n y de revisi\u00f3n de la imaginer\u00eda visual y de la historia del arte en s\u00ed mismo para crear un di\u00e1logo entre dos idiomas y dos mundos, entre el arte de baja y alta, as\u00ed como el contraste entre lo org\u00e1nico y lo geom\u00e9trico.<\/p>\n<p class=\"bch4dcbow065stdpy\">Estoy interesada en la organizaci\u00f3n crom\u00e1tica de la arte geom\u00e9trica, pero con libertad de tomar las im\u00e1genes que viene de mundos diversos. El patr\u00f3n r\u00edtmico de la mezcla de pintura y collages juega con las ideas de la belleza y decoraci\u00f3n, sacadas de realidades diferentes para producir ambivalencias y ambig\u00fcedades en un lugar de representaci\u00f3n hecho con rigor conceptual y la disciplina constructivista. A trav\u00e9s de esta diversidad de pr\u00e1cticas y la multiplicidad de fuentes, quiero explorar todo el \u00e1mbito de las artes visuales en todos los diferentes medios de expresi\u00f3n.<\/p>\n<\/div>\n<div class=\"meta-pullout meta-left-pullout\">\n<ul>\n<li class=\"fix\"><span class=\"category\"><span class=\"icon\">&nbsp;<\/span> <a href=\"https:\/\/niramart.com\/revista-magazine\/category\/s5-articulos\/c39-articulos-espanol\/\" rel=\"category tag\">Articulos espa\u00f1ol<\/a>, <a href=\"https:\/\/niramart.com\/revista-magazine\/category\/bellas-artes\/\" rel=\"category tag\">Bellas Artes<\/a>, <a href=\"https:\/\/niramart.com\/revista-magazine\/category\/s5-articulos\/c54-no-3-4-2010\/\" rel=\"category tag\">N\u00ba 3 &#8211; 4, 2010<\/a><\/span><\/li>\n<\/ul>\n<\/div>\n<\/div>\n<footer class=\"post-footer postdata fix\"><\/footer>\n<section id=\"comments\"><\/section>\n<\/article>\n<nav class=\"post-nav fix\">\n<table>\n<tr>\n<td class=\"previous\"><a href=\"https:\/\/niramart.com\/revista-magazine\/primera-exposicion-colectiva-de-los-artistas-arttime\/\" rel=\"prev\"><span class=\"icon\">&nbsp;<\/span> PRIMERA EXPOSICI\u00d3N COLECTIVA   DE LOS ARTISTAS  ARTTIME<\/a><\/td>\n<td class=\"next\"><a href=\"https:\/\/niramart.com\/revista-magazine\/el-cubismo-el-ultimo-escalon-antes-de-la-vision-naive-de-la-realidad-de-lara-gala\/\" rel=\"next\"><span class=\"icon\">&nbsp;<\/span> EL CUBISMO EL \u00daLTIMO ESCAL\u00d3N ANTES DE  LA VISI\u00d3N \u201cNA\u00cfVE\u201d  DE LA REALIDAD   de Lara Gala<\/a><\/td>\n<\/tr>\n<\/table>\n<\/nav>\n<\/div>\n<\/div>\n","protected":false,"raw":""},"excerpt":{"rendered":"<p>MARCELLA SAVAGET MADEIRA \u2013 una visi\u00f3n propia sobre su [&hellip;]<\/p>\n","protected":false},"author":0,"featured_media":0,"parent":0,"menu_order":0,"comment_status":"closed","ping_status":"closed","template":"","meta":{"footnotes":""},"class_list":["post-176","page","type-page","status-publish","hentry"],"yoast_head":"<!-- This site is optimized with the Yoast SEO plugin v27.4 - https:\/\/yoast.com\/product\/yoast-seo-wordpress\/ -->\n<title>MARCELLA SAVAGET MADEIRA \u2013 una visi\u00f3n propia sobre su pintura \u00bb Niram Art Magazine<\/title>\n<meta name=\"robots\" content=\"index, follow, max-snippet:-1, max-image-preview:large, max-video-preview:-1\" \/>\n<link rel=\"canonical\" href=\"https:\/\/niramart.com\/revista-magazine\/marcella-savaget-madeira-una-vision-propia-sobre-su-pintura\/\" \/>\n<meta property=\"og:type\" content=\"article\" \/>\n<meta property=\"og:title\" content=\"MARCELLA SAVAGET MADEIRA \u2013 una visi\u00f3n propia sobre su pintura \u00bb Niram Art Magazine\" \/>\n<meta property=\"og:description\" content=\"MARCELLA SAVAGET MADEIRA \u2013 una visi\u00f3n propia sobre su [&hellip;]\" \/>\n<meta property=\"og:url\" content=\"https:\/\/niramart.com\/revista-magazine\/marcella-savaget-madeira-una-vision-propia-sobre-su-pintura\/\" \/>\n<meta property=\"og:site_name\" content=\"Niram Art Magazine\" \/>\n<meta name=\"twitter:card\" content=\"summary_large_image\" \/>\n<meta name=\"twitter:label1\" content=\"Est. reading time\" \/>\n\t<meta name=\"twitter:data1\" content=\"1 minute\" \/>\n<!-- \/ Yoast SEO plugin. -->","yoast_head_json":{"title":"MARCELLA SAVAGET MADEIRA \u2013 una visi\u00f3n propia sobre su pintura \u00bb Niram Art Magazine","robots":{"index":"index","follow":"follow","max-snippet":"max-snippet:-1","max-image-preview":"max-image-preview:large","max-video-preview":"max-video-preview:-1"},"canonical":"https:\/\/niramart.com\/revista-magazine\/marcella-savaget-madeira-una-vision-propia-sobre-su-pintura\/","og_type":"article","og_title":"MARCELLA SAVAGET MADEIRA \u2013 una visi\u00f3n propia sobre su pintura \u00bb Niram Art Magazine","og_description":"MARCELLA SAVAGET MADEIRA \u2013 una visi\u00f3n propia sobre su [&hellip;]","og_url":"https:\/\/niramart.com\/revista-magazine\/marcella-savaget-madeira-una-vision-propia-sobre-su-pintura\/","og_site_name":"Niram Art Magazine","twitter_card":"summary_large_image","twitter_misc":{"Est. reading time":"1 minute"}},"_links":{"self":[{"href":"https:\/\/niramart.com\/revista-magazine\/wp-json\/wp\/v2\/pages\/176","targetHints":{"allow":["GET"]}}],"collection":[{"href":"https:\/\/niramart.com\/revista-magazine\/wp-json\/wp\/v2\/pages"}],"about":[{"href":"https:\/\/niramart.com\/revista-magazine\/wp-json\/wp\/v2\/types\/page"}],"replies":[{"embeddable":true,"href":"https:\/\/niramart.com\/revista-magazine\/wp-json\/wp\/v2\/comments?post=176"}],"version-history":[{"count":0,"href":"https:\/\/niramart.com\/revista-magazine\/wp-json\/wp\/v2\/pages\/176\/revisions"}],"wp:attachment":[{"href":"https:\/\/niramart.com\/revista-magazine\/wp-json\/wp\/v2\/media?parent=176"}],"curies":[{"name":"wp","href":"https:\/\/api.w.org\/{rel}","templated":true}]}}