{"id":175,"date":"2024-04-01T07:40:56","date_gmt":"2024-04-01T07:40:56","guid":{"rendered":"https:\/\/niramart.com\/revista-magazine\/lumea-de-sub-morminte-de-dan-caragea\/"},"modified":"2024-04-01T07:40:56","modified_gmt":"2024-04-01T07:40:56","slug":"lumea-de-sub-morminte-de-dan-caragea","status":"publish","type":"page","link":"https:\/\/niramart.com\/revista-magazine\/lumea-de-sub-morminte-de-dan-caragea\/","title":{"rendered":"Lumea de sub morminte de Dan Caragea"},"content":{"rendered":"<div id=\"main-col\">\n<div id=\"content\">\n<article class=\"post-183 post type-post status-publish format-standard has-post-thumbnail hentry category-c42-articulos-romana category-c49-marzo-abril-2011 tag-dan-caragea tag-gaura tag-stefan-mitroi category-16-id category-22-id full-content meta-position-left-pullout fix\" id=\"post-183\">\n<header class=\"post-header title-container fix\">\n<div class=\"title\">\n<h1 class=\"posttitle\"><a href=\"https:\/\/niramart.com\/revista-magazine\/lumea-de-sub-morminte-de-dan-caragea\/\" class=\"entry-title\" rel=\"bookmark\" title=\"Lumea de sub morminte de Dan Caragea\">Lumea de sub morminte de Dan Caragea<\/a><\/h1>\n<\/div>\n<div class=\"date\"><span class=\"month\">May<\/span> <span class=\"day\">21<\/span><span class=\"year\">2011<\/span><\/div>\n<\/header>\n<p> <span class=\"post-format-icon\">&nbsp;<\/span><span class=\"updated\" title=\"2011-05-21T20:38:53+00:00\">&nbsp;<\/span><\/p>\n<div class=\"entry-container fix\">\n<div class=\"entry fix\">\n<div class=\"left-thumbnail\"><\/div>\n<p class=\"bch4dcbow065stdpy\">In toamna anului 2004, am facut o calatorie, cu autocarul, de la Lisabona la Santiago de Compostela. Am obiceiul ca, ori de cate ori calatoresc, sa-mi iau cu mine o carte pentru a rezista monotoniei, orelor moarte si insomniilor hoteliere. Am ales atunci GAURA. APA VIE, APA MOARTA, al doilea roman al lui Stefan Mitroi, si care aparuse la Bucuresti \u00een urma cu cateva luni. Marturisesc ca nu mi se \u00eentampla des ca, atunci cand \u00eencep o lectura, sa nu mai pot lasa cartea din mana pana nu ajung la capat. Este confirmarea suprema, pentru mine, fara a-mi purta gandurile prin alambicate retorte analitice, ca acea carte este o carte buna. Seductia a dainuit mult timp si m-am pomenit traducand-o \u00een portugheza, fara sa-mi var nasul \u00een verdictele criticii. Si iata ca acum, \u00een anul 2011, GAURA apare si pe piata literara spaniola. Nu stiu sa va explic, \u00een chip satisfacator, de ce unele carti \u00eencep, prin vointe umane conjugate, sa calatoreasca.<\/p>\n<p class=\"MsoNormal\" style=\"text-align: justify; text-indent: 35.4pt;\">Am pomenit \u00een paragraful anterior de mai multe ori cuvantul calatorie, si acest fapt nu este deloc \u00eentamplator. Un foarte inteligent om de litere roman, Marian Popa, a spus candva ca formula epicului s-ar reduce la \u201ecineva care vine sau la cineva care pleaca\u201d. Astfel, arhitema naratiunii din totdeauna a fost calatoria. Romanul lui Stefan Mitroi nu dezminte aceasta lapidara exprimare.<\/p>\n<p class=\"MsoNormal\" style=\"text-align: justify; text-indent: 35.4pt;\">GAURA este, \u00eenainte de toate, romanul unei calatorii ad inferos, \u00een cautarea lumii de dincolo, zisa ireala sau fantastica, dar, despre acest adevar, Stefan Mitroi are \u201eingenua\u201d \u00eentelepciune de a se \u00eendoi. Lumile sale sunt deopotriva reale, caci imaginarul romancierului se tese din memoriile colectivitatii natale, din visele si basmele pe care si le plasmuieste pentru copilul din el, din jocul manierist al \u201elumii pe dos\u201d, din mestesugiri poetice si din scenete dramatice rascroite din eternul teatru al vietii. Mitroi scrie \u00eentr-un fel sincretic, urzind abil epicul, liricul si dramaticul. Aceasta particularitate a scriiturii sale romanesti m-a facut sa-l iau tot mai serios \u00een seama \u00een acesti ultimi ani.<\/p>\n<p class=\"MsoNormal\" style=\"text-align: justify; text-indent: 35.4pt;\">GAURA (un cuvant \u201eadanc\u201d, care ne vine din substratul traco-iliric) este, deopotriva, si romanul unui calator care \u00eesi \u00eemplineste destinul. Anghel Preducel, fantanarul, pleaca dintr-un sat din sudul romanesc \u00een lumea de dedesubt, haladuind, dupa spusele autorului, vreo douazeci si cinci de ani pe acolo. Indigentei vietii materiale cotidiene de la tara, i se opune apetenta oamenilor pentru filozofare, pentru iscodirea adevarurile existentiale. Iata de ce, cred eu, la Stefan Mitroi, maniera clasica de a trata ruralul nu este nici pitoreasca, nici realista, nici magica. Taranul sau este un om pur si simplu aidoma tuturor pamantenilor, dar care vietuieste \u00eentr-un spatiu mental al memoriei colective \u00een care sacrul, \u00een sensul lui Eliade, \u00eenca nu a cazut \u00een profan.<\/p>\n<p class=\"MsoNormal\" style=\"text-align: justify; text-indent: 35.4pt;\">\u00cen GAURA, naratiunea se sprijina pe un triunghi discursiv: profetiile Tamaitei, care vorbeste de soarta si de blestem \u00een chip aproape antic, povestea tigancii Caterina si scrisorile lui Anghel protagonistul.<\/p>\n<p class=\"MsoNormal\" style=\"text-align: justify; text-indent: 35.4pt;\">Ca \u00een orice mare calatorie transgresiva, important nu este dobandirea tainei ultime, ci drumul initiatic \u00een abisurile fiintei eroului ? un visator, un nebun, un damnat. Nu stim prea bine ce este si nici nu e musai sa stim, caci povestea unui om nu este cu adevarat exemplara decat daca \u00eesi pastreaza nedezvaluit misterul.<\/p>\n<p class=\"MsoNormal\" style=\"text-align: justify; text-indent: 35.4pt;\">Astfel, cartea lui Stefan Mitroi se \u00eentregeste cu o alta, speculara, \u00een sufletul nostru eratic, carte despre care nu stim decat ca \u00eencepe sa se \u201escrie\u201d din clipa \u00een care, extaziati, revoltati sau buimaciti, am terminat ultimul rand si \u00eenchidem coperta acestui foarte ingenios roman.<\/p>\n<p class=\"MsoNormal\" style=\"text-align: justify;\"><\/div>\n<div class=\"meta-pullout meta-left-pullout\">\n<ul>\n<li class=\"fix\"><span class=\"category\"><span class=\"icon\">&nbsp;<\/span> <a href=\"https:\/\/niramart.com\/revista-magazine\/category\/s5-articulos\/c42-articulos-romana\/\" rel=\"category tag\">Articole in limba romana<\/a>, <a href=\"https:\/\/niramart.com\/revista-magazine\/category\/s5-articulos\/c49-marzo-abril-2011\/\" rel=\"category tag\">N\u00ba 3-4, 2011<\/a><\/span><\/li>\n<li class=\"fix\"><span class=\"tags tax\"><span class=\"icon\">&nbsp;<\/span>Tagged with: <a href=\"https:\/\/niramart.com\/revista-magazine\/tag\/dan-caragea\/\" rel=\"tag\">dan caragea<\/a>, <a href=\"https:\/\/niramart.com\/revista-magazine\/tag\/gaura\/\" rel=\"tag\">gaura<\/a>, <a href=\"https:\/\/niramart.com\/revista-magazine\/tag\/stefan-mitroi\/\" rel=\"tag\">stefan mitroi<\/a><\/span><\/li>\n<\/ul>\n<\/div>\n<\/div>\n<footer class=\"post-footer postdata fix\"><\/footer>\n<section id=\"comments\"><\/section>\n<\/article>\n<nav class=\"post-nav fix\">\n<table>\n<tr>\n<td class=\"previous\"><a href=\"https:\/\/niramart.com\/revista-magazine\" rel=\"prev\"><span class=\"icon\">&nbsp;<\/span> Biograf\u00eda Onik Sahakian<\/a><\/td>\n<td class=\"next\"><a href=\"https:\/\/niramart.com\/revista-magazine\" rel=\"next\"><span class=\"icon\">&nbsp;<\/span> Universul Feminin al fotografei Mara Athanasios<\/a><\/td>\n<\/tr>\n<\/table>\n<\/nav>\n<\/div>\n<\/div>\n","protected":false,"raw":""},"excerpt":{"rendered":"<p>Lumea de sub morminte de Dan Caragea May 212011 [&hellip;]<\/p>\n","protected":false},"author":0,"featured_media":0,"parent":0,"menu_order":0,"comment_status":"closed","ping_status":"closed","template":"","meta":{"footnotes":""},"class_list":["post-175","page","type-page","status-publish","hentry"],"yoast_head":"<!-- This site is optimized with the Yoast SEO plugin v27.4 - https:\/\/yoast.com\/product\/yoast-seo-wordpress\/ -->\n<title>Lumea de sub morminte de Dan Caragea \u00bb Niram Art Magazine<\/title>\n<meta name=\"robots\" content=\"index, follow, max-snippet:-1, max-image-preview:large, max-video-preview:-1\" \/>\n<link rel=\"canonical\" href=\"https:\/\/niramart.com\/revista-magazine\/lumea-de-sub-morminte-de-dan-caragea\/\" \/>\n<meta property=\"og:type\" content=\"article\" \/>\n<meta property=\"og:title\" content=\"Lumea de sub morminte de Dan Caragea \u00bb Niram Art Magazine\" \/>\n<meta property=\"og:description\" content=\"Lumea de sub morminte de Dan Caragea May 212011 [&hellip;]\" \/>\n<meta property=\"og:url\" content=\"https:\/\/niramart.com\/revista-magazine\/lumea-de-sub-morminte-de-dan-caragea\/\" \/>\n<meta property=\"og:site_name\" content=\"Niram Art Magazine\" \/>\n<meta name=\"twitter:card\" content=\"summary_large_image\" \/>\n<meta name=\"twitter:label1\" content=\"Est. reading time\" \/>\n\t<meta name=\"twitter:data1\" content=\"3 minutes\" \/>\n<!-- \/ Yoast SEO plugin. -->","yoast_head_json":{"title":"Lumea de sub morminte de Dan Caragea \u00bb Niram Art Magazine","robots":{"index":"index","follow":"follow","max-snippet":"max-snippet:-1","max-image-preview":"max-image-preview:large","max-video-preview":"max-video-preview:-1"},"canonical":"https:\/\/niramart.com\/revista-magazine\/lumea-de-sub-morminte-de-dan-caragea\/","og_type":"article","og_title":"Lumea de sub morminte de Dan Caragea \u00bb Niram Art Magazine","og_description":"Lumea de sub morminte de Dan Caragea May 212011 [&hellip;]","og_url":"https:\/\/niramart.com\/revista-magazine\/lumea-de-sub-morminte-de-dan-caragea\/","og_site_name":"Niram Art Magazine","twitter_card":"summary_large_image","twitter_misc":{"Est. reading time":"3 minutes"}},"_links":{"self":[{"href":"https:\/\/niramart.com\/revista-magazine\/wp-json\/wp\/v2\/pages\/175","targetHints":{"allow":["GET"]}}],"collection":[{"href":"https:\/\/niramart.com\/revista-magazine\/wp-json\/wp\/v2\/pages"}],"about":[{"href":"https:\/\/niramart.com\/revista-magazine\/wp-json\/wp\/v2\/types\/page"}],"replies":[{"embeddable":true,"href":"https:\/\/niramart.com\/revista-magazine\/wp-json\/wp\/v2\/comments?post=175"}],"version-history":[{"count":0,"href":"https:\/\/niramart.com\/revista-magazine\/wp-json\/wp\/v2\/pages\/175\/revisions"}],"wp:attachment":[{"href":"https:\/\/niramart.com\/revista-magazine\/wp-json\/wp\/v2\/media?parent=175"}],"curies":[{"name":"wp","href":"https:\/\/api.w.org\/{rel}","templated":true}]}}