{"id":171,"date":"2024-04-01T07:40:56","date_gmt":"2024-04-01T07:40:56","guid":{"rendered":"https:\/\/niramart.com\/revista-magazine\/lichis-el-vate-verbenero\/"},"modified":"2024-04-01T07:40:56","modified_gmt":"2024-04-01T07:40:56","slug":"lichis-el-vate-verbenero","status":"publish","type":"page","link":"https:\/\/niramart.com\/revista-magazine\/lichis-el-vate-verbenero\/","title":{"rendered":"Lichis, el vate verbenero"},"content":{"rendered":"<div id=\"main-col\">\n<div id=\"content\">\n<article class=\"post-838 post type-post status-publish format-standard hentry category-c39-articulos-espanol category-no-5-6-s5-articulos tag-diego-vadillo-lopez tag-lichis category-18-id category-127-id full-content meta-position-left-pullout fix\" id=\"post-838\">\n<header class=\"post-header title-container fix\">\n<div class=\"title\">\n<h1 class=\"posttitle\"><a href=\"https:\/\/niramart.com\/revista-magazine\/lichis-el-vate-verbenero\/\" class=\"entry-title\" rel=\"bookmark\" title=\"Lichis, el vate verbenero\">Lichis, el vate verbenero<\/a><\/h1>\n<\/div>\n<div class=\"date\"><span class=\"month\">Apr<\/span> <span class=\"day\">08<\/span><span class=\"year\">2013<\/span><\/div>\n<\/header>\n<p> <span class=\"post-format-icon\">&nbsp;<\/span><span class=\"updated\" title=\"2013-04-08T10:25:59+00:00\">&nbsp;<\/span><\/p>\n<div class=\"entry-container fix\">\n<div class=\"entry fix\">\n<div style=\"width: 610px\" class=\"wp-caption alignleft\">\n<p class=\"wp-caption-text\">Lichis<\/p>\n<\/div>\n<p class=\"bch4dcbow065stdpy\"><b>Diego Vadillo L\u00f3pez<\/b><\/p>\n<p class=\"bch4dcbow065stdpy\">&nbsp;<\/p>\n<p class=\"bch4dcbow065stdpy\">Transcurre el curso de ese r\u00edo que es Lichis por entre los terrenos pe\u00f1ascosos del mundo actual. El itinerario de sus aguas refrescantes sortea la p\u00e9trea evidencia con donosura y, a la vez, se enriquece con los sedimentos adheridos al pedrusco de la sociedad civil. As\u00ed las cosas, cuando desemboca el torrente Lichis en el embalse creativo, este queda listo para calmar la sed de buenas canciones de la que est\u00e1 aquejado el cuerpo social.<\/p>\n<p class=\"bch4dcbow065stdpy\">Lichis es un potajier que nos obsequia los brebajes m\u00e1s chuscos.<\/p>\n<p class=\"bch4dcbow065stdpy\">Lejos de postinear, se entrega a la tarea de elevar a categor\u00eda insignificancias archipresentes en el fondo de armario del d\u00eda a d\u00eda.<\/p>\n<p class=\"bch4dcbow065stdpy\">No se expresa Lichis pontificalmente como otros cantautores que se sienten aureolados por el destino para redimir al reba\u00f1o.<\/p>\n<p class=\"bch4dcbow065stdpy\">\u00c9l, por su parte, ostenta un procerato de golfo de Lavapi\u00e9s con acento charnego.<\/p>\n<p class=\"bch4dcbow065stdpy\">Es un surtidor de letras que puede degustar todo quisque con regocijo, porque introduce las migas y \u00e1caros que se encuentren sobre la tarima flotante del mundo actual y los oculta bajo la alfombra persa del m\u00e1s imprevisto lance de ingenio.<\/p>\n<p class=\"bch4dcbow065stdpy\">Lichis es un copigorrista capcioso cuya mente dispone de la goluba con la que se le hace f\u00e1cil arrancar los cardos que luego son tornados delicia en su laboratorio intelectual. No en vano es un cirujano pl\u00e1stico que dota de novedosos rasgos est\u00e9ticos a los m\u00e1s insospechados materiales. Hace ecolog\u00eda cuando recicla materias primas desechadas por la tradici\u00f3n m\u00e1s relamida, y compite con esta en la altura de sus castellets l\u00edricos.<\/p>\n<p class=\"bch4dcbow065stdpy\">Las letras de Lichis, en definitiva, siguen la misma l\u00f3gica arquitect\u00f3nica que la catedral de Mejorada del Campo obrada por don Justo.<\/p>\n<p class=\"bch4dcbow065stdpy\">La mente r\u00e1pida del cantor integra secuencias pertenecientes a dominios \u201ca priori\u201d inconexos de la realidad; hace arte pop, collage&#8230;<\/p>\n<p class=\"bch4dcbow065stdpy\">Por ejemplo, la canci\u00f3n \u201cEl d\u00eda de tu boda\u201d es iniciada as\u00ed: \u201cHay un pensamiento triste&#8230;\u201d, y  a continuaci\u00f3n se a\u00f1ade: \u201ccomo el cuarto de la plancha\u201d. Cuando el comienzo de la frase nos predispon\u00eda a cierta hondura y calado, se a\u00f1ade un segundo t\u00e9rmino comparativo que disloca, de alg\u00fan modo, nuestras expectativas pero que, por otro lado, si reparamos convenientemente, posee id\u00e9ntica profundidad, pero ahora, adem\u00e1s, esta es est\u00e9tica, pues, ciertamente, el cuarto de la plancha suele ser un lugar l\u00fagubre y anodino, a diferencia de otras estancias de un hogar medio. Por tanto, se ha obrado el milagro de conectar dos secuencias coherentes pese a sus diferentes tonalidades: especulativa y l\u00fadica respectivamente.<\/p>\n<p class=\"bch4dcbow065stdpy\">A la misma canci\u00f3n pertenece el siguiente pasaje: \u201cTe voy a querer\/ como en las canciones de los Camela\u201d. Sucede lo mismo que en el anterior: parece empezar poni\u00e9ndose grave para, finalmente, despe\u00f1ar tal gravedad por la monta\u00f1a del regocijo pl\u00e1stico, puesto que la referencia al grupo Camela viene a rebajar el tan manido t\u00f3pico de la declaraci\u00f3n de amor entendido como algo sublime y rociado con az\u00facar glaseada. Camela es un grupo que conecta muy bien con la gente de barrio cantando historias de amor sencillas de un modo directo y accesible, luego aqu\u00ed entra cierta iron\u00eda cervantina, dado que se han obviado referentes m\u00e1s ligados a la tradici\u00f3n cultural m\u00e1s egregia a favor de la incursi\u00f3n de un elemento m\u00e1s aparejado a la cultura popular.<\/p>\n<p class=\"bch4dcbow065stdpy\">Ambos ejemplos son extrapolables a la pr\u00e1ctica totalidad de las canciones de Lichis, un tonadillero granuja con un pie en un palco del Real y otro en la verbena de la Paloma.<\/p>\n<\/div>\n<div class=\"meta-pullout meta-left-pullout\">\n<ul>\n<li class=\"fix\"><span class=\"category\"><span class=\"icon\">&nbsp;<\/span> <a href=\"https:\/\/niramart.com\/revista-magazine\/category\/s5-articulos\/c39-articulos-espanol\/\" rel=\"category tag\">Articulos espa\u00f1ol<\/a>, <a href=\"https:\/\/niramart.com\/revista-magazine\/category\/s5-articulos\/no-5-6-s5-articulos\/\" rel=\"category tag\">N\u00ba 5-6, 2012<\/a><\/span><\/li>\n<li class=\"fix\"><span class=\"tags tax\"><span class=\"icon\">&nbsp;<\/span>Tagged with: <a href=\"https:\/\/niramart.com\/revista-magazine\/tag\/diego-vadillo-lopez\/\" rel=\"tag\">Diego Vadillo L\u00f3pez<\/a>, <a href=\"https:\/\/niramart.com\/revista-magazine\" rel=\"tag\">Lichis<\/a><\/span><\/li>\n<\/ul>\n<\/div>\n<\/div>\n<footer class=\"post-footer postdata fix\"><\/footer>\n<section id=\"comments\"><\/section>\n<\/article>\n<nav class=\"post-nav fix\">\n<table>\n<tr>\n<td class=\"previous\"><a href=\"https:\/\/niramart.com\/revista-magazine\/poemas-de-maria-postu\/\" rel=\"prev\"><span class=\"icon\">&nbsp;<\/span> Poemas de Maria Postu<\/a><\/td>\n<td class=\"next\"><a href=\"https:\/\/niramart.com\/revista-magazine\" rel=\"next\"><span class=\"icon\">&nbsp;<\/span> Kutxi Romero, el disc\u00edpulo extempor\u00e1neo de G\u00f3ngora<\/a><\/td>\n<\/tr>\n<\/table>\n<\/nav>\n<\/div>\n<\/div>\n","protected":false,"raw":""},"excerpt":{"rendered":"<p>Lichis, el vate verbenero Apr 082013 &nbsp;&nbsp; Lichis Diego [&hellip;]<\/p>\n","protected":false},"author":0,"featured_media":0,"parent":0,"menu_order":0,"comment_status":"closed","ping_status":"closed","template":"","meta":{"footnotes":""},"class_list":["post-171","page","type-page","status-publish","hentry"],"yoast_head":"<!-- This site is optimized with the Yoast SEO plugin v27.4 - https:\/\/yoast.com\/product\/yoast-seo-wordpress\/ -->\n<title>Lichis, el vate verbenero \u00bb Niram Art Magazine<\/title>\n<meta name=\"robots\" content=\"index, follow, max-snippet:-1, max-image-preview:large, max-video-preview:-1\" \/>\n<link rel=\"canonical\" href=\"https:\/\/niramart.com\/revista-magazine\/lichis-el-vate-verbenero\/\" \/>\n<meta property=\"og:type\" content=\"article\" \/>\n<meta property=\"og:title\" content=\"Lichis, el vate verbenero \u00bb Niram Art Magazine\" \/>\n<meta property=\"og:description\" content=\"Lichis, el vate verbenero Apr 082013 &nbsp;&nbsp; Lichis Diego [&hellip;]\" \/>\n<meta property=\"og:url\" content=\"https:\/\/niramart.com\/revista-magazine\/lichis-el-vate-verbenero\/\" \/>\n<meta property=\"og:site_name\" content=\"Niram Art Magazine\" \/>\n<meta name=\"twitter:card\" content=\"summary_large_image\" \/>\n<meta name=\"twitter:label1\" content=\"Est. reading time\" \/>\n\t<meta name=\"twitter:data1\" content=\"3 minutes\" \/>\n<!-- \/ Yoast SEO plugin. -->","yoast_head_json":{"title":"Lichis, el vate verbenero \u00bb Niram Art Magazine","robots":{"index":"index","follow":"follow","max-snippet":"max-snippet:-1","max-image-preview":"max-image-preview:large","max-video-preview":"max-video-preview:-1"},"canonical":"https:\/\/niramart.com\/revista-magazine\/lichis-el-vate-verbenero\/","og_type":"article","og_title":"Lichis, el vate verbenero \u00bb Niram Art Magazine","og_description":"Lichis, el vate verbenero Apr 082013 &nbsp;&nbsp; Lichis Diego [&hellip;]","og_url":"https:\/\/niramart.com\/revista-magazine\/lichis-el-vate-verbenero\/","og_site_name":"Niram Art Magazine","twitter_card":"summary_large_image","twitter_misc":{"Est. reading time":"3 minutes"}},"_links":{"self":[{"href":"https:\/\/niramart.com\/revista-magazine\/wp-json\/wp\/v2\/pages\/171","targetHints":{"allow":["GET"]}}],"collection":[{"href":"https:\/\/niramart.com\/revista-magazine\/wp-json\/wp\/v2\/pages"}],"about":[{"href":"https:\/\/niramart.com\/revista-magazine\/wp-json\/wp\/v2\/types\/page"}],"replies":[{"embeddable":true,"href":"https:\/\/niramart.com\/revista-magazine\/wp-json\/wp\/v2\/comments?post=171"}],"version-history":[{"count":0,"href":"https:\/\/niramart.com\/revista-magazine\/wp-json\/wp\/v2\/pages\/171\/revisions"}],"wp:attachment":[{"href":"https:\/\/niramart.com\/revista-magazine\/wp-json\/wp\/v2\/media?parent=171"}],"curies":[{"name":"wp","href":"https:\/\/api.w.org\/{rel}","templated":true}]}}