{"id":170,"date":"2024-04-01T07:40:56","date_gmt":"2024-04-01T07:40:56","guid":{"rendered":"https:\/\/niramart.com\/revista-magazine\/liana-acero-de-la-cuesta-unica-en-su-diversidad\/"},"modified":"2024-04-01T07:40:56","modified_gmt":"2024-04-01T07:40:56","slug":"liana-acero-de-la-cuesta-unica-en-su-diversidad","status":"publish","type":"page","link":"https:\/\/niramart.com\/revista-magazine\/liana-acero-de-la-cuesta-unica-en-su-diversidad\/","title":{"rendered":"Liana Acero de la Cuesta, \u00fanica en su diversidad"},"content":{"rendered":"<div id=\"main-col\">\n<div id=\"content\">\n<article class=\"post-866 post type-post status-publish format-standard hentry category-bellas-artes category-no-1-2-2013 tag-diego-vadillo-lopez tag-liana-acero-de-la-cuesta category-119-id category-148-id full-content meta-position-left-pullout fix\" id=\"post-866\">\n<header class=\"post-header title-container fix\">\n<div class=\"title\">\n<h1 class=\"posttitle\"><a href=\"https:\/\/niramart.com\/revista-magazine\/liana-acero-de-la-cuesta-unica-en-su-diversidad\/\" class=\"entry-title\" rel=\"bookmark\" title=\"Liana Acero de la Cuesta, \u00fanica en su diversidad\">Liana Acero de la Cuesta, \u00fanica en su diversidad<\/a><\/h1>\n<\/div>\n<div class=\"date\"><span class=\"month\">Apr<\/span> <span class=\"day\">08<\/span><span class=\"year\">2013<\/span><\/div>\n<\/header>\n<p> <span class=\"post-format-icon\">&nbsp;<\/span><span class=\"updated\" title=\"2013-04-08T17:17:00+00:00\">&nbsp;<\/span><\/p>\n<div class=\"entry-container fix\">\n<div class=\"entry fix\">\n<p class=\"bch4dcbow065stdpy\"><strong>Diego Vadillo L\u00f3pez<\/strong><\/p>\n<div style=\"width: 296px\" class=\"wp-caption alignleft\">\n<p class=\"wp-caption-text\">Liana Acero de la Cuesta<\/p>\n<\/div>\n<p class=\"bch4dcbow065stdpy\">Utilizaba mucho mi abuela Em\u00e9rita, cuando quer\u00eda exaltar con simpat\u00eda las diversas dotes de una persona, la expresi\u00f3n: \u201cLo mismo plancha un huevo que fr\u00ede una camisa\u201d. En tal catalogaci\u00f3n veo a Liana Acero de la Cuesta, artista de la que presentamos una sugerente exposici\u00f3n antol\u00f3gica.<\/p>\n<p class=\"bch4dcbow065stdpy\">&nbsp;<\/p>\n<p class=\"bch4dcbow065stdpy\">Liana Acero es una mujer de inquebrantable vocaci\u00f3n polifac\u00e9tica. El apellido parece como si augurara un empate entre las disciplinas a que dedica su atenci\u00f3n humana y human\u00edstica. El quid de la cuesti\u00f3n hemos de hallarlo en la mirada de la artista, una mirada sincera, escrutadora de auras; de una profundidad azabache capaz de conmover los cimientos intrasubjetivos del m\u00e1s aguerrido viandante.<\/p>\n<p class=\"bch4dcbow065stdpy\">&nbsp;<\/p>\n<p class=\"bch4dcbow065stdpy\">En su pintura queda apuntada la primaria regularidad que cohesiona tan dispersa cosmolog\u00eda personal: lo uno en lo diverso, esto es: ella cultiva numerosos terrenos, unos van quedando en barbecho, seg\u00fan el estado de \u00e1nimo, hasta que toque descansar a otros. Va la buena de Liana alternando las parcelas en las que sembrar inquietudes.<\/p>\n<p class=\"bch4dcbow065stdpy\">&nbsp;<\/p>\n<p class=\"bch4dcbow065stdpy\">Hay una reincidencia crom\u00e1tica en la tonalidad verdeamarillenta, predominando el amarillo, s\u00edmbolo de un esp\u00edritu en perpetua b\u00fasqueda de la calma. Y es que sus pinturas y dibujos emanan inquietud, b\u00fasqueda de sosiego. Son variopintas-desasosegadas hijas, sus diversas piezas, de un muestrario vertiginoso.<\/p>\n<p class=\"bch4dcbow065stdpy\">&nbsp;<\/p>\n<div style=\"width: 321px\" class=\"wp-caption alignleft\">\n<p class=\"wp-caption-text\">Retrato Enrique &#8211; Liana Acero de la Cuesta<\/p>\n<\/div>\n<p class=\"bch4dcbow065stdpy\">Y en tan diverso repertorio caben desde unas rosas amarillas, que redundan en una expresi\u00f3n de plenitud, hasta unos p\u00e1jaros de pico corvo y mirada inquietante (mirlos), pasando por un pintor en plena faena con una camisa de seda cuyas estampaciones nos remiten una minucia en la elaboraci\u00f3n pict\u00f3rica de las mismas de gran calado.<\/p>\n<p class=\"bch4dcbow065stdpy\">&nbsp;<\/p>\n<p class=\"bch4dcbow065stdpy\">Tambi\u00e9n hay una recurrencia en los paisajes naturales a la inclusi\u00f3n de refulgentes ocres oto\u00f1ales sobredorando la vegetaci\u00f3n plasmada, lo que nos pondr\u00eda en la pista de un esp\u00edritu meditativo tras el pincel, dado que el oto\u00f1o es la estaci\u00f3n m\u00e1s vinculada al temperamento reflexivo.<\/p>\n<p class=\"bch4dcbow065stdpy\">&nbsp;<\/p>\n<p class=\"bch4dcbow065stdpy\">Asimismo observamos a la Liana buscadora de plasticidad por la v\u00eda de lo ins\u00f3lito, de ah\u00ed que la coloraci\u00f3n que otorga a algunas piezas tenga m\u00e1s voluntad sublimadora que mim\u00e9tica.<\/p>\n<p class=\"bch4dcbow065stdpy\">&nbsp;<\/p>\n<p class=\"bch4dcbow065stdpy\">En las acuarelas, intuimos que, merced a los vaivenes del estado de \u00e1nimo, ora se emplean tonos m\u00e1s c\u00e1lidos, ora m\u00e1s fr\u00edos y metalescentes. Hay repetido uso del fuego (un fuego muy pop), creemos que con significado purificador.<\/p>\n<p class=\"bch4dcbow065stdpy\">&nbsp;<\/p>\n<p class=\"bch4dcbow065stdpy\">LAC se recrea fundamentalmente en lo min\u00fasculo, en el detalle, y nos lo ofrece, bien de manera diametral, bien a modo de met\u00e1fora. Los horizontes nos ponen en la pista de un esp\u00edritu evocativo.<\/p>\n<p class=\"bch4dcbow065stdpy\">&nbsp;<\/p>\n<div style=\"width: 341px\" class=\"wp-caption alignleft\">\n<p class=\"wp-caption-text\">Liana Acero de la Cuesta<\/p>\n<\/div>\n<p class=\"bch4dcbow065stdpy\">Si he de quedarme con alguna pieza, me decanto por ese dibujo de s\u00ed en el que se nos ofrece sexy, sensual y salvaje, con una melena leonina y unos labios a flor de beso. La \u00fanica pega que cabr\u00eda es el que tengamos que conformarnos con divisar tan solo la parte superior de la aureola de su pecho diestro, o, quiz\u00e1, sea mejor as\u00ed, ya que de esta manera se hace m\u00e1s insinuante la instant\u00e1nea, m\u00e1xime siendo contemplados por el brillo petrol\u00edfero de unos ojos que son los de las modelos de Julio Romero de Torres.<\/p>\n<p class=\"bch4dcbow065stdpy\">&nbsp;<\/p>\n<p class=\"bch4dcbow065stdpy\">Dado que LAC es una mujer muy dada a ver m\u00e1s all\u00e1 de las apariencias, no ha de resultar extra\u00f1o que en muchos de sus retratos sople el viento de Otto Dix, genio y maestro en reflejar con maestr\u00eda el alma del personaje, m\u00e1s all\u00e1 de las facciones concebidas como mera vacua carcasa. Es el suyo el pl\u00e1cido expresionismo de quien ve m\u00e1s de lo que dice y no lo muestra de manera descarnada por no resultar impertinente.<\/p>\n<p class=\"bch4dcbow065stdpy\">&nbsp;<\/p>\n<p class=\"bch4dcbow065stdpy\">En definitiva, instamos al espectador a disfrutar de una pl\u00e9yade de piezas brotadas de un \u00e1nimo inquieto que unifica la gran diversidad de sugestiones, esperanzas, alegr\u00edas y sinsabores que lo planean.<\/p>\n<\/div>\n<div class=\"meta-pullout meta-left-pullout\">\n<ul>\n<li class=\"fix\"><span class=\"category\"><span class=\"icon\">&nbsp;<\/span> <a href=\"https:\/\/niramart.com\/revista-magazine\/category\/bellas-artes\/\" rel=\"category tag\">Bellas Artes<\/a>, <a href=\"https:\/\/niramart.com\/revista-magazine\/category\/s5-articulos\/no-1-2-2013\/\" rel=\"category tag\">N\u00ba 1-2, 2013<\/a><\/span><\/li>\n<li class=\"fix\"><span class=\"tags tax\"><span class=\"icon\">&nbsp;<\/span>Tagged with: <a href=\"https:\/\/niramart.com\/revista-magazine\/tag\/diego-vadillo-lopez\/\" rel=\"tag\">Diego Vadillo L\u00f3pez<\/a>, <a href=\"https:\/\/niramart.com\/revista-magazine\/tag\/liana-acero-de-la-cuesta\/\" rel=\"tag\">Liana Acero de la Cuesta<\/a><\/span><\/li>\n<\/ul>\n<\/div>\n<\/div>\n<footer class=\"post-footer postdata fix\"><\/footer>\n<section id=\"comments\"><\/section>\n<\/article>\n<nav class=\"post-nav fix\">\n<table>\n<tr>\n<td class=\"previous\"><a href=\"https:\/\/niramart.com\/revista-magazine\/miedho\/\" rel=\"prev\"><span class=\"icon\">&nbsp;<\/span> Miedho<\/a><\/td>\n<td class=\"next\"><a href=\"https:\/\/niramart.com\/revista-magazine\/la-fiebre-del-oro\/\" rel=\"next\"><span class=\"icon\">&nbsp;<\/span> LA FIEBRE DEL ORO<\/a><\/td>\n<\/tr>\n<\/table>\n<\/nav>\n<\/div>\n<\/div>\n","protected":false,"raw":""},"excerpt":{"rendered":"<p>Liana Acero de la Cuesta, \u00fanica en su diversidad [&hellip;]<\/p>\n","protected":false},"author":0,"featured_media":0,"parent":0,"menu_order":0,"comment_status":"closed","ping_status":"closed","template":"","meta":{"footnotes":""},"class_list":["post-170","page","type-page","status-publish","hentry"],"yoast_head":"<!-- This site is optimized with the Yoast SEO plugin v27.4 - https:\/\/yoast.com\/product\/yoast-seo-wordpress\/ -->\n<title>Liana Acero de la Cuesta, \u00fanica en su diversidad \u00bb Niram Art Magazine<\/title>\n<meta name=\"robots\" content=\"index, follow, max-snippet:-1, max-image-preview:large, max-video-preview:-1\" \/>\n<link rel=\"canonical\" href=\"https:\/\/niramart.com\/revista-magazine\/liana-acero-de-la-cuesta-unica-en-su-diversidad\/\" \/>\n<meta property=\"og:type\" content=\"article\" \/>\n<meta property=\"og:title\" content=\"Liana Acero de la Cuesta, \u00fanica en su diversidad \u00bb Niram Art Magazine\" \/>\n<meta property=\"og:description\" content=\"Liana Acero de la Cuesta, \u00fanica en su diversidad [&hellip;]\" \/>\n<meta property=\"og:url\" content=\"https:\/\/niramart.com\/revista-magazine\/liana-acero-de-la-cuesta-unica-en-su-diversidad\/\" \/>\n<meta property=\"og:site_name\" content=\"Niram Art Magazine\" \/>\n<meta name=\"twitter:card\" content=\"summary_large_image\" \/>\n<meta name=\"twitter:label1\" content=\"Est. reading time\" \/>\n\t<meta name=\"twitter:data1\" content=\"4 minutes\" \/>\n<!-- \/ Yoast SEO plugin. -->","yoast_head_json":{"title":"Liana Acero de la Cuesta, \u00fanica en su diversidad \u00bb Niram Art Magazine","robots":{"index":"index","follow":"follow","max-snippet":"max-snippet:-1","max-image-preview":"max-image-preview:large","max-video-preview":"max-video-preview:-1"},"canonical":"https:\/\/niramart.com\/revista-magazine\/liana-acero-de-la-cuesta-unica-en-su-diversidad\/","og_type":"article","og_title":"Liana Acero de la Cuesta, \u00fanica en su diversidad \u00bb Niram Art Magazine","og_description":"Liana Acero de la Cuesta, \u00fanica en su diversidad [&hellip;]","og_url":"https:\/\/niramart.com\/revista-magazine\/liana-acero-de-la-cuesta-unica-en-su-diversidad\/","og_site_name":"Niram Art Magazine","twitter_card":"summary_large_image","twitter_misc":{"Est. reading time":"4 minutes"}},"_links":{"self":[{"href":"https:\/\/niramart.com\/revista-magazine\/wp-json\/wp\/v2\/pages\/170","targetHints":{"allow":["GET"]}}],"collection":[{"href":"https:\/\/niramart.com\/revista-magazine\/wp-json\/wp\/v2\/pages"}],"about":[{"href":"https:\/\/niramart.com\/revista-magazine\/wp-json\/wp\/v2\/types\/page"}],"replies":[{"embeddable":true,"href":"https:\/\/niramart.com\/revista-magazine\/wp-json\/wp\/v2\/comments?post=170"}],"version-history":[{"count":0,"href":"https:\/\/niramart.com\/revista-magazine\/wp-json\/wp\/v2\/pages\/170\/revisions"}],"wp:attachment":[{"href":"https:\/\/niramart.com\/revista-magazine\/wp-json\/wp\/v2\/media?parent=170"}],"curies":[{"name":"wp","href":"https:\/\/api.w.org\/{rel}","templated":true}]}}