{"id":168,"date":"2024-04-01T07:40:55","date_gmt":"2024-04-01T07:40:55","guid":{"rendered":"https:\/\/niramart.com\/revista-magazine\/lanzamiento-del-libro-poesis-y-otredad-nueve-mujeres-hacia-la-alteridad-poetica\/"},"modified":"2024-04-01T07:40:55","modified_gmt":"2024-04-01T07:40:55","slug":"lanzamiento-del-libro-poesis-y-otredad-nueve-mujeres-hacia-la-alteridad-poetica","status":"publish","type":"page","link":"https:\/\/niramart.com\/revista-magazine\/lanzamiento-del-libro-poesis-y-otredad-nueve-mujeres-hacia-la-alteridad-poetica\/","title":{"rendered":"Lanzamiento del libro Poesis y Otredad: Nueve Mujeres Hacia La Alteridad Po\u00e9tica"},"content":{"rendered":"<div id=\"main-col\">\n<div id=\"content\">\n<article class=\"post-1121 post type-post status-publish format-standard hentry category-c38-noticias-revista tag-beatriz-eugenia-hernandez tag-cecilia-morales tag-cielo-donis tag-diego-vadillo-lopez tag-editorial-niram-art tag-elena-g-escolano tag-fabianni-belemuski tag-hector-martinez-sanz tag-laura-quintanilla tag-leticia-ramirez-de-la-mora tag-luz-garcia-ordonez tag-obed-gonzalez-moreno tag-una-sampere tag-veronica-buentello category-32-id full-content meta-position-left-pullout fix\" id=\"post-1121\">\n<header class=\"post-header title-container fix\">\n<div class=\"title\">\n<h1 class=\"posttitle\"><a href=\"https:\/\/niramart.com\/revista-magazine\/lanzamiento-del-libro-poesis-y-otredad-nueve-mujeres-hacia-la-alteridad-poetica\/\" class=\"entry-title\" rel=\"bookmark\" title=\"Lanzamiento del libro Poesis y Otredad: Nueve Mujeres Hacia La Alteridad Po\u00e9tica\">Lanzamiento del libro Poesis y Otredad: Nueve Mujeres Hacia La Alteridad Po\u00e9tica<\/a><\/h1>\n<\/p><\/div>\n<p><!-- \/.title --><\/p>\n<div class=\"date\"><span class=\"month\">Oct<\/span> <span class=\"day\">17<\/span><span class=\"year\">2013<\/span><\/div>\n<\/header>\n<p><!-- \/.title-container --><br \/>\n\t<span class=\"post-format-icon\">&nbsp;<\/span><span class=\"updated\" title=\"2013-10-17T17:40:01+00:00\">&nbsp;<\/span>\t\t<\/p>\n<div class=\"entry-container fix\">\n<div class=\"entry fix\">\n<p class=\"bch4dcbow065stdpy\">&nbsp;<\/p>\n<div style=\"width: 258px\" class=\"wp-caption alignleft\"><img loading=\"lazy\" decoding=\"async\" alt=\"Obed Gonz\u00e1lez Moreno\" src=\"https:\/\/niramart.com\/revista-magazine\/files\/2013\/10\/garelias-ater-expo-y-lansamiento-libro.jpg\" width=\"248\" height=\"349\"\/><\/p>\n<p class=\"wp-caption-text\">Obed Gonz\u00e1lez Moreno<\/p>\n<\/div>\n<p class=\"bch4dcbow065stdpy\"><a href=\"http:\/\/niramarteditorial.espacioniram.com\/\"><strong>Niram Art Editorial<\/strong><\/a> y la revista <strong>Madrid en Marco<\/strong> organizan el lanzamiento del libro <strong><em>Poesis y Otredad: Nueve Mujeres Hacia La Alteridad Po\u00e9tica<\/em><\/strong> de <strong>Obed Gonz\u00e1lez Moreno.<\/strong> Intervendr\u00e1n el director de la revista Madrid en Marco <strong>H\u00e9ctor Mart\u00ednez Sanz<\/strong>, la  artista pl\u00e1stica <strong>Ver\u00f3nica Buentello,<\/strong>  el analista de arte<strong> Diego Vadillo L\u00f3pez<\/strong> y el artista pl\u00e1stico <strong>Iv\u00e1n MIEDHO<\/strong>. El moderador del evento ser\u00e1<strong> Fabianni Belemuski<\/strong>, el director de la Revista Niram Art.<\/p>\n<p class=\"bch4dcbow065stdpy\">&nbsp;<\/p>\n<p class=\"bch4dcbow065stdpy\">En la misma noche, se inaugurar\u00e1 la exposici\u00f3n colectiva <strong>Nueve Mujeres Hacia La Alteridad Po\u00e9tica<\/strong>. Participar\u00e1n los artistas: <strong>Luz Garc\u00eda Ordo\u00f1ez, Elena G. Escolano, Leticia Ram\u00edrez de la Mora, Cielo Don\u00eds, Una Sampere, Laura Quintanilla, Beatriz Eugenia Hern\u00e1ndez, Ver\u00f3nica Buentello<\/strong> y <strong>Cecilia Morales<\/strong>.<\/p>\n<p class=\"bch4dcbow065stdpy\">&nbsp;<\/p>\n<p class=\"bch4dcbow065stdpy\">Los lanzamientos tendr\u00e1n lugar en las <strong>Galer\u00edas Ater de <\/strong><a href=\"http:\/\/espacioniram.com\/\"><strong>Espacio Niram<\/strong>,<\/a> Madrid. (C\/ Independencia N\u00ba2, Madrid,28013)  s\u00e1bado, el 19 de octubre de 2013, a las 20:00 h.<\/p>\n<\/p><\/div>\n<p><!--\/entry --><\/p>\n<div class=\"meta-pullout meta-left-pullout\">\n<ul>\n<li class=\"fix\"><span class=\"category\"><span class=\"icon\">&nbsp;<\/span> <a href=\"https:\/\/niramart.com\/revista-magazine\/category\/c38-noticias-revista\/\" title=\"View all posts in Noticias\" rel=\"category tag\">Noticias<\/a><\/span><\/li>\n<li class=\"fix\"><span class=\"tags tax\"><span class=\"icon\">&nbsp;<\/span>Tagged with: <a href=\"https:\/\/niramart.com\/revista-magazine\" rel=\"tag\">Beatriz Eugenia Hern\u00e1ndez<\/a>, <a href=\"https:\/\/niramart.com\/revista-magazine\" rel=\"tag\">Cecilia Morales<\/a>, <a href=\"https:\/\/niramart.com\/revista-magazine\" rel=\"tag\">Cielo Don\u00eds<\/a>, <a href=\"https:\/\/niramart.com\/revista-magazine\/tag\/diego-vadillo-lopez\/\" rel=\"tag\">Diego Vadillo L\u00f3pez<\/a>, <a href=\"https:\/\/niramart.com\/revista-magazine\/tag\/editorial-niram-art\/\" rel=\"tag\">editorial niram art<\/a>, <a href=\"https:\/\/niramart.com\/revista-magazine\" rel=\"tag\">Elena G. Escolano<\/a>, <a href=\"https:\/\/niramart.com\/revista-magazine\/tag\/fabianni-belemuski\/\" rel=\"tag\">fabianni belemuski<\/a>, <a href=\"https:\/\/niramart.com\/revista-magazine\/tag\/hector-martinez-sanz\/\" rel=\"tag\">H\u00e9ctor Mart\u00ednez sanz<\/a>, <a href=\"https:\/\/niramart.com\/revista-magazine\" rel=\"tag\">Laura Quintanilla<\/a>, <a href=\"https:\/\/niramart.com\/revista-magazine\" rel=\"tag\">Leticia Ram\u00edrez de la Mora<\/a>, <a href=\"https:\/\/niramart.com\/revista-magazine\" rel=\"tag\">Luz Garc\u00eda Ordo\u00f1ez<\/a>, <a href=\"https:\/\/niramart.com\/revista-magazine\" rel=\"tag\">Obed Gonz\u00e1lez Moreno.<\/a>, <a href=\"https:\/\/niramart.com\/revista-magazine\" rel=\"tag\">Una Sampere<\/a>, <a href=\"https:\/\/niramart.com\/revista-magazine\" rel=\"tag\">Ver\u00f3nica Buentello<\/a><\/span><\/li>\n<\/ul>\n<\/div><\/div>\n<p><!-- .entry-container --><\/p>\n<footer class=\"post-footer postdata fix\">\n<\/footer>\n<p><!-- .post-footer --><\/p>\n<section id=\"comments\">\n<\/section>\n<p>   <!-- #comments -->\t<\/article>\n<p><!--\/post --><\/p>\n<nav class=\"post-nav fix\">\n<table>\n<tr>\n<td class=\"previous\"><a href=\"https:\/\/niramart.com\/revista-magazine\" rel=\"prev\"><span class=\"icon\">&nbsp;<\/span> Lanzamiento de libro: Tejedor de vientos de Ramiro Lacayo Desh\u00f3n<\/a><\/td>\n<td class=\"next\"><a href=\"https:\/\/niramart.com\/revista-magazine\/salud-mental-y-exposicion-de-arte-lisboa\/\" rel=\"next\"><span class=\"icon\">&nbsp;<\/span> SALUD MENTAL Y EXPOSICI\u00d3N DE ARTE &#8211; LISBOA<\/a><\/td>\n<\/tr>\n<\/table>\n<\/nav><\/div>\n<p><!-- content -->\n    <\/div>\n<p><!-- main col --><\/p>\n","protected":false,"raw":""},"excerpt":{"rendered":"<p>Lanzamiento del libro Poesis y Otredad: Nueve Mujeres Hacia [&hellip;]<\/p>\n","protected":false},"author":0,"featured_media":0,"parent":0,"menu_order":0,"comment_status":"closed","ping_status":"closed","template":"","meta":{"footnotes":""},"class_list":["post-168","page","type-page","status-publish","hentry"],"yoast_head":"<!-- This site is optimized with the Yoast SEO plugin v27.4 - https:\/\/yoast.com\/product\/yoast-seo-wordpress\/ -->\n<title>Lanzamiento del libro Poesis y Otredad: Nueve Mujeres Hacia La Alteridad Po\u00e9tica \u00bb Niram Art Magazine<\/title>\n<meta name=\"robots\" content=\"index, follow, max-snippet:-1, max-image-preview:large, max-video-preview:-1\" \/>\n<link rel=\"canonical\" href=\"https:\/\/niramart.com\/revista-magazine\/lanzamiento-del-libro-poesis-y-otredad-nueve-mujeres-hacia-la-alteridad-poetica\/\" \/>\n<meta property=\"og:type\" content=\"article\" \/>\n<meta property=\"og:title\" content=\"Lanzamiento del libro Poesis y Otredad: Nueve Mujeres Hacia La Alteridad Po\u00e9tica \u00bb Niram Art Magazine\" \/>\n<meta property=\"og:description\" content=\"Lanzamiento del libro Poesis y Otredad: Nueve Mujeres Hacia [&hellip;]\" \/>\n<meta property=\"og:url\" content=\"https:\/\/niramart.com\/revista-magazine\/lanzamiento-del-libro-poesis-y-otredad-nueve-mujeres-hacia-la-alteridad-poetica\/\" \/>\n<meta property=\"og:site_name\" content=\"Niram Art Magazine\" \/>\n<meta name=\"twitter:card\" content=\"summary_large_image\" \/>\n<meta name=\"twitter:label1\" content=\"Est. reading time\" \/>\n\t<meta name=\"twitter:data1\" content=\"1 minute\" \/>\n<!-- \/ Yoast SEO plugin. -->","yoast_head_json":{"title":"Lanzamiento del libro Poesis y Otredad: Nueve Mujeres Hacia La Alteridad Po\u00e9tica \u00bb Niram Art Magazine","robots":{"index":"index","follow":"follow","max-snippet":"max-snippet:-1","max-image-preview":"max-image-preview:large","max-video-preview":"max-video-preview:-1"},"canonical":"https:\/\/niramart.com\/revista-magazine\/lanzamiento-del-libro-poesis-y-otredad-nueve-mujeres-hacia-la-alteridad-poetica\/","og_type":"article","og_title":"Lanzamiento del libro Poesis y Otredad: Nueve Mujeres Hacia La Alteridad Po\u00e9tica \u00bb Niram Art Magazine","og_description":"Lanzamiento del libro Poesis y Otredad: Nueve Mujeres Hacia [&hellip;]","og_url":"https:\/\/niramart.com\/revista-magazine\/lanzamiento-del-libro-poesis-y-otredad-nueve-mujeres-hacia-la-alteridad-poetica\/","og_site_name":"Niram Art Magazine","twitter_card":"summary_large_image","twitter_misc":{"Est. reading time":"1 minute"}},"_links":{"self":[{"href":"https:\/\/niramart.com\/revista-magazine\/wp-json\/wp\/v2\/pages\/168","targetHints":{"allow":["GET"]}}],"collection":[{"href":"https:\/\/niramart.com\/revista-magazine\/wp-json\/wp\/v2\/pages"}],"about":[{"href":"https:\/\/niramart.com\/revista-magazine\/wp-json\/wp\/v2\/types\/page"}],"replies":[{"embeddable":true,"href":"https:\/\/niramart.com\/revista-magazine\/wp-json\/wp\/v2\/comments?post=168"}],"version-history":[{"count":0,"href":"https:\/\/niramart.com\/revista-magazine\/wp-json\/wp\/v2\/pages\/168\/revisions"}],"wp:attachment":[{"href":"https:\/\/niramart.com\/revista-magazine\/wp-json\/wp\/v2\/media?parent=168"}],"curies":[{"name":"wp","href":"https:\/\/api.w.org\/{rel}","templated":true}]}}