{"id":167,"date":"2024-04-01T07:40:55","date_gmt":"2024-04-01T07:40:55","guid":{"rendered":"https:\/\/niramart.com\/revista-magazine\/lanzamiento-del-libro-el-nenufar-de-las-ninfas-de-jairo-compostela\/"},"modified":"2024-04-01T07:40:55","modified_gmt":"2024-04-01T07:40:55","slug":"lanzamiento-del-libro-el-nenufar-de-las-ninfas-de-jairo-compostela","status":"publish","type":"page","link":"https:\/\/niramart.com\/revista-magazine\/lanzamiento-del-libro-el-nenufar-de-las-ninfas-de-jairo-compostela\/","title":{"rendered":"Lanzamiento del libro \u201cEl nen\u00fafar de las ninfas\u201d de Jairo Compostela"},"content":{"rendered":"<div id=\"main-col\">\n<div id=\"content\">\n<article class=\"post-1229 post type-post status-publish format-standard hentry category-c38-noticias-revista tag-jairo-compostela category-32-id full-content meta-position-left-pullout fix\" id=\"post-1229\">\n<header class=\"post-header title-container fix\">\n<div class=\"title\">\n<h1 class=\"posttitle\"><a href=\"https:\/\/niramart.com\/revista-magazine\/lanzamiento-del-libro-el-nenufar-de-las-ninfas-de-jairo-compostela\/\" class=\"entry-title\" rel=\"bookmark\" title=\"Lanzamiento del libro \u201cEl nen\u00fafar de las ninfas\u201d de Jairo Compostela\">Lanzamiento del libro \u201cEl nen\u00fafar de las ninfas\u201d de Jairo Compostela<\/a><\/h1>\n<\/div>\n<div class=\"date\"><span class=\"month\">Nov<\/span> <span class=\"day\">27<\/span><span class=\"year\">2013<\/span><\/div>\n<\/header>\n<p> <span class=\"post-format-icon\">&nbsp;<\/span><span class=\"updated\" title=\"2013-11-27T15:45:34+00:00\">&nbsp;<\/span><\/p>\n<div class=\"entry-container fix\">\n<div class=\"entry fix\">\n<div>\n<div><img loading=\"lazy\" decoding=\"async\" class=\"alignleft\" alt=\"El nen\u00fafar de las ninfas de Jairo Compostela\" src=\"https:\/\/niramart.com\/revista-magazine\/files\/2013\/11\/cartel-jairo-compostela-editorial-niram-art.jpg\" width=\"320\" height=\"452\"\/> <a href=\"http:\/\/niramarteditorial.espacioniram.com\/\"><strong>Niram Art Editoria<\/strong><\/a><strong>l  <\/strong><strong>junto con Espacio Niram (Galer\u00edas Ater) y la revista de arte y ensayo Madrid en Marco,<\/strong>  organizan el lanzamiento del libro <a href=\"http:\/\/niramarteditorial.espacioniram.com\/2013\/11\/el-nenufar-de-las-ninfas-jairo-compostela\/\">\u201cEl nen\u00fafar de las ninfas\u201d<\/a> de <strong>Jairo Compostela<\/strong>, viernes, el 29 de noviembre del 2013 en Espacio Niram de Madrid (Calle Independencia n\u00ba2), a las 20:00 h.<\/p>\n<\/div>\n<p class=\"bch4dcbow065stdpy\">El libro cuenta con el pr\u00f3logo <a href=\"http:\/\/niramarteditorial.espacioniram.com\/2013\/11\/prologo-del-libro-el-nenufar-de-las-ninfas-de-jairo-compostela\/\"> <b><i>\u201cSobre ninfas y nen\u00fafares\u201d <\/i><\/b>de <b>D\u00e1maso L\u00f3pez Garc\u00eda<\/b><\/a>, el Decano de la Facultad de Filolog\u00eda, Universidad Complutense de Madrid.<\/p>\n<blockquote>\n<div>\n<p class=\"bch4dcbow065stdpy\"> Intervienen el director de la revista Madrid en Marco, <strong>H\u00e9ctor Mart\u00ednez Sanz<\/strong>, y la escritora <strong>Midsoul W\u00f6lf<\/strong>, y el escritor <strong>Jairo Compostela<\/strong><\/p>\n<\/div>\n<\/blockquote>\n<p class=\"bch4dcbow065stdpy\">&nbsp;<\/p>\n<\/div>\n<\/div>\n<div class=\"meta-pullout meta-left-pullout\">\n<ul>\n<li class=\"fix\"><span class=\"category\"><span class=\"icon\">&nbsp;<\/span> <a href=\"https:\/\/niramart.com\/revista-magazine\/category\/c38-noticias-revista\/\" rel=\"category tag\">Noticias<\/a><\/span><\/li>\n<li class=\"fix\"><span class=\"tags tax\"><span class=\"icon\">&nbsp;<\/span>Tagged with: <a href=\"https:\/\/niramart.com\/revista-magazine\/tag\/jairo-compostela\/\" rel=\"tag\">Jairo Compostela<\/a><\/span><\/li>\n<\/ul>\n<\/div>\n<\/div>\n<footer class=\"post-footer postdata fix\"> <\/footer>\n<section id=\"comments\"> <\/section>\n<\/article>\n<nav class=\"post-nav fix\">\n<table>\n<tr>\n<td class=\"previous\"><a href=\"https:\/\/niramart.com\/revista-magazine\/europoems\/\" rel=\"prev\"><span class=\"icon\">&nbsp;<\/span> Obra del pintor israel\u00ed Baruch Elron presentada en la reuni\u00f3n Europoems en Paris<\/a><\/td>\n<td class=\"next\"><a href=\"https:\/\/niramart.com\/revista-magazine\/exposicion-de-dibujo-y-grabado-calma-y-tempestad-a-flor-de-piel\/\" rel=\"next\"><span class=\"icon\">&nbsp;<\/span> Exposici\u00f3n de dibujo y grabado &#8220;CALMA Y TEMPESTAD &#8211; A FLOR DE PIEL&#8221;<\/a><\/td>\n<\/tr>\n<\/table>\n<\/nav>\n<\/div>\n<\/div>\n","protected":false,"raw":""},"excerpt":{"rendered":"<p>Lanzamiento del libro \u201cEl nen\u00fafar de las ninfas\u201d de [&hellip;]<\/p>\n","protected":false},"author":0,"featured_media":0,"parent":0,"menu_order":0,"comment_status":"closed","ping_status":"closed","template":"","meta":{"footnotes":""},"class_list":["post-167","page","type-page","status-publish","hentry"],"yoast_head":"<!-- This site is optimized with the Yoast SEO plugin v27.4 - https:\/\/yoast.com\/product\/yoast-seo-wordpress\/ -->\n<title>Lanzamiento del libro \u201cEl nen\u00fafar de las ninfas\u201d de Jairo Compostela \u00bb Niram Art Magazine<\/title>\n<meta name=\"robots\" content=\"index, follow, max-snippet:-1, max-image-preview:large, max-video-preview:-1\" \/>\n<link rel=\"canonical\" href=\"https:\/\/niramart.com\/revista-magazine\/lanzamiento-del-libro-el-nenufar-de-las-ninfas-de-jairo-compostela\/\" \/>\n<meta property=\"og:type\" content=\"article\" \/>\n<meta property=\"og:title\" content=\"Lanzamiento del libro \u201cEl nen\u00fafar de las ninfas\u201d de Jairo Compostela \u00bb Niram Art Magazine\" \/>\n<meta property=\"og:description\" content=\"Lanzamiento del libro \u201cEl nen\u00fafar de las ninfas\u201d de [&hellip;]\" \/>\n<meta property=\"og:url\" content=\"https:\/\/niramart.com\/revista-magazine\/lanzamiento-del-libro-el-nenufar-de-las-ninfas-de-jairo-compostela\/\" \/>\n<meta property=\"og:site_name\" content=\"Niram Art Magazine\" \/>\n<meta name=\"twitter:card\" content=\"summary_large_image\" \/>\n<meta name=\"twitter:label1\" content=\"Est. reading time\" \/>\n\t<meta name=\"twitter:data1\" content=\"1 minute\" \/>\n<!-- \/ Yoast SEO plugin. -->","yoast_head_json":{"title":"Lanzamiento del libro \u201cEl nen\u00fafar de las ninfas\u201d de Jairo Compostela \u00bb Niram Art Magazine","robots":{"index":"index","follow":"follow","max-snippet":"max-snippet:-1","max-image-preview":"max-image-preview:large","max-video-preview":"max-video-preview:-1"},"canonical":"https:\/\/niramart.com\/revista-magazine\/lanzamiento-del-libro-el-nenufar-de-las-ninfas-de-jairo-compostela\/","og_type":"article","og_title":"Lanzamiento del libro \u201cEl nen\u00fafar de las ninfas\u201d de Jairo Compostela \u00bb Niram Art Magazine","og_description":"Lanzamiento del libro \u201cEl nen\u00fafar de las ninfas\u201d de [&hellip;]","og_url":"https:\/\/niramart.com\/revista-magazine\/lanzamiento-del-libro-el-nenufar-de-las-ninfas-de-jairo-compostela\/","og_site_name":"Niram Art Magazine","twitter_card":"summary_large_image","twitter_misc":{"Est. reading time":"1 minute"}},"_links":{"self":[{"href":"https:\/\/niramart.com\/revista-magazine\/wp-json\/wp\/v2\/pages\/167","targetHints":{"allow":["GET"]}}],"collection":[{"href":"https:\/\/niramart.com\/revista-magazine\/wp-json\/wp\/v2\/pages"}],"about":[{"href":"https:\/\/niramart.com\/revista-magazine\/wp-json\/wp\/v2\/types\/page"}],"replies":[{"embeddable":true,"href":"https:\/\/niramart.com\/revista-magazine\/wp-json\/wp\/v2\/comments?post=167"}],"version-history":[{"count":0,"href":"https:\/\/niramart.com\/revista-magazine\/wp-json\/wp\/v2\/pages\/167\/revisions"}],"wp:attachment":[{"href":"https:\/\/niramart.com\/revista-magazine\/wp-json\/wp\/v2\/media?parent=167"}],"curies":[{"name":"wp","href":"https:\/\/api.w.org\/{rel}","templated":true}]}}