{"id":164,"date":"2024-04-01T07:40:55","date_gmt":"2024-04-01T07:40:55","guid":{"rendered":"https:\/\/niramart.com\/revista-magazine\/lansare-de-carte-romaneasca-la-editura-niram-art-madrid-2\/"},"modified":"2024-04-01T07:40:55","modified_gmt":"2024-04-01T07:40:55","slug":"lansare-de-carte-romaneasca-la-editura-niram-art-madrid-2","status":"publish","type":"page","link":"https:\/\/niramart.com\/revista-magazine\/lansare-de-carte-romaneasca-la-editura-niram-art-madrid\/","title":{"rendered":"Lansare de carte romaneasca la Editura Niram Art, Madrid"},"content":{"rendered":"<div id=\"main-col\">\n<div id=\"content\">\n<article class=\"post-202 post type-post status-publish format-standard hentry category-c42-articulos-romana category-c55-no-5-6-2011 tag-aparitie-editoriala tag-autori-romani tag-carte-romaneasca tag-editura tag-eseu tag-lansare tag-literatura-romana-contemporana tag-madrid tag-niram-art tag-roman tag-scriitori-romani tag-spania tag-stefan-mitroi tag-traducere-literatura-romana category-16-id category-27-id full-content meta-position-left-pullout fix\" id=\"post-202\">\n<header class=\"post-header title-container fix\">\n<div class=\"title\">\n<h1 class=\"posttitle\"><a href=\"https:\/\/niramart.com\/revista-magazine\/lansare-de-carte-romaneasca-la-editura-niram-art-madrid\/\" class=\"entry-title\" rel=\"bookmark\" title=\"Lansare de carte romaneasca la Editura Niram Art, Madrid\">Lansare de carte romaneasca la Editura Niram Art, Madrid<\/a><\/h1>\n<\/div>\n<div class=\"date\"><span class=\"month\">Jun<\/span> <span class=\"day\">06<\/span><span class=\"year\">2011<\/span><\/div>\n<\/header>\n<p> <span class=\"post-format-icon\">&nbsp;<\/span><span class=\"updated\" title=\"2011-06-06T20:22:45+00:00\">&nbsp;<\/span><\/p>\n<div class=\"entry-container fix\">\n<div class=\"entry fix\">\n<p class=\"bch4dcbow065stdpy\">Vineri, 10 iunie 2011, va avea loc la Madrid, lansarea celor mai recente 4 titluri publicate de <a title=\"Editura Niram Art\" href=\"http:\/\/niramarteditorial.espacioniram.com\/\" target=\"_blank\" rel=\"noopener\"><strong>Editura Niram Art<\/strong><\/a>: 2 volume de eseuri semnate de scriitori spanioli, un volum eseistic semnat de scriitorul roman stabilit in Spania, <strong>Fabianni Belemuski<\/strong> si romanul <strong>\u201cGaura \u2013 Apa Vie, Apa Moarta\u201d<\/strong> al  scriitorului <strong>Stefan Mitroi<\/strong>, in traducere in limba spaniola. Coperta ii apartine fotografului roman <strong>Bogdan Ater<\/strong> si traducerea lui <strong>Fabianni Belemuski<\/strong>.<\/p>\n<p class=\"bch4dcbow065stdpy\">Lansarea editoriala va avea loc la <strong>Facultatea de Filosofie a Universitatii Complutense<\/strong> din capitala Spaniei, in prezenta a numerosi studenti, cadre universitare, scriitori si jurnalisti.<\/p>\n<p class=\"bch4dcbow065stdpy\"><a href=\"http:\/\/niramarteditorial.espacioniram.com\/libros\/stefan-mitroi\/\" target=\"_blank\" rel=\"noopener\"><strong>\u201cGaura\u201d<\/strong><\/a> este cel de al doilea titlu din literatura romana contemporana care apare, in traducere in limba spaniola, la editura <a href=\"http:\/\/niramarteditorial.espacioniram.com\/\" target=\"_blank\" rel=\"noopener\"><strong>Niram Art<\/strong><\/a>, dupa volumul \u201cSecuristii au fost extraterestri\u201d al lui <a href=\"http:\/\/niramarteditorial.espacioniram.com\/colecciones-propuestas\/constantin-t-ciubotaru\/\" target=\"_blank\" rel=\"noopener\"><strong>Constantin T. Ciubotaru<\/strong><\/a> (2010).<\/p>\n<p class=\"bch4dcbow065stdpy\">&nbsp;<\/p>\n<p class=\"bch4dcbow065stdpy\"><strong>Stefan Mitroi<\/strong>, recent distins cu <strong>Premiul Academiei Romane<\/strong> pentru romanul \u201cDulce ca pelinul\u201d si cu <strong>Premiul Clubului de Romancieri<\/strong> al <strong>Asociatiei Scriitorilor din Bucuresti<\/strong>,  s-a nascut in satul Grosu, jud. Teleorman, in anul1956. Si-a inceput cariera literara ca jurnalist si nuvelist (4 volume). Posterior, a publicat poezie (7 volume), carti pentru copii (4 volume), 6 romane si teatru (2 volume). Ultimul sau roman a fost publicat in 2010. Doua dintre romanele sale au aparut in limbile franceza si portugheza.<\/p>\n<p class=\"bch4dcbow065stdpy\">Romanul \u201cGaura\u201d va fi prezentat de criticul literar <strong>Dan Caragea<\/strong>. Evenimentul se va desfasura in prezenta autorului, Stefan Mitroi. Vor mai interveni: <strong>Miguel Angel Gal\u00e1n Segovia<\/strong>, directorul Editurii Niram Art, prof. <strong>D\u00e9bora Ragel Gal\u00e1n, scriitorii H\u00e9ctor Mart\u00ednez Sanz, Diego Vadillo Lopez<\/strong> si ziarista <strong>Wendy Jaclyn Moriel Maldonado<\/strong>.<\/p>\n<p class=\"bch4dcbow065stdpy\">\u201cGAURA este, \u00eenainte de toate, romanul unei calatorii <em>ad inferos, <\/em>\u00een cautarea lumii de dincolo, zisa ireala sau fantastica, dar, despre acest adevar, Stefan Mitroi are \u201eingenua\u201d \u00eentelepciune de a se \u00eendoi. Lumile sale sunt deopotriva reale, caci imaginarul romancierului se tese din memoriile colectivitatii natale, din visele si basmele pe care si le plasmuieste pentru copilul din el, din jocul manierist al \u201elumii pe dos\u201d, din mestesugiri poetice si din scenete dramatice rascroite din eternul teatru al vietii. Mitroi scrie \u00eentr-un fel sincretic, urzind abil epicul, liricul si dramaticul. Aceasta particularitate a scriiturii sale romanesti m-a facut sa-l iau tot mai serios \u00een seama \u00een acesti ultimi ani. GAURA (un cuvant \u201eadanc\u201d, care ne vine din substratul traco-iliric) este, deopotriva, si romanul unui calator care \u00eesi \u00eemplineste destinul. (\u2026)Taranul sau este un om pur si simplu aidoma tuturor pamantenilor, dar care vietuieste \u00eentr-un spatiu mental al memoriei colective \u00een care sacrul, \u00een sensul lui Eliade, \u00eenca nu a cazut \u00een profan.\u201d (<em>Dan Caragea<\/em>)<\/p>\n<div class=\"wp-caption aligncenter\" id=\"attachment_1105\" style=\"width: 320px;\"><a href=\"#\"><\/a><\/p>\n<p class=\"wp-caption-text\">Lansare de Carte: Gaura de Stefan Mitroi, Ed. Niram Art<\/p>\n<\/div>\n<p class=\"bch4dcbow065stdpy\">Cel de al doilea scriitor roman prezentat in aceeasi seara este tanarul <strong>Fabianni Belemuski<\/strong>, aflat la cel de al doilea volum, intitulat <a href=\"http:\/\/niramarteditorial.espacioniram.com\/libros\/fabianni-belemuski\/deconstruccion\/\" target=\"_blank\" rel=\"noopener\">\u201cDeconstructie\u201d.<\/a> Nascut in Romania, Fabianni Belemuski a absolvit Facultatea de Jurnalism din cadrul Universitatii Complutense din Madrid si a realizat un Master in Filosofie, la aceeasi universitate. Este directorul revistei Niram Art si corespondent al mai multor ziare si reviste din Spania. Anul trecut, a primit premiul pentru Critica, acordat de Miscarea de Arta Contemporana din Portugalia.<\/p>\n<div class=\"wp-caption aligncenter\" id=\"attachment_1102\" style=\"width: 260px;\"><a href=\"#\"><\/a><\/p>\n<p class=\"wp-caption-text\">Lansare de Carte: Deconstructie de Fabianni Belemuski, Ed. Niram Art<\/p>\n<\/div>\n<p class=\"bch4dcbow065stdpy\">In aceeasi seara, vor fi lansate si volumele<a href=\"http:\/\/niramarteditorial.espacioniram.com\/libros\/maranatha\/\" target=\"_blank\" rel=\"noopener\"><strong> \u201cMaranatha\u201d<\/strong><\/a>, care cuprinde 3 eseuri despre Vechiul Testament, semnate de <strong><a href=\"http:\/\/niramarteditorial.espacioniram.com\/libros\/pentagono-de-hector-martinez-sanz\/\">H\u00e9ctor Mart\u00ednez Sanz<\/a>, <a href=\"http:\/\/niramarteditorial.espacioniram.com\/libros\/fabianni-belemuski\/\">Fabianni Belemuski<\/a>, Diego Vadillo Lopez<\/strong> si <strong>\u201c<a href=\"http:\/\/niramarteditorial.espacioniram.com\/libros\/diego-vadillo-lopez\/lirismos-de-lo-horizontal\/\" target=\"_blank\" rel=\"noopener\">Lirism la orizontala<\/a>\u201d<\/strong>, eseuri despre poetul spaniol  <strong>Carlos Edmundo de Ory,<\/strong> semnate de <a href=\"http:\/\/niramarteditorial.espacioniram.com\/libros\/diego-vadillo-lopez\/\"><strong>Diego Vadillo Lopez<\/strong><\/a>.<\/p>\n<div class=\"wp-caption aligncenter\" id=\"attachment_1103\" style=\"width: 347px;\"><a href=\"https:\/\/niramart.com\/revista-magazine\/files\/2011\/06\/maranatha.jpg\"><\/a><\/p>\n<p class=\"wp-caption-text\">Lansare de Carte: Maranatha, Ed. Niram Art<\/p>\n<\/div>\n<div class=\"wp-caption aligncenter\" id=\"attachment_1104\" style=\"width: 310px;\"><a href=\"#\"><\/a><\/p>\n<p class=\"wp-caption-text\">Lansare de Carte: Lirism la Horizontala Ed. Niram Art<\/p>\n<\/div>\n<\/div>\n<div class=\"meta-pullout meta-left-pullout\">\n<ul>\n<li class=\"fix\"><span class=\"category\"><span class=\"icon\">&nbsp;<\/span> <a href=\"https:\/\/niramart.com\/revista-magazine\/category\/s5-articulos\/c42-articulos-romana\/\" rel=\"category tag\">Articole in limba romana<\/a>, <a href=\"https:\/\/niramart.com\/revista-magazine\/category\/s5-articulos\/c55-no-5-6-2011\/\" rel=\"category tag\">N\u00ba 5- 6, 2011<\/a><\/span><\/li>\n<li class=\"fix\"><span class=\"tags tax\"><span class=\"icon\">&nbsp;<\/span>Tagged with: <a href=\"https:\/\/niramart.com\/revista-magazine\/tag\/aparitie-editoriala\/\" rel=\"tag\">aparitie editoriala<\/a>, <a href=\"https:\/\/niramart.com\/revista-magazine\/tag\/autori-romani\/\" rel=\"tag\">autori romani<\/a>, <a href=\"https:\/\/niramart.com\/revista-magazine\/tag\/carte-romaneasca\/\" rel=\"tag\">carte romaneasca<\/a>, <a href=\"https:\/\/niramart.com\/revista-magazine\/tag\/editura\/\" rel=\"tag\">editura<\/a>, <a href=\"https:\/\/niramart.com\/revista-magazine\/tag\/eseu\/\" rel=\"tag\">Eseu<\/a>, <a href=\"https:\/\/niramart.com\/revista-magazine\/tag\/lansare\/\" rel=\"tag\">lansare<\/a>, <a href=\"https:\/\/niramart.com\/revista-magazine\/tag\/literatura-romana-contemporana\/\" rel=\"tag\">literatura romana contemporana<\/a>, <a href=\"https:\/\/niramart.com\/revista-magazine\/tag\/madrid\/\" rel=\"tag\">madrid<\/a>, <a href=\"https:\/\/niramart.com\/revista-magazine\/tag\/niram-art\/\" rel=\"tag\">niram art<\/a>, <a href=\"https:\/\/niramart.com\/revista-magazine\/tag\/roman\/\" rel=\"tag\">roman<\/a>, <a href=\"https:\/\/niramart.com\/revista-magazine\/tag\/scriitori-romani\/\" rel=\"tag\">scriitori romani<\/a>, <a href=\"https:\/\/niramart.com\/revista-magazine\/tag\/spania\/\" rel=\"tag\">spania<\/a>, <a href=\"https:\/\/niramart.com\/revista-magazine\/tag\/stefan-mitroi\/\" rel=\"tag\">stefan mitroi<\/a>, <a href=\"https:\/\/niramart.com\/revista-magazine\/tag\/traducere-literatura-romana\/\" rel=\"tag\">traducere literatura romana<\/a><\/span><\/li>\n<\/ul>\n<\/div>\n<\/div>\n<footer class=\"post-footer postdata fix\"><\/footer>\n<section id=\"comments\"><\/section>\n<\/article>\n<nav class=\"post-nav fix\">\n<table>\n<tr>\n<td class=\"previous\"><a href=\"https:\/\/niramart.com\/revista-magazine\" rel=\"prev\"><span class=\"icon\">&nbsp;<\/span> GEORGE ROCA: \u201eDE VORBA  CU STELELE\u201d VOLUMUL 2<\/a><\/td>\n<td class=\"next\"><a href=\"https:\/\/niramart.com\/revista-magazine\" rel=\"next\"><span class=\"icon\">&nbsp;<\/span> ROBERTO CHICHORRO, no MAC<\/a><\/td>\n<\/tr>\n<\/table>\n<\/nav>\n<\/div>\n<\/div>\n","protected":false,"raw":""},"excerpt":{"rendered":"<p>Lansare de carte romaneasca la Editura Niram Art, Madrid [&hellip;]<\/p>\n","protected":false},"author":0,"featured_media":0,"parent":0,"menu_order":0,"comment_status":"closed","ping_status":"closed","template":"","meta":{"footnotes":""},"class_list":["post-164","page","type-page","status-publish","hentry"],"yoast_head":"<!-- This site is optimized with the Yoast SEO plugin v27.4 - https:\/\/yoast.com\/product\/yoast-seo-wordpress\/ -->\n<title>Lansare de carte romaneasca la Editura Niram Art, Madrid \u00bb Niram Art Magazine<\/title>\n<meta name=\"robots\" content=\"index, follow, max-snippet:-1, max-image-preview:large, max-video-preview:-1\" \/>\n<link rel=\"canonical\" href=\"https:\/\/niramart.com\/revista-magazine\/lansare-de-carte-romaneasca-la-editura-niram-art-madrid\/\" \/>\n<meta property=\"og:type\" content=\"article\" \/>\n<meta property=\"og:title\" content=\"Lansare de carte romaneasca la Editura Niram Art, Madrid \u00bb Niram Art Magazine\" \/>\n<meta property=\"og:description\" content=\"Lansare de carte romaneasca la Editura Niram Art, Madrid [&hellip;]\" \/>\n<meta property=\"og:url\" content=\"https:\/\/niramart.com\/revista-magazine\/lansare-de-carte-romaneasca-la-editura-niram-art-madrid\/\" \/>\n<meta property=\"og:site_name\" content=\"Niram Art Magazine\" \/>\n<meta name=\"twitter:card\" content=\"summary_large_image\" \/>\n<meta name=\"twitter:label1\" content=\"Est. reading time\" \/>\n\t<meta name=\"twitter:data1\" content=\"3 minutes\" \/>\n<!-- \/ Yoast SEO plugin. -->","yoast_head_json":{"title":"Lansare de carte romaneasca la Editura Niram Art, Madrid \u00bb Niram Art Magazine","robots":{"index":"index","follow":"follow","max-snippet":"max-snippet:-1","max-image-preview":"max-image-preview:large","max-video-preview":"max-video-preview:-1"},"canonical":"https:\/\/niramart.com\/revista-magazine\/lansare-de-carte-romaneasca-la-editura-niram-art-madrid\/","og_type":"article","og_title":"Lansare de carte romaneasca la Editura Niram Art, Madrid \u00bb Niram Art Magazine","og_description":"Lansare de carte romaneasca la Editura Niram Art, Madrid [&hellip;]","og_url":"https:\/\/niramart.com\/revista-magazine\/lansare-de-carte-romaneasca-la-editura-niram-art-madrid\/","og_site_name":"Niram Art Magazine","twitter_card":"summary_large_image","twitter_misc":{"Est. reading time":"3 minutes"}},"_links":{"self":[{"href":"https:\/\/niramart.com\/revista-magazine\/wp-json\/wp\/v2\/pages\/164","targetHints":{"allow":["GET"]}}],"collection":[{"href":"https:\/\/niramart.com\/revista-magazine\/wp-json\/wp\/v2\/pages"}],"about":[{"href":"https:\/\/niramart.com\/revista-magazine\/wp-json\/wp\/v2\/types\/page"}],"replies":[{"embeddable":true,"href":"https:\/\/niramart.com\/revista-magazine\/wp-json\/wp\/v2\/comments?post=164"}],"version-history":[{"count":0,"href":"https:\/\/niramart.com\/revista-magazine\/wp-json\/wp\/v2\/pages\/164\/revisions"}],"wp:attachment":[{"href":"https:\/\/niramart.com\/revista-magazine\/wp-json\/wp\/v2\/media?parent=164"}],"curies":[{"name":"wp","href":"https:\/\/api.w.org\/{rel}","templated":true}]}}