{"id":163,"date":"2024-04-01T07:40:55","date_gmt":"2024-04-01T07:40:55","guid":{"rendered":"https:\/\/niramart.com\/revista-magazine\/lady-dada-doppeltganger-y-sweet-art-en-el-i-salon-neo-simbolista\/"},"modified":"2024-04-01T07:40:55","modified_gmt":"2024-04-01T07:40:55","slug":"lady-dada-doppeltganger-y-sweet-art-en-el-i-salon-neo-simbolista","status":"publish","type":"page","link":"https:\/\/niramart.com\/revista-magazine\/lady-dada-doppeltganger-y-sweet-art-en-el-i-salon-neo-simbolista-de-madrid\/","title":{"rendered":"Lady Dad\u00e1, Doppeltg\u00e4nger y Sweet Art en el I Sal\u00f3n Neo-simbolista"},"content":{"rendered":"<div id=\"main-col\">\n<div id=\"content\">\n<article class=\"post-1206 post type-post status-publish format-standard hentry category-c39-articulos-espanol category-bellas-artes tag-gotico tag-m-i-e-d-h-o tag-pedro-ortega category-18-id category-119-id full-content meta-position-left-pullout fix\" id=\"post-1206\">\n<header class=\"post-header title-container fix\">\n<div class=\"title\">\n<h1 class=\"posttitle\"><a href=\"https:\/\/niramart.com\/revista-magazine\/lady-dada-doppeltganger-y-sweet-art-en-el-i-salon-neo-simbolista-de-madrid\/\" class=\"entry-title\" rel=\"bookmark\" title=\"Lady Dad\u00e1, Doppeltg\u00e4nger y Sweet Art en el I Sal\u00f3n Neo-simbolista\">Lady Dad\u00e1, Doppeltg\u00e4nger y Sweet Art en el I Sal\u00f3n Neo-simbolista<\/a><\/h1>\n<\/div>\n<div class=\"date\"><span class=\"month\">Nov<\/span> <span class=\"day\">09<\/span><span class=\"year\">2013<\/span><\/div>\n<\/header>\n<p> <span class=\"post-format-icon\">&nbsp;<\/span><span class=\"updated\" title=\"2013-11-09T18:12:04+00:00\">&nbsp;<\/span><\/p>\n<div class=\"entry-container fix\">\n<div class=\"entry fix\">\n<p class=\"bch4dcbow065stdpy\">&nbsp;<\/p>\n<div>\n<div>\n<p class=\"bch4dcbow065stdpy\"><img decoding=\"async\" class=\"alignleft\" src=\"https:\/\/niramart.com\/revista-magazine\/files\/2013\/11\/pedro-ortega.jpg\" alt=\"Pedro Ortega\" width=\"287\"\/><\/p>\n<p class=\"bch4dcbow065stdpy\">El I Sal\u00f3n Neo-simbolista tiene lugar en el marco de la V Semana G\u00f3tica de Madrid durante todo el mes de noviembre en el Museo de Arte y Tradiciones Populares de la Universidad Aut\u00f3noma de Madrid, La Corrala. La exposici\u00f3n colectiva, que trata de evocar el ambiente de los salones parisinos a finales del XIX, se desarrolla bajo el lema \u201cPor la belleza y el esp\u00edritu en el arte\u201d.<\/p>\n<p class=\"bch4dcbow065stdpy\">&nbsp;<\/p>\n<p class=\"bch4dcbow065stdpy\">El evento, organizado y patrocinado por la Secretar\u00eda de Estado de Cultura del Gobierno de Espa\u00f1a y por las asociaciones Besarilia y Mentebre para SMG, cont\u00f3 con el comisario de la exposici\u00f3n, Pedro Ortega Ventureira, que abri\u00f3 una conferencia de inauguraci\u00f3n sobre el arte en la sociedad actual. La exposici\u00f3n propone un recorrido tem\u00e1tico alrededor del imaginario Simbolista, reformulado en el siglo veintiuno: la nueva visi\u00f3n sobre la doncella, el viaje al mundo de la noche, la reinterpretaci\u00f3n de motivos b\u00edblicos, la vuelta a los malditos, la v\u00eda para la transformaci\u00f3n, el viaje al mundo del sue\u00f1o y para concluir el eclipse del arte underground en la contemporaneidad.<\/p>\n<p class=\"bch4dcbow065stdpy\">&nbsp;<\/p>\n<p class=\"bch4dcbow065stdpy\">Entre los artistas participantes, se encuentran Iv\u00e1n M.I.E.D.H.O., Ra\u00fal Moreira y Epi Neuraska, que a trav\u00e9s de sus obras dieron su visi\u00f3n particular sobre el mundo de las artes.<\/p>\n<p class=\"bch4dcbow065stdpy\">&nbsp;<\/p>\n<p class=\"bch4dcbow065stdpy\">El artista M.I.E.D.H.O. asisti\u00f3 y particip\u00f3 con varias de sus obras pertenecientes a su \u00faltimo trabajo Doppeltg\u00e4nger: Sweet Art: Eminescu y Ver\u00f3nica, Lady Dad\u00e1 y Regn\u00e4gtleppod. Iv\u00e1n M.I.E.D.H.O. en anteriores ocasiones ya ha trabajado en sus obras el trasfondo de Mihai Eminescu, considerado el poeta nacional rumano. En esta obra nueva podemos ver al artista, interpretando a Eminescu en su \u00e9poca m\u00e1s oscura y dolorida, simbolizando la locura, y al modelo femenino en el papel de Ver\u00f3nica Micle, amor e inspiraci\u00f3n del poeta.<\/p>\n<p class=\"bch4dcbow065stdpy\">&nbsp;<\/p>\n<p class=\"bch4dcbow065stdpy\">En la obra Sweet Art: Eminescu y Ver\u00f3nica el artista trabaja el trastorno bipolar, enfermedad que sufri\u00f3 el poeta Mihai Eminescu. En palabras de Ana Isabel D\u00edaz Plaza: \u201cEl artista M.I.E.D.H.O. Recurre al doppelg\u00e4nger para simbolizar la participaci\u00f3n de otros en nuestras vidas, la influencia de nosotros en todo aquello que nos rodea, creando una cultura en continua expansi\u00f3n y globalizaci\u00f3n. (\u2026) Adem\u00e1s del simbolismo no puede dejar de destacarse la calidad t\u00e9cnica de la obra que supone el resultado de la fusi\u00f3n de la fotograf\u00eda y la pintura, creando una obra \u00fanica cuyos l\u00edmites se diluyen\u201d.<\/p>\n<p class=\"bch4dcbow065stdpy\">&nbsp;<\/p>\n<p class=\"bch4dcbow065stdpy\"><img decoding=\"async\" class=\"aligncenter\" src=\"https:\/\/niramart.com\/revista-magazine\/files\/2013\/11\/sweet-art.jpg\" alt=\"Sweet Art\" width=\"470\"\/><\/p>\n<h2 style=\"text-align: center;\">Sweet Art<\/h2>\n<p class=\"bch4dcbow065stdpy\">Las obras de la exposici\u00f3n fueron seleccionadas por un jurado formado por <b>Pedro Ortega Ventureira<\/b>, historiador de arte (UAM), el <b>Dr. Miguel Salmer\u00f3n Infante<\/b> (UAM), <b>Ana Isabel D\u00edaz Plaza<\/b> (UAM) y por la <b>Dra. Lourdes Santamar\u00eda Blasco<\/b> (UMH).<\/p>\n<p class=\"bch4dcbow065stdpy\">&nbsp;<\/p>\n<p class=\"bch4dcbow065stdpy\">La exposici\u00f3n est\u00e1 abierta a todos los p\u00fablicos en el Museo <b>La Corrala <\/b>de Madrid &#8211; Calle Carlos Arniches, 3-5, 28005 Madrid- , desde el 31 de Octubre hasta el 30 de Noviembre de 2013.<\/p>\n<p class=\"bch4dcbow065stdpy\">&nbsp;<\/p>\n<div>\n<p class=\"bch4dcbow065stdpy\"><img decoding=\"async\" class=\"aligncenter\" src=\"https:\/\/niramart.com\/revista-magazine\/files\/2013\/11\/lady-dada.jpg\" alt=\"Lady Dad\u00e1\" width=\"500\"\/><\/p>\n<h2 style=\"text-align: center;\">Lady Dad\u00e1<\/h2>\n<\/div>\n<div>\n<p class=\"bch4dcbow065stdpy\"><img decoding=\"async\" class=\"aligncenter\" src=\"https:\/\/niramart.com\/revista-magazine\/files\/2013\/11\/regnac3accb86gtleppod.jpg\" alt=\"Regn\u00e4gtleppod\" width=\"500\"\/><\/p>\n<h2 style=\"text-align: center;\"><strong>Regn\u00e4gtleppod<\/strong><\/h2>\n<\/div>\n<p class=\"bch4dcbow065stdpy\">The works of art on display during the First Neo-Symbolist Art Salon underwent a selection process by a jury composed by art historian <b>Pedro Ortega Ventureira<\/b>, (UAM), <b>Dr. Miguel Salmer\u00f3n Infante<\/b> (UAM), <b>Ana Isabel D\u00edaz Plaza<\/b> (UAM) and <b>Dr. Lourdes Santamar\u00eda Blasco<\/b> (UMH).<\/p>\n<p class=\"bch4dcbow065stdpy\">&nbsp;<\/p>\n<p class=\"bch4dcbow065stdpy\"><img decoding=\"async\" class=\"aligncenter\" src=\"https:\/\/niramart.com\/revista-magazine\/files\/2013\/11\/inauguracion_salon_neosimbolista_3.jpg\" alt=\"\" width=\"600\"\/><\/p>\n<p class=\"bch4dcbow065stdpy\"><img decoding=\"async\" class=\"aligncenter\" src=\"https:\/\/niramart.com\/revista-magazine\/files\/2013\/11\/inauguracion_salon_neosimbolista-4.jpg\" alt=\"\" width=\"423\"\/><\/p>\n<p class=\"bch4dcbow065stdpy\"><img loading=\"lazy\" decoding=\"async\" class=\"aligncenter\" src=\"https:\/\/niramart.com\/revista-magazine\/files\/2013\/11\/inauguracion_salon_neosimbolista_2.jpg\" alt=\"\" width=\"700\" height=\"448\"\/><\/p>\n<p class=\"bch4dcbow065stdpy\">The <b>First Neo-Symbolist Art Salon<\/b> is organized and sponsored by the Secretary of State for Culture of the Spanish Government and the cultural associations Besarilia and Mentenebre and can be visited at <b>La Corrala Museum <\/b>in Madrid \u2013 Calle Carlos Arniches, 3-5, 28005 Madrid- , until November 30<sup>th<\/sup>2013.<\/p>\n<p class=\"bch4dcbow065stdpy\"><img decoding=\"async\" class=\"aligncenter\" src=\"https:\/\/niramart.com\/revista-magazine\/files\/2013\/11\/inauguracion_salon_neosimbolista.jpg\" alt=\"\" width=\"700\"\/><\/p>\n<\/div>\n<\/div>\n<\/div>\n<div class=\"meta-pullout meta-left-pullout\">\n<ul>\n<li class=\"fix\"><span class=\"category\"><span class=\"icon\">&nbsp;<\/span> <a href=\"https:\/\/niramart.com\/revista-magazine\/category\/s5-articulos\/c39-articulos-espanol\/\" rel=\"category tag\">Articulos espa\u00f1ol<\/a>, <a href=\"https:\/\/niramart.com\/revista-magazine\/category\/bellas-artes\/\" rel=\"category tag\">Bellas Artes<\/a><\/span><\/li>\n<li class=\"fix\"><span class=\"tags tax\"><span class=\"icon\">&nbsp;<\/span>Tagged with: <a href=\"https:\/\/niramart.com\/revista-magazine\/tag\/gotico\/\" rel=\"tag\">g\u00f3tico<\/a>, <a href=\"https:\/\/niramart.com\/revista-magazine\/tag\/m-i-e-d-h-o\/\" rel=\"tag\">M.I.E.D.H.O.<\/a>, <a href=\"https:\/\/niramart.com\/revista-magazine\/tag\/pedro-ortega\/\" rel=\"tag\">Pedro Ortega<\/a><\/span><\/li>\n<\/ul>\n<\/div>\n<\/div>\n<footer class=\"post-footer postdata fix\"><\/footer>\n<section id=\"comments\"><\/section>\n<\/article>\n<nav class=\"post-nav fix\">\n<table>\n<tr>\n<td class=\"previous\"><a href=\"https:\/\/niramart.com\/revista-magazine\/lady-dada-doppelganger-and-sweet-art-at-the-first-neo-symbolist-salon\/\" rel=\"prev\"><span class=\"icon\">&nbsp;<\/span> Lady Dada, Doppelganger and Sweet Art at the First Neo-Symbolist Salon<\/a><\/td>\n<td class=\"next\"><a href=\"https:\/\/niramart.com\/revista-magazine\/aniversario-tudor\/\" rel=\"next\"><span class=\"icon\">&nbsp;<\/span> Aniversario Tudor<\/a><\/td>\n<\/tr>\n<\/table>\n<\/nav>\n<\/div>\n<\/div>\n","protected":false,"raw":""},"excerpt":{"rendered":"<p>Lady Dad\u00e1, Doppeltg\u00e4nger y Sweet Art en el I [&hellip;]<\/p>\n","protected":false},"author":0,"featured_media":0,"parent":0,"menu_order":0,"comment_status":"closed","ping_status":"closed","template":"","meta":{"footnotes":""},"class_list":["post-163","page","type-page","status-publish","hentry"],"yoast_head":"<!-- This site is optimized with the Yoast SEO plugin v27.4 - https:\/\/yoast.com\/product\/yoast-seo-wordpress\/ -->\n<title>Lady Dad\u00e1, Doppeltg\u00e4nger y Sweet Art en el I Sal\u00f3n Neo-simbolista \u00bb Niram Art Magazine<\/title>\n<meta name=\"robots\" content=\"index, follow, max-snippet:-1, max-image-preview:large, max-video-preview:-1\" \/>\n<link rel=\"canonical\" href=\"https:\/\/niramart.com\/revista-magazine\/lady-dada-doppeltganger-y-sweet-art-en-el-i-salon-neo-simbolista-de-madrid\/\" \/>\n<meta property=\"og:type\" content=\"article\" \/>\n<meta property=\"og:title\" content=\"Lady Dad\u00e1, Doppeltg\u00e4nger y Sweet Art en el I Sal\u00f3n Neo-simbolista \u00bb Niram Art Magazine\" \/>\n<meta property=\"og:description\" content=\"Lady Dad\u00e1, Doppeltg\u00e4nger y Sweet Art en el I [&hellip;]\" \/>\n<meta property=\"og:url\" content=\"https:\/\/niramart.com\/revista-magazine\/lady-dada-doppeltganger-y-sweet-art-en-el-i-salon-neo-simbolista-de-madrid\/\" \/>\n<meta property=\"og:site_name\" content=\"Niram Art Magazine\" \/>\n<meta name=\"twitter:card\" content=\"summary_large_image\" \/>\n<meta name=\"twitter:label1\" content=\"Est. reading time\" \/>\n\t<meta name=\"twitter:data1\" content=\"3 minutes\" \/>\n<!-- \/ Yoast SEO plugin. -->","yoast_head_json":{"title":"Lady Dad\u00e1, Doppeltg\u00e4nger y Sweet Art en el I Sal\u00f3n Neo-simbolista \u00bb Niram Art Magazine","robots":{"index":"index","follow":"follow","max-snippet":"max-snippet:-1","max-image-preview":"max-image-preview:large","max-video-preview":"max-video-preview:-1"},"canonical":"https:\/\/niramart.com\/revista-magazine\/lady-dada-doppeltganger-y-sweet-art-en-el-i-salon-neo-simbolista-de-madrid\/","og_type":"article","og_title":"Lady Dad\u00e1, Doppeltg\u00e4nger y Sweet Art en el I Sal\u00f3n Neo-simbolista \u00bb Niram Art Magazine","og_description":"Lady Dad\u00e1, Doppeltg\u00e4nger y Sweet Art en el I [&hellip;]","og_url":"https:\/\/niramart.com\/revista-magazine\/lady-dada-doppeltganger-y-sweet-art-en-el-i-salon-neo-simbolista-de-madrid\/","og_site_name":"Niram Art Magazine","twitter_card":"summary_large_image","twitter_misc":{"Est. reading time":"3 minutes"}},"_links":{"self":[{"href":"https:\/\/niramart.com\/revista-magazine\/wp-json\/wp\/v2\/pages\/163","targetHints":{"allow":["GET"]}}],"collection":[{"href":"https:\/\/niramart.com\/revista-magazine\/wp-json\/wp\/v2\/pages"}],"about":[{"href":"https:\/\/niramart.com\/revista-magazine\/wp-json\/wp\/v2\/types\/page"}],"replies":[{"embeddable":true,"href":"https:\/\/niramart.com\/revista-magazine\/wp-json\/wp\/v2\/comments?post=163"}],"version-history":[{"count":0,"href":"https:\/\/niramart.com\/revista-magazine\/wp-json\/wp\/v2\/pages\/163\/revisions"}],"wp:attachment":[{"href":"https:\/\/niramart.com\/revista-magazine\/wp-json\/wp\/v2\/media?parent=163"}],"curies":[{"name":"wp","href":"https:\/\/api.w.org\/{rel}","templated":true}]}}