{"id":160,"date":"2024-04-01T07:40:54","date_gmt":"2024-04-01T07:40:54","guid":{"rendered":"https:\/\/niramart.com\/revista-magazine\/la-tora-de-hector-martinez-sanz-por-romeo-niram\/"},"modified":"2024-04-01T07:40:54","modified_gmt":"2024-04-01T07:40:54","slug":"la-tora-de-hector-martinez-sanz-por-romeo-niram","status":"publish","type":"page","link":"https:\/\/niramart.com\/revista-magazine\/la-tora-de-hector-martinez-sanz-por-romeo-niram\/","title":{"rendered":"La Tor\u00e1 de H\u00e9ctor Mart\u00ednez Sanz por Romeo Niram"},"content":{"rendered":"<div id=\"main-col\">\n<div id=\"content\">\n<article class=\"post-30 post type-post status-publish format-standard has-post-thumbnail hentry category-c39-articulos-espanol category-literatura category-c58-no-1-2-2010 category-18-id category-120-id category-30-id full-content meta-position-left-pullout fix\" id=\"post-30\">\n<header class=\"post-header title-container fix\">\n<div class=\"title\">\n<h1 class=\"posttitle\"><a href=\"https:\/\/niramart.com\/revista-magazine\/la-tora-de-hector-martinez-sanz-por-romeo-niram\/\" class=\"entry-title\" rel=\"bookmark\" title=\"La Tor\u00e1 de H\u00e9ctor Mart\u00ednez Sanz por Romeo Niram\">La Tor\u00e1 de H\u00e9ctor Mart\u00ednez Sanz por Romeo Niram<\/a><\/h1>\n<\/div>\n<div class=\"date\"><span class=\"month\">Mar<\/span> <span class=\"day\">03<\/span><span class=\"year\">2010<\/span><\/div>\n<\/header>\n<p> <span class=\"post-format-icon\">&nbsp;<\/span><span class=\"updated\" title=\"2010-03-03T00:52:46+00:00\">&nbsp;<\/span><\/p>\n<div class=\"entry-container fix\">\n<div class=\"entry fix\">\n<div class=\"left-thumbnail\"><img loading=\"lazy\" decoding=\"async\" width=\"128\" height=\"96\" src=\"https:\/\/niramart.com\/revista-magazine\/files\/wp-content\/uploads\/2010\/03\/pastarchives.jpg\" class=\"attachment-thumbnail size-thumbnail wp-post-image\" alt=\"\"\/><\/div>\n<p class=\"bch4dcbow065stdpy\">Pr\u00f3logo al libro PENTAGONO de H\u00e9ctor Mart\u00ednez Sanz, <a href=\"http:\/\/niramart.mosaicglobe.com\/blog\/2289\">Niram Art Editorial<\/a>, 2010<\/p>\n<hr\/>\n<p class=\"bch4dcbow065stdpy\">&nbsp;<\/p>\n<p class=\"bch4dcbow065stdpy\">&nbsp;<\/p>\n<div id=\"attachment_78\" style=\"width: 310px\" class=\"wp-caption alignleft\"><a href=\"#\"><\/a><\/p>\n<p id=\"caption-attachment-78\" class=\"wp-caption-text\">H\u00e9ctor Mart\u00ednez Sanz<\/p>\n<\/div>\n<p class=\"bch4dcbow065stdpy\"><a href=\"http:\/\/retratoliterario.wordpress.com\/\">H\u00e9ctor Mart\u00ednez Sanz <\/a>ofrece al lector espa\u00f1ol, con este libro-ensayo, un sorprendente viaje en el universo de cinco gigantes del esp\u00edritu universal. Ninguno de los cinco miembros de su Pent\u00e1gono es desconocido para el p\u00fablico espa\u00f1ol: Constantin Brancusi \u2013 el padre de la escultura moderna-, Emil Cioran \u2013 el nihilista del siglo XX-, Eug\u00e8ne Ionesco \u2013 el maestro del \u201cteatro absurdo\u201d-, Trist\u00e1n Tzara \u2013 el fundador del movimiento dada\u00edsta-, Mircea Eliade \u2013 llamado \u201cel Historiador de las Religiones\u201d.<\/p>\n<p class=\"bch4dcbow065stdpy\">Al leer su libro, tuve la impresi\u00f3n de estar viendo una cautivante pel\u00edcula documental, que dejaba adivinar a un director bien documentado y capaz de introducir a sus espectadores en una fascinante aventura del descubrimiento de la condici\u00f3n de la creaci\u00f3n; es decir, lo que eleva al ser humano hasta la condici\u00f3n de creador, de dios, como tambi\u00e9n suena el t\u00edtulo elegido por el autor para uno de sus anteriores libros de filosof\u00eda: &#8220;Comentarios a Unamuno y aqu\u00e9llos que quisieron ser como dioses\u201d, publicado en el 2006 por las Ediciones Ant\u00edgona.<\/p>\n<p class=\"bch4dcbow065stdpy\">&nbsp;<\/p>\n<p style=\"text-align: justify;\"><span lang=\"RO\">Hay, por lo tanto, una sutil corelaci\u00f3n con este nuevo libro que se propone descubrir las huellas inmortales dejadas en la tierra roja de la mortalidad por estas cinco grandes personalidades creadoras. Adem\u00e1s de compartir con nosotros algo de su propia experiencia y de su entendimiento personal, como tambi\u00e9n de ofrecernos una ayuda concreta a la hora de entender, si no la esencia de la obra, por lo menos los mecanismos misteriosos que han determinado a cada uno de los cinco elegidos (los caminos sinuosos de la escultura, la poes\u00eda, el teatro, la filosofia y la historia de las religiones), H\u00e9ctor Mart\u00ednez Sanz parece ser un hombre con la obsesi\u00f3n de la inmortalidad. Aunque se dirige m\u00e1s hacia el ensayo y a los debates sobre las obras de otros creadores, Mart\u00ednez es, \u00e9l mismo, un creador, siendo empujado por el mismo deseo que ardi\u00f3 en el coraz\u00f3n de los antiguos patriarcas b\u00edblicos. &#8220;Discutir con Dios\u201d tal vez sea la m\u00e1s antigua tradici\u00f3n jud\u00eda y una caracter\u00edstica del hombre inteligente. Desde Abraham a Mois\u00e9s y hasta los d\u00edas de hoy, Dios ha sido interrogado, contendido, re\u00f1ido, negado y provocado a todo tipo de retos y competiciones por las mentes humanas m\u00e1s brillantes.<\/span><\/p>\n<p style=\"text-align: justify;\">\n<p style=\"text-align: justify;\"><span lang=\"RO\">Casi siempre, nos dice la tradici\u00f3n jud\u00eda, el que gana es el Hombre. De este modo, H\u00e9ctor Mart\u00ednez no se limita solamente a exponernos las maravillosas creaciones de algunos c\u00e9lebres hombres de la cultura. Delicado, con alma de poeta, sin la rudeza de poner en nuestra frente una interrogaci\u00f3n en blanco y negro, a la vista de todos, H\u00e9ctor Mart\u00ednez sabe insinuar y as\u00ed consigue que nos planteemos nosotros mismos la pregunta: \u00bfEs este el camino hacia la inmortalidad, hacia el llegar a ser unos dioses? \u00bfEl arte? \u00bfLa creaci\u00f3n? \u00c9sta es la pregunta de H\u00e9ctor Mart\u00ednez en todos sus escritos, sea cual sea la forma escogida: poes\u00eda, ensayo, relato, novela.<\/span><\/p>\n<p style=\"text-align: justify;\">\n<p style=\"text-align: justify;\"><span lang=\"RO\">&#8220;El Tiempo es relativo\u201d nos dice Einstein, y H\u00e9ctor Mart\u00ednez a\u00f1ade con una sonrisa: &#8220;cada noche lucho con el \u00e1ngel de Dios\u201d. Esa terrible noche de combate encarnizado del desierto jud\u00edo se repite en cada hombre-creador, desde hace miles de a\u00f1os, cada vez que se sienta en frente del escritorio o de una tela en blanco. La noche en que, en la soledad de la \u00e1rida tierra roja, Israel luch\u00f3 con el \u00e1ngel (\u00bfo tal vez haya sido la inspiraci\u00f3n?) es el momento del nacimiento de la humanidad creadora y consciente. Es la noche de H\u00e9ctor Mart\u00ednez y, a la luz de la alborada, el nacimiento est\u00e1 terminado y el escritor-guerrero recibe un nuevo nombre-t\u00edtulo: Pent\u00e1gono.<\/span><\/p>\n<p style=\"text-align: justify;\">\n<p style=\"text-align: justify;\"><span lang=\"RO\">Escribir sobre el autor de este libro, por conocerlo personalmente, es una tarea, si no incomoda, por lo menos dif\u00edcil, debido a su personalidad compleja. H\u00e9ctor Mart\u00ednez es fil\u00f3sofo, poeta, escritor, cr\u00edtico de arte, poseedor de una inteligencia l\u00facida capaz de marcar para nosotros las &#8220;escaleras\u201d que subieron los miembros del Pent\u00e1gono hasta alcanzar la apoteosis de los dioses, pero tambi\u00e9n de un esp\u00edritu rom\u00e1ntico y de un talento nato como contador de historias. H\u00e9ctor Mart\u00ednez es un escritor de contrastes, uno de los pocos que logran escribir un ensayo con un ritmo capaz de mantener alerta el inter\u00e9s del lector, a veces adornado con flores de sensibilidad po\u00e9tica, ejemplos de pensamiento l\u00facido y armon\u00edas \u00e9picas.<\/span><\/p>\n<p style=\"text-align: justify;\">\n<p style=\"text-align: justify;\"><span lang=\"RO\">En &#8220;Pent\u00e1gono\u201d, H\u00e9ctor Mart\u00ednez nos revela un alma de novelista, nos cuenta una historia, una par\u00e1bola, mejor dicho, con cinco personajes. &#8220;\u00c9rase una vez\u201d podr\u00eda ser el mejor comienzo, &#8220;\u00e9rase una vez un artista, un fil\u00f3sofo, un poeta, un dramaturgo y un historiador\u201d. El cuento fluye suavemente, las frases son despejadas, el ritmo \u00e1gil est\u00e1 puntuado con impresiones personales que aportan una calurosa sensaci\u00f3n de intimidad al tono de la narraci\u00f3n. Se trata de un cuento con h\u00e9roes, con dioses, con seres humanos como t\u00fa y yo, lector. Hasta podr\u00eda decir que es un libro de aventuras. Paso a paso, conocemos a p\u00e1jaros que son inmortalizados en el vuelo, a un h\u00e9roe que subi\u00f3 hasta las cumbres del desespero, a una cantante calva y a un joven que juega recortando y reordenando palabras o a un mago que se propone estudiar a todos los dioses de los hombres. El libro &#8220;Pent\u00e1gono\u201d, lejos de ser un ejercicio del estilo ensayista, es una gu\u00eda para cualquier viajero que se aventura en la tierra del hombre-creador, del hombre-dios, hacia la monta\u00f1a Sion de la creaci\u00f3n humana. Al subir el Sion de Mart\u00ednez, descubrimos en sus vertiginosas alturas el m\u00e1s simple de los objetos: un espejo. Pero hay que subir el sendero m\u00e1s abrupto hasta el fin para poder encontrarlo.<\/span><\/p>\n<p style=\"text-align: justify;\">\n<p style=\"text-align: justify;\"><span lang=\"RO\">H\u00e9ctor Mart\u00ednez Sanz nos invita a una incursi\u00f3n en el pensamiento de estos creadores, a un descubrimiento sutil de las referencias de estos monstruos sagrados del arte y de la cultura universal. Si S\u00f3crates nos incita a que nos conozcamos a nosotros mismos, H\u00e9ctor Mart\u00ednez Sanz, con base en una armoniosa estructura filos\u00f3fica personal, nos llama a que conozcamos a los que han logrado subir hasta la cumbre del genio humano. Despu\u00e9s de haber recorrido la radiograf\u00eda del pensamiento de estos cinco grandes hombres, descubrimos con asombro nuestra propia esencia: &#8220;y habi\u00e9ndose quedado Jacob solo, estuvo luchando alguien con \u00e9l hasta rayar el alba.\u201d (G\u00e9nesis 32:24)<\/span><\/p>\n<p style=\"text-align: justify;\">\n<hr style=\"width: 100%; height: 2px;\"\/>\n<p class=\"bch4dcbow065stdpy\">&nbsp;<\/p>\n<\/div>\n<div class=\"meta-pullout meta-left-pullout\">\n<ul>\n<li class=\"fix\"><span class=\"category\"><span class=\"icon\">&nbsp;<\/span> <a href=\"https:\/\/niramart.com\/revista-magazine\/category\/s5-articulos\/c39-articulos-espanol\/\" rel=\"category tag\">Articulos espa\u00f1ol<\/a>, <a href=\"https:\/\/niramart.com\/revista-magazine\/category\/literatura\/\" rel=\"category tag\">Literatura<\/a>, <a href=\"https:\/\/niramart.com\/revista-magazine\/category\/s5-articulos\/c58-no-1-2-2010\/\" rel=\"category tag\">N\u00ba 1 &#8211; 2, 2010<\/a><\/span><\/li>\n<\/ul>\n<\/div>\n<\/div>\n<footer class=\"post-footer postdata fix\"><\/footer>\n<section id=\"comments\"><\/section>\n<\/article>\n<nav class=\"post-nav fix\">\n<table>\n<tr>\n<td class=\"previous\"><a href=\"https:\/\/niramart.com\/revista-magazine\" rel=\"prev\"><span class=\"icon\">&nbsp;<\/span> MEDI WECHSLER DINU \u2013 O CONTEMPORANA INTERBELICA de Luiza BARCAN<\/a><\/td>\n<td class=\"next\"><a href=\"https:\/\/niramart.com\/revista-magazine\/la-indiferencia-el-miedo-y-el-arte-por-miedho\/\" rel=\"next\"><span class=\"icon\">&nbsp;<\/span> LA INDIFERENCIA, EL MIEDO Y EL ARTE por MIEDHO<\/a><\/td>\n<\/tr>\n<\/table>\n<\/nav>\n<\/div>\n<\/div>\n","protected":false,"raw":""},"excerpt":{"rendered":"<p>La Tor\u00e1 de H\u00e9ctor Mart\u00ednez Sanz por Romeo Niram [&hellip;]<\/p>\n","protected":false},"author":0,"featured_media":0,"parent":0,"menu_order":0,"comment_status":"closed","ping_status":"closed","template":"","meta":{"footnotes":""},"class_list":["post-160","page","type-page","status-publish","hentry"],"yoast_head":"<!-- This site is optimized with the Yoast SEO plugin v27.4 - https:\/\/yoast.com\/product\/yoast-seo-wordpress\/ -->\n<title>La Tor\u00e1 de H\u00e9ctor Mart\u00ednez Sanz por Romeo Niram \u00bb Niram Art Magazine<\/title>\n<meta name=\"robots\" content=\"index, follow, max-snippet:-1, max-image-preview:large, max-video-preview:-1\" \/>\n<link rel=\"canonical\" href=\"https:\/\/niramart.com\/revista-magazine\/la-tora-de-hector-martinez-sanz-por-romeo-niram\/\" \/>\n<meta property=\"og:type\" content=\"article\" \/>\n<meta property=\"og:title\" content=\"La Tor\u00e1 de H\u00e9ctor Mart\u00ednez Sanz por Romeo Niram \u00bb Niram Art Magazine\" \/>\n<meta property=\"og:description\" content=\"La Tor\u00e1 de H\u00e9ctor Mart\u00ednez Sanz por Romeo Niram [&hellip;]\" \/>\n<meta property=\"og:url\" content=\"https:\/\/niramart.com\/revista-magazine\/la-tora-de-hector-martinez-sanz-por-romeo-niram\/\" \/>\n<meta property=\"og:site_name\" content=\"Niram Art Magazine\" \/>\n<meta name=\"twitter:card\" content=\"summary_large_image\" \/>\n<meta name=\"twitter:label1\" content=\"Est. reading time\" \/>\n\t<meta name=\"twitter:data1\" content=\"6 minutes\" \/>\n<!-- \/ Yoast SEO plugin. -->","yoast_head_json":{"title":"La Tor\u00e1 de H\u00e9ctor Mart\u00ednez Sanz por Romeo Niram \u00bb Niram Art Magazine","robots":{"index":"index","follow":"follow","max-snippet":"max-snippet:-1","max-image-preview":"max-image-preview:large","max-video-preview":"max-video-preview:-1"},"canonical":"https:\/\/niramart.com\/revista-magazine\/la-tora-de-hector-martinez-sanz-por-romeo-niram\/","og_type":"article","og_title":"La Tor\u00e1 de H\u00e9ctor Mart\u00ednez Sanz por Romeo Niram \u00bb Niram Art Magazine","og_description":"La Tor\u00e1 de H\u00e9ctor Mart\u00ednez Sanz por Romeo Niram [&hellip;]","og_url":"https:\/\/niramart.com\/revista-magazine\/la-tora-de-hector-martinez-sanz-por-romeo-niram\/","og_site_name":"Niram Art Magazine","twitter_card":"summary_large_image","twitter_misc":{"Est. reading time":"6 minutes"}},"_links":{"self":[{"href":"https:\/\/niramart.com\/revista-magazine\/wp-json\/wp\/v2\/pages\/160","targetHints":{"allow":["GET"]}}],"collection":[{"href":"https:\/\/niramart.com\/revista-magazine\/wp-json\/wp\/v2\/pages"}],"about":[{"href":"https:\/\/niramart.com\/revista-magazine\/wp-json\/wp\/v2\/types\/page"}],"replies":[{"embeddable":true,"href":"https:\/\/niramart.com\/revista-magazine\/wp-json\/wp\/v2\/comments?post=160"}],"version-history":[{"count":0,"href":"https:\/\/niramart.com\/revista-magazine\/wp-json\/wp\/v2\/pages\/160\/revisions"}],"wp:attachment":[{"href":"https:\/\/niramart.com\/revista-magazine\/wp-json\/wp\/v2\/media?parent=160"}],"curies":[{"name":"wp","href":"https:\/\/api.w.org\/{rel}","templated":true}]}}