{"id":158,"date":"2024-04-01T07:40:54","date_gmt":"2024-04-01T07:40:54","guid":{"rendered":"https:\/\/niramart.com\/revista-magazine\/la-nena-de-ana-unhold-la-biografia-de-una-mujer-sin-vida-propia-2\/"},"modified":"2024-04-01T07:40:54","modified_gmt":"2024-04-01T07:40:54","slug":"la-nena-de-ana-unhold-la-biografia-de-una-mujer-sin-vida-propia-2","status":"publish","type":"page","link":"https:\/\/niramart.com\/revista-magazine\/la-nena-de-ana-unhold-la-biografia-de-una-mujer-sin-vida-propia\/","title":{"rendered":"\u201cLa Nena\u201d, de Ana Unhold, la biograf\u00eda de una mujer sin vida propia"},"content":{"rendered":"<div id=\"main-col\">\n<div id=\"content\">\n<article class=\"post-1265 post type-post status-publish format-standard hentry category-c39-articulos-espanol category-destacados category-literatura tag-ana-unhold tag-la-nena tag-niram-art-editorial tag-novela category-18-id category-270-id category-120-id full-content meta-position-left-pullout fix\" id=\"post-1265\">\n<header class=\"post-header title-container fix\">\n<div class=\"title\">\n<h1 class=\"posttitle\"><a href=\"https:\/\/niramart.com\/revista-magazine\/la-nena-de-ana-unhold-la-biografia-de-una-mujer-sin-vida-propia\/\" class=\"entry-title\" rel=\"bookmark\" title=\"\u201cLa Nena\u201d, de Ana Unhold, la biograf\u00eda de una mujer sin vida propia\">\u201cLa Nena\u201d, de Ana Unhold, la biograf\u00eda de una mujer sin vida propia<\/a><\/h1>\n<\/div>\n<div class=\"date\"><span class=\"month\">Sep<\/span> <span class=\"day\">27<\/span><span class=\"year\">2014<\/span><\/div>\n<\/header>\n<p> <span class=\"post-format-icon\">&nbsp;<\/span><span class=\"updated\" title=\"2014-09-27T16:39:42+00:00\">&nbsp;<\/span><\/p>\n<div class=\"entry-container fix\">\n<div class=\"entry fix\">\n<div style=\"width: 346px\" class=\"wp-caption alignleft\"><a href=\"http:\/\/niramarteditorial.espacioniram.com\/2014\/09\/presentacion-del-libro-la-nena-de-ana-unhold\/\"><\/a><\/p>\n<p class=\"wp-caption-text\">Ana Unhold presenta su novela \u201cLa nena\u201d, Niram Art Editorial, 2014<\/p>\n<\/div>\n<p class=\"bch4dcbow065stdpy\"><b>Diego Vadillo L\u00f3pez<\/b><\/p>\n<p class=\"bch4dcbow065stdpy\">&nbsp;<\/p>\n<p class=\"bch4dcbow065stdpy\">El pasado 23 de septiembre tuvo lugar en la librer\u00eda<a href=\"http:\/\/cervantesycia.com\/\" target=\"_blank\" rel=\"noopener\"><strong> Cervantes y Compa\u00f1\u00eda<\/strong><\/a> la presentaci\u00f3n del libro \u201c<a href=\"http:\/\/niramarteditorial.espacioniram.com\/2014\/09\/la-nena-ana-unhold\/\" target=\"_blank\" rel=\"noopener\"><strong><i>La Nena<\/i><\/strong><\/a>\u201d  (<strong>Niram Art Editorial<\/strong>, 2014), de la escritora y artista pl\u00e1stica bonaerense <a href=\"http:\/\/niramarteditorial.espacioniram.com\/autores\/ana-unhold\/\" target=\"_blank\" rel=\"noopener\"><strong>Ana Unhold<\/strong><\/a>, con la que tuve el gusto de compartir una amena charla a cerca de dicha obra, una novela cargada de emotividad y narrada con prosa en\u00e9rgica y vigorosa.<\/p>\n<p class=\"bch4dcbow065stdpy\">Se trata de la biograf\u00eda novelada de Rosario (\u201cLa Nena\u201d), la hija bastarda de una sirvienta (as\u00ed como del mismo siglo XX) destinada a la misma suerte que su propia madre en una hacienda situada en la Patagonia, estando muy presente el paisaje de la Pampa.<\/p>\n<p class=\"bch4dcbow065stdpy\">Ana Unhold conoci\u00f3 la historia de Rosario a trav\u00e9s de una amiga en cuya casa hab\u00eda servido esta mujer, conmoviendo a la autora su vida hasta el punto de llevarla a la literatura.<\/p>\n<p class=\"bch4dcbow065stdpy\">Unhold quer\u00eda hacer visible a trav\u00e9s de \u201cLa Nena\u201d la vida de todas esas personas que carecen de la posibilidad de vivir su propia vida. De hecho, se percibe una fuerte empat\u00eda entre la narradora y su personaje, existiendo dos velocidades en el relato: una, m\u00e1s morosa, que es la que comparece cuando se aborda directamente la figura de \u201cLa Nena\u201d, y otra, m\u00e1s veloz, que emerge cuando se refiere lo dem\u00e1s.<\/p>\n<p class=\"bch4dcbow065stdpy\">Gran importancia adquiere el contexto mismo por el que transcurren los noventa a\u00f1os de Rosario, pues se va dando cuenta de todos los hechos relevantes de la reciente historia Argentina: el peronismo, la Dictadura Militar, las Malvinas\u2026<\/p>\n<p class=\"bch4dcbow065stdpy\">Un rasgo muy rese\u00f1able es el gusto por el saber y la sensibilidad natural de Rosario, quien se fue forjando una cierta cultura apoyada en las pocas clases a que asisti\u00f3 y en su gusto por la lectura.<\/p>\n<p class=\"bch4dcbow065stdpy\">A cuenta de lo anterior afirmaba Ana Unhold el hecho de que muchas veces a gente con grandes dotes les falta el contexto y las circunstancias.<\/p>\n<p class=\"bch4dcbow065stdpy\">Otro aspecto que llam\u00f3 mi atenci\u00f3n de la novela que nos ocupa fue el estil\u00edstico, pues la autora va haciendo uso de s\u00edmiles e im\u00e1genes muy sugerentes, como cuando compara la vida de \u201cLa Nena\u201d con una sinfon\u00eda, con sus movimientos, sus tiempos suaves y arm\u00f3nicos, los <i>crescendos<\/i>, los silencios\u2026, o cuando, haciendo balance de su periplo vital al cumplir los sesenta, escribe que \u201cuna mochila de piedras le pesaba en la espalda\u201d, o cuando cuenta c\u00f3mo a \u201cLa Nena\u201d le gustaba escuchar \u201cel concierto de p\u00e1jaros de la tarde\u201d.<\/p>\n<p class=\"bch4dcbow065stdpy\">Como queda presente en esta novela, Ana Unhold dice beber m\u00e1s de la experiencia sensible (de la observaci\u00f3n), del sedimento que se forma a trav\u00e9s de \u00e9sta, que de la pura imaginaci\u00f3n. Para ella la vivencia es el paso previo a la creatividad, una creatividad que encauza de muy diversas formas: artes pl\u00e1sticas, m\u00fasica, literatura, e incluso dir\u00eda que docencia (pues la docencia tambi\u00e9n implica ser creativo), toda vez que fue profesora de Ciencias Naturales, y es que asimismo es bi\u00f3loga. Quiz\u00e1 no quiso conformarse con constatar regularidades, pasando tambi\u00e9n a la indagaci\u00f3n de singularidades. No en vano, igual que el cient\u00edfico no prescinde de la intuici\u00f3n (<i>intueri<\/i>, que etimol\u00f3gicamente significa \u201cobservar atentamente\u201d), el artista tampoco reniega de la reflexi\u00f3n. \u201c<i>La Nena<\/i>\u201d ser\u00eda un compendio de ambas caracter\u00edsticas.<\/p>\n<\/div>\n<div class=\"meta-pullout meta-left-pullout\">\n<ul>\n<li class=\"fix\"><span class=\"category\"><span class=\"icon\">&nbsp;<\/span> <a href=\"https:\/\/niramart.com\/revista-magazine\/category\/s5-articulos\/c39-articulos-espanol\/\" rel=\"category tag\">Articulos espa\u00f1ol<\/a>, <a href=\"https:\/\/niramart.com\/revista-magazine\/category\/destacados\/\" rel=\"category tag\">Destacados<\/a>, <a href=\"https:\/\/niramart.com\/revista-magazine\/category\/literatura\/\" rel=\"category tag\">Literatura<\/a><\/span><\/li>\n<li class=\"fix\"><span class=\"tags tax\"><span class=\"icon\">&nbsp;<\/span>Tagged with: <a href=\"https:\/\/niramart.com\/revista-magazine\/tag\/ana-unhold\/\" rel=\"tag\">Ana Unhold<\/a>, <a href=\"https:\/\/niramart.com\/revista-magazine\/tag\/la-nena\/\" rel=\"tag\">La Nena<\/a>, <a href=\"https:\/\/niramart.com\/revista-magazine\/tag\/niram-art-editorial\/\" rel=\"tag\">niram art editorial<\/a>, <a href=\"https:\/\/niramart.com\/revista-magazine\/tag\/novela\/\" rel=\"tag\">NOVELA<\/a><\/span><\/li>\n<\/ul>\n<\/div>\n<\/div>\n<footer class=\"post-footer postdata fix\"> <\/footer>\n<section id=\"comments\"> <\/section>\n<\/article>\n<nav class=\"post-nav fix\">\n<table>\n<tr>\n<td class=\"previous\"><a href=\"https:\/\/niramart.com\/revista-magazine\/exposicion-m-i-e-d-h-o-doppeltganger\/\" rel=\"prev\"><span class=\"icon\">&nbsp;<\/span> Exposici\u00f3n M.I.E.D.H.O.: Doppeltg\u00e4nger<\/a><\/td>\n<td class=\"next\"><a href=\"https:\/\/niramart.com\/revista-magazine\/calma-enredada-en-el-equipaje-consideraciones-con-respecto-a-redes-de-calma-de-jose-serna-andres\/\" rel=\"next\"><span class=\"icon\">&nbsp;<\/span> Calma enredada en el equipaje. Consideraciones con respecto a Redes de calma, de Jos\u00e9 Serna Andr\u00e9s<\/a><\/td>\n<\/tr>\n<\/table>\n<\/nav>\n<\/div>\n<\/div>\n","protected":false,"raw":""},"excerpt":{"rendered":"<p>\u201cLa Nena\u201d, de Ana Unhold, la biograf\u00eda de una [&hellip;]<\/p>\n","protected":false},"author":0,"featured_media":0,"parent":0,"menu_order":0,"comment_status":"closed","ping_status":"closed","template":"","meta":{"footnotes":""},"class_list":["post-158","page","type-page","status-publish","hentry"],"yoast_head":"<!-- This site is optimized with the Yoast SEO plugin v27.4 - https:\/\/yoast.com\/product\/yoast-seo-wordpress\/ -->\n<title>\u201cLa Nena\u201d, de Ana Unhold, la biograf\u00eda de una mujer sin vida propia \u00bb Niram Art Magazine<\/title>\n<meta name=\"robots\" content=\"index, follow, max-snippet:-1, max-image-preview:large, max-video-preview:-1\" \/>\n<link rel=\"canonical\" href=\"https:\/\/niramart.com\/revista-magazine\/la-nena-de-ana-unhold-la-biografia-de-una-mujer-sin-vida-propia\/\" \/>\n<meta property=\"og:type\" content=\"article\" \/>\n<meta property=\"og:title\" content=\"\u201cLa Nena\u201d, de Ana Unhold, la biograf\u00eda de una mujer sin vida propia \u00bb Niram Art Magazine\" \/>\n<meta property=\"og:description\" content=\"\u201cLa Nena\u201d, de Ana Unhold, la biograf\u00eda de una [&hellip;]\" \/>\n<meta property=\"og:url\" content=\"https:\/\/niramart.com\/revista-magazine\/la-nena-de-ana-unhold-la-biografia-de-una-mujer-sin-vida-propia\/\" \/>\n<meta property=\"og:site_name\" content=\"Niram Art Magazine\" \/>\n<meta name=\"twitter:card\" content=\"summary_large_image\" \/>\n<meta name=\"twitter:label1\" content=\"Est. reading time\" \/>\n\t<meta name=\"twitter:data1\" content=\"3 minutes\" \/>\n<!-- \/ Yoast SEO plugin. -->","yoast_head_json":{"title":"\u201cLa Nena\u201d, de Ana Unhold, la biograf\u00eda de una mujer sin vida propia \u00bb Niram Art Magazine","robots":{"index":"index","follow":"follow","max-snippet":"max-snippet:-1","max-image-preview":"max-image-preview:large","max-video-preview":"max-video-preview:-1"},"canonical":"https:\/\/niramart.com\/revista-magazine\/la-nena-de-ana-unhold-la-biografia-de-una-mujer-sin-vida-propia\/","og_type":"article","og_title":"\u201cLa Nena\u201d, de Ana Unhold, la biograf\u00eda de una mujer sin vida propia \u00bb Niram Art Magazine","og_description":"\u201cLa Nena\u201d, de Ana Unhold, la biograf\u00eda de una [&hellip;]","og_url":"https:\/\/niramart.com\/revista-magazine\/la-nena-de-ana-unhold-la-biografia-de-una-mujer-sin-vida-propia\/","og_site_name":"Niram Art Magazine","twitter_card":"summary_large_image","twitter_misc":{"Est. reading time":"3 minutes"}},"_links":{"self":[{"href":"https:\/\/niramart.com\/revista-magazine\/wp-json\/wp\/v2\/pages\/158","targetHints":{"allow":["GET"]}}],"collection":[{"href":"https:\/\/niramart.com\/revista-magazine\/wp-json\/wp\/v2\/pages"}],"about":[{"href":"https:\/\/niramart.com\/revista-magazine\/wp-json\/wp\/v2\/types\/page"}],"replies":[{"embeddable":true,"href":"https:\/\/niramart.com\/revista-magazine\/wp-json\/wp\/v2\/comments?post=158"}],"version-history":[{"count":0,"href":"https:\/\/niramart.com\/revista-magazine\/wp-json\/wp\/v2\/pages\/158\/revisions"}],"wp:attachment":[{"href":"https:\/\/niramart.com\/revista-magazine\/wp-json\/wp\/v2\/media?parent=158"}],"curies":[{"name":"wp","href":"https:\/\/api.w.org\/{rel}","templated":true}]}}