{"id":157,"date":"2024-04-01T07:40:54","date_gmt":"2024-04-01T07:40:54","guid":{"rendered":"https:\/\/niramart.com\/revista-magazine\/la-indiferencia-el-miedo-y-el-arte-por-miedho-3\/"},"modified":"2024-04-01T07:40:54","modified_gmt":"2024-04-01T07:40:54","slug":"la-indiferencia-el-miedo-y-el-arte-por-miedho-3","status":"publish","type":"page","link":"https:\/\/niramart.com\/revista-magazine\/la-indiferencia-el-miedo-y-el-arte-por-miedho\/","title":{"rendered":"LA INDIFERENCIA, EL MIEDO Y EL ARTE por MIEDHO"},"content":{"rendered":"<div id=\"main-col\">\n<div id=\"content\">\n<article class=\"post-46 post type-post status-publish format-standard hentry category-c39-articulos-espanol category-bellas-artes category-c58-no-1-2-2010 category-18-id category-119-id category-30-id full-content meta-position-left-pullout fix\" id=\"post-46\">\n<header class=\"post-header title-container fix\">\n<div class=\"title\">\n<h1 class=\"posttitle\"><a href=\"https:\/\/niramart.com\/revista-magazine\/la-indiferencia-el-miedo-y-el-arte-por-miedho\/\" class=\"entry-title\" rel=\"bookmark\" title=\"LA INDIFERENCIA, EL MIEDO Y EL ARTE por MIEDHO\">LA INDIFERENCIA, EL MIEDO Y EL ARTE por MIEDHO<\/a><\/h1>\n<\/div>\n<div class=\"date\"><span class=\"month\">Mar<\/span> <span class=\"day\">04<\/span><span class=\"year\">2010<\/span><\/div>\n<\/header>\n<p> <span class=\"post-format-icon\">&nbsp;<\/span><span class=\"updated\" title=\"2010-03-04T19:53:35+00:00\">&nbsp;<\/span><\/p>\n<div class=\"entry-container fix\">\n<div class=\"entry fix\">\n<p class=\"bch4dcbow065stdpy\"><img loading=\"lazy\" decoding=\"async\" class=\"aligncenter\" alt=\"\" src=\"https:\/\/niramart.com\/revista-magazine\/files\/2010\/03\/miedho-w-241-h-300.png\" width=\"241\" height=\"299\"\/><\/p>\n<p class=\"bch4dcbow065stdpy\">\u00a1Qu\u00e9 f\u00e1cil es ser dominado por la indiferencia y desconectar del mundo con un solo bot\u00f3n!<\/p>\n<p class=\"bch4dcbow065stdpy\">El otro d\u00eda, entrando a la estaci\u00f3n de tren de Pr\u00edncipe P\u00edo, me encontr\u00e9 con un extra\u00f1o panorama; una familia (los padres y un hijo) acompa\u00f1ados por uno guardias de seguridad y algunos polic\u00edas.<\/p>\n<p class=\"bch4dcbow065stdpy\">En ese momento justo introduje el billete para pasar por los tornos. El ambiente me llam\u00f3 la atenci\u00f3n. Sin duda hab\u00eda ocurrido algo, pero no pod\u00eda encajar las piezas de lo sucedido, as\u00ed que segu\u00ed hasta mi anden sin preocuparme por nada m\u00e1s. Mi sorpresa fue encontrarme a un sujeto inmovilizado en el suelo por otros guardias de seguridad. Estaba gritando y se retorc\u00eda in\u00fatilmente.<\/p>\n<p class=\"bch4dcbow065stdpy\">Me dol\u00eda la cabeza y estaba algo cansado. As\u00ed que me puse los cascos y conecte mi mp3 para escuchar Lamb Of God de Marilyn Manson. Fue incre\u00edble, pero en cuesti\u00f3n de unos pocos segundos me evad\u00ed totalmente. Ya no escuchaba los gritos del presunto delincuente, tampoco los sollozos de la familia. Ya no escuchaba nada. He de confesar que me sorprend\u00ed de mi reacci\u00f3n, de mi total indiferencia ante aquella situaci\u00f3n, me parecieron tan lejanos.<\/p>\n<p style=\"text-align: justify;\">Pertenezco a una extra\u00f1a generaci\u00f3n que ve el futuro demasiado oscuro,  en donde nuestra visi\u00f3n de divertirse muchas veces consiste en autodestruirnos y alejarnos a trav\u00e9s de id\u00edlicos alcoholes. No tenemos un ideal pol\u00edtico claro, aunque los est\u00fapidos abogan por una izquierda o derecha radicalizada y enmascarada, llena de mentiras, de promesas y de utop\u00edas, pero sobre todo llena de marketing e imagen. Somos invisibles para ellos, s\u00f3lo se acuerdan de nosotros para que le demos nuestro voto. S\u00ed, definitivamente vivimos en una extra\u00f1a esfera apartada de la vida real. Nuestra sociedad da asco.<\/p>\n<p style=\"text-align: justify;\">Hace unos d\u00edas un terremoto devastador sacudi\u00f3 Hait\u00ed. Todos est\u00e1bamos \u201cconsternados\u201d, \u00bfde verdad?. Ya ha pasado casi dos semanas y no he vuelto a escuchar nada en la televisi\u00f3n, peri\u00f3dicos o radio. Hait\u00ed ya no est\u00e1 de moda, ya nos han vendido su imagen de pobreza y ha caducado en nuestras retinas, quiz\u00e1s m\u00e1s adelante se haga un peque\u00f1o reportaje para recordar lo que fue y as\u00ed subir un poco la audiencia de alguna cadena de televisi\u00f3n.<\/p>\n<p style=\"text-align: justify;\">\u00bfDe verdad este asunto os ha quitado el sue\u00f1o? Quiz\u00e1s sea as\u00ed para los m\u00e1s cercanos, pero para el resto solo ha sido \u201cun gran titular\u201d m\u00e1s, una conversaci\u00f3n en el trabajo o una charla entre amigos. No seamos hip\u00f3critas, al ciudadano de a pie le importa todo esto una mierda, ya tiene suficiente problemas con su vida y \u00e9l no puede hacer nada desde aqu\u00ed: S\u00ed, se ha sentido perturbado por la noticia, pero quiz\u00e1s solo un par de minutos mientras nos met\u00edan esas im\u00e1genes de dolor y apocalipsis por nuestros ojos.<\/p>\n<p style=\"text-align: justify;\">Ya sab\u00e9is de lo que estoy hablando, de la indiferencia. De la enfermedad que nos est\u00e1 carcomiendo por dentro, como si fuera un gusano que se ha criado con nosotros desde peque\u00f1os. Yo poseo esa enfermedad y soy consciente de ella. Lo \u00fanico que me importa es mi meta marcada. Expresar todo mi dolor, mi odio y mi miedo a todo el mundo a trav\u00e9s de mi arte, hacerles ver que todo lo que soy yo, tambi\u00e9n lo son ellos.<\/p>\n<p style=\"text-align: justify;\">Hoy en d\u00eda el arte tambi\u00e9n est\u00e1 sufriendo esa indiferencia. El p\u00fablico no es capaz de digerir bien a los nuevos artistas, que como yo, quieren dejar su marca en este mundo. Ahora todo es m\u00e1s herm\u00e9tico. Ahora a los artistas los dirigen los grandes galeristas y son ellos los que deciden que arte es \u201cbueno\u201d y cual es \u201cmalo\u201d. Ellos hacen de filtro y exponen unas piezas a las que las llaman obra de arte. Son a la vez los guardianes y censores del arte actual. Sin su aprobaci\u00f3n eres un artista mediocre y sin sentido. No hay m\u00e1s que ver los requisitos que impone ARCO para formar parte de su grupo elitista, ya no busca artistas, busca a galeristas.<\/p>\n<p style=\"text-align: justify;\">Todo est\u00e1 relacionado, si ahora mismo la gente no le interesa el arte, es porque no lo entiende, y porque el \u201cbuen arte\u201d se ha concebido para mentes privilegiadas y se ha creado un peque\u00f1o c\u00edrculo de \u201cculturetas\u201d que saben de arte, consumen arte y coleccionan arte. Lo m\u00e1s triste es que muchas de estas personas que se creen cultas se parecen a los m\u00e1s mediocres consumidores de televisi\u00f3n basura. Consumen, y coleccionan como alguien tan normal y tan respetado que compra DVDs o Cds.<\/p>\n<p style=\"text-align: justify;\">Estamos influenciados por lo visual, no se escapa nadie de este hecho. Y estamos condenados, seg\u00fan nuestro nivel social a seguir con el ritual. Si coleccionas arte, colecciona aquel que te dicen que es bueno, y si eres consumidor de cosm\u00e9tica, conf\u00eda en los expertos y compra los productos que son buenos.<\/p>\n<p style=\"text-align: justify;\">Siempre, cuando hay algo o alguien nuevo, primero se le critica y despu\u00e9s se reflexiona del porque ha llamado tanto la atenci\u00f3n.<\/p>\n<p style=\"text-align: justify;\">Algunos de nosotros nos aventuraremos a ver que nos depara lo nuevo, otros se conformaran con lo que conocen. En cierto modo, es una clase miedo, el miedo a lo desconocido, el miedo a que se desmonte tu peque\u00f1a visi\u00f3n sobre la cultura que te has realizado a ti mismo, pero miedo al fin y al cabo.<\/p>\n<\/div>\n<div class=\"meta-pullout meta-left-pullout\">\n<ul>\n<li class=\"fix\"><span class=\"category\"><span class=\"icon\">&nbsp;<\/span> <a href=\"https:\/\/niramart.com\/revista-magazine\/category\/s5-articulos\/c39-articulos-espanol\/\" rel=\"category tag\">Articulos espa\u00f1ol<\/a>, <a href=\"https:\/\/niramart.com\/revista-magazine\/category\/bellas-artes\/\" rel=\"category tag\">Bellas Artes<\/a>, <a href=\"https:\/\/niramart.com\/revista-magazine\/category\/s5-articulos\/c58-no-1-2-2010\/\" rel=\"category tag\">N\u00ba 1 &#8211; 2, 2010<\/a><\/span><\/li>\n<\/ul>\n<\/div>\n<\/div>\n<footer class=\"post-footer postdata fix\"><\/footer>\n<section id=\"comments\"><\/section>\n<\/article>\n<nav class=\"post-nav fix\">\n<table>\n<tr>\n<td class=\"previous\"><a href=\"https:\/\/niramart.com\/revista-magazine\/la-tora-de-hector-martinez-sanz-por-romeo-niram\/\" rel=\"prev\"><span class=\"icon\">&nbsp;<\/span> La Tor\u00e1 de H\u00e9ctor Mart\u00ednez Sanz por Romeo Niram<\/a><\/td>\n<td class=\"next\"><a href=\"https:\/\/niramart.com\/revista-magazine\/hablando-con-el-fotografo-miedho-por-fabianni-belemuski\/\" rel=\"next\"><span class=\"icon\">&nbsp;<\/span> Hablando con el fot\u00f3grafo MIEDHO por Fabianni Belemuski<\/a><\/td>\n<\/tr>\n<\/table>\n<\/nav>\n<\/div>\n<\/div>\n","protected":false,"raw":""},"excerpt":{"rendered":"<p>LA INDIFERENCIA, EL MIEDO Y EL ARTE por MIEDHO [&hellip;]<\/p>\n","protected":false},"author":0,"featured_media":0,"parent":0,"menu_order":0,"comment_status":"closed","ping_status":"closed","template":"","meta":{"footnotes":""},"class_list":["post-157","page","type-page","status-publish","hentry"],"yoast_head":"<!-- This site is optimized with the Yoast SEO plugin v27.4 - https:\/\/yoast.com\/product\/yoast-seo-wordpress\/ -->\n<title>LA INDIFERENCIA, EL MIEDO Y EL ARTE por MIEDHO \u00bb Niram Art Magazine<\/title>\n<meta name=\"robots\" content=\"index, follow, max-snippet:-1, max-image-preview:large, max-video-preview:-1\" \/>\n<link rel=\"canonical\" href=\"https:\/\/niramart.com\/revista-magazine\/la-indiferencia-el-miedo-y-el-arte-por-miedho\/\" \/>\n<meta property=\"og:type\" content=\"article\" \/>\n<meta property=\"og:title\" content=\"LA INDIFERENCIA, EL MIEDO Y EL ARTE por MIEDHO \u00bb Niram Art Magazine\" \/>\n<meta property=\"og:description\" content=\"LA INDIFERENCIA, EL MIEDO Y EL ARTE por MIEDHO [&hellip;]\" \/>\n<meta property=\"og:url\" content=\"https:\/\/niramart.com\/revista-magazine\/la-indiferencia-el-miedo-y-el-arte-por-miedho\/\" \/>\n<meta property=\"og:site_name\" content=\"Niram Art Magazine\" \/>\n<meta name=\"twitter:card\" content=\"summary_large_image\" \/>\n<meta name=\"twitter:label1\" content=\"Est. reading time\" \/>\n\t<meta name=\"twitter:data1\" content=\"5 minutes\" \/>\n<!-- \/ Yoast SEO plugin. -->","yoast_head_json":{"title":"LA INDIFERENCIA, EL MIEDO Y EL ARTE por MIEDHO \u00bb Niram Art Magazine","robots":{"index":"index","follow":"follow","max-snippet":"max-snippet:-1","max-image-preview":"max-image-preview:large","max-video-preview":"max-video-preview:-1"},"canonical":"https:\/\/niramart.com\/revista-magazine\/la-indiferencia-el-miedo-y-el-arte-por-miedho\/","og_type":"article","og_title":"LA INDIFERENCIA, EL MIEDO Y EL ARTE por MIEDHO \u00bb Niram Art Magazine","og_description":"LA INDIFERENCIA, EL MIEDO Y EL ARTE por MIEDHO [&hellip;]","og_url":"https:\/\/niramart.com\/revista-magazine\/la-indiferencia-el-miedo-y-el-arte-por-miedho\/","og_site_name":"Niram Art Magazine","twitter_card":"summary_large_image","twitter_misc":{"Est. reading time":"5 minutes"}},"_links":{"self":[{"href":"https:\/\/niramart.com\/revista-magazine\/wp-json\/wp\/v2\/pages\/157","targetHints":{"allow":["GET"]}}],"collection":[{"href":"https:\/\/niramart.com\/revista-magazine\/wp-json\/wp\/v2\/pages"}],"about":[{"href":"https:\/\/niramart.com\/revista-magazine\/wp-json\/wp\/v2\/types\/page"}],"replies":[{"embeddable":true,"href":"https:\/\/niramart.com\/revista-magazine\/wp-json\/wp\/v2\/comments?post=157"}],"version-history":[{"count":0,"href":"https:\/\/niramart.com\/revista-magazine\/wp-json\/wp\/v2\/pages\/157\/revisions"}],"wp:attachment":[{"href":"https:\/\/niramart.com\/revista-magazine\/wp-json\/wp\/v2\/media?parent=157"}],"curies":[{"name":"wp","href":"https:\/\/api.w.org\/{rel}","templated":true}]}}