{"id":156,"date":"2024-04-01T07:40:54","date_gmt":"2024-04-01T07:40:54","guid":{"rendered":"https:\/\/niramart.com\/revista-magazine\/la-fiebre-del-oro\/"},"modified":"2024-04-01T07:40:54","modified_gmt":"2024-04-01T07:40:54","slug":"la-fiebre-del-oro","status":"publish","type":"page","link":"https:\/\/niramart.com\/revista-magazine\/la-fiebre-del-oro\/","title":{"rendered":"LA FIEBRE DEL ORO"},"content":{"rendered":"<div id=\"main-col\">\n<div id=\"content\">\n<article class=\"post-870 post type-post status-publish format-standard hentry category-c39-articulos-espanol category-literatura category-no-1-2-2013 tag-antonio-mateos-munoz category-18-id category-120-id category-148-id full-content meta-position-left-pullout fix\" id=\"post-870\">\n<header class=\"post-header title-container fix\">\n<div class=\"title\">\n<h1 class=\"posttitle\"><a href=\"https:\/\/niramart.com\/revista-magazine\/la-fiebre-del-oro\/\" class=\"entry-title\" rel=\"bookmark\" title=\"LA FIEBRE DEL ORO\">LA FIEBRE DEL ORO<\/a><\/h1>\n<\/div>\n<div class=\"date\"><span class=\"month\">Apr<\/span> <span class=\"day\">08<\/span><span class=\"year\">2013<\/span><\/div>\n<\/header>\n<p> <span class=\"post-format-icon\">&nbsp;<\/span><span class=\"updated\" title=\"2013-04-08T17:54:15+00:00\">&nbsp;<\/span><\/p>\n<div class=\"entry-container fix\">\n<div class=\"entry fix\">\n<div style=\"width: 328px\" class=\"wp-caption alignleft\"><img loading=\"lazy\" decoding=\"async\" alt=\"Antonio Mateos Mu\u00f1oz \" src=\"https:\/\/niramart.com\/revista-magazine\/files\/2013\/04\/cartel-antonio-mateos-w-318.jpg\" width=\"318\" height=\"450\"\/><\/p>\n<p class=\"wp-caption-text\">Antonio Mateos Mu\u00f1oz<\/p>\n<\/div>\n<p style=\"text-align: left;\" align=\"right\">Por <b>Antonio Mateos Mu\u00f1oz<\/b><\/p>\n<p class=\"bch4dcbow065stdpy\">&nbsp;<\/p>\n<p class=\"bch4dcbow065stdpy\">Puerta del Sol, a eso de las siete de la tarde. Mucho negro, afros, algunos mexicanos y asirios o adl\u00e1teres, si juzgo por las pintas, todos comprando oro, plata, platino y hasta blenda. La fiebre del oro. Creo que las nuevas generaciones, en lugar de abrirse hacia los mercado europeos, tendr\u00edan que marchar hacia el Manzanares a la b\u00fasqueda del dorado metal. Como Aguirre. Qui\u00e9n sabe, a lo mejor hallaban el Dorado. Alguien me solicita una firma en contra del trasplante de \u00f3rganos. Lo hago. Se trata de China: los riesgos del para\u00edso comunista. Veo fugazmente al oso. Y no s\u00e9 por qu\u00e9 su recuerdo me trae a la memoria a Violette, que una flor de espiga, una flor espigada pero carnal y esgrimista. No s\u00e9 lo que pensar\u00e1n las osas de los osos pero barrunto que algo similar a lo que piensan las mujeres de los hombres-oso. Un poco m\u00e1s caritativamente.<\/p>\n<p class=\"bch4dcbow065stdpy\">Pero yo he venido a Madrid a hablar de mi libro. Bueno, eso no lo dec\u00eda yo, sino Umbral. As\u00ed que he venido a hablar de Umbral. Don Francisco. Con Diego Vadillo, cara a lo Bogart y ojos de poeta, que sabe tanto del vallisoletano\/ madrile\u00f1o como sab\u00eda don Marcelino de los heterodoxos y de aquellos cient\u00edficos y fil\u00f3sofos  que ejerc\u00edan su impar magisterio en las Urdes. Ha escrito el hombre un tr\u00edptico, Quevedo-Valle-Umbral, un libro tan erudito que parece ajeno a lo literario, un libro tan literario que parece ajeno a lo erudito: &#8220;&#8230;toda forma implica un fondo subyacente, y el repujamiento de la prosa umbral\u00ed no iba a ser menos: ya toda esa majestuosidad formal puede connotar una inabarcable pl\u00e9yade motivaciones y circunstancias, muchas de las cuales le son hurtadas, con seguridad, al propio autor&#8221;&#8230;&#8230;..El regodeo umbraliano en la geograf\u00eda femenina llega a rozar lo citol\u00f3gico. Son sus recreaciones literarias en el terreno corpo-genital de la mujer aut\u00e9nticas citolog\u00edas l\u00edricas, entre sublimes y procaces, eso s\u00ed.&#8221;<\/p>\n<p class=\"bch4dcbow065stdpy\">Recito, esta vez sin cubata previo. Y la cosa fluye. O lo parece. Alguien que ha llegado a Espacio Niram<sup>1<\/sup> por error me se\u00f1ala que ha sido un error afortunado. Esto me halaga. Despu\u00e9s de todo, se escribe fundamental para escuchar las sonajas del aprecio y de la estima.<\/p>\n<p class=\"bch4dcbow065stdpy\">Llueve en Madrid. Como llov\u00eda en mi coraz\u00f3n un rato antes, al leer algunos poemas. Belemuski, Diego, Antonio, la comitiva, andan a la intemperie pero muy temperados. En breve, Baco los atemperar\u00e1, es decir, los dejar\u00e1 sin templanza. Por suerte, he tra\u00eddo un paraguas. Eso me da ventaja. Cuando andamos, viandamos, ambulamos,  Rita Martorell se coloca a mi lado para protegerse, para protegerme, de la lluvia. Rita es bioda, amarilleantemente bionda. Ha recitado uno de mis poemas, Cuando yo me haya ido, y ahora me dan gans de escribirle un poema nuevo, <i>Cuando me quede a tu lado<\/i>. Porque es lo que estoy deseando. Madrid era una fiesta.<\/p>\n<\/div>\n<div class=\"meta-pullout meta-left-pullout\">\n<ul>\n<li class=\"fix\"><span class=\"category\"><span class=\"icon\">&nbsp;<\/span> <a href=\"https:\/\/niramart.com\/revista-magazine\/category\/s5-articulos\/c39-articulos-espanol\/\" rel=\"category tag\">Articulos espa\u00f1ol<\/a>, <a href=\"https:\/\/niramart.com\/revista-magazine\/category\/literatura\/\" rel=\"category tag\">Literatura<\/a>, <a href=\"https:\/\/niramart.com\/revista-magazine\/category\/s5-articulos\/no-1-2-2013\/\" rel=\"category tag\">N\u00ba 1-2, 2013<\/a><\/span><\/li>\n<li class=\"fix\"><span class=\"tags tax\"><span class=\"icon\">&nbsp;<\/span>Tagged with: <a href=\"https:\/\/niramart.com\/revista-magazine\/tag\/antonio-mateos-munoz\/\" rel=\"tag\">Antonio Mateos Mu\u00f1oz<\/a><\/span><\/li>\n<\/ul>\n<\/div>\n<\/div>\n<footer class=\"post-footer postdata fix\"><\/footer>\n<section id=\"comments\"><\/section>\n<\/article>\n<nav class=\"post-nav fix\">\n<table>\n<tr>\n<td class=\"previous\"><a href=\"https:\/\/niramart.com\/revista-magazine\/liana-acero-de-la-cuesta-unica-en-su-diversidad\/\" rel=\"prev\"><span class=\"icon\">&nbsp;<\/span> Liana Acero de la Cuesta, \u00fanica en su diversidad<\/a><\/td>\n<td class=\"next\"><a href=\"https:\/\/niramart.com\/revista-magazine\" rel=\"next\"><span class=\"icon\">&nbsp;<\/span> Encuentro con el escritor Antonio Mateos Mu\u00f1oz<\/a><\/td>\n<\/tr>\n<\/table>\n<\/nav>\n<\/div>\n<\/div>\n","protected":false,"raw":""},"excerpt":{"rendered":"<p>LA FIEBRE DEL ORO Apr 082013 &nbsp;&nbsp; Antonio Mateos [&hellip;]<\/p>\n","protected":false},"author":0,"featured_media":0,"parent":0,"menu_order":0,"comment_status":"closed","ping_status":"closed","template":"","meta":{"footnotes":""},"class_list":["post-156","page","type-page","status-publish","hentry"],"yoast_head":"<!-- This site is optimized with the Yoast SEO plugin v27.4 - https:\/\/yoast.com\/product\/yoast-seo-wordpress\/ -->\n<title>LA FIEBRE DEL ORO \u00bb Niram Art Magazine<\/title>\n<meta name=\"robots\" content=\"index, follow, max-snippet:-1, max-image-preview:large, max-video-preview:-1\" \/>\n<link rel=\"canonical\" href=\"https:\/\/niramart.com\/revista-magazine\/la-fiebre-del-oro\/\" \/>\n<meta property=\"og:type\" content=\"article\" \/>\n<meta property=\"og:title\" content=\"LA FIEBRE DEL ORO \u00bb Niram Art Magazine\" \/>\n<meta property=\"og:description\" content=\"LA FIEBRE DEL ORO Apr 082013 &nbsp;&nbsp; Antonio Mateos [&hellip;]\" \/>\n<meta property=\"og:url\" content=\"https:\/\/niramart.com\/revista-magazine\/la-fiebre-del-oro\/\" \/>\n<meta property=\"og:site_name\" content=\"Niram Art Magazine\" \/>\n<meta name=\"twitter:card\" content=\"summary_large_image\" \/>\n<meta name=\"twitter:label1\" content=\"Est. reading time\" \/>\n\t<meta name=\"twitter:data1\" content=\"3 minutes\" \/>\n<!-- \/ Yoast SEO plugin. -->","yoast_head_json":{"title":"LA FIEBRE DEL ORO \u00bb Niram Art Magazine","robots":{"index":"index","follow":"follow","max-snippet":"max-snippet:-1","max-image-preview":"max-image-preview:large","max-video-preview":"max-video-preview:-1"},"canonical":"https:\/\/niramart.com\/revista-magazine\/la-fiebre-del-oro\/","og_type":"article","og_title":"LA FIEBRE DEL ORO \u00bb Niram Art Magazine","og_description":"LA FIEBRE DEL ORO Apr 082013 &nbsp;&nbsp; Antonio Mateos [&hellip;]","og_url":"https:\/\/niramart.com\/revista-magazine\/la-fiebre-del-oro\/","og_site_name":"Niram Art Magazine","twitter_card":"summary_large_image","twitter_misc":{"Est. reading time":"3 minutes"}},"_links":{"self":[{"href":"https:\/\/niramart.com\/revista-magazine\/wp-json\/wp\/v2\/pages\/156","targetHints":{"allow":["GET"]}}],"collection":[{"href":"https:\/\/niramart.com\/revista-magazine\/wp-json\/wp\/v2\/pages"}],"about":[{"href":"https:\/\/niramart.com\/revista-magazine\/wp-json\/wp\/v2\/types\/page"}],"replies":[{"embeddable":true,"href":"https:\/\/niramart.com\/revista-magazine\/wp-json\/wp\/v2\/comments?post=156"}],"version-history":[{"count":0,"href":"https:\/\/niramart.com\/revista-magazine\/wp-json\/wp\/v2\/pages\/156\/revisions"}],"wp:attachment":[{"href":"https:\/\/niramart.com\/revista-magazine\/wp-json\/wp\/v2\/media?parent=156"}],"curies":[{"name":"wp","href":"https:\/\/api.w.org\/{rel}","templated":true}]}}