{"id":152,"date":"2024-04-01T07:40:53","date_gmt":"2024-04-01T07:40:53","guid":{"rendered":"https:\/\/niramart.com\/revista-magazine\/identidad-y-ficcion-en-fabianni-belemuski-habitante-ficticio\/"},"modified":"2024-04-01T07:40:53","modified_gmt":"2024-04-01T07:40:53","slug":"identidad-y-ficcion-en-fabianni-belemuski-habitante-ficticio","status":"publish","type":"page","link":"https:\/\/niramart.com\/revista-magazine\/identidad-y-ficcion-en-fabianni-belemuski-en-habitante-ficticio\/","title":{"rendered":"Identidad y ficci\u00f3n en Fabianni Belemuski, Habitante ficticio"},"content":{"rendered":"<div id=\"main-col\">\n<div id=\"content\">\n<article class=\"post-1133 post type-post status-publish format-standard hentry category-c39-articulos-espanol category-literatura tag-fabianni-belemuski tag-midsoul-wolf tag-niram-art category-18-id category-120-id full-content meta-position-left-pullout fix\" id=\"post-1133\">\n<header class=\"post-header title-container fix\">\n<div class=\"title\">\n<h1 class=\"posttitle\"><a href=\"https:\/\/niramart.com\/revista-magazine\/identidad-y-ficcion-en-fabianni-belemuski-en-habitante-ficticio\/\" class=\"entry-title\" rel=\"bookmark\" title=\"Identidad y ficci\u00f3n en Fabianni Belemuski, Habitante ficticio\">Identidad y ficci\u00f3n en Fabianni Belemuski, Habitante ficticio<\/a><\/h1>\n<\/div>\n<div class=\"date\"><span class=\"month\">Oct<\/span> <span class=\"day\">15<\/span><span class=\"year\">2013<\/span><\/div>\n<\/header>\n<p> <span class=\"post-format-icon\">&nbsp;<\/span><span class=\"updated\" title=\"2013-10-15T18:14:22+00:00\">&nbsp;<\/span><\/p>\n<div class=\"entry-container fix\">\n<div class=\"entry fix\">\n<p class=\"bch4dcbow065stdpy\"><strong>Midsoul W\u00f6lf<\/strong><\/p>\n<div style=\"width: 222px\" class=\"wp-caption alignleft\"><img loading=\"lazy\" decoding=\"async\" alt=\"Fabianni Belemuski\" src=\"https:\/\/niramart.com\/revista-magazine\/files\/2013\/10\/fabiannibelemuski-w-470-h-313.jpg\" width=\"212\" height=\"141\"\/><\/p>\n<p class=\"wp-caption-text\">Fabianni Belemuski<\/p>\n<\/div>\n<p class=\"bch4dcbow065stdpy\">En <a href=\"http:\/\/niramarteditorial.espacioniram.com\/2013\/03\/fabianni-belemuski-habitante-ficticio\/\"><i>Habitante ficticio <\/i><\/a>(<a href=\"http:\/\/niramarteditorial.espacioniram.com\/2013\/03\/fabianni-belemuski-habitante-ficticio\/\">Niram Ar<\/a>t, 2013) ocurre que, como poetizara Walt Whitman en el conocido verso de <i>Hojas de hierba, <\/i>\u00aben nuestros dedos no descansan unas hojas, sino que tiembla un hombre\u00bb. Yo dir\u00eda que no s\u00f3lo un hombre, sino el Hombre.<\/p>\n<p class=\"bch4dcbow065stdpy\">De todas las caras que ofrecemos al mundo \u00bfCu\u00e1l es la real? Puede ser que todas ellas o puede ser que ninguna. En <a href=\"http:\/\/niramarteditorial.espacioniram.com\/2013\/03\/fabianni-belemuski-habitante-ficticio\/\"><i>Habitante ficticio <\/i><\/a>nos encontramos ante el dilema de la identidad, que en los tiempos que vivimos ha venido a convertirse en uno de los mayores problemas para el pensamiento. Las m\u00e1scaras, la farsa que hacemos de nuestro ser terminan por convertirnos en meros entes de ficci\u00f3n, ilusiones incluso para nosotros mismos. Hasta tal punto es as\u00ed que podemos llegar al extremo de no saber qui\u00e9nes somos e ignorar cu\u00e1l es nuestro lugar si alguna vez tuvimos uno. \u00abTodos estamos perdidos en el mundo\u00bb, sentencia la novela, casi al final del primer cap\u00edtulo.<\/p>\n<div style=\"width: 346px\" class=\"wp-caption aligncenter\"><img loading=\"lazy\" decoding=\"async\" alt=\"Habitante ficticio (Niram Art, 2013)\" src=\"https:\/\/niramart.com\/revista-magazine\/files\/niramarteditorial-sub\/wp-content\/uploads\/2013\/03\/portada-habitante-ficticio2.jpg\" width=\"336\" height=\"483\"\/><\/p>\n<p class=\"wp-caption-text\">Habitante ficticio (Niram Art, 2013)<\/p>\n<\/div>\n<p class=\"bch4dcbow065stdpy\">La delirante situaci\u00f3n que<strong> Fabianni Belemuski<\/strong> nos traslada puede recordarnos a aquel Segismundo en su torre, con su \u201ctoda la vida es sue\u00f1o, y los sue\u00f1os, sue\u00f1os son\u201d; es decir, el tema del gran teatro del mundo, radicalizado en nuestra \u00e9poca. Precisamente, el protagonista de la novela, un desconocido incluso para s\u00ed mismo, despierta en mitad de un vac\u00edo tan angustioso que, como animal de presa, se ve en la necesidad de huir mientras trata de reconstruir su propia historia. Se trata de un protagonista an\u00f3nimo, carente de nombre.<\/p>\n<p class=\"bch4dcbow065stdpy\">Nos faltan seguridad, certidumbres, sembr\u00e1ndose a nuestro alrededor desconfianzas de todo tipo. Singularmente me recordaba a aquella pel\u00edcula de Cristopher Nolan titulada <i>Memento<\/i>, sobre todo en la forma inconexa de ir relacionando personajes y hechos, lo que contribuye a reforzar y transmitir la amnesia e inquietud del protagonista, y en la llamada del t\u00edtulo al t\u00f3pico latino <i>memento mori, <\/i>recuerda que has de morir, no como una amenza, sino como la \u00fanica seguridad que se tiene. Precisamente hace un gui\u00f1o a la cinta en las primeras p\u00e1ginas,  dando el <i>motto <\/i>de la novela: \u201c\u00bfQu\u00e9 har\u00edas t\u00fa si fueras el personaje de una pel\u00edcula, por ejemplo de <i>Amnesia<\/i>?\u201d (nombre con el que, por cierto, tambi\u00e9n se conoce el film referido).<\/p>\n<p class=\"bch4dcbow065stdpy\">No menciono el s\u00e9ptimo arte porque s\u00ed. Sin desvelar nada de la trama al lector, puedo afirmar que lo cinematogr\u00e1fico act\u00faa en <i>Habitante ficticio <\/i>con el doble valor de t\u00e9cnica narrativa y alegor\u00eda.<\/p>\n<p class=\"bch4dcbow065stdpy\">Leyendo la novela nos sentimos por momentos igual que ante el visionado en un cine. Exteriorizaciones objetivas de las acciones contrapeadas con el mon\u00f3logo interior como t\u00e9cnica literaria. Y, justamente, la ficci\u00f3n f\u00edlmica es la met\u00e1fora que Fabianni aprovecha (como antiguamente se hizo con el teatro), para representar las vicisitudes del protagonista.<\/p>\n<p class=\"bch4dcbow065stdpy\">Entre los personajes, especialmente me quedar\u00eda con la descripci\u00f3n que Fabianni Belemuski realiza de Johana, el personaje femenino: \u201cNo supo decirme que ella era una mujer para m\u00ed.  No es una mujer con la que se pueda comunicar mostrando las cartas. Hace falta tacto, elegancia, sabidur\u00eda y destreza (\u2026) Es orgullosa y ambiciosa, mujer firme y de confianza. Siempre regateando sus sentimientos, no se entrega con facilidad, ella quiere ser merecida sin ser un premio\u201d. Es una mujer que se tiene en valor a s\u00ed misma, que antes de vencerse prefiere doblegar el mundo, exigente con cuanto la rodea, fuerte. Una mujer contempor\u00e1nea, veros\u00edmil, escapando de la \u201cmujer fatal\u201d y de la \u201cmojigata\u201d, de la mujer como complemento de la masculinidad o de la mujer varonil como personajes tipo en la literatura.<\/p>\n<p class=\"bch4dcbow065stdpy\">Fabianni Belemuski opta por construir una feminidad independiente, compleja, con personalidad y sentido propios.<\/p>\n<p class=\"bch4dcbow065stdpy\">A trav\u00e9s de determinados gui\u00f1os, como se ha referenciado en varias cr\u00edticas, es reconocible la influencia de Franz Kafka en una combinaci\u00f3n de <i>El Proceso <\/i>y <i>El Castillo<\/i>, reactualizando los motivos argumentales de aqu\u00e9l, y siguiendo la l\u00ednea de autores que recogieron el legado kafkiano (me refiero a Camus, Sartre, Borges\u2026). E igual que sucede con Kafka y su obra, <i>Habitante ficticio <\/i>se convierte en nuestras manos en una novela que admite una multiplicidad de interpretaciones, desde las m\u00e1s metaf\u00edsicas, vitalistas y existenciales, pasando por la b\u00fasqueda religiosa, la lectura psicol\u00f3gica y, como no pod\u00eda ser de otro modo, la perspectiva social.<\/p>\n<p class=\"bch4dcbow065stdpy\">En definitiva estamos ante una novela, como empec\u00e9 diciendo, de marcada originalidad, \u00fanica en su g\u00e9nero, y ante un escritor que, indudablemente, pisa fuerte en las letras contempor\u00e1neas.<\/p>\n<p class=\"bch4dcbow065stdpy\">Por todo lo dicho, no quiero terminar sin recomendarles a todos ustedes encarecidamente la lectura de <i>Habitante ficticio<\/i>, en cuyas l\u00edneas quiz\u00e1s se encuentren consigo mismos.<\/p>\n<\/div>\n<div class=\"meta-pullout meta-left-pullout\">\n<ul>\n<li class=\"fix\"><span class=\"category\"><span class=\"icon\">&nbsp;<\/span> <a href=\"https:\/\/niramart.com\/revista-magazine\/category\/s5-articulos\/c39-articulos-espanol\/\" rel=\"category tag\">Articulos espa\u00f1ol<\/a>, <a href=\"https:\/\/niramart.com\/revista-magazine\/category\/literatura\/\" rel=\"category tag\">Literatura<\/a><\/span><\/li>\n<li class=\"fix\"><span class=\"tags tax\"><span class=\"icon\">&nbsp;<\/span>Tagged with: <a href=\"https:\/\/niramart.com\/revista-magazine\/tag\/fabianni-belemuski\/\" rel=\"tag\">fabianni belemuski<\/a>, <a href=\"https:\/\/niramart.com\/revista-magazine\/tag\/midsoul-wolf\/\" rel=\"tag\">Midsoul W\u00f6lf<\/a>, <a href=\"https:\/\/niramart.com\/revista-magazine\/tag\/niram-art\/\" rel=\"tag\">niram art<\/a><\/span><\/li>\n<\/ul>\n<\/div>\n<\/div>\n<footer class=\"post-footer postdata fix\"><\/footer>\n<section id=\"comments\"><\/section>\n<\/article>\n<nav class=\"post-nav fix\">\n<table>\n<tr>\n<td class=\"previous\"><a href=\"https:\/\/niramart.com\/revista-magazine\/exposicion-de-grafica-de-eduard-rudolf-roth\/\" rel=\"prev\"><span class=\"icon\">&nbsp;<\/span> Exposici\u00f3n de gr\u00e1fica de Eduard Rudolf Roth<\/a><\/td>\n<td class=\"next\"><a href=\"https:\/\/niramart.com\/revista-magazine\/doppeltganger-miedho-camina-a-mi-lado\/\" rel=\"next\"><span class=\"icon\">&nbsp;<\/span> Doppeltg\u00e4nger, MIEDHO Camina a mi Lado<\/a><\/td>\n<\/tr>\n<\/table>\n<\/nav>\n<\/div>\n<\/div>\n","protected":false,"raw":""},"excerpt":{"rendered":"<p>Identidad y ficci\u00f3n en Fabianni Belemuski, Habitante ficticio Oct [&hellip;]<\/p>\n","protected":false},"author":0,"featured_media":0,"parent":0,"menu_order":0,"comment_status":"closed","ping_status":"closed","template":"","meta":{"footnotes":""},"class_list":["post-152","page","type-page","status-publish","hentry"],"yoast_head":"<!-- This site is optimized with the Yoast SEO plugin v27.4 - https:\/\/yoast.com\/product\/yoast-seo-wordpress\/ -->\n<title>Identidad y ficci\u00f3n en Fabianni Belemuski, Habitante ficticio \u00bb Niram Art Magazine<\/title>\n<meta name=\"robots\" content=\"index, follow, max-snippet:-1, max-image-preview:large, max-video-preview:-1\" \/>\n<link rel=\"canonical\" href=\"https:\/\/niramart.com\/revista-magazine\/identidad-y-ficcion-en-fabianni-belemuski-en-habitante-ficticio\/\" \/>\n<meta property=\"og:type\" content=\"article\" \/>\n<meta property=\"og:title\" content=\"Identidad y ficci\u00f3n en Fabianni Belemuski, Habitante ficticio \u00bb Niram Art Magazine\" \/>\n<meta property=\"og:description\" content=\"Identidad y ficci\u00f3n en Fabianni Belemuski, Habitante ficticio Oct [&hellip;]\" \/>\n<meta property=\"og:url\" content=\"https:\/\/niramart.com\/revista-magazine\/identidad-y-ficcion-en-fabianni-belemuski-en-habitante-ficticio\/\" \/>\n<meta property=\"og:site_name\" content=\"Niram Art Magazine\" \/>\n<meta name=\"twitter:card\" content=\"summary_large_image\" \/>\n<meta name=\"twitter:label1\" content=\"Est. reading time\" \/>\n\t<meta name=\"twitter:data1\" content=\"4 minutes\" \/>\n<!-- \/ Yoast SEO plugin. -->","yoast_head_json":{"title":"Identidad y ficci\u00f3n en Fabianni Belemuski, Habitante ficticio \u00bb Niram Art Magazine","robots":{"index":"index","follow":"follow","max-snippet":"max-snippet:-1","max-image-preview":"max-image-preview:large","max-video-preview":"max-video-preview:-1"},"canonical":"https:\/\/niramart.com\/revista-magazine\/identidad-y-ficcion-en-fabianni-belemuski-en-habitante-ficticio\/","og_type":"article","og_title":"Identidad y ficci\u00f3n en Fabianni Belemuski, Habitante ficticio \u00bb Niram Art Magazine","og_description":"Identidad y ficci\u00f3n en Fabianni Belemuski, Habitante ficticio Oct [&hellip;]","og_url":"https:\/\/niramart.com\/revista-magazine\/identidad-y-ficcion-en-fabianni-belemuski-en-habitante-ficticio\/","og_site_name":"Niram Art Magazine","twitter_card":"summary_large_image","twitter_misc":{"Est. reading time":"4 minutes"}},"_links":{"self":[{"href":"https:\/\/niramart.com\/revista-magazine\/wp-json\/wp\/v2\/pages\/152","targetHints":{"allow":["GET"]}}],"collection":[{"href":"https:\/\/niramart.com\/revista-magazine\/wp-json\/wp\/v2\/pages"}],"about":[{"href":"https:\/\/niramart.com\/revista-magazine\/wp-json\/wp\/v2\/types\/page"}],"replies":[{"embeddable":true,"href":"https:\/\/niramart.com\/revista-magazine\/wp-json\/wp\/v2\/comments?post=152"}],"version-history":[{"count":0,"href":"https:\/\/niramart.com\/revista-magazine\/wp-json\/wp\/v2\/pages\/152\/revisions"}],"wp:attachment":[{"href":"https:\/\/niramart.com\/revista-magazine\/wp-json\/wp\/v2\/media?parent=152"}],"curies":[{"name":"wp","href":"https:\/\/api.w.org\/{rel}","templated":true}]}}