{"id":146,"date":"2024-04-01T07:40:52","date_gmt":"2024-04-01T07:40:52","guid":{"rendered":"https:\/\/niramart.com\/revista-magazine\/gamas-de-lilium-gore-un-panorama-mas-que-inestable-inquietante\/"},"modified":"2024-04-01T07:40:52","modified_gmt":"2024-04-01T07:40:52","slug":"gamas-de-lilium-gore-un-panorama-mas-que-inestable-inquietante","status":"publish","type":"page","link":"https:\/\/niramart.com\/revista-magazine\/gamas-de-lilium-gore-un-panorama-mas-que-inestable-inquietante\/","title":{"rendered":"\u201cGamas\u201d, de Lilium-Gore, un panorama, m\u00e1s que inestable, inquietante"},"content":{"rendered":"<div id=\"main-col\">\n<div id=\"content\">\n<article class=\"post-1272 post type-post status-publish format-standard hentry category-c39-articulos-espanol category-literatura tag-gamas tag-lilium-gore tag-novela category-18-id category-120-id full-content meta-position-left-pullout fix\" id=\"post-1272\">\n<header class=\"post-header title-container fix\">\n<div class=\"title\">\n<h1 class=\"posttitle\"><a href=\"https:\/\/niramart.com\/revista-magazine\/gamas-de-lilium-gore-un-panorama-mas-que-inestable-inquietante\/\" class=\"entry-title\" rel=\"bookmark\" title=\"\u201cGamas\u201d, de Lilium-Gore, un panorama, m\u00e1s que inestable, inquietante\">\u201cGamas\u201d, de Lilium-Gore, un panorama, m\u00e1s que inestable, inquietante<\/a><\/h1>\n<\/div>\n<div class=\"date\"><span class=\"month\">Sep<\/span> <span class=\"day\">27<\/span><span class=\"year\">2014<\/span><\/div>\n<\/header>\n<p> <span class=\"post-format-icon\">&nbsp;<\/span><span class=\"updated\" title=\"2014-09-27T17:04:53+00:00\">&nbsp;<\/span><\/p>\n<div class=\"entry-container fix\">\n<div class=\"entry fix\">\n<div id=\"attachment_224\" style=\"width: 198px\" class=\"wp-caption alignleft\"><a href=\"https:\/\/niramart.com\/revista-magazine\/files\/wp-content\/uploads\/2012\/01\/diego-vadillo.jpg\"><img loading=\"lazy\" decoding=\"async\" class=\"size-medium wp-image-224\" alt=\"Diego Vadillo L\u00f3pez\" src=\"https:\/\/niramart.com\/revista-magazine\/files\/wp-content\/uploads\/2012\/01\/diego-vadillo-300x238.jpg\" width=\"188\" height=\"149\"\/><\/a><\/p>\n<p class=\"wp-caption-text\">Diego Vadillo L\u00f3pez<\/p>\n<\/div>\n<p class=\"bch4dcbow065stdpy\"><b>Diego Vadillo L\u00f3pez<\/b><\/p>\n<p class=\"bch4dcbow065stdpy\"><strong>GAMAS<\/strong> es una desasosegante novela que, precisamente por eso, mantendr\u00e1 sujeto a quien incursione en ella, dado que el tr\u00e1nsito de unos personajes de impronunciables nombres por un mundo demon\u00edaco y \u00e1spero nos impedir\u00e1 desembarazarnos de la trama, de un argumento dentro del cual interaccionan unos j\u00f3venes a merced de un mundo inh\u00f3spito, a semejanza del nuestro pero con ingentes elementos novedosos e inveros\u00edmiles que all\u00e1 resultan pura cotidianeidad.<\/p>\n<p class=\"bch4dcbow065stdpy\">En \u201cGamas\u201d se hace transcurrir la trama por un universo de paccionada coexistencia entre demonios y \u00bfhumanos?  en lo que acaba siendo un equilibrio inestable que pedir\u00e1 ir consumiendo p\u00e1ginas para conseguir ir desembarazando entuertos, mas cuando eso se intente nuevos nudos surgir\u00e1n entremezclados en una apoteosis del desconcierto.<\/p>\n<p class=\"bch4dcbow065stdpy\">Aunque hay una protagonista principal (Nizarette, apodada Rina), otros personajes tambi\u00e9n est\u00e1n dotados de relevancia, altern\u00e1ndose incluso el punto de vista narrativo en primera o tercera persona, que, a la vez, nos da la oportunidad de ingresar en el interior de estos, a lo que se une el ingente uso del cauce dial\u00f3gico, matiz que aporta una mayor cercan\u00eda a los personajes, pues, adem\u00e1s de llegarnos sus cuitas de primera mano, estas quedan mayormente precisadas merced a las acotaciones que ellos mismos hacen d\u00e1ndonos paso a sus conjeturas intr\u00ednsecas. Y es que cap\u00edtulo a cap\u00edtulo se va alternando el narrador, acaparando diferentes personajes el punto de vista de la historia.<\/p>\n<p class=\"bch4dcbow065stdpy\">Proliferan los tintes surreales y fantasiosos en combinaci\u00f3n con la atm\u00f3sfera inquietante y, por momentos, angustiosa que teje la autora. Eso, unido al aludido perspectivismo narrativo, hace del todo desconcertante a la obra.<\/p>\n<p class=\"bch4dcbow065stdpy\">Otro aspecto a destacar es el trasfondo sentimental, que, por entre la fronda de sucesos impactantes, avanza de fondo en todo momento. Pareciera ser el motivo que ayuda a la pareja protagonista a no claudicar tras los numerosos enveses sufridos, aunque llegando al final las cosas mutan de manera insospechadas.<\/p>\n<p class=\"bch4dcbow065stdpy\">Realidad e irrealidad, vigilia y sue\u00f1o, enso\u00f1aciones y presagios, inesperados desdoblamientos\u2026 van adobando un contexto en el que los \u201cinvocadores\u201d libran a toda hora justas con los siempre acechantes demonios. Aunque no son \u00fanicamente estos los que provocan constantes quebraderos de cabeza a los personajes (los yuklos tambi\u00e9n adquirir\u00e1n notable presencia), no dejando pr\u00e1cticamente espacio para que la honda historia de amor entre Rina y Ruykiney se desarrolle en toda la plenitud a que la mutua pasi\u00f3n abocar\u00eda. \u00bfO quiz\u00e1 es que nada ocurre gratuitamente? (el lector habr\u00e1 de estar atento a los impensados giros).<\/p>\n<p class=\"bch4dcbow065stdpy\">La fantas\u00eda y lo mist\u00e9rico se dan la mano en esta novela de tintes g\u00f3ticos en los que lo fant\u00e1stico es llevado a emplazamientos harto tortuosos y altamente peligrosos.<\/p>\n<p class=\"bch4dcbow065stdpy\">&nbsp;<\/p>\n<\/div>\n<div class=\"meta-pullout meta-left-pullout\">\n<ul>\n<li class=\"fix\"><span class=\"category\"><span class=\"icon\">&nbsp;<\/span> <a href=\"https:\/\/niramart.com\/revista-magazine\/category\/s5-articulos\/c39-articulos-espanol\/\" rel=\"category tag\">Articulos espa\u00f1ol<\/a>, <a href=\"https:\/\/niramart.com\/revista-magazine\/category\/literatura\/\" rel=\"category tag\">Literatura<\/a><\/span><\/li>\n<li class=\"fix\"><span class=\"tags tax\"><span class=\"icon\">&nbsp;<\/span>Tagged with: <a href=\"https:\/\/niramart.com\/revista-magazine\/tag\/gamas\/\" rel=\"tag\">Gamas<\/a>, <a href=\"https:\/\/niramart.com\/revista-magazine\/tag\/lilium-gore\/\" rel=\"tag\">Lilium-Gore<\/a>, <a href=\"https:\/\/niramart.com\/revista-magazine\/tag\/novela\/\" rel=\"tag\">NOVELA<\/a><\/span><\/li>\n<\/ul>\n<\/div>\n<\/div>\n<footer class=\"post-footer postdata fix\"> <\/footer>\n<section id=\"comments\"> <\/section>\n<\/article>\n<nav class=\"post-nav fix\">\n<table>\n<tr>\n<td class=\"previous\"><a href=\"https:\/\/niramart.com\/revista-magazine\/calma-enredada-en-el-equipaje-consideraciones-con-respecto-a-redes-de-calma-de-jose-serna-andres\/\" rel=\"prev\"><span class=\"icon\">&nbsp;<\/span> Calma enredada en el equipaje. Consideraciones con respecto a Redes de calma, de Jos\u00e9 Serna Andr\u00e9s<\/a><\/td>\n<td class=\"next\"><a href=\"https:\/\/niramart.com\/revista-magazine\/aproximacion-a-la-obra-artistica-de-yolanda-dominguez\/\" rel=\"next\"><span class=\"icon\">&nbsp;<\/span> Aproximaci\u00f3n a la obra art\u00edstica de Yolanda Dom\u00ednguez<\/a><\/td>\n<\/tr>\n<\/table>\n<\/nav>\n<\/div>\n<\/div>\n","protected":false,"raw":""},"excerpt":{"rendered":"<p>\u201cGamas\u201d, de Lilium-Gore, un panorama, m\u00e1s que inestable, inquietante [&hellip;]<\/p>\n","protected":false},"author":0,"featured_media":0,"parent":0,"menu_order":0,"comment_status":"closed","ping_status":"closed","template":"","meta":{"footnotes":""},"class_list":["post-146","page","type-page","status-publish","hentry"],"yoast_head":"<!-- This site is optimized with the Yoast SEO plugin v27.4 - https:\/\/yoast.com\/product\/yoast-seo-wordpress\/ -->\n<title>\u201cGamas\u201d, de Lilium-Gore, un panorama, m\u00e1s que inestable, inquietante \u00bb Niram Art Magazine<\/title>\n<meta name=\"robots\" content=\"index, follow, max-snippet:-1, max-image-preview:large, max-video-preview:-1\" \/>\n<link rel=\"canonical\" href=\"https:\/\/niramart.com\/revista-magazine\/gamas-de-lilium-gore-un-panorama-mas-que-inestable-inquietante\/\" \/>\n<meta property=\"og:type\" content=\"article\" \/>\n<meta property=\"og:title\" content=\"\u201cGamas\u201d, de Lilium-Gore, un panorama, m\u00e1s que inestable, inquietante \u00bb Niram Art Magazine\" \/>\n<meta property=\"og:description\" content=\"\u201cGamas\u201d, de Lilium-Gore, un panorama, m\u00e1s que inestable, inquietante [&hellip;]\" \/>\n<meta property=\"og:url\" content=\"https:\/\/niramart.com\/revista-magazine\/gamas-de-lilium-gore-un-panorama-mas-que-inestable-inquietante\/\" \/>\n<meta property=\"og:site_name\" content=\"Niram Art Magazine\" \/>\n<meta name=\"twitter:card\" content=\"summary_large_image\" \/>\n<meta name=\"twitter:label1\" content=\"Est. reading time\" \/>\n\t<meta name=\"twitter:data1\" content=\"3 minutes\" \/>\n<!-- \/ Yoast SEO plugin. -->","yoast_head_json":{"title":"\u201cGamas\u201d, de Lilium-Gore, un panorama, m\u00e1s que inestable, inquietante \u00bb Niram Art Magazine","robots":{"index":"index","follow":"follow","max-snippet":"max-snippet:-1","max-image-preview":"max-image-preview:large","max-video-preview":"max-video-preview:-1"},"canonical":"https:\/\/niramart.com\/revista-magazine\/gamas-de-lilium-gore-un-panorama-mas-que-inestable-inquietante\/","og_type":"article","og_title":"\u201cGamas\u201d, de Lilium-Gore, un panorama, m\u00e1s que inestable, inquietante \u00bb Niram Art Magazine","og_description":"\u201cGamas\u201d, de Lilium-Gore, un panorama, m\u00e1s que inestable, inquietante [&hellip;]","og_url":"https:\/\/niramart.com\/revista-magazine\/gamas-de-lilium-gore-un-panorama-mas-que-inestable-inquietante\/","og_site_name":"Niram Art Magazine","twitter_card":"summary_large_image","twitter_misc":{"Est. reading time":"3 minutes"}},"_links":{"self":[{"href":"https:\/\/niramart.com\/revista-magazine\/wp-json\/wp\/v2\/pages\/146","targetHints":{"allow":["GET"]}}],"collection":[{"href":"https:\/\/niramart.com\/revista-magazine\/wp-json\/wp\/v2\/pages"}],"about":[{"href":"https:\/\/niramart.com\/revista-magazine\/wp-json\/wp\/v2\/types\/page"}],"replies":[{"embeddable":true,"href":"https:\/\/niramart.com\/revista-magazine\/wp-json\/wp\/v2\/comments?post=146"}],"version-history":[{"count":0,"href":"https:\/\/niramart.com\/revista-magazine\/wp-json\/wp\/v2\/pages\/146\/revisions"}],"wp:attachment":[{"href":"https:\/\/niramart.com\/revista-magazine\/wp-json\/wp\/v2\/media?parent=146"}],"curies":[{"name":"wp","href":"https:\/\/api.w.org\/{rel}","templated":true}]}}