{"id":143,"date":"2024-04-01T07:40:52","date_gmt":"2024-04-01T07:40:52","guid":{"rendered":"https:\/\/niramart.com\/revista-magazine\/first-official-activity-of-the-jewish-association-of-fine-artists-of-spain\/"},"modified":"2024-04-01T07:40:52","modified_gmt":"2024-04-01T07:40:52","slug":"first-official-activity-of-the-jewish-association-of-fine-artists-of-spain","status":"publish","type":"page","link":"https:\/\/niramart.com\/revista-magazine\/first-official-activity-of-the-jewish-association-of-fine-artists-of-spain\/","title":{"rendered":"First Official Activity of the Jewish Association of Fine Artists of Spain"},"content":{"rendered":"<div id=\"main-col\">\n<div id=\"content\">\n<article class=\"post-980 post type-post status-publish format-standard hentry category-c40-english category-c38-noticias-revista tag-jose-luis-aguilo tag-norman-narotzky tag-santiago-raigorodsky tag-tarbut-sefarad tag-the-jewish-association-of-fine-artists-of-spain category-17-id category-32-id full-content meta-position-left-pullout fix\" id=\"post-980\">\n<header class=\"post-header title-container fix\">\n<div class=\"title\">\n<h1 class=\"posttitle\"><a href=\"https:\/\/niramart.com\/revista-magazine\/first-official-activity-of-the-jewish-association-of-fine-artists-of-spain\/\" class=\"entry-title\" rel=\"bookmark\" title=\"First Official Activity of the Jewish Association of Fine Artists of Spain\">First Official Activity of the Jewish Association of Fine Artists of Spain<\/a><\/h1>\n<\/div>\n<div class=\"date\"><span class=\"month\">May<\/span> <span class=\"day\">23<\/span><span class=\"year\">2013<\/span><\/div>\n<\/header>\n<p> <span class=\"post-format-icon\">&nbsp;<\/span><span class=\"updated\" title=\"2013-05-23T10:26:52+00:00\">&nbsp;<\/span><\/p>\n<div class=\"entry-container fix\">\n<div class=\"entry fix\">\n<p class=\"bch4dcbow065stdpy\"><b><a href=\"http:\/\/www.tarbutsefarad.com\/\">Tarbut Sefarad<\/a><\/b>, announces the creation of <strong>The Jewish Association of Fine Artists of Spain<\/strong>. The initiative belongs to <b>Mario Saban<\/b>, president of <strong>Tarbut Sefarad<\/strong> and <b>Santiago Raigorodsky<\/b>, director of <strong>Tarbut Arte<\/strong>, with the support of <b>Alba Andreu<\/b>, president of <strong>Tarbut Barcelona<\/strong> and many other friends and artists.<\/p>\n<p class=\"bch4dcbow065stdpy\">The association is highly connected to the activities of <strong>Tarbut Sefarad<\/strong> but remains open and at the disposal of any institution whose objectives are the promotion and transmission of the profound values of art and the preservation of Jewish culture.<\/p>\n<p class=\"bch4dcbow065stdpy\">The association will soon have its own web page, designed to inform of all its activities and also to offer news of general interest regarding the world of Jewish fine arts. Until the website is ready, the activities will be featured in Tarbut Arte.<\/p>\n<p class=\"bch4dcbow065stdpy\"><strong>The first official activity of the association will take place on the 28<sup>th<\/sup> of May, with the opening of the exhibition \u201cPainting Painting Painting\u201d by Jos\u00e9 Luis Aguil\u00f3, Norman Narotzky and Santiago Raigorodsky. The event is organized in cooperation with <a href=\"http:\/\/www.tarbutsefarad.com\/\">Tarbut Sefarad<\/a>, Tarbut Arte and Jabad Barcelona, and will take place in the Call bookstore, C\/Sant Honorat, 9, Local 1, Bajos, Barcelona.<\/strong><\/p>\n<p class=\"bch4dcbow065stdpy\">&nbsp;<\/p>\n<p class=\"bch4dcbow065stdpy\">&nbsp;<\/p>\n<div style=\"width: 172px\" class=\"wp-caption alignleft\"><img loading=\"lazy\" decoding=\"async\" alt=\"Jos\u00e9 Lu\u00eds Aguil\u00f3\" src=\"https:\/\/niramart.com\/revista-magazine\/files\/dscf00112.jpg\" width=\"162\" height=\"108\"\/><\/p>\n<p class=\"wp-caption-text\">Jos\u00e9 Lu\u00eds Aguil\u00f3<\/p>\n<\/div>\n<p class=\"bch4dcbow065stdpy\"><b><a href=\"http:\/\/www.joseluisaguilo.com\/\">Jos\u00e9 Lu\u00eds Aguil\u00f3<\/a><\/b> is a painter from Barcelona with  several individual exhibitions in Spain and Japan and with an extended participation in collective exhibitions, national and international, and art fares such as   XXXVIII Sal\u00f3n de Oto\u00f1o de Pintura de Plasencia 2006, LXIVI Exposici\u00f3n Internacional de Artes Pl\u00e1sticas, Valdepe\u00f1as 2005, ARCO 2003, V Mostra d &#8220;Art Contemporani Catala. He received various painting awards and also a scholarship from the prestigious Pollock-Krasner Foundation New York, 2006-2007. Some of hiw works can be found in art collections such as Banc de Sabadell, Collecci\u00f3 Testimoni. Fundaci\u00f3 &#8220;La Caixa&#8221;, Ajuntament de Montcada i Reixac, Ajuntament de la Garriga.<\/p>\n<p class=\"bch4dcbow065stdpy\">&nbsp;<\/p>\n<div style=\"width: 134px\" class=\"wp-caption alignleft\"><img loading=\"lazy\" decoding=\"async\" alt=\"Norman Narotzky \" src=\"https:\/\/niramart.com\/revista-magazine\/files\/plugins\/content\/fboxbot\/thumbs\/narotzky03_160x250_503070b7eac86e1a3c89fea18a5f2956.jpg\" width=\"124\" height=\"193\"\/><\/p>\n<p class=\"wp-caption-text\">Norman Narotzky<\/p>\n<\/div>\n<p class=\"bch4dcbow065stdpy\"><b>Norman Narotzky<\/b> was born in 1928 in Brooklyn, New York. He began studying at the High School of Music and Art and continued studying at the Art Students League in Brooklyn College and at the Cooper Art School. In 1954 he received a scholarship from the Wooley Foundation that forced him to travel to Paris, where he worked in Atelier 17.<\/p>\n<p class=\"bch4dcbow065stdpy\">He spent the summer of 1955 painting in Cadaqu\u00e9s, Catalonia. Upon returning to Paris, he received a scholarship from the French government. He received a Fulbright scholarship the following year, which made him relocate to Munich. In 1958 he settled in Barcelona, often travelling to Cadaqu\u00e9s and New York.<\/p>\n<p class=\"bch4dcbow065stdpy\">Narotzky has had over forty solo exhibitions in both Europe and America. Some of his works are exhibited in the Brooklyn Museum, the Museum of Modern Art in New York and in the Whitney Museum of American Art among others.<\/p>\n<p class=\"bch4dcbow065stdpy\">&nbsp;<\/p>\n<p class=\"bch4dcbow065stdpy\">&nbsp;<\/p>\n<div style=\"width: 214px\" class=\"wp-caption alignleft\">\n<p class=\"wp-caption-text\">Santiago Raigorodsky<\/p>\n<\/div>\n<p class=\"bch4dcbow065stdpy\"><strong><a href=\"http:\/\/www.artmajeur.com\/es\/artist\/raigorodsky\/collections\">Santiago Raigorodsky<\/a><\/strong> was born in Buenos Aires (Argentina), in December 1944, where he lived until 1975, when he moved to Brasil. There, he continued his activity as a painter, working in several cities, especially in Rio de Janeiro and Curitiba. In 1982, he moved to Israel, to the city of Kfar Saba, where he carried on with his artistic and also teaching activity. He was distinguished with several art awards in Brasil, Argentina and Spain. He is currently living in Barcelona, Spain and is the director of <a href=\"http:\/\/www.tarbutsefarad.com\/es\/secciones\/arte-judio.html\">Tarbut Arte<\/a>.<\/p>\n<p class=\"bch4dcbow065stdpy\">&nbsp;<\/p>\n<p class=\"bch4dcbow065stdpy\">&nbsp;<\/p>\n<blockquote>\n<p style=\"text-align: center;\">More Info: <strong>Niram Art Israel<\/strong><\/p>\n<p style=\"text-align: center;\"><b><a href=\"http:\/\/www.tarbutsefarad.com\/\">Tarbut Sefarad<\/a><\/b><\/p>\n<\/blockquote>\n<p class=\"bch4dcbow065stdpy\">&nbsp;<\/p>\n<p class=\"bch4dcbow065stdpy\">&nbsp;<\/p>\n<\/div>\n<div class=\"meta-pullout meta-left-pullout\">\n<ul>\n<li class=\"fix\"><span class=\"category\"><span class=\"icon\">&nbsp;<\/span> <a href=\"https:\/\/niramart.com\/revista-magazine\/category\/s5-articulos\/c40-english\/\" rel=\"category tag\">English articles<\/a>, <a href=\"https:\/\/niramart.com\/revista-magazine\/category\/c38-noticias-revista\/\" rel=\"category tag\">Noticias<\/a><\/span><\/li>\n<li class=\"fix\"><span class=\"tags tax\"><span class=\"icon\">&nbsp;<\/span>Tagged with: <a href=\"https:\/\/niramart.com\/revista-magazine\" rel=\"tag\">Jos\u00e9 Luis Aguil\u00f3<\/a>, <a href=\"https:\/\/niramart.com\/revista-magazine\" rel=\"tag\">Norman Narotzky<\/a>, <a href=\"https:\/\/niramart.com\/revista-magazine\/tag\/santiago-raigorodsky\/\" rel=\"tag\">Santiago Raigorodsky<\/a>, <a href=\"https:\/\/niramart.com\/revista-magazine\/tag\/tarbut-sefarad\/\" rel=\"tag\">tarbut sefarad<\/a>, <a href=\"https:\/\/niramart.com\/revista-magazine\" rel=\"tag\">The Jewish Association of Fine Artists of Spain<\/a><\/span><\/li>\n<\/ul>\n<\/div>\n<\/div>\n<footer class=\"post-footer postdata fix\"><\/footer>\n<section id=\"comments\"><\/section>\n<\/article>\n<nav class=\"post-nav fix\">\n<table>\n<tr>\n<td class=\"previous\"><a href=\"https:\/\/niramart.com\/revista-magazine\/foto-reportaje-exposicion-baruch-elron-en-israel\/\" rel=\"prev\"><span class=\"icon\">&nbsp;<\/span> Foto-reportaje: Exposici\u00f3n Baruch Elron en Israel<\/a><\/td>\n<td class=\"next\"><a href=\"https:\/\/niramart.com\/revista-magazine\/i-jornadas-complutenses-de-ciencia-ficcion\/\" rel=\"next\"><span class=\"icon\">&nbsp;<\/span> I JORNADAS COMPLUTENSES DE CIENCIA FICCI\u00d3N<\/a><\/td>\n<\/tr>\n<\/table>\n<\/nav>\n<\/div>\n<\/div>\n","protected":false,"raw":""},"excerpt":{"rendered":"<p>First Official Activity of the Jewish Association of Fine [&hellip;]<\/p>\n","protected":false},"author":0,"featured_media":0,"parent":0,"menu_order":0,"comment_status":"closed","ping_status":"closed","template":"","meta":{"footnotes":""},"class_list":["post-143","page","type-page","status-publish","hentry"],"yoast_head":"<!-- This site is optimized with the Yoast SEO plugin v27.4 - https:\/\/yoast.com\/product\/yoast-seo-wordpress\/ -->\n<title>First Official Activity of the Jewish Association of Fine Artists of Spain \u00bb Niram Art Magazine<\/title>\n<meta name=\"robots\" content=\"index, follow, max-snippet:-1, max-image-preview:large, max-video-preview:-1\" \/>\n<link rel=\"canonical\" href=\"https:\/\/niramart.com\/revista-magazine\/first-official-activity-of-the-jewish-association-of-fine-artists-of-spain\/\" \/>\n<meta property=\"og:type\" content=\"article\" \/>\n<meta property=\"og:title\" content=\"First Official Activity of the Jewish Association of Fine Artists of Spain \u00bb Niram Art Magazine\" \/>\n<meta property=\"og:description\" content=\"First Official Activity of the Jewish Association of Fine [&hellip;]\" \/>\n<meta property=\"og:url\" content=\"https:\/\/niramart.com\/revista-magazine\/first-official-activity-of-the-jewish-association-of-fine-artists-of-spain\/\" \/>\n<meta property=\"og:site_name\" content=\"Niram Art Magazine\" \/>\n<meta name=\"twitter:card\" content=\"summary_large_image\" \/>\n<meta name=\"twitter:label1\" content=\"Est. reading time\" \/>\n\t<meta name=\"twitter:data1\" content=\"3 minutes\" \/>\n<!-- \/ Yoast SEO plugin. -->","yoast_head_json":{"title":"First Official Activity of the Jewish Association of Fine Artists of Spain \u00bb Niram Art Magazine","robots":{"index":"index","follow":"follow","max-snippet":"max-snippet:-1","max-image-preview":"max-image-preview:large","max-video-preview":"max-video-preview:-1"},"canonical":"https:\/\/niramart.com\/revista-magazine\/first-official-activity-of-the-jewish-association-of-fine-artists-of-spain\/","og_type":"article","og_title":"First Official Activity of the Jewish Association of Fine Artists of Spain \u00bb Niram Art Magazine","og_description":"First Official Activity of the Jewish Association of Fine [&hellip;]","og_url":"https:\/\/niramart.com\/revista-magazine\/first-official-activity-of-the-jewish-association-of-fine-artists-of-spain\/","og_site_name":"Niram Art Magazine","twitter_card":"summary_large_image","twitter_misc":{"Est. reading time":"3 minutes"}},"_links":{"self":[{"href":"https:\/\/niramart.com\/revista-magazine\/wp-json\/wp\/v2\/pages\/143","targetHints":{"allow":["GET"]}}],"collection":[{"href":"https:\/\/niramart.com\/revista-magazine\/wp-json\/wp\/v2\/pages"}],"about":[{"href":"https:\/\/niramart.com\/revista-magazine\/wp-json\/wp\/v2\/types\/page"}],"replies":[{"embeddable":true,"href":"https:\/\/niramart.com\/revista-magazine\/wp-json\/wp\/v2\/comments?post=143"}],"version-history":[{"count":0,"href":"https:\/\/niramart.com\/revista-magazine\/wp-json\/wp\/v2\/pages\/143\/revisions"}],"wp:attachment":[{"href":"https:\/\/niramart.com\/revista-magazine\/wp-json\/wp\/v2\/media?parent=143"}],"curies":[{"name":"wp","href":"https:\/\/api.w.org\/{rel}","templated":true}]}}