{"id":140,"date":"2024-04-01T07:40:52","date_gmt":"2024-04-01T07:40:52","guid":{"rendered":"https:\/\/niramart.com\/revista-magazine\/exposicion-tudor-1001-cuentos-rumanos-en-madrid-2\/"},"modified":"2024-04-01T07:40:52","modified_gmt":"2024-04-01T07:40:52","slug":"exposicion-tudor-1001-cuentos-rumanos-en-madrid-2","status":"publish","type":"page","link":"https:\/\/niramart.com\/revista-magazine\/exposicion-tudor-1001-cuentos-rumanos-en-madrid\/","title":{"rendered":"Exposici\u00f3n Tudor 1001 Cuentos Rumanos en Madrid"},"content":{"rendered":"<div id=\"main-col\">\n<div id=\"content\">\n<article class=\"post-790 post type-post status-publish format-standard hentry category-c38-noticias-revista tag-arte tag-cuentos-rumanos tag-exposicion tag-tudor-serbanescu category-32-id full-content meta-position-left-pullout fix\" id=\"post-790\">\n<header class=\"post-header title-container fix\">\n<div class=\"title\">\n<h1 class=\"posttitle\"><a href=\"https:\/\/niramart.com\/revista-magazine\/exposicion-tudor-1001-cuentos-rumanos-en-madrid\/\" class=\"entry-title\" rel=\"bookmark\" title=\"Exposici\u00f3n Tudor 1001 Cuentos Rumanos en Madrid\">Exposici\u00f3n Tudor 1001 Cuentos Rumanos en Madrid<\/a><\/h1>\n<\/div>\n<div class=\"date\"><span class=\"month\">Mar<\/span> <span class=\"day\">25<\/span><span class=\"year\">2013<\/span><\/div>\n<\/header>\n<p> <span class=\"post-format-icon\">&nbsp;<\/span><span class=\"updated\" title=\"2013-03-25T11:14:04+00:00\">&nbsp;<\/span><\/p>\n<div class=\"entry-container fix\">\n<div class=\"entry fix\">\n<div style=\"width: 287px\" class=\"wp-caption alignleft\">\n<p class=\"wp-caption-text\">Exposici\u00f3n Tudor 1001 Cuentos Rumanos<\/p>\n<\/div>\n<p class=\"bch4dcbow065stdpy\">En el <b>Centro Cultural  \u00c1gata<\/b> de Madrid (Calle Doctor Mart\u00edn Ar\u00e9valo N\u00ba2, 28021) est\u00e1 patente la exposici\u00f3n de pintura de <b>Tudor Serbanescu<\/b>, organizada por el Ayuntamiento de Madrid y comisariada por el escritor <b>Diego Vadillo L\u00f3pez<\/b>.<\/p>\n<p class=\"bch4dcbow065stdpy\">&nbsp;<\/p>\n<p class=\"bch4dcbow065stdpy\">La inauguraci\u00f3n tuvo lugar s\u00e1bado, 23 de marzo del 2013, con la participaci\u00f3n del asesor de arte Antonio Calder\u00f3n de Jes\u00fas, los escritores Diego Vadillo L\u00f3pez y H\u00e9ctor Mart\u00ednez Sanz, los artistas pl\u00e1sticos Rita Martorel e Iv\u00e1n MIEDHO.<\/p>\n<p class=\"bch4dcbow065stdpy\">&nbsp;<\/p>\n<p class=\"bch4dcbow065stdpy\">El artista pl\u00e1stico <b>Tudor Serbanescu<\/b> vive en Madrid y cuenta con m\u00e1s de 30 exposiciones en Espa\u00f1a. La muestra del Centro \u00c1gata est\u00e1 compuesta por 16 pinturas inspiradas en los mitos del folklore rumano, los cuentos de hadas y la literatura popular rumana, rica fuente de inspiraci\u00f3n para tantos artistas y escritores.  Poblados por personajes m\u00edticos, con poderes fant\u00e1sticos, los cuadros de Tudor Serbanescu  son una b\u00fasqueda hacia lo profundo del alma y a trav\u00e9s de sus colores y formas de una delicada belleza contienen la misma &#8220;esperanza insensata de llegar un d\u00eda a la fuentes secreta de todas las tradiciones&#8221;, expresada por otro gran admirador del  folklore, el tambi\u00e9n rumano Mircea Eliade.<\/p>\n<p class=\"bch4dcbow065stdpy\">&nbsp;<\/p>\n<p class=\"bch4dcbow065stdpy\">En las palabras de Teresa Domingo: <b>\u201c<\/b><strong>Definitivamente, la obra de Serbanescu puede ser descrita como vitalista, fluyente entre la experiencia y los sentimientos, dotada de una sencillez \u2013en el mejor sentido de la palabra- en la expresi\u00f3n art\u00edstica, tanto tem\u00e1tica como t\u00e9cnicamente. Un disfrute para el espectador al que invita a participar y cooperar.\u201d<\/strong><\/p>\n<div style=\"width: 660px\" class=\"wp-caption aligncenter\">\n<p class=\"wp-caption-text\">Exposici\u00f3n Tudor 1001 Cuentos Rumanos<\/p>\n<\/div>\n<p class=\"bch4dcbow065stdpy\">En el a\u00f1o 2011, la Editorial <b>Niram Art<\/b> public\u00f3 un volumen de cr\u00edtica de arte sobre su pintura que reune ensayos firmados por<strong>&nbsp; <\/strong>H\u00e9ctor Mart\u00ednez Sanz, Mar\u00eda Teresa Domingo, Fabianni Belemuski, con la colaboraci\u00f3n de Diego Vadillo L\u00f3pez, Dusica Nikolic Dann y M.I.E.D.H.O.<\/p>\n<\/div>\n<div class=\"meta-pullout meta-left-pullout\">\n<ul>\n<li class=\"fix\"><span class=\"category\"><span class=\"icon\">&nbsp;<\/span> <a href=\"https:\/\/niramart.com\/revista-magazine\/category\/c38-noticias-revista\/\" rel=\"category tag\">Noticias<\/a><\/span><\/li>\n<li class=\"fix\"><span class=\"tags tax\"><span class=\"icon\">&nbsp;<\/span>Tagged with: <a href=\"https:\/\/niramart.com\/revista-magazine\/tag\/arte\/\" rel=\"tag\">arte<\/a>, <a href=\"https:\/\/niramart.com\/revista-magazine\/tag\/cuentos-rumanos\/\" rel=\"tag\">Cuentos Rumanos<\/a>, <a href=\"https:\/\/niramart.com\/revista-magazine\/tag\/exposicion\/\" rel=\"tag\">Exposici\u00f3n<\/a>, <a href=\"https:\/\/niramart.com\/revista-magazine\/tag\/tudor-serbanescu\/\" rel=\"tag\">tudor serbanescu<\/a><\/span><\/li>\n<\/ul>\n<\/div>\n<\/div>\n<footer class=\"post-footer postdata fix\"><\/footer>\n<section id=\"comments\"><\/section>\n<\/article>\n<nav class=\"post-nav fix\">\n<table>\n<tr>\n<td class=\"previous\"><a href=\"https:\/\/niramart.com\/revista-magazine\/dorel-schor-lanzamiento-de-libro-en-espacio-niram\/\" rel=\"prev\"><span class=\"icon\">&nbsp;<\/span> DOREL SCHOR, lanzamiento de libro en Espacio Niram<\/a><\/td>\n<td class=\"next\"><a href=\"https:\/\/niramart.com\/revista-magazine\/834\/\" rel=\"next\"><span class=\"icon\">&nbsp;<\/span> La Editorial Niram Art anuncia el lanzamiento del libro MIEDHO<\/a><\/td>\n<\/tr>\n<\/table>\n<\/nav>\n<\/div>\n<\/div>\n","protected":false,"raw":""},"excerpt":{"rendered":"<p>Exposici\u00f3n Tudor 1001 Cuentos Rumanos en Madrid Mar 252013 [&hellip;]<\/p>\n","protected":false},"author":0,"featured_media":0,"parent":0,"menu_order":0,"comment_status":"closed","ping_status":"closed","template":"","meta":{"footnotes":""},"class_list":["post-140","page","type-page","status-publish","hentry"],"yoast_head":"<!-- This site is optimized with the Yoast SEO plugin v27.4 - https:\/\/yoast.com\/product\/yoast-seo-wordpress\/ -->\n<title>Exposici\u00f3n Tudor 1001 Cuentos Rumanos en Madrid \u00bb Niram Art Magazine<\/title>\n<meta name=\"robots\" content=\"index, follow, max-snippet:-1, max-image-preview:large, max-video-preview:-1\" \/>\n<link rel=\"canonical\" href=\"https:\/\/niramart.com\/revista-magazine\/exposicion-tudor-1001-cuentos-rumanos-en-madrid\/\" \/>\n<meta property=\"og:type\" content=\"article\" \/>\n<meta property=\"og:title\" content=\"Exposici\u00f3n Tudor 1001 Cuentos Rumanos en Madrid \u00bb Niram Art Magazine\" \/>\n<meta property=\"og:description\" content=\"Exposici\u00f3n Tudor 1001 Cuentos Rumanos en Madrid Mar 252013 [&hellip;]\" \/>\n<meta property=\"og:url\" content=\"https:\/\/niramart.com\/revista-magazine\/exposicion-tudor-1001-cuentos-rumanos-en-madrid\/\" \/>\n<meta property=\"og:site_name\" content=\"Niram Art Magazine\" \/>\n<meta name=\"twitter:card\" content=\"summary_large_image\" \/>\n<meta name=\"twitter:label1\" content=\"Est. reading time\" \/>\n\t<meta name=\"twitter:data1\" content=\"2 minutes\" \/>\n<!-- \/ Yoast SEO plugin. -->","yoast_head_json":{"title":"Exposici\u00f3n Tudor 1001 Cuentos Rumanos en Madrid \u00bb Niram Art Magazine","robots":{"index":"index","follow":"follow","max-snippet":"max-snippet:-1","max-image-preview":"max-image-preview:large","max-video-preview":"max-video-preview:-1"},"canonical":"https:\/\/niramart.com\/revista-magazine\/exposicion-tudor-1001-cuentos-rumanos-en-madrid\/","og_type":"article","og_title":"Exposici\u00f3n Tudor 1001 Cuentos Rumanos en Madrid \u00bb Niram Art Magazine","og_description":"Exposici\u00f3n Tudor 1001 Cuentos Rumanos en Madrid Mar 252013 [&hellip;]","og_url":"https:\/\/niramart.com\/revista-magazine\/exposicion-tudor-1001-cuentos-rumanos-en-madrid\/","og_site_name":"Niram Art Magazine","twitter_card":"summary_large_image","twitter_misc":{"Est. reading time":"2 minutes"}},"_links":{"self":[{"href":"https:\/\/niramart.com\/revista-magazine\/wp-json\/wp\/v2\/pages\/140","targetHints":{"allow":["GET"]}}],"collection":[{"href":"https:\/\/niramart.com\/revista-magazine\/wp-json\/wp\/v2\/pages"}],"about":[{"href":"https:\/\/niramart.com\/revista-magazine\/wp-json\/wp\/v2\/types\/page"}],"replies":[{"embeddable":true,"href":"https:\/\/niramart.com\/revista-magazine\/wp-json\/wp\/v2\/comments?post=140"}],"version-history":[{"count":0,"href":"https:\/\/niramart.com\/revista-magazine\/wp-json\/wp\/v2\/pages\/140\/revisions"}],"wp:attachment":[{"href":"https:\/\/niramart.com\/revista-magazine\/wp-json\/wp\/v2\/media?parent=140"}],"curies":[{"name":"wp","href":"https:\/\/api.w.org\/{rel}","templated":true}]}}