{"id":139,"date":"2024-04-01T07:40:51","date_gmt":"2024-04-01T07:40:51","guid":{"rendered":"https:\/\/niramart.com\/revista-magazine\/exposicion-m-i-e-d-h-o-doppeltganger\/"},"modified":"2024-04-01T07:40:51","modified_gmt":"2024-04-01T07:40:51","slug":"exposicion-m-i-e-d-h-o-doppeltganger","status":"publish","type":"page","link":"https:\/\/niramart.com\/revista-magazine\/exposicion-m-i-e-d-h-o-doppeltganger\/","title":{"rendered":"Exposici\u00f3n M.I.E.D.H.O.: Doppeltg\u00e4nger"},"content":{"rendered":"<div id=\"main-col\">\n<div id=\"content\">\n<article class=\"post-1256 post type-post status-publish format-standard hentry category-c39-articulos-espanol category-bellas-artes tag-miedho-pedro-ortega category-18-id category-119-id full-content meta-position-left-pullout fix\" id=\"post-1256\">\n<header class=\"post-header title-container fix\">\n<div class=\"title\">\n<h1 class=\"posttitle\"><a href=\"https:\/\/niramart.com\/revista-magazine\/exposicion-m-i-e-d-h-o-doppeltganger\/\" class=\"entry-title\" rel=\"bookmark\" title=\"Exposici\u00f3n M.I.E.D.H.O.: Doppeltg\u00e4nger\">Exposici\u00f3n M.I.E.D.H.O.: Doppeltg\u00e4nger<\/a><\/h1>\n<\/div>\n<div class=\"date\"><span class=\"month\">Aug<\/span> <span class=\"day\">23<\/span><span class=\"year\">2014<\/span><\/div>\n<\/header>\n<p> <span class=\"post-format-icon\">&nbsp;<\/span><span class=\"updated\" title=\"2014-08-23T18:32:03+00:00\">&nbsp;<\/span><\/p>\n<div class=\"entry-container fix\">\n<div class=\"entry fix\">\n<p class=\"bch4dcbow065stdpy\"><strong><a href=\"https:\/\/niramart.com\/revista-magazine\/files\/2013\/10\/miedho.jpg\"><img loading=\"lazy\" decoding=\"async\" class=\"alignleft\" style=\"margin: 3px;\" src=\"https:\/\/niramart.com\/revista-magazine\/files\/2013\/10\/miedho.jpg\" alt=\"MIEDHO\" width=\"292\" height=\"408\"\/><\/a>Pedro Ortega<\/strong>, historiador del arte<\/p>\n<p class=\"bch4dcbow065stdpy\">El pasado martes 15 de julio se celebr\u00f3 en el Sal\u00f3n de Grados de la Facultad de Filosof\u00eda de la Universidad Complutense de Madrid un acto muy especial organizado por la editorial<a href=\"http:\/\/niramarteditorial.espacioniram.com\/\"><strong> Niram Art.<\/strong><\/a> All\u00ed se presentaron las cuatro novedades de la editorial as\u00ed como la exposici\u00f3n individual del artista madrile\u00f1o <strong>M.I.E.D.H.O.<\/strong> titulada <i>Doppeltg\u00e4nger<\/i>. El acto estuvo presidido por la Profesora Nuria S\u00e1nchez Madrid de la Facultad de Filosof\u00eda de la UCM y cont\u00f3 con la presencia de tres ilustres profesores rumanos, cuyos libros, traducidos a nuestra lengua, se presentaban ayer: Aurel M. Cazacu, Sorin Mitu y George V. Grigore. El acto fue conducido Fabianni Belemuski y cont\u00f3 con las magn\u00edficas intervenciones de H\u00e9ctor Mart\u00ednez y Diego Vadillo L\u00f3pez. El cuarto libro en liza es <i>Courageless<\/i> del artista M.I.E.D.H.O., presentado en \u00faltimo lugar. As\u00ed que M.I.E.D.H.O. fue protagonista, por partida doble, con su libro y con la exposici\u00f3n.<\/p>\n<p align=\"center\"><b> <\/b><\/p>\n<p class=\"bch4dcbow065stdpy\">Comenzaremos con unas palabras sobre el artista: el t\u00e9rmino M.I.E.D.H.O. es el acr\u00f3nimo de Mind Industrial of Echo and Disorder Hate and Obsessive (Mente Industrial del eco y del desorden, del odio y lo obsesivo). M.I.E.D.H.O. naci\u00f3 en Madrid en 1984 y es licenciado en Bellas Artes por la universidad Complutense de Madrid especializado en el campo de la fotograf\u00eda, pintura, video, dise\u00f1o y la imagen 3D. Ha realizado varias exposiciones colectivas e individuales de fotograf\u00eda y pintura, entre las que se encuentran \u201cCuando decidimos convertirnos en un programa de televisi\u00f3n\u201d, \u201cEl reflejo de nuestro Eidolon\u201d y el \u201cI Sal\u00f3n Neo-Simbolista\u201d.<\/p>\n<p class=\"bch4dcbow065stdpy\">&nbsp;<\/p>\n<p class=\"bch4dcbow065stdpy\">Particip\u00f3 y es coautor en el libro <i>Tudor, textos sobre su obra<\/i>. En mayo de 2010 recibi\u00f3 el premio Niram Art en la categor\u00eda de fotograf\u00eda. En diciembre del 2010, recibe en Madrid un trofeo en la Gala de las Celebridades. En Enero de 2013 se public\u00f3 el libro <i>M.I.E.D.H.O: Mind Industrial of Echo and Disorder Hate and Obsessive<\/i>, obra dirigida y escrita por Diego Vadillo Lopez y los autores H\u00e9ctor Mart\u00ednez Sanz y el artista pl\u00e1stico Bogdan Ater. En mayo de 2013 recibi\u00f3 el premio por la obra audiovisual Deutschland in Madrid, presentado en Alemania por la productora Mabig Movies.<\/p>\n<p class=\"bch4dcbow065stdpy\">&nbsp;<\/p>\n<p align=\"center\"><b>DOPPELTG\u00c4NGER<\/b>.<\/p>\n<p class=\"bch4dcbow065stdpy\">&nbsp;<\/p>\n<p class=\"bch4dcbow065stdpy\">El <i>Doppeltg\u00e4nger<\/i> (el que camina de lado) es un concepto creado a finales del XVIII por el novelista Jean Paul. Con este t\u00e9rmino se designa al doble de una persona, habitualmente el gemelo malvado, como una prolongaci\u00f3n maligna de uno mismo. Esta figuraci\u00f3n del doble siniestro se muestra en su pleno apogeo en el cuento <i>El hombre de arena<\/i> de E.T.A. Hoffmann, donde el doble est\u00e1 encarnado por una aut\u00f3mata, tan real, que es capaz de cautivar al protagonista de la historia.<\/p>\n<p class=\"bch4dcbow065stdpy\">&nbsp;<\/p>\n<p class=\"bch4dcbow065stdpy\">En el Arte tambi\u00e9n va a aparecer este doble de car\u00e1cter siniestro, pero va a ser un poco m\u00e1s adelante, en el Simbolismo finisecular, que de alguna manera significa una revisi\u00f3n el Romanticismo de comienzos del XIX. All\u00ed podemos mencionar dos obras paradigm\u00e1ticas: <i>Espejo<\/i> de Fernand Khnopff y <i>El Fil\u00f3sofo<\/i> de Max klinger. En el primero es una mujer la que junta su rostro contra un espejo como si quisiese fundirse con su otro yo que la inquieta porque la imita desde el otro lado. El Fil\u00f3sofo, sin embargo, rechaza su figura reflejada que parece estar tratando de golpear o de romper su doble en el espejo.<\/p>\n<p class=\"bch4dcbow065stdpy\">&nbsp;<\/p>\n<p class=\"bch4dcbow065stdpy\">La reinterpretaci\u00f3n de los temas del Simbolismo en el arte contempor\u00e1neo (frecuentemente dentro del \u00e1mbito <i>underground<\/i>) me han llevado a realizar algunos estudios acad\u00e9micos sobre artistas contempor\u00e1neos, en su mayor\u00eda vinculados con la cultura g\u00f3tica, y a proponer el a\u00f1o pasado, el I Sal\u00f3n Neo-Simbolista que se celebro en noviembre en el Museo de Arte y Tradiciones Populares de Madrid. Y aqu\u00ed es donde surgi\u00f3 mi primera colaboraci\u00f3n con M.I.E.D.H.O., quien present\u00f3 tres de las obras que componen <i>Doppeltg\u00e4nger<\/i> en el Sal\u00f3n. En este sentido, el Doble que nos propone M.I.E.D.H.O. entra totalmente dentro de esa representaci\u00f3n de temas simbolistas reinterpretados a d\u00eda de hoy.<b> <\/b><b><\/b><\/p>\n<p class=\"bch4dcbow065stdpy\">&nbsp;<\/p>\n<p class=\"bch4dcbow065stdpy\">Pero el doble de M.I.E.D.H.O.  tiene que ver con el hombre contempor\u00e1neo y a mi juicio est\u00e1 relacionado con la noche. En concreto en c\u00f3mo  la noche nos sirve de pretexto para dejar a un lado la uniformidad de la vida cotidiana y poner de relieve nuestro <i>alter ego<\/i>. De alguna manera, y unos m\u00e1s que otros, nos transformamos cuando salimos por la noche. Esto implica de alguna manera la presencia de lo ritual en ese cambio nocturno, una reafirmaci\u00f3n de nuestra personalidad creativa, la necesidad de otredad, el rechazo a los c\u00e1nones sociales y nuestra necesidad de ser diferentes, ser otros por la noche: nuestro verdadero ser.<\/p>\n<p class=\"bch4dcbow065stdpy\">&nbsp;<\/p>\n<p class=\"bch4dcbow065stdpy\">Tambi\u00e9n quiero hacer menci\u00f3n a que este doble siniestro muestra una de las facetas del arte de M.I.E.D.H.O. y que lo vincula con la Cultura G\u00f3tica, donde a mi juicio se encuentran toda una larga lista de artistas todav\u00eda no reconocidos. El g\u00f3tico es un movimiento s\u00f3lido, genuino y vocacional, el cual quiero reivindicar a trav\u00e9s de la obra de M.I.E.D.H.O..<\/p>\n<p class=\"bch4dcbow065stdpy\">&nbsp;<\/p>\n<p class=\"bch4dcbow065stdpy\">Tambi\u00e9n quiero hacer menci\u00f3n a la calidad t\u00e9cnica de la obra, realizada en tres fases diferentes a partir de una pintura acr\u00edlica sobre lienzo. Sobre \u00e9l se coloca la fotograf\u00eda del modelo que ha sido pintado previamente y para finalizar, el modelo y el lienzo se integran mediante t\u00e9cnicas de tratamiento digital. El resultado, de nuevo doble, supone la fusi\u00f3n de la fotograf\u00eda y la pintura, creando una obra \u00fanica cuyos l\u00edmites se diluyen.<\/p>\n<p class=\"bch4dcbow065stdpy\">&nbsp;<\/p>\n<p class=\"bch4dcbow065stdpy\">A modo de conclusi\u00f3n, decir que esta exposici\u00f3n nos muestra ese \u201cotro\u201d que M.I.E.D.H.O.  quiere ense\u00f1arnos, una criatura con una apariencia distinta, un ser oscuro e intrigante que se muestra como otro alejado de su yo cotidiano. A lo largo de la exposici\u00f3n puedes descubrir ese doble que nos muestra el arte de M.I.E.D.H.O.<\/p>\n<p class=\"bch4dcbow065stdpy\">&nbsp;<\/p>\n<\/div>\n<div class=\"meta-pullout meta-left-pullout\">\n<ul>\n<li class=\"fix\"><span class=\"category\"><span class=\"icon\">&nbsp;<\/span> <a href=\"https:\/\/niramart.com\/revista-magazine\/category\/s5-articulos\/c39-articulos-espanol\/\" rel=\"category tag\">Articulos espa\u00f1ol<\/a>, <a href=\"https:\/\/niramart.com\/revista-magazine\/category\/bellas-artes\/\" rel=\"category tag\">Bellas Artes<\/a><\/span><\/li>\n<li class=\"fix\"><span class=\"tags tax\"><span class=\"icon\">&nbsp;<\/span>Tagged with: <a href=\"https:\/\/niramart.com\/revista-magazine\/tag\/miedho-pedro-ortega\/\" rel=\"tag\">MIEDHO; pedro ortega<\/a><\/span><\/li>\n<\/ul>\n<\/div>\n<\/div>\n<footer class=\"post-footer postdata fix\"> <\/footer>\n<section id=\"comments\"> <\/section>\n<\/article>\n<nav class=\"post-nav fix\">\n<table>\n<tr>\n<td class=\"previous\"><a href=\"https:\/\/niramart.com\/revista-magazine\/aurel-m-cazacu-y-el-mundo-de-la-logica\/\" rel=\"prev\"><span class=\"icon\">&nbsp;<\/span> Aurel M. Cazacu y el mundo de la l\u00f3gica<\/a><\/td>\n<td class=\"next\"><a href=\"https:\/\/niramart.com\/revista-magazine\/la-nena-de-ana-unhold-la-biografia-de-una-mujer-sin-vida-propia\/\" rel=\"next\"><span class=\"icon\">&nbsp;<\/span> \u201cLa Nena\u201d, de Ana Unhold, la biograf\u00eda de una mujer sin vida propia<\/a><\/td>\n<\/tr>\n<\/table>\n<\/nav>\n<\/div>\n<\/div>\n","protected":false,"raw":""},"excerpt":{"rendered":"<p>Exposici\u00f3n M.I.E.D.H.O.: Doppeltg\u00e4nger Aug 232014 &nbsp;&nbsp; Pedro Ortega, historiador [&hellip;]<\/p>\n","protected":false},"author":0,"featured_media":0,"parent":0,"menu_order":0,"comment_status":"closed","ping_status":"closed","template":"","meta":{"footnotes":""},"class_list":["post-139","page","type-page","status-publish","hentry"],"yoast_head":"<!-- This site is optimized with the Yoast SEO plugin v27.4 - https:\/\/yoast.com\/product\/yoast-seo-wordpress\/ -->\n<title>Exposici\u00f3n M.I.E.D.H.O.: Doppeltg\u00e4nger \u00bb Niram Art Magazine<\/title>\n<meta name=\"robots\" content=\"index, follow, max-snippet:-1, max-image-preview:large, max-video-preview:-1\" \/>\n<link rel=\"canonical\" href=\"https:\/\/niramart.com\/revista-magazine\/exposicion-m-i-e-d-h-o-doppeltganger\/\" \/>\n<meta property=\"og:type\" content=\"article\" \/>\n<meta property=\"og:title\" content=\"Exposici\u00f3n M.I.E.D.H.O.: Doppeltg\u00e4nger \u00bb Niram Art Magazine\" \/>\n<meta property=\"og:description\" content=\"Exposici\u00f3n M.I.E.D.H.O.: Doppeltg\u00e4nger Aug 232014 &nbsp;&nbsp; Pedro Ortega, historiador [&hellip;]\" \/>\n<meta property=\"og:url\" content=\"https:\/\/niramart.com\/revista-magazine\/exposicion-m-i-e-d-h-o-doppeltganger\/\" \/>\n<meta property=\"og:site_name\" content=\"Niram Art Magazine\" \/>\n<meta name=\"twitter:card\" content=\"summary_large_image\" \/>\n<meta name=\"twitter:label1\" content=\"Est. reading time\" \/>\n\t<meta name=\"twitter:data1\" content=\"6 minutes\" \/>\n<!-- \/ Yoast SEO plugin. -->","yoast_head_json":{"title":"Exposici\u00f3n M.I.E.D.H.O.: Doppeltg\u00e4nger \u00bb Niram Art Magazine","robots":{"index":"index","follow":"follow","max-snippet":"max-snippet:-1","max-image-preview":"max-image-preview:large","max-video-preview":"max-video-preview:-1"},"canonical":"https:\/\/niramart.com\/revista-magazine\/exposicion-m-i-e-d-h-o-doppeltganger\/","og_type":"article","og_title":"Exposici\u00f3n M.I.E.D.H.O.: Doppeltg\u00e4nger \u00bb Niram Art Magazine","og_description":"Exposici\u00f3n M.I.E.D.H.O.: Doppeltg\u00e4nger Aug 232014 &nbsp;&nbsp; Pedro Ortega, historiador [&hellip;]","og_url":"https:\/\/niramart.com\/revista-magazine\/exposicion-m-i-e-d-h-o-doppeltganger\/","og_site_name":"Niram Art Magazine","twitter_card":"summary_large_image","twitter_misc":{"Est. reading time":"6 minutes"}},"_links":{"self":[{"href":"https:\/\/niramart.com\/revista-magazine\/wp-json\/wp\/v2\/pages\/139","targetHints":{"allow":["GET"]}}],"collection":[{"href":"https:\/\/niramart.com\/revista-magazine\/wp-json\/wp\/v2\/pages"}],"about":[{"href":"https:\/\/niramart.com\/revista-magazine\/wp-json\/wp\/v2\/types\/page"}],"replies":[{"embeddable":true,"href":"https:\/\/niramart.com\/revista-magazine\/wp-json\/wp\/v2\/comments?post=139"}],"version-history":[{"count":0,"href":"https:\/\/niramart.com\/revista-magazine\/wp-json\/wp\/v2\/pages\/139\/revisions"}],"wp:attachment":[{"href":"https:\/\/niramart.com\/revista-magazine\/wp-json\/wp\/v2\/media?parent=139"}],"curies":[{"name":"wp","href":"https:\/\/api.w.org\/{rel}","templated":true}]}}