{"id":138,"date":"2024-04-01T07:40:51","date_gmt":"2024-04-01T07:40:51","guid":{"rendered":"https:\/\/niramart.com\/revista-magazine\/exposicion-de-pintura-de-dan-tolgy-2\/"},"modified":"2024-04-01T07:40:51","modified_gmt":"2024-04-01T07:40:51","slug":"exposicion-de-pintura-de-dan-tolgy-2","status":"publish","type":"page","link":"https:\/\/niramart.com\/revista-magazine\/exposicion-de-pintura-de-dan-tolgy\/","title":{"rendered":"Exposici\u00f3n de pintura de Dan Tolgy"},"content":{"rendered":"<div id=\"main-col\">\n<div id=\"content\">\n<article class=\"post-158 post type-post status-publish format-standard hentry category-c39-articulos-espanol category-bellas-artes category-c53-no-5-6-2010 category-18-id category-119-id category-25-id full-content meta-position-left-pullout fix\" id=\"post-158\">\n<header class=\"post-header title-container fix\">\n<div class=\"title\">\n<h1 class=\"posttitle\"><a href=\"https:\/\/niramart.com\/revista-magazine\/exposicion-de-pintura-de-dan-tolgy\/\" class=\"entry-title\" rel=\"bookmark\" title=\"Exposici\u00f3n de pintura de Dan Tolgy\">Exposici\u00f3n de pintura de Dan Tolgy<\/a><\/h1>\n<\/div>\n<div class=\"date\"><span class=\"month\">Dec<\/span> <span class=\"day\">14<\/span><span class=\"year\">2010<\/span><\/div>\n<\/header>\n<p> <span class=\"post-format-icon\">&nbsp;<\/span><span class=\"updated\" title=\"2010-12-14T18:24:21+00:00\">&nbsp;<\/span><\/p>\n<div class=\"entry-container fix\">\n<div class=\"entry fix\">\n<p class=\"MsoNormal\"><img loading=\"lazy\" decoding=\"async\" class=\"alignleft\" alt=\"\" src=\"data:image\/jpeg;base64,\/9j\/4AAQSkZJRgABAQAAAQABAAD\/2wCEAAkGBxQTEhUUExQVFBUXFBUXFxgYFBQUFxgUFRUWFhUUFxQYHCggGBolHBQUITEhJSkrLi4uFx8zODMsNygtLisBCgoKDg0OGxAQGiwkHyQsLCwsLCwsLCwsLCwsLCwsLCwsLCwsLCwsLCwsLCwsLCwsLCwsLCwsLCwsLCwsLCwsLP\/AABEIALsBDQMBEQACEQEDEQH\/xAAbAAACAwEBAQAAAAAAAAAAAAADBAECBQYAB\/\/EAEUQAAEDAQQGBgcGAwcFAQAAAAEAAhEDBAUhMRJBUWFxkSKBobHB0QYTIzJSkvAHFVNygpMUM0IXQ2KDsuHxNGOiwtIW\/8QAGgEAAwEBAQEAAAAAAAAAAAAAAQIDBAAFBv\/EADMRAAICAQMDAQYGAgIDAQAAAAABAhEDEiExBEFRExQiMlKRsTNhcYGh0SNCBfA0weEV\/9oADAMBAAIRAxEAPwDjmUGx7o5Bec2z3tKPGys+BvILtT8naY+CP4Gn+Gz5Qjqfk704+EQbupfhs+ULtb8nelDwiW3TR\/DZ8oQeWXkMenxvmK+h51zUfw28kFln5Key4vlQvWumiAT6sJ45JvayeTp8MVelCH3XT+HtK06mee8UPAIXcycjzKZN0RcI3wdtcvohZalFj3UySWyem8Yyd6wZs2SM2kz0MWDE4JuKNAegVjP9Dv3KnmkXUZfP2GeDD8v3\/sq\/0DsfwP8A3anmqLPk8\/YHs2H5f5f9kN9ArH8NT91\/mu9fJ5+x3suH5f5f9jVD7O7EcxU\/df5ox6jI+WSl02NcL+WEd9mti1Cp+65N60\/IvoY\/H8sWq\/Z3Yhl60\/5jkHnn5Hj02Px\/LBn7PLJ\/3f3HIevk8j+y4vH8slv2dWQnAVd\/tHLvXyeRX02FLdfyxsfZvYdYq\/uuTetPyT9DH4\/lnv7ObBrFT91\/mu9afk72eHj7lh9nV3xg15\/zn+aHry8\/YHs8Pl+5P9nFg\/Df+7U80PXn5+x3oY\/l+54\/ZzYPwnfu1PNK8+TyMsOP5fuQ77OrDGFI\/uVPND18nkPo4vlRjXt6CWdollPLMaTj4pvXyeS+Pp8D2cTC\/wDz9Af3fa7zXevPyX9iwfKDdcdD8Mcz5p1ln5JvpcSfwoEblpTgwQn9WXki+kheyL0bqojOm09SDnJ9xodNjXKQU3VR\/DZ8oSrJLuzsvSwlH3Ukypu+kP7tnyhUUr7nnTxSh8SLNsFP4GfKEbYlFhY2fA35QirsKQvaKTBGDeQVKFGqZwHAdyxM9qKsI0oDUec5cMkShYyiEoiUsmUjEJUKCHoQtdTCFfEt7MfUypUKkq5isoG4ymslR9A9Df8AphJyc7M7z5rFnV5DZh\/DOi9Wc9SjTQ9plKgRTHiUARDYdkx3IMQIXEiEy4BSKtZqzXBb7lxRGbsE1eRJZOyEqt802YM6R3YjrK6\/ByxyluwVO89Iw7I9i5WwvFStGgKLTkmqydtAa9iObDB4wllivgpHLW0gVO3vpmKg+vFS96PI\/pxmvdNOjWa\/IymTTIyi48hSxc0LYtWoyihkzk79u7RIIGB70r2N2GepHP1mQnixpoEE4h6JXWBqypYus6iEydE8kFNUzxjWrxa7Hl5MLjytiqqyC2ewlb3wR1pR9i1J\/Rb+UdyyS5PZxr3UXFRArpROkuGpFwZgJQpWPU2wFNux1EXccU5zFbZkFbCYusqlQqAtBho85cgSW1nWXHUd6prW4e8ThOuJ7AsuR++zZhivStnQ2S\/HsOjVGk3aIBHmlWrsLKMXvwaZtDKg0mEEa93Eaksgw22Z6zZrkPLgYqjV9BdInEG4wkHSsWfai3HBcrsMoqjFvG1vfm4xslOHHBIUpjDdl9blxavIzZGGQQJgrrOdVRri1OGpwR9T8iHpp9ywthnXyXeqH0hylWa7YU6nGRGWNxKzBlgaOHiu0RYU72kaFKrIyg7PJK0ScaJqtQAmZV60+gcJSy4NGB++jh7zEOOGCXG7NeRtCVKiScclVtInFSY5TY0pbHlDwG\/hwRuTIQmtZGEZRsKJxkObq1quN7mbqo3EGAtNHkp7mXfJ93r8EB62C0T0W\/lHcskviZ7mH8OP6L7BAgUexdjZQbCkaFnoKMpFUi9UrkMAeITolJ0Z9eStUEebmbbBRCoQou0Lg1sdv6HMDqcjNog8SZWPKqmaceRPGomlbGtdLTE9oUJZKexeOO1bOdrValJ3Rwjt4g5hWU1LkZ4HHeO6Ny6r3FTB2DuSVquRXF8o6XQloR2aM2qmL1aR1paZRTRk2+pqXJUUir3MG1PxICJpitiLOxxgNEknDiimkB092dJZriMAVKlQnWGnRaN0AJlFGeWdf6pfuTWuJrcWueDt0ieYXONBjnvlICW1G5Gdzkg2mLBGtBxBb2jzHaptDJOvJo2C24ge8N2aeGRp0yGTGmrWxsBmOGCu4mXUGASJCtitqpYEItDwl3OGvuzRnqMLPBOLPSdTiZqoMkXszZdiigT4NKjSkmVREHKhO0CHOB1ERwISspHdJmZaPeV8ULVmDq8+l6EDlXPP54Me+Ti3r8EyEbCWb3W8FjyfEz3+n\/Cj+i+wYJSj5GrMySpyZWKNRrYULHB1KetPFiyYjUKvFGachRyutjFLdlS1GxWgdR8J0ic5UjofQW9BTq+rd7tSADseJ0eckclLqIWrOwyp0b1Kk51V8uA0SSSeJ3rIoWew8kVBBbTQY5ph7HHfHZBRcEkLDKrMypZhEjBwyIMjgdiWmuS0qfB0Pole5qg0agiowfMzKRwy5J0l2PN6iDi7RvVW7UURRzN50+k6PrBP6dmmGVRSRlfdT9EP\/pOE7+CnKk6NEcqexlX3UIAZTJwOJBiTqBXRpOxpQnJbIn0ToipWDaskFrj7zgdIbwccJV1FSlRlyZZwhfDO4+7Y9x9RuzpyOSd9OuzMq6p\/7RTE6wtDT\/MY78w0p7Ae1QnjceWbIShJbJorRbVd0gKZHwwQO8ntUdyzeNKnf6mhY2HTANEMJ\/qBaR4FMnvwZ8iWm9d\/kbbKYCqYi0rkcBrhFjROWvamDpTlEqU+TdilscoMUDWN3fTBfiYABk9SFgldbGnTaA3D63q6doySTumZtvwdO0DsJSvkpB7GS4SSVrgqjR42dqeRyREJmJHgyr2PSHBcgSLWT3G8FkyfGz3Om\/Bj+gdgSsskaVjpxioTZZDamcxa01ICtCJnyS7CDnStCM000rBBpVDOmDqOhMkK5opUbpBcp0xZQ1rYHGjCdS1E5QcKO2o2U2uzCrpuDndFwkNbLSWgmBjqz2rK\/cnRtxz1QMn0fa6jaW06olpfoEHUTgDz0epNqi3uF4sijszv691UnjogtO7bwyKpkxQf5GfD1OWP5mddFk0K4JadJuk3SGAIIiIO+CsS2dI35pKcNjqXCWk74V692zBxKjEtDBLp1qi4HobpWd3qA0AGBB5yoTg3bQVJa9znrUGMcdKi0g4OwkHjs1KFyiejGLnHaX6FrCbOw6VKiA7HpabnRIjCZVYZqeyIZcGSXxy\/gbqXu8ZQ2devmU8s8qFh0kF+Yu61CcJJ5rM5Nvc1LHSNe67FJDiIAx3k9SdIx58tKkbHqgqpGPUyyYBJamSBYha6pgxgmaKROcvo9B35Y5qE+TZh4MGxXdp4l0DtSs0uZ68A1sNbqz2zvK5DRbYW7HEDbJy3Ki2I5d2Z162sOe4DhwCrCFu2Ys+fQtEeRZoWk83sQ0oPdjxTUbMi9D0+od5RSJSe5awH2beB7ysmT42e70v4Mf0HbPTkqUnRqijWGCztlEVqvgSU0VYk2ZVatpFaIqiVeTwam1UJ6TnzwVqOhC2+TpRhiVpbl2WMzLxnqReXsiMOn1PXJA7TAOaMbYuWk\/yMyu8uOsblqglFHn5JOcj6D9ng0rNVYcvWOHDSYzxkrJ1PxWaendIffLXe0p03PZk8jpQMjOvLNReXyjeoRfwtpPsCt1tqO6IOJ\/papycpclsWLHDhD1zU3abQ4lxAJMknVgE8VuSzNU2jqcmgcStD2iefzKxGrRB1KWpleC9hcWujaqwdMlkVqyl5XUHdJmesbV08V7oph6jTtLgwatygn3dE7WnR7FncDdHqdiR6PMzc953S3vhd6QPa5LhI07FZadP3GRvMk8yjpS4M2TJOfxM2KLYGUJkjJJ2yzinAimmmQaJrO6JKdCpGbWxQY6ZjXnTkEblCfxGzDwZzqbmNDWgknXE8ktWXTT3YjWsDziRvJkE96fSw+rHsCt9o9UzD3nYNHjwTxjqdGfNlUI33MqzWYjEnErTsjy4xb37l3BMmK47l2hI0bYfDRg30z2n6R3lNB7GTqYpNBbrbLG8D3lZc202ex0SvDH9DZsjIxWaTNiQzCQ4z7Y4uMah3q8KSJ1YAMhNqs6hijZnOyHXu2oNpLcCmm6RpUrE1mOM7T9YKEsjlsgJLlmbbrVJ6OW1Wx465I5ct7IzX0zOPJaVJJbGN45Se\/AKoBKpFuiORRUqR3P2cfy6w\/wAbTzbH\/qs\/UcorgR11usrXtlzA\/dEqSporGTUqujKZYSDFKnAO6OZKNeDT6qr32ad12XQcdZ0RJ3knDsRityGSepGva8OxUyGfFuKNxUaKtpDQaBjr1K6ozuw1N4IhUTEaBVrKCllBMeORoVfYTqhScGiqyoJRs0YkrtIsp3wHc6F1UTSbFKtqGrFK5+C8cT7g6Vp2oKbGljRFptWlhkFpSozi\/rBMa0GBCF4jLVtUZmrC+UAqmAujJIdptmRabXgcgPBFuyiilyYr6umdLOcuC0wjUaPMyz1z1duxZpXNHRZRxxRO5ZSTigVujEvh\/tB+Ud7k0EZupdtDtxsmkzr7ysfUP32ez0P\/AI8f+9zXaFlZsIr1IEpooSQvRszn7htT2kA0bPZWsIMAkbcexI5Nge4zVrtaNKUu72E4MS120vMDAK0MajuyUpatkAcNEb092zmtKFiNZVIkZbIG5iqmZnE6j0ArgPqM1uaHD9BM\/wCvsSZd1Y+Lmmd\/SrYKUYjSiXdVKEhaK2Ay93EDkJ8U2NDS+FDduMu4BDK\/eoXFtEEarWDEruEcoub2M+vbz72MbtSDdF4YU9hyw2wP4rlMllxOI8yqU6yNEHFBDUVNSYtC9S0DVikbKrG+4vUfpYJXuUUaFi0KKK2Ucr4kSysA+qJEKrM4B+aALoUvWpLMdvmVCbvg3dNFxe7MS03iGMIc\/DMCCSY1CPFCMG+CuXLDHuzJrudVzMN1N\/8Ao6+CtGKiZMkpZOdl4A2emRM5ZbupVizJo3Gnk4QmDTIYMVw0FTPPQ7lJeTnb3g1P0jvcqRMmZ20aVwH2DOvvKwdR+Iz2ehf+CP7\/AHZpyoUbGw1mpDP6\/wBlztCoM+sBkuSFbAVLRhJy70yQrkIV3l5k5bE6SXBOnI81i5soopAqwxRic42CeFWDM2VIpCYk+KD3VbDRrMqag7He04O7Cnq00Rfuuz6nReCJBkHEHcclBc0aHurGAhJoQ9dOME6y4nr+gmxcBy7bDdYdJLKNyEj8IhbWzCDVFsboXpmG45Qu7FGrewG6rSJIMSDzGpRumPnh3Ntj1RMxOJfSTC0AqBFFIsiEbCUhR3boLewna9IjUIxC1xjSMrlbEyiEmUsnSOjDVI5P0ntPrKraImGw5x1ScY5RzS41tY+Z6npQlUoTJOfgmD+bKsJXDk608SbVhSUyVgexRqMjoLc89LdjtUjm77\/m\/pHe5ViYM\/KH7hq+wYOPeVizr\/Iz1uinWCK\/X7s0tPrUqNDkXa8gIUHUUfWgSUyQjlW7E3WhzjsCfSkIpykxoBTZqSK1HQuSClYu4plyGe0SAVZbIwSdsq4LkK1uCrZBUiQyI7r0JvPTperJ6VPLew5csuSnmjvY2KVqjq34tMaxA6wszH4Zn0bUC0GY1EZEEYEJmzTodhK15hrej0nHl1p1JdhfSbe+yMa2X56sw92k7W1o0iNxjAJWpMooR7We+\/mPbmG7j0e9I7XI8caW6D+jftH1HjKA1u8DXznsSyjYvUOoo6GkYwXRZiYYEKgtMhwRTORVGxrBuSwVsWbpCl4PELTZARBRsdKyzjgSTAGfAYlSmXVR2OFL9Nz3\/G4nmck62JV3CaiF1blFVUBgplERtrZEiUao5Owkpk6CtypXMCW9AqtYN6OsoLfcWclH3Tnb5dNT9I73KseDFldsduA+xbxPesmf42el0T\/wr9\/uabXwo0a7B1bQG7zs80yjYspUKFxcZKeqJ7vdjlmppJM0RhtYwGHUkHUr2FKmZTJFbSBEp4ozZclslqdmdEVCuRzF6jiRgqRpPchJOSbXYcuS2uoVm1BkPeG1h94ePEBdKnsLGLR9WpVAQCDLTBB2g4hYpqiydid53UXHTpEBxzByJ2yMig4pl8WfSqfBiCuWOiq7RLTkATjxhFbGltSjsuReytp6UNE54uzO9dqDJSqzZu64\/W9J2DJwyk8EyTe5ny59Gy5N+y2FlMQwQPrFdSM0sspck1W60klW4EykyipDcFm1dRTIDj3Rd5gIvgRbsVlLCykkqAWlojFaCWmxNcUUUjM9I7ToWdwGbyGDrknsBSrdiZPJzdEZJzvyCPTxQsuUWLUy4Ha3BgIiIhiFBRYNlBjJALewGCMxh1JYsXNDVxycxex9p+kd7ldcHm5OR64T7FvE96zZ\/jPU6P8ABX7\/AHHaleMApJG2KAQjY\/pxbthqNIlBsOiK4NShSwACm2c2HrdEQMyp3bGhETq0gBjxO3gqRdizdiooyCeSrqpkXjtWwATkRd75MBUSpWyMm5vTEZpsgLPKTbs9XHijCGlldFOpdjNPC0rO69Bbw9ZRdSJ6VIyPyHLkZHJDLHYxKVM6mhUkdijEeSoxr5s7Kj4Dm6ezbHii6fc04tcY3WwnRu4UyH1SA0asyTsS6a5K+q5rTE2rNfVMgDFo3x4JlNLkhLpZ88mhStDXe6QetP7r4ZBwkuUXquAStCpMTcBmCoyVMpF+SNJFSHoh79U4JrvY6lyLutGztVowoV7lHS7NOIqXAhVtWYEeK50iqhe7MD0hqTUYz4Wlx4vOHY3\/AMkmPuyeSnKhFqoKyzSnTAEcMFRMEuBeu7DecEBG9qPNCFj12DNGCnJ7lEthWo4ErkSk9zm75pxV2dEd7lbG9jH1CqQzcI9i3i7vUM\/xnpdCv8K\/f7j\/AKoKVm22WpWUk7krkkOlZqUbOAIUnKzmq4GnQxpP1wScugKNgLKM3u+ijJXsikmkqM6219I7vFWjGkJBd2BdUgRrKpGNsllmLhhedFvXuVbUVbMdSnLTELQsnSIzxhSyZbRu6XplB6maLrDDd6yerubdnsJVKUZrTj33MnUzqOkvdNqdZ6jazMwYcCcHNPvN+tgV9V7M830drR39p9vSD6FQt0xMTAJGbTGIKzTW9WaenyKL9+NmN921BjAO2HSe0DvS+kzf7RFhXWesc6byf8RA5mYCCTAp41w0SLvqjF2iMcBM9yZQbR3qw4RZgqt92Op3gQlcLOeh8h22i0vw0YAzc50tjYAMShpaJtYYd\/ojXs9SIBOeB2IGOaXYOWoaRdQF0FOrjudyCMDNXjKxWmI2225gYBVGhDyZ9lEukrPOVlnsjEtVYPqPdtJjgMB2Qqx22M7KBMTZDiicgoKomcysLhO5Q4IFOC5GCmFidURiMURdUTBvR01MfhHe5Vx8GLqHchn0fb7FvF3eo5\/jPT6Bf4V+\/wBzVaxZ2zckO2ampSY6VFn19nNFRFFa1YvcAMh36yilSH4QS2V9FsDYmhEhN26M1pVaBPKki1OgXa+J8AmclEgoPINdGmIGfad5U3c3ZZacSpDFjbGJwKzZNUnSNcJJRuTL2m1Boxw8U0Onb5I5OqjEx6lo0itmmlRh1a5FHvlCi17Ujc9Gbe+m8MOLHkDR1h04ObsKTIlI70pfEdhUrhpl2XxASP1DUVNTceQQWte79A33jT\/Eb1kDvT64nelNdiH2mm4Rpt+Zp8V2tHJST4B09DGDPCPCUtlHKXgFWqOODRA+tSlJthio8yLsMwDiUUyMl3Ciq4CE9IWkwTjKa2FJCdqtQbrxVFLYKiZz6hecckjkVpIvbq4ZSccBhAx2mPFJFNsRtN03SObacVRM7JgaVrdBQ7FUTMjRcuToR7M9MIJ0yi3VF9SdMRxPFdQze1lXPwU2dYLT2rrFcTnL7PtP0jvKvj4MfUPdD\/o2yaDeLu8rJ1D\/AMjPW\/4\/8CP7\/c2qVNZmzekXqvwgLoruCTFqz4CdICKMGiJOabkWUhS0VpxKtGJlnNRVsVNQmYVlFIwyyTm7Q7RqODA0DR3nfsCjNR1WzbhWTQopV+YA03tOlMptcaom+mzJ2nYxTq1CPeA6kHKPZDxwZv8AZ0Lvs7icTPNH1EL7JO92FZQASObZqx9PGKD0qI4JHJsvHGkN2F4FVm5wPaurYTK96R3VpaA4GJa7OcpOtdDdbnnJ09gVe42E4GJzGOHBTkkjTDq5VuBd6Psw6R4hJY\/tLrg0aF102DBzyN+j5KqgnwQeacuyBV7KR7uI34JZY2hoyvk9Z6MYnPuUzpPsi1V4jFcgJNmLbrwgQ0YnJWX5lNNGcymTi7q+tiLfgKQ3SZrSiyYjftB9SmdATBBI1xwVsVJksqek5elXLcCrTgmSw55QddhoumDyWa6ZvniWWOqPIenUkA69iujzedwziuGTIa5FMaSsvpJib2QKk6QVOXIIuwVdhgwh3KX7pzVva4P6WJ0R3lacdUeXmUk\/eNn0bfFBn6v9RWPqVeRnt9Btgj+\/3Nb1qz6TcpARiZTilXZ9yJ1gbZV5qkI2Z8skhelZtLF3UquengjDp3l3lwOikGjYApOVm6GOMFSRXBAWU1ZWo+EVGwSyaT1ndhA5ouFcnQzPJtFA6zXB3kioxatE5ZMsJU6YeixxzIA7UktK4L41kkrboM1gGeKXUXUEuSt3mXzvHYnrsYpu3Z9Ga0VKQ3tEHYR\/uoqWlmKezK0K5OZxGB4hCdjqqC6SnuMizHjqTwlpZzQMWgSqLI7DpK16gC6VbnIw7dbNLotSpUaIRoy\/WjSznafDgjux9khmmQSiSbC2mpos4rlyJyxi6nDQM6z3Ju4JIxvSi7Q5pqtEEe9Gtu3iO5Xg+xmmrZz1mOCnlW56HRy2oMHwUIPYTqMKeS4\/uXsdpJJa7AjkRuVex59SUnGXIy4jPDiuDrKwuGIaUrOLVChQU0czf7umPy+JWnBwzD1nKHbg\/kt6+8rPn+NnqdD+BH9\/uasrObCxMBckByoG0TuVKoSKlLcILO2Z18UdT4KLFG7LkQgUB1HtiHf79SKjZNzUeRQ1TkM+Ec06h5MzyL\/Vb\/YOxurOfqUrZSCt1zYAsLXd2xUtSRFY5Yp0w1QzClHwaM6e0iQ\/BLJbmrB8BdjsEpSS2L2ZmjB1GSOcJ1K2efKLSPoFzPmk363+KjLky5FuBvKk5ri9mvMeIXQkqphx01TMt1\/aODmOGMfUp9N8FPTa7lfvwHWBxBR0FEkDdeU5Sd66qGVC9ovWcC4AbAST2LjmopiL7STgBojjifJcGwtJkBcKzTsdDDilZNsWtLtJ+4Joh4QezOiAnQHuN1Ok0g6wQnRnZwdn1jZ9eCGajb0ae\/gKVKJfKtwNUY4ZxCouDFlipPcUDXjKYnKUykzNk6Nx+Hc07Na9LPNMtxbp0MFyJ1lC\/BChbOY9IH9NvA96vh2sx9VK2jXuD+Qzge8rJn+NnsdF+BH\/AL3NNRNRV2xNEDjexdjYTMpGOlUXOSAzAEOT7Mjc0AMoyW2wuLJTbn3Bkyd6nqa2NHpwk9SC0q8YHmu5GhWPZom0VARCfHsyXU\/5I7dgTHyIRmqdk8MtcdLL0jqSzXcr07SbgELs0i5NGTaLOruG63VbI2o0B0FzSNcNPehPE37yPOXUxjLRI1bDaIGi4Fp5HkoKbj8R2XFfvRGX1CcyDCMa5RnUaFHNzkYI3uUMW2WVoccABwCZt9jRB7boUrO1R5di7fkqtK4QoKInAJlIRxXI3SogYldYrJ05TCs0zUhka4jzSE63EQ2T1qiCxum1URKxlrTkjwI+ThQAHPjLSMcJKjJuTPVxxUIomVyEmykKiM7RLRKIylewQ2Ih2k3l5FFSRlz9LJy1wPOtXSggjjhKdGSU2pU1Qd7QQgUpM5f0jYA5sbD4K+J8mDqqi1Rt3A32DOHiVjz\/ABs9ro\/wI\/oPgqZoT3JIRHRYFEcE+rCZIWU0iW1JXUIpqQKu\/HDLxTIDiBkFdJWNi9xlS1R4ZqaUkQ3BVStGST9OVMnLFMt1TJyWiWtcPksXYygltTDOVSUkFLsOXeo1Uj0HJTxM+g\/Z1aQbM9mttQnqcBHcVpTPn+pXvJmzbbG1+OR2qGTGpHYsrgZ77M5u\/esssUomj1IzKFqlbAJW+zaQ36laEikJUYFQRmqGlMEuCWrVMEyJs9QxKZijIqFxgLqFG2UoG9VSoi5WGY1EVsSva9BRbAgvdIA2Agy5CXA0I20cnSyU0j0ZtI84pkiEpFXOVEiEp2EpujFJJmvFipWxxlRKPwRVYHDH\/jginRLLijNU0L0Kv9MZKvJ5SWl6GYfpM3Fn6vBWxdzL1aW37mxcZ9hT4eJWTN8bPW6Nf4Y\/oNNKTsXjzQUGVxVIHaKkJ4qxMmTSqFhtTavAI4XzM8HYptmSknFkOalbotC5KzxYc4XJnPbchlQbVzgzodRDuyz2ylTplskVkjsUaNRT2nujKoyj7siDs5I87iyjp918di9N2HUkyK90X6fJp2l4Or9ArYBptnpEhwwzEY4+CWVox5le\/Y7RtXfjrXKRm0gn1zO0Iah9BSpTDhLVLJiUt0cm1yK1KJiFFQae5RSRjXlYiZIHSGe9VReEzALiqUitnqckwMSuOY45mg3HMorcmxu7KGGkcyqRRHJLsOaKYkVq1A1pJyAJ6guCjhrbaTUe5x1nk3UhNcI0YPmfANpTKNAlktk4nAI0luwK5ukX0ISOfg2YunUd5cl6TZKQvJ0HyRJFg+UAFa7ZBjNNF0Qz4lOP5nL304ktB1SO5a8Z4GZtPS+x0Nzj2FP8oWPN8bPb6T8GP6BwMSl7F4x3sK1ArQGrSwJTt7UThD3rYs10KaNE35COxTgSRLXavqV2juibypNwl+w5TbggK7QC02UHEYFNHI1sSnhjPfuJaRaq3CRKs2Hjj6l22ga0Hi8Dw61cSQQwVPeLNVwyx2YN\/aEze1ohGNy0S5XBo+i9rAdpHBzX6u7v5pciaohB69SfJ9EpVA4AjIqRBqnR4BEayzBGS6xWXLpXS8goHUbKmFGFbbraS45E5cUdVGmE3VCtKyer1EHac01jMWd7SpGoeCZAeys1WCAqrYzS3LORAYnpNbdCnoDN\/wDpGfgOaK8sKTbpHMEQit9y03p90vSpEotpCQg5DtOkApN2boQ0oXqjEpS8XsXouGS4WRNofkihLAh8I0ByXck2oDejoZGWeKMO+QS4GM58FoxHj9ZFuWrydBdDfY0\/yjuWTL8bPU6X8GH6IYc1KjTEliI5Wq9cFCRSF+SzXQimFxLqsGY+ohaUvAxSqJZRrdDYcqyLTLkI4ykLLGkwbqYOYXWUoo6ztiI69aaM2uCOTp4ZFujOqNcw+O1ak1NHjThl6eX\/AL7MuK08Uuii8eoWWr2ZN1O0LRBMB7Y\/VPRnkeaEvexfoTl7nU7v4l\/J3tzWwjoHI5bispfLC1Zt6S4zogEoB2JQYCzkEATtAxXMtDgDezgGCRjoiJ3p1wdD4tjGu2z4k\/Wf\/KdMpPdbGkafHkU+ohTKYjajYKOQvq0CpVJGIaNEb4JJPMpZXwasMdMXLuJ0KMnHAKjkkqQsMMpvVIfDYUrNSVKkDqP2LhkLkopHORVzl1AcxescQdIiNW1UitjFmy+8mnQnW0hgH\/CcQcsjiOEwqJrwZJRnw5+Of7DWNxIxM8BAnXjr1JJ8mrBx\/wDP+2Bt9QgjLX4JoOiPVR3Rt3V\/KZ+RvcFDL8bNPT\/gx\/RF6tQrtKApysW9e7HHsCdRQZZJeRK02t859g8kygibz5FwxN9uqT73Y3yVo4Mb7GafW54vaX8L+iv8dU+Lsb5J10+Px9yMv+R6lf7fwv6JFuqfF2DyVF02Px9zPL\/kupfMv4X9FhbanxHsTvBj8EPbc6dqX2JF4VPjKT2fH4Hf\/JdV8\/2\/ot\/GVPjdzKHoY\/Af\/wBHqfnZBtb\/AI3fMV3o412O9v6j52QbQ85ucesrlCK4SOl1WaaqUm\/3KB52nmUaXglql5ZV7ycyTGSGy7L6Bc5Sq29uNw33jV\/Ef8xS6IeF9EP62T5n9WS2964yrVB+t3mu0R8L6IHqz+Z\/VnjfNo\/Hq\/O7zXaI+F9Ed6k\/mf1ZU3zaPxqvzu812mPhfRHepP5n9WR982j8ar87vNDTHwvohfVn8z+rIN71\/wAap87vNHRHwvog+rk+Z\/VkPvWsc6rzxcSu0x8L6I71J18T+rKtvKqMqjhwJC6l4X0QPUn8z+rLfetb8V\/zFdpj4X0QfVyfM\/qyfvSt+K\/5iu0x8L6IPqT+Z\/VlBXdtK7THwvog+rkX+z+rLtru+I8yjpj4X0R3r5fnf1YRtZ3xO+Y+aGmPhfQ5Z8vzv6skVHT7zvmd5o+nHwjvac3zv6l8drvmd5pvSh4A+qzfMzwcdp5ld6UPB3teb5mUd18ym9KHgm+oy3dlTUIyJ5pfRh4HXW51xL7AX2t+3sC70MfgZddnb+L+F\/QpaLS45nsCKxQ8C5Oqyyq39j\/\/2Q==\" width=\"269\" height=\"187\"\/>Las Galer\u00edas Artejescal y Nicole Blanco, en colaboraci\u00f3n con la revista Madrid en Marco organizan en Espacio Niram la exposici\u00f3n de pintura \u201cRetratos de Car\u00e1cter\u201d de Dan Tolgy. Intervienen: Ant\u00f3nio Calder\u00f3n de Jes\u00fas (Artejescal), H\u00e9ctor Mart\u00ednez Sanz, dir. Madrid en Marco, Fabianni Belemuski Dir<\/p>\n<p class=\"MsoNormal\">Las Galer\u00edas Artejescal y Nicole Blanco, en colaboraci\u00f3n con la revista Madrid en Marco organizan en <a href=\"http:\/\/espacioniram.com\/\">Espacio Niram<\/a> la exposici\u00f3n de pintura \u201cRetratos de Car\u00e1cter\u201d de Dan Tolgy. Intervienen: Ant\u00f3nio Calder\u00f3n de Jes\u00fas (Artejescal), H\u00e9ctor Mart\u00ednez Sanz, dir. Madrid en Marco, Fabianni Belemuski Dir. <a href=\"http:\/\/www.niramart.espacioniram.com\/\">Niram Art<\/a> y Romeo Niram (artista pl\u00e1stico). Comisaria de la exposici\u00f3n: Lara Gala, historiadora del arte.<\/p>\n<p class=\"MsoNormal\">Inauguraci\u00f3n: Viernes, el 17 de diciembre del 2010 a las 22 h en <a href=\"http:\/\/espacioniram.com\/\">Espacio Niram<\/a>, Independencia 2, 28013, Madrid<\/p>\n<\/div>\n<div class=\"meta-pullout meta-left-pullout\">\n<ul>\n<li class=\"fix\"><span class=\"category\"><span class=\"icon\">&nbsp;<\/span> <a href=\"https:\/\/niramart.com\/revista-magazine\/category\/s5-articulos\/c39-articulos-espanol\/\" rel=\"category tag\">Articulos espa\u00f1ol<\/a>, <a href=\"https:\/\/niramart.com\/revista-magazine\/category\/bellas-artes\/\" rel=\"category tag\">Bellas Artes<\/a>, <a href=\"https:\/\/niramart.com\/revista-magazine\/category\/s5-articulos\/c53-no-5-6-2010\/\" rel=\"category tag\">N\u00ba 5 &#8211; 6, 2010<\/a><\/span><\/li>\n<\/ul>\n<\/div>\n<\/div>\n<footer class=\"post-footer postdata fix\"><\/footer>\n<section id=\"comments\"><\/section>\n<\/article>\n<nav class=\"post-nav fix\">\n<table>\n<tr>\n<td class=\"previous\"><a href=\"https:\/\/niramart.com\/revista-magazine\" rel=\"prev\"><span class=\"icon\">&nbsp;<\/span> EN LA MADRIGUERA DE ELRON por H\u00c9CTOR MART\u00cdNEZ SANZ<\/a><\/td>\n<td class=\"next\"><a href=\"https:\/\/niramart.com\/revista-magazine\" rel=\"next\"><span class=\"icon\">&nbsp;<\/span> Arte y Literatura de Israel en Europa<\/a><\/td>\n<\/tr>\n<\/table>\n<\/nav>\n<\/div>\n<\/div>\n","protected":false,"raw":""},"excerpt":{"rendered":"<p>Exposici\u00f3n de pintura de Dan Tolgy Dec 142010 &nbsp;&nbsp; [&hellip;]<\/p>\n","protected":false},"author":0,"featured_media":0,"parent":0,"menu_order":0,"comment_status":"closed","ping_status":"closed","template":"","meta":{"footnotes":""},"class_list":["post-138","page","type-page","status-publish","hentry"],"yoast_head":"<!-- This site is optimized with the Yoast SEO plugin v27.4 - https:\/\/yoast.com\/product\/yoast-seo-wordpress\/ -->\n<title>Exposici\u00f3n de pintura de Dan Tolgy \u00bb Niram Art Magazine<\/title>\n<meta name=\"robots\" content=\"index, follow, max-snippet:-1, max-image-preview:large, max-video-preview:-1\" \/>\n<link rel=\"canonical\" href=\"https:\/\/niramart.com\/revista-magazine\/exposicion-de-pintura-de-dan-tolgy\/\" \/>\n<meta property=\"og:type\" content=\"article\" \/>\n<meta property=\"og:title\" content=\"Exposici\u00f3n de pintura de Dan Tolgy \u00bb Niram Art Magazine\" \/>\n<meta property=\"og:description\" content=\"Exposici\u00f3n de pintura de Dan Tolgy Dec 142010 &nbsp;&nbsp; [&hellip;]\" \/>\n<meta property=\"og:url\" content=\"https:\/\/niramart.com\/revista-magazine\/exposicion-de-pintura-de-dan-tolgy\/\" \/>\n<meta property=\"og:site_name\" content=\"Niram Art Magazine\" \/>\n<meta name=\"twitter:card\" content=\"summary_large_image\" \/>\n<meta name=\"twitter:label1\" content=\"Est. reading time\" \/>\n\t<meta name=\"twitter:data1\" content=\"1 minute\" \/>\n<!-- \/ Yoast SEO plugin. -->","yoast_head_json":{"title":"Exposici\u00f3n de pintura de Dan Tolgy \u00bb Niram Art Magazine","robots":{"index":"index","follow":"follow","max-snippet":"max-snippet:-1","max-image-preview":"max-image-preview:large","max-video-preview":"max-video-preview:-1"},"canonical":"https:\/\/niramart.com\/revista-magazine\/exposicion-de-pintura-de-dan-tolgy\/","og_type":"article","og_title":"Exposici\u00f3n de pintura de Dan Tolgy \u00bb Niram Art Magazine","og_description":"Exposici\u00f3n de pintura de Dan Tolgy Dec 142010 &nbsp;&nbsp; [&hellip;]","og_url":"https:\/\/niramart.com\/revista-magazine\/exposicion-de-pintura-de-dan-tolgy\/","og_site_name":"Niram Art Magazine","twitter_card":"summary_large_image","twitter_misc":{"Est. reading time":"1 minute"}},"_links":{"self":[{"href":"https:\/\/niramart.com\/revista-magazine\/wp-json\/wp\/v2\/pages\/138","targetHints":{"allow":["GET"]}}],"collection":[{"href":"https:\/\/niramart.com\/revista-magazine\/wp-json\/wp\/v2\/pages"}],"about":[{"href":"https:\/\/niramart.com\/revista-magazine\/wp-json\/wp\/v2\/types\/page"}],"replies":[{"embeddable":true,"href":"https:\/\/niramart.com\/revista-magazine\/wp-json\/wp\/v2\/comments?post=138"}],"version-history":[{"count":0,"href":"https:\/\/niramart.com\/revista-magazine\/wp-json\/wp\/v2\/pages\/138\/revisions"}],"wp:attachment":[{"href":"https:\/\/niramart.com\/revista-magazine\/wp-json\/wp\/v2\/media?parent=138"}],"curies":[{"name":"wp","href":"https:\/\/api.w.org\/{rel}","templated":true}]}}