{"id":133,"date":"2024-04-01T07:40:51","date_gmt":"2024-04-01T07:40:51","guid":{"rendered":"https:\/\/niramart.com\/revista-magazine\/obra-del-pintor-israeli-baruch-elron-presentada-en-la-reunion-europoems-en-paris\/"},"modified":"2024-04-01T07:40:51","modified_gmt":"2024-04-01T07:40:51","slug":"obra-del-pintor-israeli-baruch-elron-presentada-en-la-reunion-europoems-en-paris","status":"publish","type":"page","link":"https:\/\/niramart.com\/revista-magazine\/europoems\/","title":{"rendered":"Obra del pintor israel\u00ed Baruch Elron presentada en la reuni\u00f3n Europoems en Paris"},"content":{"rendered":"<div id=\"main-col\">\n<div id=\"content\">\n<article class=\"post-1167 post type-post status-publish format-standard hentry category-c38-noticias-revista tag-baruch-elron tag-europoems tag-lydia-elron tag-miriam-or tag-poesia category-32-id full-content meta-position-left-pullout fix\" id=\"post-1167\">\n<header class=\"post-header title-container fix\">\n<div class=\"title\">\n<h1 class=\"posttitle\"><a href=\"https:\/\/niramart.com\/revista-magazine\/europoems\/\" class=\"entry-title\" rel=\"bookmark\" title=\"Obra del pintor israel\u00ed Baruch Elron presentada en la reuni\u00f3n Europoems en Paris\">Obra del pintor israel\u00ed Baruch Elron presentada en la reuni\u00f3n Europoems en Paris<\/a><\/h1>\n<\/div>\n<div class=\"date\"><span class=\"month\">Nov<\/span> <span class=\"day\">01<\/span><span class=\"year\">2013<\/span><\/div>\n<\/header>\n<p> <span class=\"post-format-icon\">&nbsp;<\/span><span class=\"updated\" title=\"2013-11-01T13:54:20+00:00\">&nbsp;<\/span><\/p>\n<div class=\"entry-container fix\">\n<div class=\"entry fix\">\n<p class=\"bch4dcbow065stdpy\">\n<p align=\"left\"><strong>Europoems tiene como objetivo poner en pr\u00e1ctica nuevos enfoques pedag\u00f3gicos que utilizan la poes\u00eda como una forma de ense\u00f1anza \/ aprendizaje de lenguas. <\/strong>El proyecto &#8220;GRUNDTVIG&#8221; ha sido financiado con el apoyo de la Comisi\u00f3n Europea. El Programa de Aprendizaje Permanente (Lifelong Learning Programme) de la Comisi\u00f3n Europea permite a las personas en todas las etapas de su vida participar en experiencias de aprendizaje estimulantes, as\u00ed como ayudar a desarrollar el sector de la educaci\u00f3n y la formaci\u00f3n en Europa.<\/p>\n<blockquote>\n<p align=\"left\">La pr\u00f3xima reuni\u00f3n Europoems tendr\u00e1 lugar el 4 y 5 de noviembre 2013, en Par\u00eds.<\/p>\n<\/blockquote>\n<p class=\"bch4dcbow065stdpy\"><img loading=\"lazy\" decoding=\"async\" class=\"alignleft\" alt=\"Baruch Elron\" src=\"https:\/\/niramart.com\/revista-magazine\/files\/wp-content\/uploads\/2011\/12\/elron_or.jpg\" width=\"160\" height=\"257\"\/>En el programa de la reuni\u00f3n en Paris destacan presentaciones sobre la lengua francesa por<strong> Nicolas Trifon<\/strong>, \u201c\u00bfPor qu\u00e9 nos gusta la poesia?\u201d por C<strong>ristina Passima Trifon<\/strong>, artista visual, concurso de poes\u00eda con participantes de: B\u00e9lgica, Alemania, Italia, Lituania, Turqu\u00eda, Rumania, exposici\u00f3n de libro de poes\u00eda <strong>\u201cEl mundo m\u00e1gico de Baruch Elron\u201d<\/strong> con una presentaci\u00f3n por <strong>Lydia Elron<\/strong> y contribuci\u00f3nes por <strong>Miriam Or<\/strong>, Israel, poes\u00eda de Ruman\u00eda: <strong>Lucia Negoi\u0163a<\/strong> &#038;<strong> Adi Cristi<\/strong>, recital y debate de poes\u00eda con <strong>Adi Cristi, Lucia Negoi\u0163\u0103, Liliana Ursu, Radu Vancu<\/strong> (Ruman\u00eda), <strong>Niall Yates<\/strong> (B\u00e9lgica), <strong>Camille Aubaude<\/strong> (Francia), poes\u00eda religiosa, presentaci\u00f3n sobre la historia de la poes\u00eda francesa por <strong>Nicole Berthelot<\/strong> y mucho m\u00e1s.<\/p>\n<p align=\"left\"><em>4 de noviembre: Paris 17\u00e8me city hall (16\/20 rue des Batignolles, 75017 Paris; metro Rome or Place de Clichy<\/em><\/p>\n<p align=\"left\"><em>5 de noviembre: Maison d\u2019Europe et d\u2019Orient (3 passage Hennel, 75012 Paris, metro Gare de Lyon<\/em><\/p>\n<p class=\"bch4dcbow065stdpy\"><strong> M\u00e1s info: http:\/\/www.europoems.eu <\/strong><\/p>\n<\/div>\n<div class=\"meta-pullout meta-left-pullout\">\n<ul>\n<li class=\"fix\"><span class=\"category\"><span class=\"icon\">&nbsp;<\/span> <a href=\"https:\/\/niramart.com\/revista-magazine\/category\/c38-noticias-revista\/\" rel=\"category tag\">Noticias<\/a><\/span><\/li>\n<li class=\"fix\"><span class=\"tags tax\"><span class=\"icon\">&nbsp;<\/span>Tagged with: <a href=\"https:\/\/niramart.com\/revista-magazine\/tag\/baruch-elron\/\" rel=\"tag\">Baruch Elron<\/a>, <a href=\"https:\/\/niramart.com\/revista-magazine\" rel=\"tag\">europoems<\/a>, <a href=\"https:\/\/niramart.com\/revista-magazine\" rel=\"tag\">lydia elron<\/a>, <a href=\"https:\/\/niramart.com\/revista-magazine\/tag\/miriam-or\/\" rel=\"tag\">miriam or<\/a>, <a href=\"https:\/\/niramart.com\/revista-magazine\" rel=\"tag\">poes\u00eda<\/a><\/span><\/li>\n<\/ul>\n<\/div>\n<\/div>\n<footer class=\"post-footer postdata fix\"><\/footer>\n<section id=\"comments\"><\/section>\n<\/article>\n<nav class=\"post-nav fix\">\n<table>\n<tr>\n<td class=\"previous\"><a href=\"https:\/\/niramart.com\/revista-magazine\/arte-e-tudo-aquilo-que-os-homens-dizem-que-e-arte\/\" rel=\"prev\"><span class=\"icon\">&nbsp;<\/span> &#8220;Arte \u00e9 tudo aquilo que os homens dizem que \u00e9 arte&#8221;<\/a><\/td>\n<td class=\"next\"><a href=\"https:\/\/niramart.com\/revista-magazine\/lanzamiento-del-libro-el-nenufar-de-las-ninfas-de-jairo-compostela\/\" rel=\"next\"><span class=\"icon\">&nbsp;<\/span> Lanzamiento del libro \u201cEl nen\u00fafar de las ninfas\u201d de Jairo Compostela<\/a><\/td>\n<\/tr>\n<\/table>\n<\/nav>\n<\/div>\n<\/div>\n","protected":false,"raw":""},"excerpt":{"rendered":"<p>Obra del pintor israel\u00ed Baruch Elron presentada en la [&hellip;]<\/p>\n","protected":false},"author":0,"featured_media":0,"parent":0,"menu_order":0,"comment_status":"closed","ping_status":"closed","template":"","meta":{"footnotes":""},"class_list":["post-133","page","type-page","status-publish","hentry"],"yoast_head":"<!-- This site is optimized with the Yoast SEO plugin v27.4 - https:\/\/yoast.com\/product\/yoast-seo-wordpress\/ -->\n<title>Obra del pintor israel\u00ed Baruch Elron presentada en la reuni\u00f3n Europoems en Paris \u00bb Niram Art Magazine<\/title>\n<meta name=\"robots\" content=\"index, follow, max-snippet:-1, max-image-preview:large, max-video-preview:-1\" \/>\n<link rel=\"canonical\" href=\"https:\/\/niramart.com\/revista-magazine\/europoems\/\" \/>\n<meta property=\"og:type\" content=\"article\" \/>\n<meta property=\"og:title\" content=\"Obra del pintor israel\u00ed Baruch Elron presentada en la reuni\u00f3n Europoems en Paris \u00bb Niram Art Magazine\" \/>\n<meta property=\"og:description\" content=\"Obra del pintor israel\u00ed Baruch Elron presentada en la [&hellip;]\" \/>\n<meta property=\"og:url\" content=\"https:\/\/niramart.com\/revista-magazine\/europoems\/\" \/>\n<meta property=\"og:site_name\" content=\"Niram Art Magazine\" \/>\n<meta name=\"twitter:card\" content=\"summary_large_image\" \/>\n<meta name=\"twitter:label1\" content=\"Est. reading time\" \/>\n\t<meta name=\"twitter:data1\" content=\"2 minutes\" \/>\n<!-- \/ Yoast SEO plugin. -->","yoast_head_json":{"title":"Obra del pintor israel\u00ed Baruch Elron presentada en la reuni\u00f3n Europoems en Paris \u00bb Niram Art Magazine","robots":{"index":"index","follow":"follow","max-snippet":"max-snippet:-1","max-image-preview":"max-image-preview:large","max-video-preview":"max-video-preview:-1"},"canonical":"https:\/\/niramart.com\/revista-magazine\/europoems\/","og_type":"article","og_title":"Obra del pintor israel\u00ed Baruch Elron presentada en la reuni\u00f3n Europoems en Paris \u00bb Niram Art Magazine","og_description":"Obra del pintor israel\u00ed Baruch Elron presentada en la [&hellip;]","og_url":"https:\/\/niramart.com\/revista-magazine\/europoems\/","og_site_name":"Niram Art Magazine","twitter_card":"summary_large_image","twitter_misc":{"Est. reading time":"2 minutes"}},"_links":{"self":[{"href":"https:\/\/niramart.com\/revista-magazine\/wp-json\/wp\/v2\/pages\/133","targetHints":{"allow":["GET"]}}],"collection":[{"href":"https:\/\/niramart.com\/revista-magazine\/wp-json\/wp\/v2\/pages"}],"about":[{"href":"https:\/\/niramart.com\/revista-magazine\/wp-json\/wp\/v2\/types\/page"}],"replies":[{"embeddable":true,"href":"https:\/\/niramart.com\/revista-magazine\/wp-json\/wp\/v2\/comments?post=133"}],"version-history":[{"count":0,"href":"https:\/\/niramart.com\/revista-magazine\/wp-json\/wp\/v2\/pages\/133\/revisions"}],"wp:attachment":[{"href":"https:\/\/niramart.com\/revista-magazine\/wp-json\/wp\/v2\/media?parent=133"}],"curies":[{"name":"wp","href":"https:\/\/api.w.org\/{rel}","templated":true}]}}