{"id":131,"date":"2024-04-01T07:40:51","date_gmt":"2024-04-01T07:40:51","guid":{"rendered":"https:\/\/niramart.com\/revista-magazine\/escher-y-lo-imposible-de-hector-martinez-sanz\/"},"modified":"2024-04-01T07:40:51","modified_gmt":"2024-04-01T07:40:51","slug":"escher-y-lo-imposible-de-hector-martinez-sanz","status":"publish","type":"page","link":"https:\/\/niramart.com\/revista-magazine\/escher-y-lo-imposible-de-hector-martinez-sanz\/","title":{"rendered":"ESCHER Y LO IMPOSIBLE de H\u00c9CTOR MART\u00cdNEZ SANZ"},"content":{"rendered":"<div id=\"main-col\">\n<div id=\"content\">\n<article class=\"post-137 post type-post status-publish format-standard hentry category-c39-articulos-espanol category-bellas-artes category-c53-no-5-6-2010 category-18-id category-119-id category-25-id full-content meta-position-left-pullout fix\" id=\"post-137\">\n<header class=\"post-header title-container fix\">\n<div class=\"title\">\n<h1 class=\"posttitle\"><a href=\"https:\/\/niramart.com\/revista-magazine\/escher-y-lo-imposible-de-hector-martinez-sanz\/\" class=\"entry-title\" rel=\"bookmark\" title=\"ESCHER Y LO IMPOSIBLE de H\u00c9CTOR MART\u00cdNEZ SANZ\">ESCHER Y LO IMPOSIBLE de H\u00c9CTOR MART\u00cdNEZ SANZ<\/a><\/h1>\n<\/div>\n<div class=\"date\"><span class=\"month\">Aug<\/span> <span class=\"day\">21<\/span><span class=\"year\">2010<\/span><\/div>\n<\/header>\n<p> <span class=\"post-format-icon\">&nbsp;<\/span><span class=\"updated\" title=\"2010-08-21T17:59:34+00:00\">&nbsp;<\/span><\/p>\n<div class=\"entry-container fix\">\n<div class=\"entry fix\">\n<p class=\"bch4dcbow065stdpy\"><img loading=\"lazy\" decoding=\"async\" class=\"alignleft\" alt=\"\" src=\"https:\/\/niramart.com\/revista-magazine\/files\/2010\/08\/escher-w-300-h-296.jpg\" width=\"300\" height=\"297\"\/> \u00bfQu\u00e9 hago yo en este tema? Es causa del t\u00edtulo de una antigua exposici\u00f3n sobre M.C Escher que hubo en Madrid: El arte de lo imposible. Porque, adem\u00e1s de tomar a bien el acercar mi vista sobre dibujos ciertamente extra\u00f1os, he procurado leer algo de lo que dicen los entendidos; y seg\u00fan estos \u00faltimos Escher es el genio del trazo imposible, de las figuras entremezcladas y contradictorias, y el arquitecto pl\u00e1stico de cimientos ultra-reales. En resumen, el pincel de Escher es el pincel que plasma lo imposible. Aqu\u00ed es donde me detengo yo, quiz\u00e1s porque pienso demasiado y someto a cuesti\u00f3n banalidades. Lo del \u201cimposible\u201d suele estar m\u00e1s asociado a lo \u201cincre\u00edble\u201d, al mago que sobre un escenario nos sorprende con trucos que no conseguimos, ni \u00e9l nos deja, descubrir. El mago quiere que nos quedemos con la ilusi\u00f3n, con lo incre\u00edble del asunto, no con su explicaci\u00f3n. Pese a que nos pique la curiosidad, muchas veces preferimos no recibir la aclaraci\u00f3n si no hemos sido capaces de sacarla por nosotros mismos.<\/p>\n<p class=\"MsoNormal\" style=\"text-align: justify;\">Es el mago quien no nos dejar\u00e1. Y aunque Escher tambi\u00e9n toma parte en la ilusi\u00f3n, la \u00f3ptica, y con ello nos sorprende de entrada, no oculta el truco, entre otras cosas, porque no lo hay. Aqu\u00ed, ante Escher, no hay traba para descubrir la explicaci\u00f3n. Quiere decirse que, hasta con el mago, ese ilusorio imposible, permanece misterioso y oculto, que es lo propio, mientras que en Escher ni es misterioso, ni est\u00e1 oculto, y, por tanto, no tiene nada de imposible. Es, acaso, un arte de perspectivas, de profundidad y contrastes, de relaciones de planos, dimensiones, proporciones y distancias, incluida la geometr\u00eda de la \u00f3ptica, del mero ver tan cotidiano y que encierra toda una suerte de relaciones y sorpresas. A\u00fan m\u00e1s, el mismo Escher se sent\u00eda m\u00e1s cercano a las cuestiones geom\u00e9tricas -v\u00e9anse Moebius o los planos curvos que tan en entredicho pusieron la geometr\u00eda euclidiana- que al arte. Pensemos en la xilograf\u00eda Profundidad (1955) que emplearon para presentar la exposici\u00f3n y bajo la que rotularon eso del imposible, pudiendo haber escogido alguna otra m\u00e1s conocida y llamativa en esto de la ilusi\u00f3n -Belvedere (1958), Cascada (1961)-. Cualquiera que la vea y lea lo de imposible ni entender\u00e1 lo que ve, ni sabr\u00e1 qu\u00e9 tiene que ver con el imposible o qu\u00e9 haya de imposible en dibujar algo as\u00ed. La divisi\u00f3n del plano, su volumen y curvatura, no es algo que se vea pensando en lo imposible. Lo m\u00e1s, un &#8220;pez raro&#8221; repetido infinitamente de grande a peque\u00f1o.<\/p>\n<p class=\"MsoNormal\" style=\"text-align: justify;\">\n<p class=\"MsoNormal\" style=\"text-align: justify;\">Lo imposible es lo imposible, lo que carece de posibilidades de darse bajo forma alguna; a\u00fan ni en representaciones mentales o conceptos. Lo imposible, por ende, no tiene un sujeto capaz de hacerlo. Escher no da realidad a lo imposible \u2013perm\u00edtanme decirlo-. La genialidad de su paleta est\u00e1 en la ilusi\u00f3n \u00f3ptica y en la clarividencia de un imaginado infinito por el que se anudan im\u00e1genes, figuras, formas y fondos. Al adentrarnos en uno de estos dibujos, vemos tanto lo que en realidad se dar\u00eda, como lo que la naturaleza no permite. En esto \u00faltimo es en lo que nos equivocamos y err\u00f3neamente venimos a llamar imposible. Si bien la naturaleza se resentir\u00eda de que existieran ciertas formas, y la l\u00f3gica se encerrar\u00eda en s\u00ed misma ante Escher, eso no quiere decir que el fen\u00f3meno sea imposible. En la medida en que est\u00e1 dibujado es concebible mental y pl\u00e1sticamente. Y ya sabemos que la realidad es muy otra. Si fuera imposible, Escher jam\u00e1s podr\u00eda haber puesto ante nosotros lo que, en verdad, ha hecho: darnos donde m\u00e1s duele, en el enga\u00f1o \u00f3ptico que por los siglos de los siglos la filosof\u00eda ha tratado de remediar con vacunas intelectuales o idealistas y racionalistas. Ahora bien, este enga\u00f1o filos\u00f3fico, psicol\u00f3gico y oftalmol\u00f3gico, sucede en la visi\u00f3n de cosas naturales y totalmente reales \u2013existentes-. Escher, en cambio, ha ido m\u00e1s all\u00e1. Mientras la ilusi\u00f3n natural nos hace ver lo que no hay \u2013valga como ejemplo el m\u00edtico palo quebrado bajo el agua, que no est\u00e1 quebrado realmente-, Escher nos hace ver la ilusi\u00f3n, tal como si el palo estuviera realmente quebrado y nosotros nos obcec\u00e1ramos en insistir sobre lo contrario. Ha trasladado la ilusi\u00f3n \u00f3ptica a la imaginaci\u00f3n y al ojo intelectual, violentando la l\u00f3gica y la pura geometr\u00eda. Aunque, como he dicho, al estar dibujado, m\u00e1s que violentar o atentar contra lo posible, tan s\u00f3lo provoca a estas ciencias absolutas. De alg\u00fan modo la geometr\u00eda tiene en su ra\u00edz un salvoconducto para Escher; y del mismo modo la l\u00f3gica. Sino, estar\u00edamos hablando del imposible, a sabiendas de que no puede darse en nada ni en nadie.<\/p>\n<p class=\"MsoNormal\" style=\"text-align: justify;\">\n<p class=\"MsoNormal\" style=\"text-align: justify;\">Al pintar lo que en modo alguno hay en la realidad, se reconoce su inexistencia, pero tambi\u00e9n se reconoce la posibilidad de concebirlo mentalmente. \u201cImposible\u201d, por tanto, no quiere decir s\u00f3lo que algo no se d\u00e9 en la realidad, sino que tampoco ese algo es concebible. Escher, sin embargo, concibe sus figuras, y tal concepci\u00f3n le sirve de modelo; e incluso nosotros las concebimos al verlas, raz\u00f3n por la que resulta tan sorprendente. Pero, pens\u00e9moslo con calma, tambi\u00e9n es concebible un centauro o cualquier figura mitol\u00f3gica, la cual no nos produce la misma desesperaci\u00f3n de lo imposible. Por el contrario, el manido concepto nada es verdadero ejemplo de lo imposible, pues ni existe, siendo (perm\u00edtase la irregularidad del lenguaje) ella la aut\u00e9ntica negaci\u00f3n de toda existencia, ni se concibe algo en nuestra mente al pensarla (sigue siendo irregular el lenguaje). Hasta Escher ser\u00eda incapaz de dibujarnos la nada.<\/p>\n<p class=\"bch4dcbow065stdpy\">&nbsp;<\/p>\n<\/div>\n<div class=\"meta-pullout meta-left-pullout\">\n<ul>\n<li class=\"fix\"><span class=\"category\"><span class=\"icon\">&nbsp;<\/span> <a href=\"https:\/\/niramart.com\/revista-magazine\/category\/s5-articulos\/c39-articulos-espanol\/\" rel=\"category tag\">Articulos espa\u00f1ol<\/a>, <a href=\"https:\/\/niramart.com\/revista-magazine\/category\/bellas-artes\/\" rel=\"category tag\">Bellas Artes<\/a>, <a href=\"https:\/\/niramart.com\/revista-magazine\/category\/s5-articulos\/c53-no-5-6-2010\/\" rel=\"category tag\">N\u00ba 5 &#8211; 6, 2010<\/a><\/span><\/li>\n<\/ul>\n<\/div>\n<\/div>\n<footer class=\"post-footer postdata fix\"><\/footer>\n<section id=\"comments\"><\/section>\n<\/article>\n<nav class=\"post-nav fix\">\n<table>\n<tr>\n<td class=\"previous\"><a href=\"https:\/\/niramart.com\/revista-magazine\/carnetul-unui-indragostit-doua-iubiri\/\" rel=\"prev\"><span class=\"icon\">&nbsp;<\/span> CARNETUL UNUI INDRAGOSTIT &#8211; DOUA IUBIRI<\/a><\/td>\n<td class=\"next\"><a href=\"https:\/\/niramart.com\/revista-magazine\/entrevista-con-onik-sahakian-ganador-del-trofeo-corneliu-baba\/\" rel=\"next\"><span class=\"icon\">&nbsp;<\/span> ENTREVISTA CON ONIK SAHAKIAN, GANADOR DEL TROFEO  CORNELIU BABA<\/a><\/td>\n<\/tr>\n<\/table>\n<\/nav>\n<\/div>\n<\/div>\n","protected":false,"raw":""},"excerpt":{"rendered":"<p>ESCHER Y LO IMPOSIBLE de H\u00c9CTOR MART\u00cdNEZ SANZ Aug [&hellip;]<\/p>\n","protected":false},"author":0,"featured_media":0,"parent":0,"menu_order":0,"comment_status":"closed","ping_status":"closed","template":"","meta":{"footnotes":""},"class_list":["post-131","page","type-page","status-publish","hentry"],"yoast_head":"<!-- This site is optimized with the Yoast SEO plugin v27.4 - https:\/\/yoast.com\/product\/yoast-seo-wordpress\/ -->\n<title>ESCHER Y LO IMPOSIBLE de H\u00c9CTOR MART\u00cdNEZ SANZ \u00bb Niram Art Magazine<\/title>\n<meta name=\"robots\" content=\"index, follow, max-snippet:-1, max-image-preview:large, max-video-preview:-1\" \/>\n<link rel=\"canonical\" href=\"https:\/\/niramart.com\/revista-magazine\/escher-y-lo-imposible-de-hector-martinez-sanz\/\" \/>\n<meta property=\"og:type\" content=\"article\" \/>\n<meta property=\"og:title\" content=\"ESCHER Y LO IMPOSIBLE de H\u00c9CTOR MART\u00cdNEZ SANZ \u00bb Niram Art Magazine\" \/>\n<meta property=\"og:description\" content=\"ESCHER Y LO IMPOSIBLE de H\u00c9CTOR MART\u00cdNEZ SANZ Aug [&hellip;]\" \/>\n<meta property=\"og:url\" content=\"https:\/\/niramart.com\/revista-magazine\/escher-y-lo-imposible-de-hector-martinez-sanz\/\" \/>\n<meta property=\"og:site_name\" content=\"Niram Art Magazine\" \/>\n<meta name=\"twitter:card\" content=\"summary_large_image\" \/>\n<meta name=\"twitter:label1\" content=\"Est. reading time\" \/>\n\t<meta name=\"twitter:data1\" content=\"5 minutes\" \/>\n<!-- \/ Yoast SEO plugin. -->","yoast_head_json":{"title":"ESCHER Y LO IMPOSIBLE de H\u00c9CTOR MART\u00cdNEZ SANZ \u00bb Niram Art Magazine","robots":{"index":"index","follow":"follow","max-snippet":"max-snippet:-1","max-image-preview":"max-image-preview:large","max-video-preview":"max-video-preview:-1"},"canonical":"https:\/\/niramart.com\/revista-magazine\/escher-y-lo-imposible-de-hector-martinez-sanz\/","og_type":"article","og_title":"ESCHER Y LO IMPOSIBLE de H\u00c9CTOR MART\u00cdNEZ SANZ \u00bb Niram Art Magazine","og_description":"ESCHER Y LO IMPOSIBLE de H\u00c9CTOR MART\u00cdNEZ SANZ Aug [&hellip;]","og_url":"https:\/\/niramart.com\/revista-magazine\/escher-y-lo-imposible-de-hector-martinez-sanz\/","og_site_name":"Niram Art Magazine","twitter_card":"summary_large_image","twitter_misc":{"Est. reading time":"5 minutes"}},"_links":{"self":[{"href":"https:\/\/niramart.com\/revista-magazine\/wp-json\/wp\/v2\/pages\/131","targetHints":{"allow":["GET"]}}],"collection":[{"href":"https:\/\/niramart.com\/revista-magazine\/wp-json\/wp\/v2\/pages"}],"about":[{"href":"https:\/\/niramart.com\/revista-magazine\/wp-json\/wp\/v2\/types\/page"}],"replies":[{"embeddable":true,"href":"https:\/\/niramart.com\/revista-magazine\/wp-json\/wp\/v2\/comments?post=131"}],"version-history":[{"count":0,"href":"https:\/\/niramart.com\/revista-magazine\/wp-json\/wp\/v2\/pages\/131\/revisions"}],"wp:attachment":[{"href":"https:\/\/niramart.com\/revista-magazine\/wp-json\/wp\/v2\/media?parent=131"}],"curies":[{"name":"wp","href":"https:\/\/api.w.org\/{rel}","templated":true}]}}