{"id":129,"date":"2024-04-01T07:40:50","date_gmt":"2024-04-01T07:40:50","guid":{"rendered":"https:\/\/niramart.com\/revista-magazine\/entrevista-con-onik-sahakian-ganador-del-trofeo-corneliu-baba\/"},"modified":"2024-04-01T07:40:50","modified_gmt":"2024-04-01T07:40:50","slug":"entrevista-con-onik-sahakian-ganador-del-trofeo-corneliu-baba","status":"publish","type":"page","link":"https:\/\/niramart.com\/revista-magazine\/entrevista-con-onik-sahakian-ganador-del-trofeo-corneliu-baba\/","title":{"rendered":"ENTREVISTA CON ONIK SAHAKIAN, GANADOR DEL TROFEO  CORNELIU BABA"},"content":{"rendered":"<div id=\"main-col\">\n<div id=\"content\">\n<article class=\"post-138 post type-post status-publish format-standard hentry category-c39-articulos-espanol category-entrevistas category-c53-no-5-6-2010 tag-corneliu-baba tag-onik-sahakian tag-pintura tag-romeo-niram tag-salvador-dali category-18-id category-121-id category-25-id full-content meta-position-left-pullout fix\" id=\"post-138\">\n<header class=\"post-header title-container fix\">\n<div class=\"title\">\n<h1 class=\"posttitle\"><a href=\"https:\/\/niramart.com\/revista-magazine\/entrevista-con-onik-sahakian-ganador-del-trofeo-corneliu-baba\/\" class=\"entry-title\" rel=\"bookmark\" title=\"ENTREVISTA CON ONIK SAHAKIAN, GANADOR DEL TROFEO  CORNELIU BABA\">ENTREVISTA CON ONIK SAHAKIAN, GANADOR DEL TROFEO  CORNELIU BABA<\/a><\/h1>\n<\/div>\n<div class=\"date\"><span class=\"month\">Aug<\/span> <span class=\"day\">21<\/span><span class=\"year\">2010<\/span><\/div>\n<\/header>\n<p> <span class=\"post-format-icon\">&nbsp;<\/span><span class=\"updated\" title=\"2010-08-21T18:06:19+00:00\">&nbsp;<\/span><\/p>\n<div class=\"entry-container fix\">\n<div class=\"entry fix\">\n<p class=\"bch4dcbow065stdpy\"><img loading=\"lazy\" decoding=\"async\" class=\"alignleft\" alt=\"\" src=\"https:\/\/niramart.com\/revista-magazine\/files\/2010\/08\/onik_sahakian-w-181-h-300.jpg\" width=\"181\" height=\"299\"\/> N.A. \u00bfC\u00f3mo se siente al haber sido galardonado con el premio Niram Art, Trofeo Corneliu Baba?<\/p>\n<p class=\"bch4dcbow065stdpy\">O.S. En primer lugar, conoc\u00ed a (Romeo) Niram hace 2 o 3 a\u00f1os y me dio una energ\u00eda positiva maravillosa. Despu\u00e9s, se puso la fotograf\u00eda de mi obra en la portada de la Revista Niram Art, lo que consider\u00e9 un honor, y ahora me ha invitado a recibir este premio fant\u00e1stico, intitulado Corneliu Baba, uno de mis pintores preferidos, y es un gran honor recibir este Premio Corneliu Baba. Ha sido todo extraordinario y estuve muy feliz. Ahora espero poder hacer algo estupendo para Niram Art, tal vez hagamos una exposici\u00f3n importante en Madrid, para los espa\u00f1oles, en relaci\u00f3n con Dal\u00ed o otras personas. Veremos lo que suceder\u00e1.<\/p>\n<p class=\"bch4dcbow065stdpy\">Tengo que decir que la video-presentaci\u00f3n ha sido realmente extraordinaria, tanto que no me lo esperaba. Realmente me dieron las l\u00e1grimas porque no me esperaba un modo de presentaci\u00f3n tan magn\u00edfico. Ha sido muy bella y me sorprendi\u00f3 mucho. Todo ha sido muy bonito \u2026 dios m\u00edo..hice fotograf\u00edas con 50 o 60 personas\u2026Todo el mundo quer\u00eda hacer fotograf\u00edas conmigo\u2026Fue realmente maravilloso, una noche estupenda.<\/p>\n<p class=\"bch4dcbow065stdpy\">&nbsp;<\/p>\n<p class=\"MsoNormal\"><span style=\"font-size: 12pt; line-height: 115%; font-family: 'Times New Roman','serif';\">N.A. \u00bfConoce la Obra de Corneliu Baba?<\/span><\/p>\n<p class=\"MsoNormal\">\n<p class=\"MsoNormal\"><span style=\"font-size: 12pt; line-height: 115%; font-family: 'Times New Roman','serif';\">O.S. Corneliu Baba es un artista magnifico. Me gustan mucho algunas de sus pinturas, son tan bellas: la de la mujer que plancha una camisa, o con la familia, realmente creo que es extraordinario y me he sentido tan honorado de recibir este Trofeo con su nombre. Me siento muy conmovido y afortunado por haber conocido a Niram, creo que es una persona extraordinaria, le gusta crear en el mundo del arte y tambi\u00e9n en lo que se refiere a la cultura entre pueblos. Si puedo crear algo bonito en el mundo del arte, relacionando el mundo de Niram Art y el m\u00edo, me gustar\u00eda hacerlo para crear felicidad. Porque los artistas son muy importantes para el p\u00fablico. Puedes mirar un cuadro y sentirte transportado en otro mundo, de misticismo, de silencio, en cualquier mundo que quieras hacer. Pinto de la manera que lo hago porque hoy en d\u00eda el mundo es tan podrido y tan negativo, tantas cosas terribles pasan. A veces el arte es tambi\u00e9n as\u00ed, terrible, con cr\u00edmenes, sangre, tortura, violaci\u00f3n pero yo no creo que el arte deber\u00eda ser as\u00ed.Tenemos tantas cosas malas que ya est\u00e1n pasando en frente de nuestros ojos, \u00bfpor qu\u00e9 a\u00f1adir m\u00e1s infelicidad al mundo? Tambi\u00e9n puedo pintar de un modo muy agresivo pero no me parece importante hacerlo, no me sale de mi interior, porque yo no soy as\u00ed. Por eso pinto de la manera que pinto.<\/span><\/p>\n<p class=\"MsoNormal\">\n<p class=\"MsoNormal\"><span style=\"font-size: 12pt; line-height: 115%; font-family: 'Times New Roman','serif';\">En lo que concierne el mundo Niram Art, creo que \u00e9l ha hecho algo maravilloso, de la mejor manera y espero poder hacer algo muy interesante con \u00e9l en el futuro.<\/span><\/p>\n<p class=\"MsoNormal\">\n<p class=\"MsoNormal\"><span style=\"font-size: 12pt; line-height: 115%; font-family: 'Times New Roman','serif';\">N.A. \u00bfTal vez una exposici\u00f3n o algo as\u00ed?<\/span><\/p>\n<p class=\"MsoNormal\">\n<p class=\"MsoNormal\"><span style=\"font-size: 12pt; line-height: 115%; font-family: 'Times New Roman','serif';\">O.S. Veremos lo que acontecer\u00e1. Si har\u00e9 una exposici\u00f3n con Niram \u2026 eso no lo s\u00e9 pero s\u00ed s\u00e9 que har\u00e9 un libro. Har\u00e9 un libro con Niram, en espa\u00f1ol, para el p\u00fablico espa\u00f1ol. Trabaj\u00e9 en tantos sitios pero es importante para m\u00ed presentarme al p\u00fablico espa\u00f1ol, pas\u00e9 tantos a\u00f1os con el mayor artista catal\u00e1n, Dal\u00ed. Las personas no se dan cuenta, yo propio no me daba cuenta cuando era m\u00e1s joven, de lo que significaba estar cerca dealguien como Dal\u00ed durante tantos a\u00f1os. S\u00f3lo se puede entender esto mucho m\u00e1s tarde.<\/span><\/p>\n<p class=\"MsoNormal\">\n<p class=\"MsoNormal\">\n<p class=\"MsoNormal\"><span style=\"font-size: 12pt; line-height: 115%; font-family: 'Times New Roman','serif';\">N.A. \u00bfEncuentra alguna semejanza entre su obra y la Niram?<\/span><\/p>\n<p class=\"MsoNormal\">\n<p class=\"MsoNormal\"><span style=\"font-size: 12pt; line-height: 115%; font-family: 'Times New Roman','serif';\">Niram tiene una manera muy hermosa de expresarse, una manera diferente de la m\u00eda. Somos 2 artistas completamente diferentes.<\/span><\/p>\n<p class=\"MsoNormal\">\n<p class=\"MsoNormal\"><span style=\"font-size: 12pt; line-height: 115%; font-family: 'Times New Roman','serif';\">N.A. \u00bfHa visto la revista?<\/span><\/p>\n<p class=\"MsoNormal\">\n<p class=\"MsoNormal\"><span style=\"font-size: 12pt; line-height: 115%; font-family: 'Times New Roman','serif';\">O.S. S\u00ed, yo estaba en la portada. Ha sido una gentileza de Niram, me he sentido bastante sorprendido. Est\u00e1 tambi\u00e9n en mi sitio web, se trata del Retrato de Einstein y de la pintura de Ad\u00e1n\u201cEl momento antes del pecado\u201d.<\/span><\/p>\n<p class=\"MsoNormal\">\n<p class=\"MsoNormal\"><span style=\"font-size: 12pt; line-height: 115%; font-family: 'Times New Roman','serif';\">El arte, la cultura es parte de nuestras vidas. Cuando la gente tiene a veces problemas en la vida, no a veces sino que casi siempre, el arte es el \u00fanico instrumento que te saca de tus problemas, por lo menos durante un breve momento. El momento del arte es muy importante y ha sido as\u00ed durante centenas de a\u00f1os. <\/span><\/p>\n<p class=\"bch4dcbow065stdpy\">&nbsp;<\/p>\n<\/div>\n<div class=\"meta-pullout meta-left-pullout\">\n<ul>\n<li class=\"fix\"><span class=\"category\"><span class=\"icon\">&nbsp;<\/span> <a href=\"https:\/\/niramart.com\/revista-magazine\/category\/s5-articulos\/c39-articulos-espanol\/\" rel=\"category tag\">Articulos espa\u00f1ol<\/a>, <a href=\"https:\/\/niramart.com\/revista-magazine\/category\/entrevistas\/\" rel=\"category tag\">Entrevistas<\/a>, <a href=\"https:\/\/niramart.com\/revista-magazine\/category\/s5-articulos\/c53-no-5-6-2010\/\" rel=\"category tag\">N\u00ba 5 &#8211; 6, 2010<\/a><\/span><\/li>\n<li class=\"fix\"><span class=\"tags tax\"><span class=\"icon\">&nbsp;<\/span>Tagged with: <a href=\"https:\/\/niramart.com\/revista-magazine\/tag\/corneliu-baba\/\" rel=\"tag\">corneliu baba<\/a>, <a href=\"https:\/\/niramart.com\/revista-magazine\/tag\/onik-sahakian\/\" rel=\"tag\">onik sahakian<\/a>, <a href=\"https:\/\/niramart.com\/revista-magazine\/tag\/pintura\/\" rel=\"tag\">pintura<\/a>, <a href=\"https:\/\/niramart.com\/revista-magazine\/tag\/romeo-niram\/\" rel=\"tag\">romeo niram<\/a>, <a href=\"https:\/\/niramart.com\/revista-magazine\/tag\/salvador-dali\/\" rel=\"tag\">salvador dali<\/a><\/span><\/li>\n<\/ul>\n<\/div>\n<\/div>\n<footer class=\"post-footer postdata fix\"> <\/footer>\n<section id=\"comments\"> <\/section>\n<\/article>\n<nav class=\"post-nav fix\">\n<table>\n<tr>\n<td class=\"previous\"><a href=\"https:\/\/niramart.com\/revista-magazine\/escher-y-lo-imposible-de-hector-martinez-sanz\/\" rel=\"prev\"><span class=\"icon\">&nbsp;<\/span> ESCHER Y LO IMPOSIBLE de H\u00c9CTOR MART\u00cdNEZ SANZ<\/a><\/td>\n<td class=\"next\"><a href=\"https:\/\/niramart.com\/revista-magazine\/entrevista-con-florin-rogneanu-director-del-museo-de-arte-de-craiova\/\" rel=\"next\"><span class=\"icon\">&nbsp;<\/span> ENTREVISTA CON FLORIN ROGNEANU, DIRECTOR DEL MUSEO DE ARTE DE CRAIOVA<\/a><\/td>\n<\/tr>\n<\/table>\n<\/nav>\n<\/div>\n<\/div>\n","protected":false,"raw":""},"excerpt":{"rendered":"<p>ENTREVISTA CON ONIK SAHAKIAN, GANADOR DEL TROFEO CORNELIU BABA [&hellip;]<\/p>\n","protected":false},"author":0,"featured_media":0,"parent":0,"menu_order":0,"comment_status":"closed","ping_status":"closed","template":"","meta":{"footnotes":""},"class_list":["post-129","page","type-page","status-publish","hentry"],"yoast_head":"<!-- This site is optimized with the Yoast SEO plugin v27.4 - https:\/\/yoast.com\/product\/yoast-seo-wordpress\/ -->\n<title>ENTREVISTA CON ONIK SAHAKIAN, GANADOR DEL TROFEO CORNELIU BABA \u00bb Niram Art Magazine<\/title>\n<meta name=\"robots\" content=\"index, follow, max-snippet:-1, max-image-preview:large, max-video-preview:-1\" \/>\n<link rel=\"canonical\" href=\"https:\/\/niramart.com\/revista-magazine\/entrevista-con-onik-sahakian-ganador-del-trofeo-corneliu-baba\/\" \/>\n<meta property=\"og:type\" content=\"article\" \/>\n<meta property=\"og:title\" content=\"ENTREVISTA CON ONIK SAHAKIAN, GANADOR DEL TROFEO CORNELIU BABA \u00bb Niram Art Magazine\" \/>\n<meta property=\"og:description\" content=\"ENTREVISTA CON ONIK SAHAKIAN, GANADOR DEL TROFEO CORNELIU BABA [&hellip;]\" \/>\n<meta property=\"og:url\" content=\"https:\/\/niramart.com\/revista-magazine\/entrevista-con-onik-sahakian-ganador-del-trofeo-corneliu-baba\/\" \/>\n<meta property=\"og:site_name\" content=\"Niram Art Magazine\" \/>\n<meta name=\"twitter:card\" content=\"summary_large_image\" \/>\n<meta name=\"twitter:label1\" content=\"Est. reading time\" \/>\n\t<meta name=\"twitter:data1\" content=\"4 minutes\" \/>\n<!-- \/ Yoast SEO plugin. -->","yoast_head_json":{"title":"ENTREVISTA CON ONIK SAHAKIAN, GANADOR DEL TROFEO CORNELIU BABA \u00bb Niram Art Magazine","robots":{"index":"index","follow":"follow","max-snippet":"max-snippet:-1","max-image-preview":"max-image-preview:large","max-video-preview":"max-video-preview:-1"},"canonical":"https:\/\/niramart.com\/revista-magazine\/entrevista-con-onik-sahakian-ganador-del-trofeo-corneliu-baba\/","og_type":"article","og_title":"ENTREVISTA CON ONIK SAHAKIAN, GANADOR DEL TROFEO CORNELIU BABA \u00bb Niram Art Magazine","og_description":"ENTREVISTA CON ONIK SAHAKIAN, GANADOR DEL TROFEO CORNELIU BABA [&hellip;]","og_url":"https:\/\/niramart.com\/revista-magazine\/entrevista-con-onik-sahakian-ganador-del-trofeo-corneliu-baba\/","og_site_name":"Niram Art Magazine","twitter_card":"summary_large_image","twitter_misc":{"Est. reading time":"4 minutes"}},"_links":{"self":[{"href":"https:\/\/niramart.com\/revista-magazine\/wp-json\/wp\/v2\/pages\/129","targetHints":{"allow":["GET"]}}],"collection":[{"href":"https:\/\/niramart.com\/revista-magazine\/wp-json\/wp\/v2\/pages"}],"about":[{"href":"https:\/\/niramart.com\/revista-magazine\/wp-json\/wp\/v2\/types\/page"}],"replies":[{"embeddable":true,"href":"https:\/\/niramart.com\/revista-magazine\/wp-json\/wp\/v2\/comments?post=129"}],"version-history":[{"count":0,"href":"https:\/\/niramart.com\/revista-magazine\/wp-json\/wp\/v2\/pages\/129\/revisions"}],"wp:attachment":[{"href":"https:\/\/niramart.com\/revista-magazine\/wp-json\/wp\/v2\/media?parent=129"}],"curies":[{"name":"wp","href":"https:\/\/api.w.org\/{rel}","templated":true}]}}