{"id":128,"date":"2024-04-01T07:40:50","date_gmt":"2024-04-01T07:40:50","guid":{"rendered":"https:\/\/niramart.com\/revista-magazine\/entrevista-con-florin-rogneanu-director-del-museo-de-arte-de-craiova\/"},"modified":"2024-04-01T07:40:50","modified_gmt":"2024-04-01T07:40:50","slug":"entrevista-con-florin-rogneanu-director-del-museo-de-arte-de-craiova","status":"publish","type":"page","link":"https:\/\/niramart.com\/revista-magazine\/entrevista-con-florin-rogneanu-director-del-museo-de-arte-de-craiova\/","title":{"rendered":"ENTREVISTA CON FLORIN ROGNEANU, DIRECTOR DEL MUSEO DE ARTE DE CRAIOVA"},"content":{"rendered":"<div id=\"main-col\">\n<div id=\"content\">\n<article class=\"post-139 post type-post status-publish format-standard hentry category-c39-articulos-espanol category-entrevistas category-c53-no-5-6-2010 tag-corneliu-baba tag-fabianni-belemuski tag-florin-rogneanu tag-muzeul-de-arta-craiova category-18-id category-121-id category-25-id full-content meta-position-left-pullout fix\" id=\"post-139\">\n<header class=\"post-header title-container fix\">\n<div class=\"title\">\n<h1 class=\"posttitle\"><a href=\"https:\/\/niramart.com\/revista-magazine\/entrevista-con-florin-rogneanu-director-del-museo-de-arte-de-craiova\/\" class=\"entry-title\" rel=\"bookmark\" title=\"ENTREVISTA CON FLORIN ROGNEANU, DIRECTOR DEL MUSEO DE ARTE DE CRAIOVA\">ENTREVISTA CON FLORIN ROGNEANU, DIRECTOR DEL MUSEO DE ARTE DE CRAIOVA<\/a><\/h1>\n<\/div>\n<div class=\"date\"><span class=\"month\">Aug<\/span> <span class=\"day\">21<\/span><span class=\"year\">2010<\/span><\/div>\n<\/header>\n<p> <span class=\"post-format-icon\">&nbsp;<\/span><span class=\"updated\" title=\"2010-08-21T18:15:09+00:00\">&nbsp;<\/span><\/p>\n<div class=\"entry-container fix\">\n<div class=\"entry fix\">\n<p style=\"text-align: center;\"><img loading=\"lazy\" decoding=\"async\" class=\"alignnone\" alt=\"\" src=\"https:\/\/niramart.com\/revista-magazine\/files\/2010\/08\/florin_rogneanu.png\" width=\"552\" height=\"402\"\/><\/p>\n<p class=\"bch4dcbow065stdpy\">&nbsp;<\/p>\n<div>\n<div>\n<div>\n<div>\n<p class=\"bch4dcbow065stdpy\">F.B. \u00bfHay herencia art\u00edstica de Baba en Craiova?<\/p>\n<p class=\"bch4dcbow065stdpy\">F.R. A lo largo de su vida, los museos de Ruman\u00eda compraron pocos trabajos del artista, el hecho parece incre\u00edble hoy pero hay que tener en cuenta de que su primer exposici\u00f3n importante fue en el a\u00f1o 1987, que los museos ten\u00edan poco presupuesto para compra y que tampoco pudieron entrar en contacto director con la gran obra de Corneliu Baba. Pero, Craiova tuvo una oportunidad porque fue aqu\u00ed donde naci\u00f3 Corneliu Baba.<\/p>\n<p class=\"bch4dcbow065stdpy\">F.B.\u00bfQu\u00e9 nos puede decir sobre el entorno familiar y los a\u00f1os que Corneliu Baba pas\u00f3 en Craiova?<\/p>\n<\/div>\n<\/div>\n<p class=\"bch4dcbow065stdpy\">F.R. A lo largo de su vida, los museos de Ruman\u00eda compraron pocos trabajos del artista, el hecho parece incre\u00edble hoy pero hay que tener en cuenta de que su primer exposici\u00f3n importante fue en el a\u00f1o 1987, que los museos ten\u00edan poco presupuesto para compra y que tampoco pudieron entrar en contacto director con la gran obra de Corneliu Baba. Pero, Craiova tuvo una oportunidad porque fue aqu\u00ed donde naci\u00f3 Corneliu Baba.<\/p>\n<p class=\"bch4dcbow065stdpy\">F.B.\u00bfQu\u00e9 nos puede decir sobre el entorno familiar y los a\u00f1os que Corneliu Baba pas\u00f3 en Craiova?<\/p>\n<\/div>\n<\/div>\n<p class=\"bch4dcbow065stdpy\">F.R. Su padre hab\u00eda llegado a Craiova alrededor del 1890 y trabaj\u00f3 primero en un taller fotogr\u00e1fico, haciendo intervenciones en acuarela. Su padre hab\u00eda estudiado en la Academia de Arte de Viena y luego estudi\u00f3 pintura religiosa en Ruman\u00eda y era reconocido en la zona de Oltenia como un pintor de iglesias. En 1905, un a\u00f1o antes del nacimiento de Corneliu, Gheorghe Baba ha participado en una exposici\u00f3n colectiva de los artistas de Craiova y por eso en la Colecci\u00f3n del Museo de Arte de Craiova se guardan dos obras de Gheorghe Baba, uno representado un paisaje del Gran Parque de Craiova, Nicolae Romanescu, que se inaugur\u00f3 en 1903, siendo el mayor parque de Europa. Corneliu Baba estudi\u00f3 el bachillerato en Craiova, en el Colegio Carol I, colegio que hab\u00eda sido inaugurado en el 1826 y en el cual han estudiado grandes personalidades de la pintura rumana como: Teodor Aman, el primer gran pintor cl\u00e1sico rumano, Eustatiu Stoenescu, Jean Nitescu y m\u00e1s tarde Ion Tuculescu. Las clases de dibujo eran impartidas por un talentoso profesor y pintor Eugen Ciolac.<\/p>\n<p class=\"MsoNormal\" style=\"text-align: justify;\">F.B. Se habla mucho del acercamiento entre la obra de Goya y de Corneliu Baba, como representantes del Expresionismo\u2026<\/p>\n<p class=\"MsoNormal\" style=\"text-align: justify;\">F.R. En primer lugar quisiera hacer una separaci\u00f3n clara entre el termino de pintor, escultor y el de artista. El artista es una personalidad con una grande visi\u00f3n que nace de un ejercicio existencial. El artista, a diferencia del pintor o del escultor, se plantea las preguntas existenciales. Por eso, este acercamiento a Goya lo encontramos en este modo de ver la vida. Haber vivido en per\u00edodos de grandes transformaciones y cambios es algo que acerca a los dos artistas. No hay que olvidar que Corneliu Baba hab\u00eda acabado los estudios de la Facultad de Filosof\u00eda antes de iniciar los de Pintura, \u00e9l posee un lenguaje elevado al escribir: \u201cnosotros ni siquiera nos damos cuenta de que de hecho estamos luchando contra dios. Este es nuestro oficio, justamente por eso es divino.\u201d Este es de hecho el gran problema de los creadores que est\u00e1n conscientes de los l\u00edmites de la existencia. El artista siendo \u00e9l mismo un creador, se halla en lucha con los l\u00edmites impuestos por la divinidad y los l\u00edmites del conocimiento. Por eso dec\u00eda que Corneliu Baba es una conciencia art\u00edstica, en el mismo modo que Goya tambi\u00e9n lo es por su manera de reaccionar ante la ocupaci\u00f3n francesa.<\/p>\n<p class=\"MsoNormal\" style=\"text-align: justify;\">La manera de ejecuci\u00f3n de los cuadros de Corneliu Baba hasta alrededor del 1980 no tiene aquella fuerza espec\u00edfica al Expresionismo europeo, en esencia el Expresionismo europeo ha sido un retorno a los mitos esenciales y esto no ha acontecido con la obra de Corneliu Baba sino que con la obra de Ion Tuculescu. Al mismo tiempo, los expresionistas europeos han querido ser artistas totales, tanto en escultura, pintura etc pero Corneliu Baba se ha dedicado s\u00f3lo a la pintura.<\/p>\n<p class=\"MsoNormal\" style=\"text-align: justify;\">F.B. Corneliu Baba es reconocido como el mejor retratista de Ruman\u00eda. \u00bfEs verdad que su obra es fundamentalmente compuesta de retratos?<\/p>\n<p class=\"MsoNormal\" style=\"text-align: justify;\"><img loading=\"lazy\" decoding=\"async\" style=\"vertical-align: middle; border: 4px solid black; margin: 4px;\" alt=\"Florin rogneanu\" src=\"https:\/\/niramart.com\/revista-magazine\/files\/2010\/08\/florin_rogneanu2.jpg\" width=\"394\" height=\"518\" border=\"0\"\/><\/p>\n<p class=\"bch4dcbow065stdpy\">&nbsp;<\/p>\n<p class=\"bch4dcbow065stdpy\">F.R. El retrato parece predominante en la obra de Corneliu Baba pero hay otros ciclos como por ejemplo los ciclos de los Arlequines o de los Locos. En la \u00fanica exposici\u00f3n retrospectiva que ha tenido lugar en el Museo Nacional de Bellas Artes de Bucarest, en 1997, hab\u00eda salas enteras dedicadas a las pinturas sobre arlequines y reyes locos. Estas composiciones sobrepasan la tem\u00e1tica del retrato y son de hecho obras existenciales. Dec\u00eda Corneliu Baba en sus notas: \u201cel rey loco est\u00e1 dedicado como homenaje a los millones de personas inocentes, v\u00edctimas de los dictadores y tiranos.\u201d Ya no se trata de un retrato de una persona sino que de toda una categor\u00eda socio-humana y por eso yo los considero como composiciones y no como retratos. Corneliu Baba representa un ejemplo de conciencia art\u00edstica, un artista que dedic\u00f3 parte de su actividad a la joven generaci\u00f3n, como profesor de la Academia de Arte de Iasi y luego de Bucarest y que promovi\u00f3 una generaci\u00f3n de artistas que hace 30 o 40 a\u00f1os eran apodados Babistas, a partir de su nombre.<\/p>\n<p class=\"bch4dcbow065stdpy\">El pintor Corneliu Baba naci\u00f3 en Craiova, el 18 de noviembre del 1906 y el Museo de su ciudad natal guarda varias obras suyas, que ser\u00e1n presentadas al p\u00fablico de Espacio Niram, Madrid.<\/p>\n<p class=\"bch4dcbow065stdpy\">No es una simple coincidencia que Madrid albergue este evento bicultural. Aunque hubiera podido ser considerado fuera de la moda para un pintor del siglo XX, Corneliu Baba pintaba seg\u00fan la tradici\u00f3n de los Grandes Maestros y muchos de sus retratos recuerdan de las obras de los maestros espa\u00f1oles, especialmente las de Francisco Goya.<\/p>\n<p class=\"bch4dcbow065stdpy\">&nbsp;<\/p>\n<\/div>\n<div class=\"meta-pullout meta-left-pullout\">\n<ul>\n<li class=\"fix\"><span class=\"category\"><span class=\"icon\">&nbsp;<\/span> <a href=\"https:\/\/niramart.com\/revista-magazine\/category\/s5-articulos\/c39-articulos-espanol\/\" rel=\"category tag\">Articulos espa\u00f1ol<\/a>, <a href=\"https:\/\/niramart.com\/revista-magazine\/category\/entrevistas\/\" rel=\"category tag\">Entrevistas<\/a>, <a href=\"https:\/\/niramart.com\/revista-magazine\/category\/s5-articulos\/c53-no-5-6-2010\/\" rel=\"category tag\">N\u00ba 5 &#8211; 6, 2010<\/a><\/span><\/li>\n<li class=\"fix\"><span class=\"tags tax\"><span class=\"icon\">&nbsp;<\/span>Tagged with: <a href=\"https:\/\/niramart.com\/revista-magazine\/tag\/corneliu-baba\/\" rel=\"tag\">corneliu baba<\/a>, <a href=\"https:\/\/niramart.com\/revista-magazine\/tag\/fabianni-belemuski\/\" rel=\"tag\">fabianni belemuski<\/a>, <a href=\"https:\/\/niramart.com\/revista-magazine\/tag\/florin-rogneanu\/\" rel=\"tag\">florin rogneanu<\/a>, <a href=\"https:\/\/niramart.com\/revista-magazine\/tag\/muzeul-de-arta-craiova\/\" rel=\"tag\">muzeul de arta craiova<\/a><\/span><\/li>\n<\/ul>\n<\/div>\n<\/div>\n<footer class=\"post-footer postdata fix\"> <\/footer>\n<section id=\"comments\"> <\/section>\n<\/article>\n<nav class=\"post-nav fix\">\n<table>\n<tr>\n<td class=\"previous\"><a href=\"https:\/\/niramart.com\/revista-magazine\/entrevista-con-onik-sahakian-ganador-del-trofeo-corneliu-baba\/\" rel=\"prev\"><span class=\"icon\">&nbsp;<\/span> ENTREVISTA CON ONIK SAHAKIAN, GANADOR DEL TROFEO  CORNELIU BABA<\/a><\/td>\n<td class=\"next\"><a href=\"https:\/\/niramart.com\/revista-magazine\/peixoto-poeta-de-hector-martinez-sanz\/\" rel=\"next\"><span class=\"icon\">&nbsp;<\/span> PEIXOTO, POETA de H\u00c9CTOR MART\u00cdNEZ SANZ<\/a><\/td>\n<\/tr>\n<\/table>\n<\/nav>\n<\/div>\n<\/div>\n","protected":false,"raw":""},"excerpt":{"rendered":"<p>ENTREVISTA CON FLORIN ROGNEANU, DIRECTOR DEL MUSEO DE ARTE [&hellip;]<\/p>\n","protected":false},"author":0,"featured_media":0,"parent":0,"menu_order":0,"comment_status":"closed","ping_status":"closed","template":"","meta":{"footnotes":""},"class_list":["post-128","page","type-page","status-publish","hentry"],"yoast_head":"<!-- This site is optimized with the Yoast SEO plugin v27.4 - https:\/\/yoast.com\/product\/yoast-seo-wordpress\/ -->\n<title>ENTREVISTA CON FLORIN ROGNEANU, DIRECTOR DEL MUSEO DE ARTE DE CRAIOVA \u00bb Niram Art Magazine<\/title>\n<meta name=\"robots\" content=\"index, follow, max-snippet:-1, max-image-preview:large, max-video-preview:-1\" \/>\n<link rel=\"canonical\" href=\"https:\/\/niramart.com\/revista-magazine\/entrevista-con-florin-rogneanu-director-del-museo-de-arte-de-craiova\/\" \/>\n<meta property=\"og:type\" content=\"article\" \/>\n<meta property=\"og:title\" content=\"ENTREVISTA CON FLORIN ROGNEANU, DIRECTOR DEL MUSEO DE ARTE DE CRAIOVA \u00bb Niram Art Magazine\" \/>\n<meta property=\"og:description\" content=\"ENTREVISTA CON FLORIN ROGNEANU, DIRECTOR DEL MUSEO DE ARTE [&hellip;]\" \/>\n<meta property=\"og:url\" content=\"https:\/\/niramart.com\/revista-magazine\/entrevista-con-florin-rogneanu-director-del-museo-de-arte-de-craiova\/\" \/>\n<meta property=\"og:site_name\" content=\"Niram Art Magazine\" \/>\n<meta name=\"twitter:card\" content=\"summary_large_image\" \/>\n<meta name=\"twitter:label1\" content=\"Est. reading time\" \/>\n\t<meta name=\"twitter:data1\" content=\"5 minutes\" \/>\n<!-- \/ Yoast SEO plugin. -->","yoast_head_json":{"title":"ENTREVISTA CON FLORIN ROGNEANU, DIRECTOR DEL MUSEO DE ARTE DE CRAIOVA \u00bb Niram Art Magazine","robots":{"index":"index","follow":"follow","max-snippet":"max-snippet:-1","max-image-preview":"max-image-preview:large","max-video-preview":"max-video-preview:-1"},"canonical":"https:\/\/niramart.com\/revista-magazine\/entrevista-con-florin-rogneanu-director-del-museo-de-arte-de-craiova\/","og_type":"article","og_title":"ENTREVISTA CON FLORIN ROGNEANU, DIRECTOR DEL MUSEO DE ARTE DE CRAIOVA \u00bb Niram Art Magazine","og_description":"ENTREVISTA CON FLORIN ROGNEANU, DIRECTOR DEL MUSEO DE ARTE [&hellip;]","og_url":"https:\/\/niramart.com\/revista-magazine\/entrevista-con-florin-rogneanu-director-del-museo-de-arte-de-craiova\/","og_site_name":"Niram Art Magazine","twitter_card":"summary_large_image","twitter_misc":{"Est. reading time":"5 minutes"}},"_links":{"self":[{"href":"https:\/\/niramart.com\/revista-magazine\/wp-json\/wp\/v2\/pages\/128","targetHints":{"allow":["GET"]}}],"collection":[{"href":"https:\/\/niramart.com\/revista-magazine\/wp-json\/wp\/v2\/pages"}],"about":[{"href":"https:\/\/niramart.com\/revista-magazine\/wp-json\/wp\/v2\/types\/page"}],"replies":[{"embeddable":true,"href":"https:\/\/niramart.com\/revista-magazine\/wp-json\/wp\/v2\/comments?post=128"}],"version-history":[{"count":0,"href":"https:\/\/niramart.com\/revista-magazine\/wp-json\/wp\/v2\/pages\/128\/revisions"}],"wp:attachment":[{"href":"https:\/\/niramart.com\/revista-magazine\/wp-json\/wp\/v2\/media?parent=128"}],"curies":[{"name":"wp","href":"https:\/\/api.w.org\/{rel}","templated":true}]}}