{"id":126,"date":"2024-04-01T07:40:50","date_gmt":"2024-04-01T07:40:50","guid":{"rendered":"https:\/\/niramart.com\/revista-magazine\/entrevista-a-diego-vadillo-lopez-autor-de-de-compras-en-tzara\/"},"modified":"2024-04-01T07:40:50","modified_gmt":"2024-04-01T07:40:50","slug":"entrevista-a-diego-vadillo-lopez-autor-de-de-compras-en-tzara","status":"publish","type":"page","link":"https:\/\/niramart.com\/revista-magazine\/entrevista-a-diego-vadillo-lopez-autor-de-de-compras-en-tzara\/","title":{"rendered":"Entrevista a Diego Vadillo L\u00f3pez, autor de \u201cDe compras en Tzara\u201d"},"content":{"rendered":"<div id=\"main-col\">\n<div id=\"content\">\n<article class=\"post-225 post type-post status-publish format-standard has-post-thumbnail hentry category-c39-articulos-espanol category-entrevistas category-c56-no-1-2-2012 tag-tristan-tzara category-18-id category-121-id category-28-id full-content meta-position-left-pullout fix\" id=\"post-225\">\n<header class=\"post-header title-container fix\">\n<div class=\"title\">\n<h1 class=\"posttitle\"><a href=\"https:\/\/niramart.com\/revista-magazine\/entrevista-a-diego-vadillo-lopez-autor-de-de-compras-en-tzara\/\" class=\"entry-title\" rel=\"bookmark\" title=\"Entrevista a Diego Vadillo L\u00f3pez, autor de \u201cDe compras en Tzara\u201d\">Entrevista a Diego Vadillo L\u00f3pez, autor de \u201cDe compras en Tzara\u201d<\/a><\/h1>\n<\/div>\n<div class=\"date\"><span class=\"month\">Jan<\/span> <span class=\"day\">06<\/span><span class=\"year\">2012<\/span><\/div>\n<\/header>\n<p> <span class=\"post-format-icon\">&nbsp;<\/span><span class=\"updated\" title=\"2012-01-06T20:18:17+00:00\">&nbsp;<\/span><\/p>\n<div class=\"entry-container fix\">\n<div class=\"entry fix\">\n<div class=\"left-thumbnail\"><img loading=\"lazy\" decoding=\"async\" width=\"150\" height=\"150\" src=\"https:\/\/niramart.com\/revista-magazine\/files\/wp-content\/uploads\/2012\/01\/diego-vadillo-150x150.jpg\" class=\"attachment-thumbnail wp-post-image\" alt=\"Diego Vadillo L\u00f3pez\"\/><\/div>\n<h2><\/h2>\n<div>\n<div>\n<p class=\"bch4dcbow065stdpy\"><strong>Realizada por Abril L. Echevarr\u00eda<\/strong><\/p>\n<p class=\"bch4dcbow065stdpy\"><strong>Diego Vadillo L\u00f3pez<\/strong> es un tipo sonriente y locuaz; presenta un dejo de timidez m\u00e1s manifiesto en las distancias cortas, no obstante, a medida que va avanzando la conversaci\u00f3n se va soltando. Al transcribir sus respuestas, parecen \u00e9stas sacadas de un texto ya impreso, lo que denota una cabeza bien estructurada. Nos reunimos en un bar del centro de Madrid, en una tarde invernal, entre semana, por lo que hay poco trasiego, de este modo estamos m\u00e1s tranquilos en el rinc\u00f3n en que nos hemos ubicado. Pedimos dos caf\u00e9s, el suyo caliente con leche, el m\u00edo solo y con hielo en vaso aparte. Servidos, nos disponemos a comenzar la entrevista. Conecto la grabadora y pregunto:<br class=\"bch4dcbow065stdpy\"\/> <em><br class=\"bch4dcbow065stdpy\"\/> Abril L. Echevarr\u00eda- \u00bfContento con el Premio Niram Art 2011 al Manuscrito?<\/em><\/p>\n<p class=\"bch4dcbow065stdpy\">&nbsp;<\/p>\n<\/div>\n<\/div>\n<p class=\"bch4dcbow065stdpy\">Diego Vadillo- Por supuesto. No es que crea demasiado en los premios, pero entiendo que la que sale beneficiada fundamentalmente es la obra. Y no la obra concreta, sino la trayectoria del autor, pues siempre suele servir para que se empiece a prestar atenci\u00f3n a la misma en cuanto a totalidad una vez reconocida la parte.<\/p>\n<p class=\"bch4dcbow065stdpy\"><em>ALE- La verdad es que en tu caso ocurre eso, dado que a d\u00eda de hoy ya tienes media docena de libros editados en tu haber.<\/em><\/p>\n<p class=\"bch4dcbow065stdpy\">DV- S\u00ed, de hecho, la \u00faltima novela \u201cDe compras en Tzara\u201d a\u00fan in\u00e9dita, entra en conexi\u00f3n con mis dos anteriores novelas que, si no me equivoco, t\u00fa conoces&#8230;<br class=\"bch4dcbow065stdpy\"\/> <em><br class=\"bch4dcbow065stdpy\"\/> ALE- Yo le\u00ed s\u00f3lo una, \u201cUtop\u00eda y Astigmatismo\u201d, la otra&#8230; \u00bfc\u00f3mo se llamaba?<\/em><\/p>\n<p class=\"bch4dcbow065stdpy\">DV- \u201cVoz arrojada al vac\u00edo\u201d.<br class=\"bch4dcbow065stdpy\"\/> <em><br class=\"bch4dcbow065stdpy\"\/> ALE- Ah, s\u00ed&#8230; esa no la llegu\u00e9 a leer.<\/em><\/p>\n<p class=\"bch4dcbow065stdpy\">DV- \u201cVoz&#8230;\u201d al ser la primera, escrita all\u00e1 por 2005, es la que m\u00e1s carencias tiene, aunque quedasen compensadas tales fallos con la gran espontaneidad que desprende, no obstante para m\u00ed supuso mucho, romp\u00ed con ella el caparaz\u00f3n literario m\u00e1s all\u00e1 del cuento o el relato corto.<br class=\"bch4dcbow065stdpy\"\/> <em><br class=\"bch4dcbow065stdpy\"\/> ALE- Me tienes que facilitar un ejemplar de aquella primera novela. Pero, aparte, no te has circunscrito s\u00f3lo a la novela. Tambi\u00e9n has publicado un libro de poes\u00eda, aunque me consta que tienes m\u00e1s en los cajones, y \u00faltimamente bastante ensayo. Cu\u00e9ntame algo, por ejemplo, de \u201cLa Bolsa o la Lira\u201d, libro de reciente aparici\u00f3n y al que yo misma he tenido acceso como lectora.<\/em><\/p>\n<p class=\"bch4dcbow065stdpy\">DV- \u201cLa Bolsa o la Lira\u201d es un libro que escrib\u00ed all\u00e1 por el verano de 2010 y que est\u00e1 muy de actualidad, dado el marasmo econ\u00f3mico en el que nos hallamos. En \u00e9l se aborda lo econ\u00f3mico, hoy acaparado por el capitalismo, desde un punto de vista l\u00e9xico, sem\u00e1ntico&#8230; bueno, entre lo filol\u00f3gico y lo politol\u00f3gico. Se muestra la ausencia de discurso en el seno del propio discurso&#8230; el esgrimido por los pol\u00edticos, los empresarios, los economistas y los opinadores en general.<\/p>\n<p class=\"bch4dcbow065stdpy\">Contra ese discurso falaz se reivindica el de la l\u00edrica, el sublime, el eminente, no el sustentador de lo ap\u00f3crifo.<\/p>\n<p class=\"bch4dcbow065stdpy\"><em>ALE- Bien, \u00bfy qu\u00e9 nos vamos a encontrar en \u201cDe compras en Tzara\u201d?<\/em><\/p>\n<p class=\"bch4dcbow065stdpy\">DV- Pues un recorrido fant\u00e1stico por la prosa m\u00e1s dislocada y la realidad m\u00e1s desapacible, y todo afrontado de manera ins\u00f3lita.<br class=\"bch4dcbow065stdpy\"\/> <em><br class=\"bch4dcbow065stdpy\"\/> ALE- Suena bien pero extra\u00f1o&#8230;<\/em><\/p>\n<p class=\"bch4dcbow065stdpy\">DV- Es verdad, bueno, decir que quien se sumerja en \u201cDe compras en Tzara\u201d lo va a pasar muy bien, porque en la novela hay mucho humor, humor absurdo, dada\u00edsta, surreal&#8230; y es accesible a todos los p\u00fablicos.<br class=\"bch4dcbow065stdpy\"\/> <em><br class=\"bch4dcbow065stdpy\"\/> ALE- Ya, pero h\u00e1blanos un poco del argumento.<\/em><\/p>\n<p class=\"bch4dcbow065stdpy\">&nbsp;<\/p>\n<p class=\"bch4dcbow065stdpy\">DV- Bueno, ya lo dej\u00e9 dicho, la novela trata de un poeta madrile\u00f1o al que una noche, estando en su habitaci\u00f3n, se le materializa el esp\u00edritu de Tristan Tzara en el balc\u00f3n, a partir de entonces su vida da un vuelco y le empiezan a suceder las m\u00e1s impensadas historias&#8230;<br class=\"bch4dcbow065stdpy\"\/> <em><br class=\"bch4dcbow065stdpy\"\/> ALE- Suena bien&#8230; \u00bfy para cu\u00e1ndo va a ser el lanzamiento del libro?<\/em><\/p>\n<p class=\"bch4dcbow065stdpy\">DV- No lo s\u00e9, te puedo adelantar que, si no surge ning\u00fan contratiempo, ser\u00e1 a lo largo del a\u00f1o que empieza, pero todo depender\u00e1 de los plazos que se marque la editorial.<br class=\"bch4dcbow065stdpy\"\/> <em><br class=\"bch4dcbow065stdpy\"\/> ALE- Muy bien, esperaremos entonces. \u00bfY est\u00e1s escribiendo algo en estos momentos?<\/em><\/p>\n<p class=\"bch4dcbow065stdpy\">DV- Siempre, ahora ando con un par de proyectos entre manos, pero lamentablemente no te puedo adelantar nada&#8230; quiz\u00e1 m\u00e1s adelante&#8230;<\/p>\n<p class=\"bch4dcbow065stdpy\"><em>ALE- Bueno, nos resignaremos. En cualquier caso espero poder adquirir pronto un ejemplar de \u201cDe compras en Tzara\u201d, novela de la que tengo muy buenas referencias.<\/em><\/p>\n<p class=\"bch4dcbow065stdpy\">DV- Yo tambi\u00e9n espero que aparezca pronto y, por otro lado, que tus expectativas no queden defraudadas.<br class=\"bch4dcbow065stdpy\"\/> <em><br class=\"bch4dcbow065stdpy\"\/> ALE- Seguro que no.<\/em><\/p>\n<p class=\"bch4dcbow065stdpy\">Y tras tan breve pero encantador encuentro nos despedimos hacia otros menesteres que nos requieren, cada uno a los suyos. Nuestros caminos se bifurcan sobre el gris asfalto de Madrid. Seguro que a no mucho tardar nos encontraremos en persona o en la letra impresa.<\/p>\n<p class=\"bch4dcbow065stdpy\">&nbsp;<\/p>\n<hr\/>\n<p class=\"bch4dcbow065stdpy\"><strong>\u201cDe compras en Tzara\u201d &#8211; novela cuyo manuscrito ha recibido el Premio Niram Art y que ver\u00e1 la luz en 2012, publicada por la <a title=\"Niram Art Editorial\" href=\"http:\/\/niramarteditorial.espacioniram.com\/\" target=\"_blank\" rel=\"noopener\">Editorial Niram Art<\/a><\/strong><\/p>\n<p class=\"bch4dcbow065stdpy\">&nbsp;<\/p>\n<\/div>\n<div class=\"meta-pullout meta-left-pullout\">\n<ul>\n<li class=\"fix\"><span class=\"category\"><span class=\"icon\">&nbsp;<\/span> <a href=\"https:\/\/niramart.com\/revista-magazine\/category\/s5-articulos\/c39-articulos-espanol\/\" rel=\"category tag\">Articulos espa\u00f1ol<\/a>, <a href=\"https:\/\/niramart.com\/revista-magazine\/category\/entrevistas\/\" rel=\"category tag\">Entrevistas<\/a>, <a href=\"https:\/\/niramart.com\/revista-magazine\/category\/s5-articulos\/c56-no-1-2-2012\/\" rel=\"category tag\">N\u00ba 1 &#8211; 2, 2012<\/a><\/span><\/li>\n<li class=\"fix\"><span class=\"tags tax\"><span class=\"icon\">&nbsp;<\/span>Tagged with: <a href=\"https:\/\/niramart.com\/revista-magazine\/tag\/tristan-tzara\/\" rel=\"tag\">tristan tzara<\/a><\/span><\/li>\n<\/ul>\n<\/div>\n<\/div>\n<footer class=\"post-footer postdata fix\"> <\/footer>\n<section id=\"comments\"> <\/section>\n<\/article>\n<nav class=\"post-nav fix\">\n<table>\n<tr>\n<td class=\"previous\"><a href=\"https:\/\/niramart.com\/revista-magazine\/premios-niram-art-entrevista-con-michel-houellebecq\/\" rel=\"prev\"><span class=\"icon\">&nbsp;<\/span> Premios Niram Art: Entrevista con  Michel Houellebecq<\/a><\/td>\n<td class=\"next\"><a href=\"https:\/\/niramart.com\/revista-magazine\/amor-ciego\/\" rel=\"next\"><span class=\"icon\">&nbsp;<\/span> Amor Ciego<\/a><\/td>\n<\/tr>\n<\/table>\n<\/nav>\n<\/div>\n<\/div>\n","protected":false,"raw":""},"excerpt":{"rendered":"<p>Entrevista a Diego Vadillo L\u00f3pez, autor de \u201cDe compras [&hellip;]<\/p>\n","protected":false},"author":0,"featured_media":0,"parent":0,"menu_order":0,"comment_status":"closed","ping_status":"closed","template":"","meta":{"footnotes":""},"class_list":["post-126","page","type-page","status-publish","hentry"],"yoast_head":"<!-- This site is optimized with the Yoast SEO plugin v27.4 - https:\/\/yoast.com\/product\/yoast-seo-wordpress\/ -->\n<title>Entrevista a Diego Vadillo L\u00f3pez, autor de \u201cDe compras en Tzara\u201d \u00bb Niram Art Magazine<\/title>\n<meta name=\"robots\" content=\"index, follow, max-snippet:-1, max-image-preview:large, max-video-preview:-1\" \/>\n<link rel=\"canonical\" href=\"https:\/\/niramart.com\/revista-magazine\/entrevista-a-diego-vadillo-lopez-autor-de-de-compras-en-tzara\/\" \/>\n<meta property=\"og:type\" content=\"article\" \/>\n<meta property=\"og:title\" content=\"Entrevista a Diego Vadillo L\u00f3pez, autor de \u201cDe compras en Tzara\u201d \u00bb Niram Art Magazine\" \/>\n<meta property=\"og:description\" content=\"Entrevista a Diego Vadillo L\u00f3pez, autor de \u201cDe compras [&hellip;]\" \/>\n<meta property=\"og:url\" content=\"https:\/\/niramart.com\/revista-magazine\/entrevista-a-diego-vadillo-lopez-autor-de-de-compras-en-tzara\/\" \/>\n<meta property=\"og:site_name\" content=\"Niram Art Magazine\" \/>\n<meta name=\"twitter:card\" content=\"summary_large_image\" \/>\n<meta name=\"twitter:label1\" content=\"Est. reading time\" \/>\n\t<meta name=\"twitter:data1\" content=\"5 minutes\" \/>\n<!-- \/ Yoast SEO plugin. -->","yoast_head_json":{"title":"Entrevista a Diego Vadillo L\u00f3pez, autor de \u201cDe compras en Tzara\u201d \u00bb Niram Art Magazine","robots":{"index":"index","follow":"follow","max-snippet":"max-snippet:-1","max-image-preview":"max-image-preview:large","max-video-preview":"max-video-preview:-1"},"canonical":"https:\/\/niramart.com\/revista-magazine\/entrevista-a-diego-vadillo-lopez-autor-de-de-compras-en-tzara\/","og_type":"article","og_title":"Entrevista a Diego Vadillo L\u00f3pez, autor de \u201cDe compras en Tzara\u201d \u00bb Niram Art Magazine","og_description":"Entrevista a Diego Vadillo L\u00f3pez, autor de \u201cDe compras [&hellip;]","og_url":"https:\/\/niramart.com\/revista-magazine\/entrevista-a-diego-vadillo-lopez-autor-de-de-compras-en-tzara\/","og_site_name":"Niram Art Magazine","twitter_card":"summary_large_image","twitter_misc":{"Est. reading time":"5 minutes"}},"_links":{"self":[{"href":"https:\/\/niramart.com\/revista-magazine\/wp-json\/wp\/v2\/pages\/126","targetHints":{"allow":["GET"]}}],"collection":[{"href":"https:\/\/niramart.com\/revista-magazine\/wp-json\/wp\/v2\/pages"}],"about":[{"href":"https:\/\/niramart.com\/revista-magazine\/wp-json\/wp\/v2\/types\/page"}],"replies":[{"embeddable":true,"href":"https:\/\/niramart.com\/revista-magazine\/wp-json\/wp\/v2\/comments?post=126"}],"version-history":[{"count":0,"href":"https:\/\/niramart.com\/revista-magazine\/wp-json\/wp\/v2\/pages\/126\/revisions"}],"wp:attachment":[{"href":"https:\/\/niramart.com\/revista-magazine\/wp-json\/wp\/v2\/media?parent=126"}],"curies":[{"name":"wp","href":"https:\/\/api.w.org\/{rel}","templated":true}]}}