{"id":125,"date":"2024-04-01T07:40:50","date_gmt":"2024-04-01T07:40:50","guid":{"rendered":"https:\/\/niramart.com\/revista-magazine\/entre-tiempo-flores-y-floristas\/"},"modified":"2024-04-01T07:40:50","modified_gmt":"2024-04-01T07:40:50","slug":"entre-tiempo-flores-y-floristas","status":"publish","type":"page","link":"https:\/\/niramart.com\/revista-magazine\/entre-tiempo-flores-y-floristas\/","title":{"rendered":"Entre Tiempo, Flores y Floristas"},"content":{"rendered":"<div id=\"main-col\">\n<div id=\"content\">\n<article class=\"post-212 post type-post status-publish format-standard hentry category-c39-articulos-espanol category-c55-no-5-6-2011 category-18-id category-27-id full-content meta-position-left-pullout fix\" id=\"post-212\">\n<header class=\"post-header title-container fix\">\n<div class=\"title\">\n<h1 class=\"posttitle\"><a href=\"https:\/\/niramart.com\/revista-magazine\/entre-tiempo-flores-y-floristas\/\" class=\"entry-title\" rel=\"bookmark\" title=\"Entre Tiempo, Flores y Floristas\">Entre Tiempo, Flores y Floristas<\/a><\/h1>\n<\/div>\n<div class=\"date\"><span class=\"month\">Sep<\/span> <span class=\"day\">08<\/span><span class=\"year\">2011<\/span><\/div>\n<\/header>\n<p> <span class=\"post-format-icon\">&nbsp;<\/span><span class=\"updated\" title=\"2011-09-08T13:04:30+00:00\">&nbsp;<\/span><\/p>\n<div class=\"entry-container fix\">\n<div class=\"entry fix\">\n<p class=\"bch4dcbow065stdpy\">&nbsp;<\/p>\n<div>\n<div>\n<p class=\"bch4dcbow065stdpy\"><strong>Exposici\u00f3n comisariada por Pavel Susara, en el MTR de Bucarest<\/strong><\/p>\n<p class=\"bch4dcbow065stdpy\">Se trata de una exposici\u00f3n de pintura, fotograf\u00eda y foto reportaje de los artistas <strong>Mirela Traistaru, Justinian Scarlatescu y Lucian Muntean. <\/strong><\/p>\n<p class=\"bch4dcbow065stdpy\">El invitado especial, para la apertura de la inauguraci\u00f3n, ha sido el acad\u00e9mico<strong> Constantin Balaceanu Stolnici.<\/strong><\/p>\n<p class=\"bch4dcbow065stdpy\">Este proyecto tiene como objetivo hacer un paralelo entre pasado y presente, entre el Bucarest interb\u00e9lico y contempor\u00e1neo, entre las floristas de anta\u00f1o y las de ahora, entre la atm\u00f3sfera de mercado de las flores de la vieja capital Bucarest y lo que est\u00e1 sucediendo ahora.<\/p>\n<p class=\"bch4dcbow065stdpy\">&nbsp;<\/p>\n<\/div>\n<\/div>\n<p class=\"bch4dcbow065stdpy\">Las floristas practicaban este oficio de generaci\u00f3n en generaci\u00f3n. La exposici\u00f3n ofrece un recorrido &#8220;entre tiempo&#8221;, a trav\u00e9s de im\u00e1genes de archivo ,de la d\u00e9cada de 1920 hasta la actualidad.<\/p>\n<p class=\"bch4dcbow065stdpy\">&nbsp;<\/p>\n<p class=\"MsoNormal\">Los artistas <strong>Mirela Traistaru, Lucian Muntean y Justinian Scarlatescu<\/strong> presentan este mundo fascinante mediantela pintura, la fotograf\u00eda y el reportaje. El Foto-reportaje, multimedia, describe el comercio con flores que se hac\u00eda desde los Pa\u00edses Bajos hasta Rumania, pasando por los mayoristas para finalmente ser vendidas por las floristas en el mercado de flores de Bucarest.<\/p>\n<p class=\"MsoNormal\" style=\"text-align: center;\">\n<p class=\"MsoNormal\" style=\"text-align: center;\">Lucian Muntean, fot\u00f3grafo<\/p>\n<p class=\"MsoNormal\" style=\"text-align: center;\">\n<p class=\"MsoNormal\" style=\"text-align: center;\">\n<p class=\"MsoNormal\" style=\"text-align: center;\">\n<p class=\"MsoNormal\" style=\"text-align: center;\">\n<p class=\"MsoNormal\" style=\"text-align: center;\">\n<p class=\"MsoNormal\" style=\"text-align: center;\">\n<p class=\"MsoNormal\" style=\"text-align: center;\">\n<p class=\"MsoNormal\" style=\"text-align: center;\">\n<p class=\"MsoNormal\" style=\"text-align: center;\">\n<p class=\"MsoNormal\">\n<hr\/>\n<p class=\"bch4dcbow065stdpy\">&nbsp;<\/p>\n<p class=\"MsoNormal\"><strong>Colaboraciones: ARTTASTE, Compania 7,  MTR,  Modernism<\/strong><\/p>\n<p class=\"MsoNormal\"><strong>photo slide \u2013 show: <a href=\"http:\/\/www.youtube.com\/user\/modernismpunctro#p\/u\/0\/lgVpZgvLPLY\" target=\"_blank\" rel=\"noopener\">http:\/\/www.youtube.com\/user\/modernismpunctro#p\/u\/0\/lgVpZgvLPLY<\/a><\/strong><\/p>\n<\/div>\n<div class=\"meta-pullout meta-left-pullout\">\n<ul>\n<li class=\"fix\"><span class=\"category\"><span class=\"icon\">&nbsp;<\/span> <a href=\"https:\/\/niramart.com\/revista-magazine\/category\/s5-articulos\/c39-articulos-espanol\/\" rel=\"category tag\">Articulos espa\u00f1ol<\/a>, <a href=\"https:\/\/niramart.com\/revista-magazine\/category\/s5-articulos\/c55-no-5-6-2011\/\" rel=\"category tag\">N\u00ba 5- 6, 2011<\/a><\/span><\/li>\n<\/ul>\n<\/div>\n<\/div>\n<footer class=\"post-footer postdata fix\"><\/footer>\n<section id=\"comments\"><\/section>\n<\/article>\n<nav class=\"post-nav fix\">\n<table>\n<tr>\n<td class=\"previous\"><a href=\"https:\/\/niramart.com\/revista-magazine\/diego-vadillo-lopez-en-el-lanzamiento-de-lirismos-de-lo-horizontal\/\" rel=\"prev\"><span class=\"icon\">&nbsp;<\/span> Diego Vadillo L\u00f3pez en el lanzamiento de Lirismos de lo horizontal<\/a><\/td>\n<td class=\"next\"><a href=\"https:\/\/niramart.com\/revista-magazine\/apuntes-sobre-la-bolsa-o-la-lira\/\" rel=\"next\"><span class=\"icon\">&nbsp;<\/span> Apuntes sobre La Bolsa o la Lira<\/a><\/td>\n<\/tr>\n<\/table>\n<\/nav>\n<\/div>\n<\/div>\n","protected":false,"raw":""},"excerpt":{"rendered":"<p>Entre Tiempo, Flores y Floristas Sep 082011 &nbsp;&nbsp; &nbsp; [&hellip;]<\/p>\n","protected":false},"author":0,"featured_media":0,"parent":0,"menu_order":0,"comment_status":"closed","ping_status":"closed","template":"","meta":{"footnotes":""},"class_list":["post-125","page","type-page","status-publish","hentry"],"yoast_head":"<!-- This site is optimized with the Yoast SEO plugin v27.4 - https:\/\/yoast.com\/product\/yoast-seo-wordpress\/ -->\n<title>Entre Tiempo, Flores y Floristas \u00bb Niram Art Magazine<\/title>\n<meta name=\"robots\" content=\"index, follow, max-snippet:-1, max-image-preview:large, max-video-preview:-1\" \/>\n<link rel=\"canonical\" href=\"https:\/\/niramart.com\/revista-magazine\/entre-tiempo-flores-y-floristas\/\" \/>\n<meta property=\"og:type\" content=\"article\" \/>\n<meta property=\"og:title\" content=\"Entre Tiempo, Flores y Floristas \u00bb Niram Art Magazine\" \/>\n<meta property=\"og:description\" content=\"Entre Tiempo, Flores y Floristas Sep 082011 &nbsp;&nbsp; &nbsp; [&hellip;]\" \/>\n<meta property=\"og:url\" content=\"https:\/\/niramart.com\/revista-magazine\/entre-tiempo-flores-y-floristas\/\" \/>\n<meta property=\"og:site_name\" content=\"Niram Art Magazine\" \/>\n<meta name=\"twitter:card\" content=\"summary_large_image\" \/>\n<meta name=\"twitter:label1\" content=\"Est. reading time\" \/>\n\t<meta name=\"twitter:data1\" content=\"1 minute\" \/>\n<!-- \/ Yoast SEO plugin. -->","yoast_head_json":{"title":"Entre Tiempo, Flores y Floristas \u00bb Niram Art Magazine","robots":{"index":"index","follow":"follow","max-snippet":"max-snippet:-1","max-image-preview":"max-image-preview:large","max-video-preview":"max-video-preview:-1"},"canonical":"https:\/\/niramart.com\/revista-magazine\/entre-tiempo-flores-y-floristas\/","og_type":"article","og_title":"Entre Tiempo, Flores y Floristas \u00bb Niram Art Magazine","og_description":"Entre Tiempo, Flores y Floristas Sep 082011 &nbsp;&nbsp; &nbsp; [&hellip;]","og_url":"https:\/\/niramart.com\/revista-magazine\/entre-tiempo-flores-y-floristas\/","og_site_name":"Niram Art Magazine","twitter_card":"summary_large_image","twitter_misc":{"Est. reading time":"1 minute"}},"_links":{"self":[{"href":"https:\/\/niramart.com\/revista-magazine\/wp-json\/wp\/v2\/pages\/125","targetHints":{"allow":["GET"]}}],"collection":[{"href":"https:\/\/niramart.com\/revista-magazine\/wp-json\/wp\/v2\/pages"}],"about":[{"href":"https:\/\/niramart.com\/revista-magazine\/wp-json\/wp\/v2\/types\/page"}],"replies":[{"embeddable":true,"href":"https:\/\/niramart.com\/revista-magazine\/wp-json\/wp\/v2\/comments?post=125"}],"version-history":[{"count":0,"href":"https:\/\/niramart.com\/revista-magazine\/wp-json\/wp\/v2\/pages\/125\/revisions"}],"wp:attachment":[{"href":"https:\/\/niramart.com\/revista-magazine\/wp-json\/wp\/v2\/media?parent=125"}],"curies":[{"name":"wp","href":"https:\/\/api.w.org\/{rel}","templated":true}]}}