{"id":120,"date":"2024-04-01T07:40:49","date_gmt":"2024-04-01T07:40:49","guid":{"rendered":"https:\/\/niramart.com\/revista-magazine\/el-escritor-elisei-virgil-premiado-en-madrid\/"},"modified":"2024-04-01T07:40:49","modified_gmt":"2024-04-01T07:40:49","slug":"el-escritor-elisei-virgil-premiado-en-madrid","status":"publish","type":"page","link":"https:\/\/niramart.com\/revista-magazine\/el-escritor-elisei-virgil-recibe-premio-para-la-literatura-en-madrid\/","title":{"rendered":"El escritor Elisei Virgil premiado en Madrid"},"content":{"rendered":"<div id=\"main-col\">\n<div id=\"content\">\n<article class=\"post-965 post type-post status-publish format-standard hentry category-c38-noticias-revista tag-elisei-virgil tag-niram-art-editorial tag-premio category-32-id full-content meta-position-left-pullout fix\" id=\"post-965\">\n<header class=\"post-header title-container fix\">\n<div class=\"title\">\n<h1 class=\"posttitle\"><a href=\"https:\/\/niramart.com\/revista-magazine\/el-escritor-elisei-virgil-recibe-premio-para-la-literatura-en-madrid\/\" class=\"entry-title\" rel=\"bookmark\" title=\"El escritor Elisei Virgil premiado en Madrid\">El escritor Elisei Virgil premiado en Madrid<\/a><\/h1>\n<\/p><\/div>\n<p><!-- \/.title --><\/p>\n<div class=\"date\"><span class=\"month\">May<\/span> <span class=\"day\">13<\/span><span class=\"year\">2013<\/span><\/div>\n<\/header>\n<p><!-- \/.title-container --><br \/>\n\t<span class=\"post-format-icon\">&nbsp;<\/span><span class=\"updated\" title=\"2013-05-13T14:45:17+00:00\">&nbsp;<\/span>\t\t<\/p>\n<div class=\"entry-container fix\">\n<div class=\"entry fix\">\n<p class=\"bch4dcbow065stdpy\"><img loading=\"lazy\" decoding=\"async\" class=\"alignleft\" alt=\"Elisei Virgil\" src=\"https:\/\/niramart.com\/revista-magazine\/files\/2013\/05\/elisei-virgil-3-w-600.jpg\" width=\"279\" height=\"209\"\/><strong>El escritor   <a href=\"http:\/\/niramarteditorial.espacioniram.com\/elisei-virgil\/\">Elisei Virgil<\/a> recibi\u00f3 el pasado domingo, el 12 de mayo de 2013, el Premio para Literatura \u201cEscritores del Este\u201d, el segundo lugar, dotado con 3000 Euros, ofrecido por la Nueva Sociedad Literaria Madrid. El libro fue presentado por la <a href=\"http:\/\/niramarteditorial.espacioniram.com\/\">Editorial Niram Art<\/a> en la  Semana del libro 2013, organizada por la Comunidad de Madrid, en la Facultad de Filosof\u00eda de la Universidad Complutense.<\/strong><img loading=\"lazy\" decoding=\"async\" class=\"alignright\" alt=\"Elisei Virgil\" src=\"https:\/\/niramart.com\/revista-magazine\/files\/2013\/04\/portada-el-triangulo-de-la-w-322.jpg\" width=\"258\" height=\"359\"\/><\/p>\n<p class=\"bch4dcbow065stdpy\">La novela premiada, <a href=\"http:\/\/niramarteditorial.espacioniram.com\/2013\/04\/elisei-virgil-el-triangulo-de-la-felicidad\/\">\u201cEl Tri\u00e1ngulo de la Felicidad\u201d<\/a>, fue lanzada en Espa\u00f1a en abril de este a\u00f1o, en <a href=\"http:\/\/espacioniram.com\/\">Espacio Niram<\/a> de Madrid y cont\u00f3 con la presencia del escritor. La edici\u00f3n espa\u00f1ola pertenece a la <a href=\"http:\/\/niramarteditorial.espacioniram.com\/colecciones-propuestas\/\">Colecci\u00f3n Propuestas <\/a>de la Editorial Niram Art, coordinada por Tudor Serbanescu y cuenta con una portada realizada por el artista pl\u00e1stico <a href=\"http:\/\/www.miedho.com\/\"><strong>Iv\u00e1n MIEDHO.<\/strong><\/a><\/p>\n<p class=\"bch4dcbow065stdpy\">En una entrevista para Uni\u00f3n Radio Madrid, el escritor <strong>Elisei Virgil<\/strong> ha declarado que sus escritos hacen parte de la riqueza cultural del Este de Europa, a\u00fan insuficientemente conocida en Espa\u00f1a.<\/p>\n<\/p><\/div>\n<p><!--\/entry --><\/p>\n<div class=\"meta-pullout meta-left-pullout\">\n<ul>\n<li class=\"fix\"><span class=\"category\"><span class=\"icon\">&nbsp;<\/span> <a href=\"https:\/\/niramart.com\/revista-magazine\/category\/c38-noticias-revista\/\" title=\"View all posts in Noticias\" rel=\"category tag\">Noticias<\/a><\/span><\/li>\n<li class=\"fix\"><span class=\"tags tax\"><span class=\"icon\">&nbsp;<\/span>Tagged with: <a href=\"https:\/\/niramart.com\/revista-magazine\/tag\/elisei-virgil\/\" rel=\"tag\">elisei virgil<\/a>, <a href=\"https:\/\/niramart.com\/revista-magazine\/tag\/niram-art-editorial\/\" rel=\"tag\">niram art editorial<\/a>, <a href=\"https:\/\/niramart.com\/revista-magazine\/tag\/premio\/\" rel=\"tag\">premio<\/a><\/span><\/li>\n<\/ul>\n<\/div><\/div>\n<p><!-- .entry-container --><\/p>\n<footer class=\"post-footer postdata fix\">\n<\/footer>\n<p><!-- .post-footer --><\/p>\n<section id=\"comments\">\n<\/section>\n<p>   <!-- #comments -->\t<\/article>\n<p><!--\/post --><\/p>\n<nav class=\"post-nav fix\">\n<table>\n<tr>\n<td class=\"previous\"><a href=\"https:\/\/niramart.com\/revista-magazine\/niram-art-editorial-participa-en-la-noche-de-los-libros\/\" rel=\"prev\"><span class=\"icon\">&nbsp;<\/span> Niram Art Editorial participa en la Noche de los libros<\/a><\/td>\n<td class=\"next\"><a href=\"https:\/\/niramart.com\/revista-magazine\/foto-reportaje-exposicion-baruch-elron-en-israel\/\" rel=\"next\"><span class=\"icon\">&nbsp;<\/span> Foto-reportaje: Exposici\u00f3n Baruch Elron en Israel<\/a><\/td>\n<\/tr>\n<\/table>\n<\/nav><\/div>\n<p><!-- content -->\n    <\/div>\n<p><!-- main col --><\/p>\n","protected":false,"raw":""},"excerpt":{"rendered":"<p>El escritor Elisei Virgil premiado en Madrid May 132013 [&hellip;]<\/p>\n","protected":false},"author":0,"featured_media":0,"parent":0,"menu_order":0,"comment_status":"closed","ping_status":"closed","template":"","meta":{"footnotes":""},"class_list":["post-120","page","type-page","status-publish","hentry"],"yoast_head":"<!-- This site is optimized with the Yoast SEO plugin v27.4 - https:\/\/yoast.com\/product\/yoast-seo-wordpress\/ -->\n<title>El escritor Elisei Virgil premiado en Madrid \u00bb Niram Art Magazine<\/title>\n<meta name=\"robots\" content=\"index, follow, max-snippet:-1, max-image-preview:large, max-video-preview:-1\" \/>\n<link rel=\"canonical\" href=\"https:\/\/niramart.com\/revista-magazine\/el-escritor-elisei-virgil-recibe-premio-para-la-literatura-en-madrid\/\" \/>\n<meta property=\"og:type\" content=\"article\" \/>\n<meta property=\"og:title\" content=\"El escritor Elisei Virgil premiado en Madrid \u00bb Niram Art Magazine\" \/>\n<meta property=\"og:description\" content=\"El escritor Elisei Virgil premiado en Madrid May 132013 [&hellip;]\" \/>\n<meta property=\"og:url\" content=\"https:\/\/niramart.com\/revista-magazine\/el-escritor-elisei-virgil-recibe-premio-para-la-literatura-en-madrid\/\" \/>\n<meta property=\"og:site_name\" content=\"Niram Art Magazine\" \/>\n<meta name=\"twitter:card\" content=\"summary_large_image\" \/>\n<meta name=\"twitter:label1\" content=\"Est. reading time\" \/>\n\t<meta name=\"twitter:data1\" content=\"1 minute\" \/>\n<!-- \/ Yoast SEO plugin. -->","yoast_head_json":{"title":"El escritor Elisei Virgil premiado en Madrid \u00bb Niram Art Magazine","robots":{"index":"index","follow":"follow","max-snippet":"max-snippet:-1","max-image-preview":"max-image-preview:large","max-video-preview":"max-video-preview:-1"},"canonical":"https:\/\/niramart.com\/revista-magazine\/el-escritor-elisei-virgil-recibe-premio-para-la-literatura-en-madrid\/","og_type":"article","og_title":"El escritor Elisei Virgil premiado en Madrid \u00bb Niram Art Magazine","og_description":"El escritor Elisei Virgil premiado en Madrid May 132013 [&hellip;]","og_url":"https:\/\/niramart.com\/revista-magazine\/el-escritor-elisei-virgil-recibe-premio-para-la-literatura-en-madrid\/","og_site_name":"Niram Art Magazine","twitter_card":"summary_large_image","twitter_misc":{"Est. reading time":"1 minute"}},"_links":{"self":[{"href":"https:\/\/niramart.com\/revista-magazine\/wp-json\/wp\/v2\/pages\/120","targetHints":{"allow":["GET"]}}],"collection":[{"href":"https:\/\/niramart.com\/revista-magazine\/wp-json\/wp\/v2\/pages"}],"about":[{"href":"https:\/\/niramart.com\/revista-magazine\/wp-json\/wp\/v2\/types\/page"}],"replies":[{"embeddable":true,"href":"https:\/\/niramart.com\/revista-magazine\/wp-json\/wp\/v2\/comments?post=120"}],"version-history":[{"count":0,"href":"https:\/\/niramart.com\/revista-magazine\/wp-json\/wp\/v2\/pages\/120\/revisions"}],"wp:attachment":[{"href":"https:\/\/niramart.com\/revista-magazine\/wp-json\/wp\/v2\/media?parent=120"}],"curies":[{"name":"wp","href":"https:\/\/api.w.org\/{rel}","templated":true}]}}