{"id":114,"date":"2024-04-01T07:40:48","date_gmt":"2024-04-01T07:40:48","guid":{"rendered":"https:\/\/niramart.com\/revista-magazine\/dusica-nikolic-dann-la-poetisa-que-vino-del-frio-2\/"},"modified":"2024-04-01T07:40:48","modified_gmt":"2024-04-01T07:40:48","slug":"dusica-nikolic-dann-la-poetisa-que-vino-del-frio-2","status":"publish","type":"page","link":"https:\/\/niramart.com\/revista-magazine\/dusica-nikolic-dann-la-poetisa-que-vino-del-frio\/","title":{"rendered":"Du\u0161ica Nikolic Dann, la poetisa que vino del fr\u00edo"},"content":{"rendered":"<div id=\"main-col\">\n<div id=\"content\">\n<article class=\"post-820 post type-post status-publish format-standard hentry category-c39-articulos-espanol category-literatura category-no-5-6-s5-articulos tag-diego-vadillo-lopez tag-dusica-nikolic-dann tag-poesia category-18-id category-120-id category-127-id full-content meta-position-left-pullout fix\" id=\"post-820\">\n<header class=\"post-header title-container fix\">\n<div class=\"title\">\n<h1 class=\"posttitle\"><a href=\"https:\/\/niramart.com\/revista-magazine\/dusica-nikolic-dann-la-poetisa-que-vino-del-frio\/\" class=\"entry-title\" rel=\"bookmark\" title=\"Du\u0161ica Nikolic Dann, la poetisa que vino del fr\u00edo\">Du\u0161ica Nikolic Dann, la poetisa que vino del fr\u00edo<\/a><\/h1>\n<\/div>\n<div class=\"date\"><span class=\"month\">Apr<\/span> <span class=\"day\">08<\/span><span class=\"year\">2013<\/span><\/div>\n<\/header>\n<p> <span class=\"post-format-icon\">&nbsp;<\/span><span class=\"updated\" title=\"2013-04-08T15:35:49+00:00\">&nbsp;<\/span><\/p>\n<div class=\"entry-container fix\">\n<div class=\"entry fix\">\n<p class=\"bch4dcbow065stdpy\"><strong>Diego Vadillo L\u00f3pez<\/strong><\/p>\n<p class=\"bch4dcbow065stdpy\">&nbsp;<\/p>\n<div style=\"width: 492px\" class=\"wp-caption alignnone\"><img loading=\"lazy\" decoding=\"async\" alt=\"Du\u0161ica Nikolic Dann\" src=\"https:\/\/niramart.com\/revista-magazine\/files\/2013\/04\/ilustracic3b4n-0-w-794.jpg\" width=\"482\" height=\"273\"\/><\/p>\n<p class=\"wp-caption-text\">Du\u0161ica Nikolic Dann<\/p>\n<\/div>\n<p class=\"bch4dcbow065stdpy\">Mujer de semblante serio y de porte majestuoso, su aspecto anticipa una eslava frialdad que a poco que se hable con ella queda desmentida instant\u00e1neamente.<\/p>\n<p class=\"bch4dcbow065stdpy\">Tuve oportunidad de conocer a Du\u0161ica Nikolic en la presentaci\u00f3n de su poemario \u201cOtro modo de tristeza\u201d (2010), un sugestivo libro lleno de recursos l\u00edricos que me remit\u00edan a muy variadas referencias de la literatura espa\u00f1ola, muchas de las cuales le eran ignotas a esta versificadora, lo que me indicaba que hay un lenguaje y una serie de convenciones po\u00e9ticas de \u00edndole universal.<\/p>\n<p class=\"bch4dcbow065stdpy\">Por ejemplo \u201cLA CICATRIZ DE UN DOLOR ANTIGUO\u201d comienza con los dos siguientes versos: \u201cDescansa p\u00e1lida la luna\/ en la cuna de los recuerdos\u201d, los cuales nos sugieren una met\u00e1fora de enorme fuste, ya que convierte la c\u00fapula celeste en un lecho acolchado de anhelos humanos proyectados hacia el infinito en el que una personalizada luna tiene a bien descansar.<\/p>\n<div style=\"width: 558px\" class=\"wp-caption aligncenter\"><img loading=\"lazy\" decoding=\"async\" alt=\"Du\u0161ica Nikolic Dann\" src=\"https:\/\/niramart.com\/revista-magazine\/files\/2013\/04\/ilustracic3b4n-2-w-548.jpg\" width=\"548\" height=\"449\"\/><\/p>\n<p class=\"wp-caption-text\">Du\u0161ica Nikolic Dann<\/p>\n<\/div>\n<p class=\"bch4dcbow065stdpy\">Otros dos versos que llaman mi atenci\u00f3n de dicho poema son el noveno y el d\u00e9cimo, que dicen as\u00ed: \u201cC\u00f3dices de otros mundos\/ llegaban con el viento\u201d; en ellos queda expresado el abandono a una pasi\u00f3n que hace vivir en estadios cognitivos inimaginables en momentos de normalidad.<\/p>\n<p class=\"bch4dcbow065stdpy\">Du\u0161ica muestra a lo largo de sus poemas un temperamento muy pl\u00e1stico, como queda evidenciado en la recurrencia de una serie de figuras ret\u00f3ricas, como la sinestesia; aparecen muchas y de gran originalidad: \u201cse repite\/ un temblor tierno\u201d (p\u00e1gina 21); \u201cDentro de mi acristalado silencio\u201d (p\u00e1gina 23); \u201cPor las huellas del amor\u201d, \u201cLa esperanza transparente\u201d (p\u00e1gina 25); \u201cLas carrozas que llevan\/ el encuentro\u201d (p\u00e1gina 27); \u201cTe abrigan las sombras grises\u201d (p\u00e1gina 37); \u201caprensi\u00f3n blanca\u201d (p\u00e1gina 47).<\/p>\n<p class=\"bch4dcbow065stdpy\">Tambi\u00e9n recurre mucho Du\u0161ica a la personificaci\u00f3n: \u201centre el cansancio de los girasoles\u201d (p\u00e1gina 13); \u201cPor las noches bajan las estrellas por las cuerdas\/ blancas\u201d; \u201cEnfermos los presentimientos,\/ y la esperanza agotada\u201d (p\u00e1gina 21); \u201cen el vientre oscuro del silencio\u201d (p\u00e1gina 41); \u201cBalcones dormidos en la plaza antigua\u201d, \u201cEl oscuro enorme coraz\u00f3n del universo\u201d (p\u00e1gina51).<\/p>\n<p class=\"bch4dcbow065stdpy\">Tambi\u00e9n realiza con cierta insistencia la operaci\u00f3n inversa, esto es, la cosificaci\u00f3n de seres vivos o fen\u00f3menos de la naturaleza: \u201ccomo pedazos de Sol&#8230;\u201d (p\u00e1gina17); \u201cSuspiros atrapados en frascos azules\u201d (p\u00e1gina 45).<\/p>\n<p class=\"bch4dcbow065stdpy\">No se pueden obviar tampoco las paradojas: \u201cbaten alas muertas\u201d (p\u00e1gina 11); \u201cun mudo largo llanto\u201d (p\u00e1gina39); \u201cTu triste bella alma llora, sin l\u00e1grimas\u201d; \u201cLleno de vac\u00edo\u201d (p\u00e1gina 55).<\/p>\n<div style=\"width: 558px\" class=\"wp-caption aligncenter\"><img loading=\"lazy\" decoding=\"async\" alt=\"Du\u0161ica Nikolic Dann\" src=\"https:\/\/niramart.com\/revista-magazine\/files\/2013\/04\/ilustracic3b4n-2-w-548.jpg\" width=\"548\" height=\"449\"\/><\/p>\n<p class=\"wp-caption-text\">Du\u0161ica Nikolic Dann<\/p>\n<\/div>\n<p class=\"bch4dcbow065stdpy\">Pero lo que m\u00e1s me seduce del estilo de Du\u0161ica son sus inesperadas met\u00e1foras y su temperamento l\u00fadico que, otorgando gran plasticidad a las piezas, la hacen emparentar con las vanguardias. Cuando escribe en \u201cPINTAR EL CALOR DE LA SANGRE\u201d aquello de \u201cEn la oscuridad un sable de Sol\u201d, nos est\u00e1 haciendo gr\u00e1fica y l\u00edrica mostraci\u00f3n de lo que quiere expresar por la v\u00eda no convencional.<\/p>\n<p class=\"bch4dcbow065stdpy\">Otro pasaje que llam\u00f3 mi atenci\u00f3n fue aquel del poema \u201cABRAZO\u201d en el que escribe: \u201cL\u00ednea del horizonte\/ subraya tu vac\u00edo\u201d. Aqu\u00ed, pese a lo conmovedor del fondo, el ingenio catapulta el mensaje hacia estadios de regocijo l\u00edrico elevados. En parecida l\u00ednea cabr\u00eda encasillar \u201cOrdenados\/ como en un museo,\/ mis recuerdos\u201d (\u201cPOEMA SOBRE EL AMOR\u201d, p\u00e1gina 45). Tambi\u00e9n cabr\u00eda en esta l\u00f3gica el verso de \u201cVERANO\u201d  que dice as\u00ed: \u201cQuiero veranear en sus venas\u201d, sobra explicar la hondura que expresa dicho verso, mas no me resisto a resaltar lo audaz y pl\u00e1stico de conseguir el tr\u00e1nsito hacia la profundidad del sentimiento.<\/p>\n<p class=\"bch4dcbow065stdpy\">No me resisto tampoco a incluir el poema \u201cHUELLA\u201d, una aut\u00e9ntica greguer\u00eda en s\u00ed mismo:<\/p>\n<p class=\"bch4dcbow065stdpy\">&nbsp;<\/p>\n<p class=\"bch4dcbow065stdpy\">\u201cComo cualquier otro polvo.<\/p>\n<p class=\"bch4dcbow065stdpy\">&nbsp;<\/p>\n<p class=\"bch4dcbow065stdpy\">Tu coraz\u00f3n deja la huella<\/p>\n<p class=\"bch4dcbow065stdpy\">cual caracol.<\/p>\n<p class=\"bch4dcbow065stdpy\">H\u00fameda y brillante<\/p>\n<p class=\"bch4dcbow065stdpy\">en el principio,<\/p>\n<p class=\"bch4dcbow065stdpy\">se est\u00e1 secando,<\/p>\n<p class=\"bch4dcbow065stdpy\">y el viento la dispersa<\/p>\n<p class=\"bch4dcbow065stdpy\">como cualquier otro polvo.\u201d<\/p>\n<p class=\"bch4dcbow065stdpy\">&nbsp;<\/p>\n<p class=\"bch4dcbow065stdpy\">Para terminar este recorrido por \u201cOtro modo de tristeza\u201d me gustar\u00eda ir, tras frecuentar la forma, al fondo. Y, en t\u00e9rminos generales, dir\u00eda que dicho fondo expresa la tristeza subdividida en diversos episodios marcados por un recuerdo henchido con las delicias de gratos episodios presos de la reversibilidad a la que aboca el azaroso destino, pero gratos al cabo.<\/p>\n<p class=\"bch4dcbow065stdpy\">No es la poes\u00eda de Dusica, pese a lo evocativa, quejumbrosa, de ah\u00ed que sea muy feliz el t\u00edtulo \u201cOtro modo de tristeza\u201d, que yo interpreto como la forma alegre de asumir la tristeza que acompa\u00f1a a todo el que ha tenido la opci\u00f3n de poder confesar, a la nerudiana usanza, que ha vivido.<\/p>\n<p class=\"bch4dcbow065stdpy\">&nbsp;<\/p>\n<\/div>\n<div class=\"meta-pullout meta-left-pullout\">\n<ul>\n<li class=\"fix\"><span class=\"category\"><span class=\"icon\">&nbsp;<\/span> <a href=\"https:\/\/niramart.com\/revista-magazine\/category\/s5-articulos\/c39-articulos-espanol\/\" rel=\"category tag\">Articulos espa\u00f1ol<\/a>, <a href=\"https:\/\/niramart.com\/revista-magazine\/category\/literatura\/\" rel=\"category tag\">Literatura<\/a>, <a href=\"https:\/\/niramart.com\/revista-magazine\/category\/s5-articulos\/no-5-6-s5-articulos\/\" rel=\"category tag\">N\u00ba 5-6, 2012<\/a><\/span><\/li>\n<li class=\"fix\"><span class=\"tags tax\"><span class=\"icon\">&nbsp;<\/span>Tagged with: <a href=\"https:\/\/niramart.com\/revista-magazine\/tag\/diego-vadillo-lopez\/\" rel=\"tag\">Diego Vadillo L\u00f3pez<\/a>, <a href=\"https:\/\/niramart.com\/revista-magazine\" rel=\"tag\">DUSICA NIKOLIC DANN<\/a>, <a href=\"https:\/\/niramart.com\/revista-magazine\" rel=\"tag\">poes\u00eda<\/a><\/span><\/li>\n<\/ul>\n<\/div>\n<\/div>\n<footer class=\"post-footer postdata fix\"> <\/footer>\n<section id=\"comments\"> <\/section>\n<\/article>\n<nav class=\"post-nav fix\">\n<table>\n<tr>\n<td class=\"previous\"><a href=\"https:\/\/niramart.com\/revista-magazine\/viaje-a-la-obra-de-trajano-ramon-de-basterra\/\" rel=\"prev\"><span class=\"icon\">&nbsp;<\/span> Viaje a la obra de Trajano,  Ram\u00f3n de Basterra<\/a><\/td>\n<td class=\"next\"><a href=\"https:\/\/niramart.com\/revista-magazine\/el-hombre-que-hace-reir\/\" rel=\"next\"><span class=\"icon\">&nbsp;<\/span> EL HOMBRE QUE HACE RE\u00cdR<\/a><\/td>\n<\/tr>\n<\/table>\n<\/nav>\n<\/div>\n<\/div>\n","protected":false,"raw":""},"excerpt":{"rendered":"<p>Du\u0161ica Nikolic Dann, la poetisa que vino del fr\u00edo [&hellip;]<\/p>\n","protected":false},"author":0,"featured_media":0,"parent":0,"menu_order":0,"comment_status":"closed","ping_status":"closed","template":"","meta":{"footnotes":""},"class_list":["post-114","page","type-page","status-publish","hentry"],"yoast_head":"<!-- This site is optimized with the Yoast SEO plugin v27.4 - https:\/\/yoast.com\/product\/yoast-seo-wordpress\/ -->\n<title>Du\u0161ica Nikolic Dann, la poetisa que vino del fr\u00edo \u00bb Niram Art Magazine<\/title>\n<meta name=\"robots\" content=\"index, follow, max-snippet:-1, max-image-preview:large, max-video-preview:-1\" \/>\n<link rel=\"canonical\" href=\"https:\/\/niramart.com\/revista-magazine\/dusica-nikolic-dann-la-poetisa-que-vino-del-frio\/\" \/>\n<meta property=\"og:type\" content=\"article\" \/>\n<meta property=\"og:title\" content=\"Du\u0161ica Nikolic Dann, la poetisa que vino del fr\u00edo \u00bb Niram Art Magazine\" \/>\n<meta property=\"og:description\" content=\"Du\u0161ica Nikolic Dann, la poetisa que vino del fr\u00edo [&hellip;]\" \/>\n<meta property=\"og:url\" content=\"https:\/\/niramart.com\/revista-magazine\/dusica-nikolic-dann-la-poetisa-que-vino-del-frio\/\" \/>\n<meta property=\"og:site_name\" content=\"Niram Art Magazine\" \/>\n<meta name=\"twitter:card\" content=\"summary_large_image\" \/>\n<meta name=\"twitter:label1\" content=\"Est. reading time\" \/>\n\t<meta name=\"twitter:data1\" content=\"4 minutes\" \/>\n<!-- \/ Yoast SEO plugin. -->","yoast_head_json":{"title":"Du\u0161ica Nikolic Dann, la poetisa que vino del fr\u00edo \u00bb Niram Art Magazine","robots":{"index":"index","follow":"follow","max-snippet":"max-snippet:-1","max-image-preview":"max-image-preview:large","max-video-preview":"max-video-preview:-1"},"canonical":"https:\/\/niramart.com\/revista-magazine\/dusica-nikolic-dann-la-poetisa-que-vino-del-frio\/","og_type":"article","og_title":"Du\u0161ica Nikolic Dann, la poetisa que vino del fr\u00edo \u00bb Niram Art Magazine","og_description":"Du\u0161ica Nikolic Dann, la poetisa que vino del fr\u00edo [&hellip;]","og_url":"https:\/\/niramart.com\/revista-magazine\/dusica-nikolic-dann-la-poetisa-que-vino-del-frio\/","og_site_name":"Niram Art Magazine","twitter_card":"summary_large_image","twitter_misc":{"Est. reading time":"4 minutes"}},"_links":{"self":[{"href":"https:\/\/niramart.com\/revista-magazine\/wp-json\/wp\/v2\/pages\/114","targetHints":{"allow":["GET"]}}],"collection":[{"href":"https:\/\/niramart.com\/revista-magazine\/wp-json\/wp\/v2\/pages"}],"about":[{"href":"https:\/\/niramart.com\/revista-magazine\/wp-json\/wp\/v2\/types\/page"}],"replies":[{"embeddable":true,"href":"https:\/\/niramart.com\/revista-magazine\/wp-json\/wp\/v2\/comments?post=114"}],"version-history":[{"count":0,"href":"https:\/\/niramart.com\/revista-magazine\/wp-json\/wp\/v2\/pages\/114\/revisions"}],"wp:attachment":[{"href":"https:\/\/niramart.com\/revista-magazine\/wp-json\/wp\/v2\/media?parent=114"}],"curies":[{"name":"wp","href":"https:\/\/api.w.org\/{rel}","templated":true}]}}