{"id":111,"date":"2024-04-01T07:40:48","date_gmt":"2024-04-01T07:40:48","guid":{"rendered":"https:\/\/niramart.com\/revista-magazine\/dorel-schor-lanzamiento-de-libro-en-espacio-niram-2\/"},"modified":"2024-04-01T07:40:48","modified_gmt":"2024-04-01T07:40:48","slug":"dorel-schor-lanzamiento-de-libro-en-espacio-niram-2","status":"publish","type":"page","link":"https:\/\/niramart.com\/revista-magazine\/dorel-schor-lanzamiento-de-libro-en-espacio-niram\/","title":{"rendered":"DOREL SCHOR, lanzamiento de libro en Espacio Niram"},"content":{"rendered":"<div id=\"main-col\">\n<div id=\"content\">\n<article class=\"post-829 post type-post status-publish format-standard hentry category-c38-noticias-revista tag-dorel-schor tag-niram-art category-32-id full-content meta-position-left-pullout fix\" id=\"post-829\">\n<header class=\"post-header title-container fix\">\n<div class=\"title\">\n<h1 class=\"posttitle\"><a href=\"https:\/\/niramart.com\/revista-magazine\/dorel-schor-lanzamiento-de-libro-en-espacio-niram\/\" class=\"entry-title\" rel=\"bookmark\" title=\"DOREL SCHOR, lanzamiento de libro en Espacio Niram\">DOREL SCHOR, lanzamiento de libro en Espacio Niram<\/a><\/h1>\n<\/div>\n<div class=\"date\"><span class=\"month\">Feb<\/span> <span class=\"day\">08<\/span><span class=\"year\">2013<\/span><\/div>\n<\/header>\n<p> <span class=\"post-format-icon\">&nbsp;<\/span><span class=\"updated\" title=\"2013-02-08T15:55:20+00:00\">&nbsp;<\/span><\/p>\n<div class=\"entry-container fix\">\n<div class=\"entry fix\">\n<blockquote>\n<p class=\"bch4dcbow065stdpy\"><strong>Viernes, el 15 de febrero de 2013 ha tenido lugar en el Espacio Niram de Madrid, el lanzamiento del  libro de aforismos  <a href=\"http:\/\/niramarteditorial.espacioniram.com\/libros\/dorel-schor\/el-traje-de-adan-escondido-detras-de-las-palabras\/\">\u201cEl Traje de Ad\u00e1n\u2014Escondido detr\u00e1s de las palabras \u201d de DOREL SCHOR<\/a>.<\/strong><\/p>\n<p class=\"bch4dcbow065stdpy\"><strong>Traducci\u00f3n al espa\u00f1ol por FABIANNI BELEMUSKI<br class=\"bch4dcbow065stdpy\"\/> <\/strong><\/p>\n<\/blockquote>\n<p class=\"bch4dcbow065stdpy\"><a href=\"https:\/\/niramart.com\/revista-magazine\/files\/niramarteditorial-sub\/wp-content\/uploads\/2013\/02\/hector-martinez-lansare-schor.jpg\"><img loading=\"lazy\" decoding=\"async\" class=\"alignleft\" title=\"Lanzamiento Dorel Schor en Espacio Niram\" alt=\"Lanzamiento Dorel Schor en Espacio Niram\" src=\"https:\/\/niramart.com\/revista-magazine\/files\/niramarteditorial-sub\/wp-content\/uploads\/2013\/02\/hector-martinez-lansare-schor-300x192.jpg\" width=\"300\" height=\"192\"\/><\/a><\/p>\n<p class=\"bch4dcbow065stdpy\">Lanzamiento Dorel Schor en Espacio Niram<\/p>\n<p class=\"bch4dcbow065stdpy\">El evento ha sido organizado por la <a href=\"http:\/\/niramarteditorial.espacioniram.com\/\">Editorial Niram Art<\/a> y ha contado con la presencia de Fabianni Belemuski, el director de la  revista Niram Art, el escritor Diego Vadillo L\u00f3pez, el galerista Antonio Calderon de Jes\u00fas y el artista pl\u00e1stico Bogdan Ater. el maestre de la ceremonia ha sido H\u00e9ctor Mart\u00ednez Sanz, escritor, director de la Revista Madrid en Marco.<\/p>\n<p class=\"bch4dcbow065stdpy\"><em><strong>\u201cEs un honor para m\u00ed el prologar y haber enmarcado el discurso de esta simbiosis entre el aforismo humor\u00edstico de Dorel Schor y el humor gr\u00e1fico de Constatin Ciosu. Y si lo he hecho de forma tan poco graciosa, sepa el lector que no ha sido por falta de humor, sino, como en las bodas, por no deslucir a la novia al llevarla hasta el altar. Aunque ante estos dos grandes genios, m\u00e1s que deslucirlos a ellos, se hubiera visto que no soy yo percha para este traje de Ad\u00e1n.\u201d<\/strong><\/em><\/p>\n<blockquote>\n<p class=\"bch4dcbow065stdpy\"><em>&nbsp; <\/em><em>H\u00e9ctor Mart\u00ednez Sanz \u2013 <\/em><em>Madrid, noviembre de 2011<\/em><\/p>\n<p class=\"bch4dcbow065stdpy\">&nbsp;<\/p>\n<p class=\"bch4dcbow065stdpy\">m\u00e1s: <a href=\"http:\/\/niramarteditorial.espacioniram.com\/2013\/02\/dorel-schor-lanzamiento-de-libro-en-espacio-niram\/\">Niram Art Editorial<\/a><\/p>\n<\/blockquote>\n<\/div>\n<div class=\"meta-pullout meta-left-pullout\">\n<ul>\n<li class=\"fix\"><span class=\"category\"><span class=\"icon\">&nbsp;<\/span> <a href=\"https:\/\/niramart.com\/revista-magazine\/category\/c38-noticias-revista\/\" rel=\"category tag\">Noticias<\/a><\/span><\/li>\n<li class=\"fix\"><span class=\"tags tax\"><span class=\"icon\">&nbsp;<\/span>Tagged with: <a href=\"https:\/\/niramart.com\/revista-magazine\/tag\/dorel-schor\/\" rel=\"tag\">dorel schor<\/a>, <a href=\"https:\/\/niramart.com\/revista-magazine\/tag\/niram-art\/\" rel=\"tag\">niram art<\/a><\/span><\/li>\n<\/ul>\n<\/div>\n<\/div>\n<footer class=\"post-footer postdata fix\"><\/footer>\n<section id=\"comments\"><\/section>\n<\/article>\n<nav class=\"post-nav fix\">\n<table>\n<tr>\n<td class=\"previous\"><a href=\"https:\/\/niramart.com\/revista-magazine\" rel=\"prev\"><span class=\"icon\">&nbsp;<\/span> PREMIOS MAC 2012, LISBOA<\/a><\/td>\n<td class=\"next\"><a href=\"https:\/\/niramart.com\/revista-magazine\/exposicion-tudor-1001-cuentos-rumanos-en-madrid\/\" rel=\"next\"><span class=\"icon\">&nbsp;<\/span> Exposici\u00f3n Tudor 1001 Cuentos Rumanos en Madrid<\/a><\/td>\n<\/tr>\n<\/table>\n<\/nav>\n<\/div>\n<\/div>\n","protected":false,"raw":""},"excerpt":{"rendered":"<p>DOREL SCHOR, lanzamiento de libro en Espacio Niram Feb [&hellip;]<\/p>\n","protected":false},"author":0,"featured_media":0,"parent":0,"menu_order":0,"comment_status":"closed","ping_status":"closed","template":"","meta":{"footnotes":""},"class_list":["post-111","page","type-page","status-publish","hentry"],"yoast_head":"<!-- This site is optimized with the Yoast SEO plugin v27.4 - https:\/\/yoast.com\/product\/yoast-seo-wordpress\/ -->\n<title>DOREL SCHOR, lanzamiento de libro en Espacio Niram \u00bb Niram Art Magazine<\/title>\n<meta name=\"robots\" content=\"index, follow, max-snippet:-1, max-image-preview:large, max-video-preview:-1\" \/>\n<link rel=\"canonical\" href=\"https:\/\/niramart.com\/revista-magazine\/dorel-schor-lanzamiento-de-libro-en-espacio-niram\/\" \/>\n<meta property=\"og:type\" content=\"article\" \/>\n<meta property=\"og:title\" content=\"DOREL SCHOR, lanzamiento de libro en Espacio Niram \u00bb Niram Art Magazine\" \/>\n<meta property=\"og:description\" content=\"DOREL SCHOR, lanzamiento de libro en Espacio Niram Feb [&hellip;]\" \/>\n<meta property=\"og:url\" content=\"https:\/\/niramart.com\/revista-magazine\/dorel-schor-lanzamiento-de-libro-en-espacio-niram\/\" \/>\n<meta property=\"og:site_name\" content=\"Niram Art Magazine\" \/>\n<meta name=\"twitter:card\" content=\"summary_large_image\" \/>\n<meta name=\"twitter:label1\" content=\"Est. reading time\" \/>\n\t<meta name=\"twitter:data1\" content=\"1 minute\" \/>\n<!-- \/ Yoast SEO plugin. -->","yoast_head_json":{"title":"DOREL SCHOR, lanzamiento de libro en Espacio Niram \u00bb Niram Art Magazine","robots":{"index":"index","follow":"follow","max-snippet":"max-snippet:-1","max-image-preview":"max-image-preview:large","max-video-preview":"max-video-preview:-1"},"canonical":"https:\/\/niramart.com\/revista-magazine\/dorel-schor-lanzamiento-de-libro-en-espacio-niram\/","og_type":"article","og_title":"DOREL SCHOR, lanzamiento de libro en Espacio Niram \u00bb Niram Art Magazine","og_description":"DOREL SCHOR, lanzamiento de libro en Espacio Niram Feb [&hellip;]","og_url":"https:\/\/niramart.com\/revista-magazine\/dorel-schor-lanzamiento-de-libro-en-espacio-niram\/","og_site_name":"Niram Art Magazine","twitter_card":"summary_large_image","twitter_misc":{"Est. reading time":"1 minute"}},"_links":{"self":[{"href":"https:\/\/niramart.com\/revista-magazine\/wp-json\/wp\/v2\/pages\/111","targetHints":{"allow":["GET"]}}],"collection":[{"href":"https:\/\/niramart.com\/revista-magazine\/wp-json\/wp\/v2\/pages"}],"about":[{"href":"https:\/\/niramart.com\/revista-magazine\/wp-json\/wp\/v2\/types\/page"}],"replies":[{"embeddable":true,"href":"https:\/\/niramart.com\/revista-magazine\/wp-json\/wp\/v2\/comments?post=111"}],"version-history":[{"count":0,"href":"https:\/\/niramart.com\/revista-magazine\/wp-json\/wp\/v2\/pages\/111\/revisions"}],"wp:attachment":[{"href":"https:\/\/niramart.com\/revista-magazine\/wp-json\/wp\/v2\/media?parent=111"}],"curies":[{"name":"wp","href":"https:\/\/api.w.org\/{rel}","templated":true}]}}