{"id":109,"date":"2024-04-01T07:40:48","date_gmt":"2024-04-01T07:40:48","guid":{"rendered":"https:\/\/niramart.com\/revista-magazine\/diego-vadillo-lopez-en-el-lanzamiento-de-lirismos-de-lo-horizontal\/"},"modified":"2024-04-01T07:40:48","modified_gmt":"2024-04-01T07:40:48","slug":"diego-vadillo-lopez-en-el-lanzamiento-de-lirismos-de-lo-horizontal","status":"publish","type":"page","link":"https:\/\/niramart.com\/revista-magazine\/diego-vadillo-lopez-en-el-lanzamiento-de-lirismos-de-lo-horizontal\/","title":{"rendered":"Diego Vadillo L\u00f3pez en el lanzamiento de Lirismos de lo horizontal"},"content":{"rendered":"<div id=\"main-col\">\n<div id=\"content\">\n<article class=\"post-210 post type-post status-publish format-standard hentry category-c39-articulos-espanol category-c56-no-1-2-2012 category-18-id category-28-id full-content meta-position-left-pullout fix\" id=\"post-210\">\n<header class=\"post-header title-container fix\">\n<div class=\"title\">\n<h1 class=\"posttitle\"><a href=\"https:\/\/niramart.com\/revista-magazine\/diego-vadillo-lopez-en-el-lanzamiento-de-lirismos-de-lo-horizontal\/\" class=\"entry-title\" rel=\"bookmark\" title=\"Diego Vadillo L\u00f3pez en el lanzamiento de Lirismos de lo horizontal\">Diego Vadillo L\u00f3pez en el lanzamiento de Lirismos de lo horizontal<\/a><\/h1>\n<\/div>\n<div class=\"date\"><span class=\"month\">Sep<\/span> <span class=\"day\">08<\/span><span class=\"year\">2011<\/span><\/div>\n<\/header>\n<p> <span class=\"post-format-icon\">&nbsp;<\/span><span class=\"updated\" title=\"2011-09-08T12:51:46+00:00\">&nbsp;<\/span><\/p>\n<div class=\"entry-container fix\">\n<div class=\"entry fix\">\n<div><strong>\u201c<a href=\"http:\/\/niramarteditorial.espacioniram.com\/libros\/diego-vadillo-lopez\/lirismos-de-lo-horizontal\/\">Lirismos de lo horizontal\u201d<\/a><\/strong> es el t\u00edtulo del volumen de ensayos de <strong>Diego Vadillo L\u00f3pez<\/strong> en torno a la obra del poeta <strong>Carlos Edmundo de Ory<\/strong>.<\/div>\n<div><\/div>\n<div><strong>M\u00c1S INFORMACI\u00d3N<\/strong><\/div>\n<div><a href=\"http:\/\/niramarteditorial.espacioniram.com\/\" target=\"_blank\" rel=\"noopener\">Editorial Niram Art<\/a><\/div>\n<p class=\"bch4dcbow065stdpy\">\u201cPara empezar, hacer una peque\u00f1a disquisici\u00f3n que se me ocurr\u00eda el otro d\u00eda: pens\u00e9 que un libro puede ser tanto m\u00e1s aut\u00e9ntico en la medida en la que es fruto de una revelaci\u00f3n, que fue lo que a m\u00ed me pas\u00f3.<\/p>\n<p class=\"bch4dcbow065stdpy\">Una primera revelaci\u00f3n fue leer por primera vez a Ory; <strong>Carlos Edmundo de Ory<\/strong>, autor con enjundia; autor que est\u00e1 en la historia de la literatura espa\u00f1ola, pero ocupando l\u00edneas de marginalidad, peque\u00f1os ep\u00edgrafes. Escrib\u00eda Manuel Vicent una columna que llevaba por t\u00edtulo \u201cPrincipio de Arqu\u00edmedes\u201d, en ella metaforizaba ir\u00f3nicamente cuando afirmaba que mueven m\u00e1s agua medi\u00e1tica e hist\u00f3rica, muchas veces, aquellos personajes que tienen un peso intelectual o de otro tipo inversamente proporcional a esa agua que mueven, y personajes que tienen una funci\u00f3n que redunda en valor social o cultural o intelectual, pasa al contrario, que no mueven casi agua, por tanto aqu\u00ed no se cumpl\u00eda el principio de Arqu\u00edmedes en sentido diametral\u2026<\/p>\n<p class=\"MsoNormal\" style=\"text-align: justify; line-height: 150%;\">Bien, pues es lo que ocurre con Carlos Edmundo de Ory, que es un literato que, como otros, hemos perdido, o si no lo hemos perdido, lo tenemos que compartir con el pa\u00eds vecino, con Francia, que es donde ha pasado la mayor parte de sus \u00faltimos a\u00f1os.<\/p>\n<p class=\"MsoNormal\" style=\"text-align: justify; line-height: 150%;\">Carlos Edmundo de Ory es un poeta, bajo mi punto de vista, equiparable a Miguel Hern\u00e1ndez, e incluso dir\u00eda que a San Juan de la Cruz.<\/p>\n<p class=\"MsoNormal\" style=\"text-align: justify; line-height: 150%;\">La poes\u00eda, aparte de un gran poder condensador, gracias a la ret\u00f3rica, cuando es buena, produce elevaci\u00f3n, y creo poder decir que sent\u00ed esa elevaci\u00f3n. No s\u00e9 cu\u00e1ntos palmos me elev\u00e9 del suelo. Leer a Ory era elevarse.<\/p>\n<p class=\"MsoNormal\" style=\"text-align: justify; line-height: 150%;\">Pasaron d\u00edas, semanas, qui\u00e9n sabe si alg\u00fan mes que otro, de aquella primera revelaci\u00f3n cuando tuve otra, que fue la de la \u201chorizontalidad\u201d. Fueron dos revelaciones separadas en el tiempo pero que, de pronto, encontraron un nexo com\u00fan.<\/p>\n<p class=\"MsoNormal\" style=\"text-align: justify; line-height: 150%;\">Este tipo de revelaci\u00f3n que me vino por segunda vez, vinculada a la horizontalidad, me vino tambi\u00e9n acompa\u00f1ada, acto seguido, de muchos ejemplos que materializaban ese primer fogonazo abstracto. Y luego, deconstruyendo y haciendo collage, pude ver c\u00f3mo en la historia de la literatura y en otras artes, pero sobre todo en la canci\u00f3n, tan emparentada a la l\u00edrica, y en otros poetas, hab\u00eda ese sustento te\u00f3rico que yo necesitaba para, de alg\u00fan modo, legitimar todo ese pensamiento que me hab\u00eda sobrevenido. Y es que no era tarea f\u00e1cil empezar a teorizar sobre un momento tan concreto, tan espec\u00edfico y tan et\u00e9reo. Hablamos de ese momento que est\u00e1 en la frontera entre lo terrenal y lo celestial. Ese momento que se vive, precisamente, en postura horizontal. Haciendo tambi\u00e9n una met\u00e1fora, esa l\u00ednea que es el horizonte nos ubica, precisamente, en ese trazo que se forma. Una l\u00ednea que no existe porque es un efecto visual. Entonces, \u00bfc\u00f3mo teorizaba yo, c\u00f3mo le daba enjundia, c\u00f3mo le daba corporeidad a esa primera revelaci\u00f3n a trav\u00e9s de la que ten\u00eda que materializar la revelaci\u00f3n porque me sent\u00eda urgido? (Es lo que tienen las revelaciones). Y qu\u00e9 mejor sustento para organizar todo ese marco te\u00f3rico que apoyarme en la poes\u00eda de otros grandes poetas que han teorizado tambi\u00e9n sobre ese momento sublime. A lo mejor no le han dedicado siquiera un poema al momento de la horizontalidad, pero s\u00ed, de un modo m\u00e1s o menos transversal, lo han tocado; e incluso de un modo tambi\u00e9n directo, por qu\u00e9 no. Est\u00e1 ah\u00ed Luis Eduardo Aute, est\u00e1 Vicente Aleixandre, incluso Fernando Trueba, el director de cine.<\/p>\n<p class=\"MsoNormal\" style=\"text-align: justify; line-height: 150%;\">Se van glosando una serie de pasajes que desembocan en ese momento tan concreto, que yo llego a comparar con alguno de los cuadros del Greco que transcurren entre dos planos, obras bipl\u00e1nicas. Y, curiosamente, el azar me ha hecho crear un libro con dos planos: en la primera parte hacemos un marco te\u00f3rico en el que venimos a fundamentar ese momento, y todo sirve de antesala para luego deconstruir (porque todo an\u00e1lisis po\u00e9tico viene a ser una deconstrucci\u00f3n, es decir: aqu\u00ed este se\u00f1or ensambl\u00f3 esto con esto, cre\u00f3 esta met\u00e1fora, cre\u00f3 esta imagen y pari\u00f3 este poema). Es deconstrucci\u00f3n la segunda parte del libro: se glosan, se analizan diez poemas que comparten el estar vinculados a ese momento de la horizontalidad y que sin necesidad de explicaciones demasiado objetivas, nos hace percibir en nuestro interior a qu\u00e9 nos podemos referir, m\u00e1xime si, salvo desgracia, hemos podido vivir esos momentos de dif\u00edcil explicaci\u00f3n. Para eso est\u00e1 la poes\u00eda, y una gran recomendaci\u00f3n es leer, a trav\u00e9s de este libro, o a trav\u00e9s de otros, a Carlos Edmundo de Ory, que es un poeta sobre el que hace falta obra cr\u00edtica y te\u00f3rica, porque es muy grande. Recomiendo el acercamiento del p\u00fablico a la obra de este poeta.<\/p>\n<p class=\"MsoNormal\" style=\"text-align: justify; line-height: 150%;\">Por otra parte, el libro est\u00e1 cubierto, posee el cobertor de una grand\u00edsima portada, que le da gran elegancia y gran puesta en escena, realizada por Mar\u00eda de Sagarra, a la que conoc\u00ed en el Espacio Niram y a partir de ah\u00ed pudimos colaborar. Ella supo captar la esencia de lo que yo le cont\u00e9, nos reunimos y hablamos. Tambi\u00e9n ley\u00f3 la obra y la supo interiorizar.<\/p>\n<p class=\"MsoNormal\" style=\"text-align: justify; line-height: 150%;\">La portada le da gran elegancia al libro y resume la almendra de lo que podemos encontrar dentro del mismo. &#8220;<\/p>\n<p class=\"MsoNormal\" style=\"text-align: justify; line-height: 150%;\">\n<hr\/>\n<p class=\"bch4dcbow065stdpy\">&nbsp;<\/p>\n<p class=\"bch4dcbow065stdpy\"><a href=\"http:\/\/www.mariadesagarra.com\/\" target=\"_blank\" rel=\"noopener\">Fotograf\u00eda Maria de Sagarra (aka &#8220;Saga&#8221;)<\/a><\/p>\n<\/div>\n<div class=\"meta-pullout meta-left-pullout\">\n<ul>\n<li class=\"fix\"><span class=\"category\"><span class=\"icon\">&nbsp;<\/span> <a href=\"https:\/\/niramart.com\/revista-magazine\/category\/s5-articulos\/c39-articulos-espanol\/\" rel=\"category tag\">Articulos espa\u00f1ol<\/a>, <a href=\"https:\/\/niramart.com\/revista-magazine\/category\/s5-articulos\/c56-no-1-2-2012\/\" rel=\"category tag\">N\u00ba 1 &#8211; 2, 2012<\/a><\/span><\/li>\n<\/ul>\n<\/div>\n<\/div>\n<footer class=\"post-footer postdata fix\"><\/footer>\n<section id=\"comments\"><\/section>\n<\/article>\n<nav class=\"post-nav fix\">\n<table>\n<tr>\n<td class=\"previous\"><a href=\"https:\/\/niramart.com\/revista-magazine\/lirismos-de-lo-desapacible-josele-santiago\/\" rel=\"prev\"><span class=\"icon\">&nbsp;<\/span> Lirismos de lo desapacible: Josele Santiago<\/a><\/td>\n<td class=\"next\"><a href=\"https:\/\/niramart.com\/revista-magazine\/entre-tiempo-flores-y-floristas\/\" rel=\"next\"><span class=\"icon\">&nbsp;<\/span> Entre Tiempo, Flores y Floristas<\/a><\/td>\n<\/tr>\n<\/table>\n<\/nav>\n<\/div>\n<\/div>\n","protected":false,"raw":""},"excerpt":{"rendered":"<p>Diego Vadillo L\u00f3pez en el lanzamiento de Lirismos de [&hellip;]<\/p>\n","protected":false},"author":0,"featured_media":0,"parent":0,"menu_order":0,"comment_status":"closed","ping_status":"closed","template":"","meta":{"footnotes":""},"class_list":["post-109","page","type-page","status-publish","hentry"],"yoast_head":"<!-- This site is optimized with the Yoast SEO plugin v27.4 - https:\/\/yoast.com\/product\/yoast-seo-wordpress\/ -->\n<title>Diego Vadillo L\u00f3pez en el lanzamiento de Lirismos de lo horizontal \u00bb Niram Art Magazine<\/title>\n<meta name=\"robots\" content=\"index, follow, max-snippet:-1, max-image-preview:large, max-video-preview:-1\" \/>\n<link rel=\"canonical\" href=\"https:\/\/niramart.com\/revista-magazine\/diego-vadillo-lopez-en-el-lanzamiento-de-lirismos-de-lo-horizontal\/\" \/>\n<meta property=\"og:type\" content=\"article\" \/>\n<meta property=\"og:title\" content=\"Diego Vadillo L\u00f3pez en el lanzamiento de Lirismos de lo horizontal \u00bb Niram Art Magazine\" \/>\n<meta property=\"og:description\" content=\"Diego Vadillo L\u00f3pez en el lanzamiento de Lirismos de [&hellip;]\" \/>\n<meta property=\"og:url\" content=\"https:\/\/niramart.com\/revista-magazine\/diego-vadillo-lopez-en-el-lanzamiento-de-lirismos-de-lo-horizontal\/\" \/>\n<meta property=\"og:site_name\" content=\"Niram Art Magazine\" \/>\n<meta name=\"twitter:card\" content=\"summary_large_image\" \/>\n<meta name=\"twitter:label1\" content=\"Est. reading time\" \/>\n\t<meta name=\"twitter:data1\" content=\"5 minutes\" \/>\n<!-- \/ Yoast SEO plugin. -->","yoast_head_json":{"title":"Diego Vadillo L\u00f3pez en el lanzamiento de Lirismos de lo horizontal \u00bb Niram Art Magazine","robots":{"index":"index","follow":"follow","max-snippet":"max-snippet:-1","max-image-preview":"max-image-preview:large","max-video-preview":"max-video-preview:-1"},"canonical":"https:\/\/niramart.com\/revista-magazine\/diego-vadillo-lopez-en-el-lanzamiento-de-lirismos-de-lo-horizontal\/","og_type":"article","og_title":"Diego Vadillo L\u00f3pez en el lanzamiento de Lirismos de lo horizontal \u00bb Niram Art Magazine","og_description":"Diego Vadillo L\u00f3pez en el lanzamiento de Lirismos de [&hellip;]","og_url":"https:\/\/niramart.com\/revista-magazine\/diego-vadillo-lopez-en-el-lanzamiento-de-lirismos-de-lo-horizontal\/","og_site_name":"Niram Art Magazine","twitter_card":"summary_large_image","twitter_misc":{"Est. reading time":"5 minutes"}},"_links":{"self":[{"href":"https:\/\/niramart.com\/revista-magazine\/wp-json\/wp\/v2\/pages\/109","targetHints":{"allow":["GET"]}}],"collection":[{"href":"https:\/\/niramart.com\/revista-magazine\/wp-json\/wp\/v2\/pages"}],"about":[{"href":"https:\/\/niramart.com\/revista-magazine\/wp-json\/wp\/v2\/types\/page"}],"replies":[{"embeddable":true,"href":"https:\/\/niramart.com\/revista-magazine\/wp-json\/wp\/v2\/comments?post=109"}],"version-history":[{"count":0,"href":"https:\/\/niramart.com\/revista-magazine\/wp-json\/wp\/v2\/pages\/109\/revisions"}],"wp:attachment":[{"href":"https:\/\/niramart.com\/revista-magazine\/wp-json\/wp\/v2\/media?parent=109"}],"curies":[{"name":"wp","href":"https:\/\/api.w.org\/{rel}","templated":true}]}}