{"id":106,"date":"2024-04-01T07:40:47","date_gmt":"2024-04-01T07:40:47","guid":{"rendered":"https:\/\/niramart.com\/revista-magazine\/davar-art-the-annual-meeting-of-jewish-artists-in-madrid\/"},"modified":"2024-04-01T07:40:47","modified_gmt":"2024-04-01T07:40:47","slug":"davar-art-the-annual-meeting-of-jewish-artists-in-madrid","status":"publish","type":"page","link":"https:\/\/niramart.com\/revista-magazine\/davar-art-the-annual-meeting-of-jewish-artists-in-madrid\/","title":{"rendered":"Davar Art, the Annual Meeting of Jewish Artists in Madrid"},"content":{"rendered":"<div id=\"main-col\">\n<div id=\"content\">\n<article class=\"post-994 post type-post status-publish format-standard hentry category-c38-noticias-revista tag-davar-art category-32-id full-content meta-position-left-pullout fix\" id=\"post-994\">\n<header class=\"post-header title-container fix\">\n<div class=\"title\">\n<h1 class=\"posttitle\"><a href=\"https:\/\/niramart.com\/revista-magazine\/davar-art-the-annual-meeting-of-jewish-artists-in-madrid\/\" class=\"entry-title\" rel=\"bookmark\" title=\"Davar Art, the Annual Meeting of Jewish Artists in Madrid\">Davar Art, the Annual Meeting of Jewish Artists in Madrid<\/a><\/h1>\n<\/div>\n<div class=\"date\"><span class=\"month\">Jun<\/span> <span class=\"day\">03<\/span><span class=\"year\">2013<\/span><\/div>\n<\/header>\n<p> <span class=\"post-format-icon\">&nbsp;<\/span><span class=\"updated\" title=\"2013-06-03T13:10:39+00:00\">&nbsp;<\/span><\/p>\n<div class=\"entry-container fix\">\n<div class=\"entry fix\">\n<div style=\"width: 292px\" class=\"wp-caption alignleft\"><a href=\"#\"><\/a><\/p>\n<p class=\"wp-caption-text\">Davar Art<\/p>\n<\/div>\n<p class=\"bch4dcbow065stdpy\">The <b>Cultural Center Davar<\/b> organizes the <b>Fourth Edition of Davar Art, the Annual Meeting of Jewish Artists, <\/b>in Madrid, with the participation of the <b>Association of Jewish Fine Artists of Spain<\/b>. The event will take place <b>June the 1st to June the 15<sup>th<\/sup> 2013<\/b>, at the Cultural Center.<\/p>\n<p class=\"bch4dcbow065stdpy\">The start of the event will be given at 20:00 h, by a conference by <strong>Santiago Raigorodsky<\/strong> and <strong>Abel Rasskin,<\/strong> who will present the exhibition.<\/p>\n<p class=\"bch4dcbow065stdpy\"><strong>Participating artists: Luis Aguil\u00f3, Rina Agranati, Anita Bensad\u00f3n, Karen Blanco Cohen, Patricia Fridman, Dar\u00edo Idoate with the collaboration of M\u00aaVictoria L\u00f3pez Pa\u00f1os, Alberto Israel, Santiago Raigorodsky, Abel Rasskin, Claudia Tijman, Adriana Zapisek and the artists of the Davar art workshop.<\/strong><\/p>\n<p class=\"bch4dcbow065stdpy\">&nbsp;<\/p>\n<blockquote>\n<p class=\"bch4dcbow065stdpy\"><strong>DAVAR, Centro Cultural. C\/ Rodr\u00edguez Mar\u00edn, 61. 28016- Madrid. www.davar.es <a href=\"mailto:info@libreriahebraica.com\">info@libreriahebraica.com<\/a> Tel: (34) 913509710.<\/strong><\/p>\n<\/blockquote>\n<\/div>\n<div class=\"meta-pullout meta-left-pullout\">\n<ul>\n<li class=\"fix\"><span class=\"category\"><span class=\"icon\">&nbsp;<\/span> <a href=\"https:\/\/niramart.com\/revista-magazine\/category\/c38-noticias-revista\/\" rel=\"category tag\">Noticias<\/a><\/span><\/li>\n<li class=\"fix\"><span class=\"tags tax\"><span class=\"icon\">&nbsp;<\/span>Tagged with: <a href=\"https:\/\/niramart.com\/revista-magazine\/tag\/davar-art\/\" rel=\"tag\">davar art<\/a><\/span><\/li>\n<\/ul>\n<\/div>\n<\/div>\n<footer class=\"post-footer postdata fix\"><\/footer>\n<section id=\"comments\"><\/section>\n<\/article>\n<nav class=\"post-nav fix\">\n<table>\n<tr>\n<td class=\"previous\"><a href=\"https:\/\/niramart.com\/revista-magazine\/i-jornadas-complutenses-de-ciencia-ficcion\/\" rel=\"prev\"><span class=\"icon\">&nbsp;<\/span> I JORNADAS COMPLUTENSES DE CIENCIA FICCI\u00d3N<\/a><\/td>\n<td class=\"next\"><a href=\"https:\/\/niramart.com\/revista-magazine\/reportaje-se-alquila-mercado\/\" rel=\"next\"><span class=\"icon\">&nbsp;<\/span> Reportaje: Se Alquila Mercado<\/a><\/td>\n<\/tr>\n<\/table>\n<\/nav>\n<\/div>\n<\/div>\n","protected":false,"raw":""},"excerpt":{"rendered":"<p>Davar Art, the Annual Meeting of Jewish Artists in [&hellip;]<\/p>\n","protected":false},"author":0,"featured_media":0,"parent":0,"menu_order":0,"comment_status":"closed","ping_status":"closed","template":"","meta":{"footnotes":""},"class_list":["post-106","page","type-page","status-publish","hentry"],"yoast_head":"<!-- This site is optimized with the Yoast SEO plugin v27.4 - https:\/\/yoast.com\/product\/yoast-seo-wordpress\/ -->\n<title>Davar Art, the Annual Meeting of Jewish Artists in Madrid \u00bb Niram Art Magazine<\/title>\n<meta name=\"robots\" content=\"index, follow, max-snippet:-1, max-image-preview:large, max-video-preview:-1\" \/>\n<link rel=\"canonical\" href=\"https:\/\/niramart.com\/revista-magazine\/davar-art-the-annual-meeting-of-jewish-artists-in-madrid\/\" \/>\n<meta property=\"og:type\" content=\"article\" \/>\n<meta property=\"og:title\" content=\"Davar Art, the Annual Meeting of Jewish Artists in Madrid \u00bb Niram Art Magazine\" \/>\n<meta property=\"og:description\" content=\"Davar Art, the Annual Meeting of Jewish Artists in [&hellip;]\" \/>\n<meta property=\"og:url\" content=\"https:\/\/niramart.com\/revista-magazine\/davar-art-the-annual-meeting-of-jewish-artists-in-madrid\/\" \/>\n<meta property=\"og:site_name\" content=\"Niram Art Magazine\" \/>\n<meta name=\"twitter:card\" content=\"summary_large_image\" \/>\n<meta name=\"twitter:label1\" content=\"Est. reading time\" \/>\n\t<meta name=\"twitter:data1\" content=\"1 minute\" \/>\n<!-- \/ Yoast SEO plugin. -->","yoast_head_json":{"title":"Davar Art, the Annual Meeting of Jewish Artists in Madrid \u00bb Niram Art Magazine","robots":{"index":"index","follow":"follow","max-snippet":"max-snippet:-1","max-image-preview":"max-image-preview:large","max-video-preview":"max-video-preview:-1"},"canonical":"https:\/\/niramart.com\/revista-magazine\/davar-art-the-annual-meeting-of-jewish-artists-in-madrid\/","og_type":"article","og_title":"Davar Art, the Annual Meeting of Jewish Artists in Madrid \u00bb Niram Art Magazine","og_description":"Davar Art, the Annual Meeting of Jewish Artists in [&hellip;]","og_url":"https:\/\/niramart.com\/revista-magazine\/davar-art-the-annual-meeting-of-jewish-artists-in-madrid\/","og_site_name":"Niram Art Magazine","twitter_card":"summary_large_image","twitter_misc":{"Est. reading time":"1 minute"}},"_links":{"self":[{"href":"https:\/\/niramart.com\/revista-magazine\/wp-json\/wp\/v2\/pages\/106","targetHints":{"allow":["GET"]}}],"collection":[{"href":"https:\/\/niramart.com\/revista-magazine\/wp-json\/wp\/v2\/pages"}],"about":[{"href":"https:\/\/niramart.com\/revista-magazine\/wp-json\/wp\/v2\/types\/page"}],"replies":[{"embeddable":true,"href":"https:\/\/niramart.com\/revista-magazine\/wp-json\/wp\/v2\/comments?post=106"}],"version-history":[{"count":0,"href":"https:\/\/niramart.com\/revista-magazine\/wp-json\/wp\/v2\/pages\/106\/revisions"}],"wp:attachment":[{"href":"https:\/\/niramart.com\/revista-magazine\/wp-json\/wp\/v2\/media?parent=106"}],"curies":[{"name":"wp","href":"https:\/\/api.w.org\/{rel}","templated":true}]}}