{"id":104,"date":"2024-04-01T07:40:47","date_gmt":"2024-04-01T07:40:47","guid":{"rendered":"https:\/\/niramart.com\/revista-magazine\/craciun-frumos-si-fire-de-lumina-de-valentina-alexa\/"},"modified":"2024-04-01T07:40:47","modified_gmt":"2024-04-01T07:40:47","slug":"craciun-frumos-si-fire-de-lumina-de-valentina-alexa","status":"publish","type":"page","link":"https:\/\/niramart.com\/revista-magazine\/craciun-frumos-si-fire-de-lumina-de-valentina-alexa\/","title":{"rendered":"Cr\u0103ciun frumos \u0219i fire de Lumin\u0103 de Valentina Alexa"},"content":{"rendered":"<div id=\"main-col\">\n<div id=\"content\">\n<article class=\"post-1381 post type-post status-publish format-standard hentry category-c42-articulos-romana tag-brad tag-craciun tag-dragoste tag-iubire tag-mos-craciun tag-pace tag-sarbatori tag-zapada category-16-id full-content meta-position-left-pullout fix\" id=\"post-1381\">\n<header class=\"post-header title-container fix\">\n<div class=\"title\">\n<h1 class=\"posttitle\"><a href=\"https:\/\/niramart.com\/revista-magazine\/craciun-frumos-si-fire-de-lumina-de-valentina-alexa\/\" class=\"entry-title\" rel=\"bookmark\" title=\"Cr\u0103ciun frumos \u0219i fire de Lumin\u0103 de Valentina Alexa\">Cr\u0103ciun frumos \u0219i fire de Lumin\u0103 de Valentina Alexa<\/a><\/h1>\n<\/div>\n<div class=\"date\"><span class=\"month\">Dec<\/span> <span class=\"day\">23<\/span><span class=\"year\">2015<\/span><\/div>\n<\/header>\n<p> <span class=\"post-format-icon\">&nbsp;<\/span><span class=\"updated\" title=\"2015-12-23T17:58:54+00:00\">&nbsp;<\/span><\/p>\n<div class=\"entry-container fix\">\n<div class=\"entry fix\">\n<p class=\"bch4dcbow065stdpy\">&nbsp;<\/p>\n<address><a href=\"https:\/\/niramart.com\/revista-magazine\/files\/2016\/02\/ch3.jpg\"><img loading=\"lazy\" decoding=\"async\" class=\"aligncenter\" src=\"https:\/\/niramart.com\/revista-magazine\/files\/2016\/02\/ch3.jpg\" alt=\"\" width=\"376\" height=\"378\"\/><\/a><\/address>\n<address style=\"text-align: center;\">Cr\u0103ciun frumos, brad luminos<\/address>\n<address style=\"text-align: center;\">\u0218i g\u00e2nduri de poveste&#8230;<\/address>\n<address style=\"text-align: center;\">Cr\u0103ciun ce-aduci \u00een via\u021ba mea<\/address>\n<address style=\"text-align: center;\">Minunea cea din iesle,<\/address>\n<address style=\"text-align: center;\">C\u0103ci pentru noi Iubirea Sf\u00e2nt\u0103,<\/address>\n<address style=\"text-align: center;\">Venit-a pe P\u0103m\u00e2nt,<\/address>\n<address style=\"text-align: center;\">\u0218i Dumnezeu datu-ne-a nou\u0103,<\/address>\n<address style=\"text-align: center;\">Pe Pruncul S\u0103u cel Sf\u00e2nt.<\/address>\n<address style=\"text-align: center;\">S\u0103 ne \u00eenve\u021be ce-i Iubirea,<\/address>\n<address style=\"text-align: center;\">Ce-i Adev\u0103rul \u0219i Dreptatea,<\/address>\n<address style=\"text-align: center;\">P\u0103zind noi Legile Lui sfinte,<\/address>\n<address style=\"text-align: center;\">Primi-v-om Libertatea.<\/address>\n<address style=\"text-align: center;\">I\u021bi mul\u021bumim, O, Doamne Sf\u00e2nt,<\/address>\n<address style=\"text-align: center;\">C\u0103ci Tu din Cerul T\u0103u,<\/address>\n<address style=\"text-align: center;\">Ne ier\u021bi, ne \u00eendrep\u021bi \u0219i ne aju\u021bi<\/address>\n<address style=\"text-align: center;\">Ne vei iubi mereu!<\/address>\n<address style=\"text-align: center;\"> <\/address>\n<p style=\"text-align: justify;\">Cr\u0103ciunul copil\u0103riei mele: Cr\u0103ciun alb cu miros de cetin\u0103 de brad. Miros de sarmale \u0219i cozonaci, nuci \u0219i portocale, z\u0103pad\u0103 alb\u0103 \u0219i &#8230;bucurie.<\/p>\n<p style=\"text-align: justify;\">Cr\u0103ciunul e al meu \u0219i numai al meu \u0219i de c\u00e2te ori m\u0103 g\u00e2ndesc la copil\u0103ria mea, Cr\u0103ciunul \u00eemi \u00eenc\u0103lze\u0219te inima, lumini\u021be \u00eemi str\u0103lucesc \u00een ochii, \u00eenc\u0103 de copil, \u0219i inima mi se tope\u0219te de fericire.<\/p>\n<p style=\"text-align: justify;\">Ce era at\u00e2t de special la Cr\u0103ciunul de atunci?<\/p>\n<p style=\"text-align: justify;\">R\u0103spunsul e simplu: oamenii \u0219i tr\u0103irea lor curat\u0103. Mama era mam\u0103, tat\u0103l era tat\u0103, rudele, prietenii, vecinii, erau de o sinceritate uimitoare. S\u0103rb\u0103torile erau sfinte, la fel ca respectarea principiilor acelor vremi: credin\u021ba \u00een Dumnezeu, cinste \u0219i omenie. Sinceritate \u0219i adev\u0103r, dorin\u021ba de a ajuta pe cel\u0103lalt, h\u0103rnicie \u0219i noble\u021be, deschidere a min\u021bii \u0219i a inimii \u00een acela\u0219i timp, o \u00een\u021belepciune ancestral\u0103 care te f\u0103cea s\u0103 \u0219tii totul, s\u0103 cuno\u0219ti totul f\u0103r\u0103 vreun efort intelectual.<\/p>\n<p style=\"text-align: justify;\">Contactul cu natura, munca c\u00e2mpului, p\u0103durea verde, Joiana cea cuminte \u0219i cosa\u0219i harnici de diminea\u021b\u0103. Frumuse\u021be \u0219i adev\u0103r, naturale\u021be \u0219i simplitate. De unde at\u00e2ta bog\u0103\u021bie ? Cobor\u00e2t-a din Cer pe crestele muntelui \u00eentr-un sat uitat de lume, tot ce e mai bun \u0219i frumos? S\u0103 fie izolarea de lumea meschin\u0103 unul din secretele des\u0103v\u00e2r\u0219irii suflete\u0219ti?<\/p>\n<p style=\"text-align: justify;\">Pribeag sunt prin \u021aara Mo\u021bilor, de o frumuse\u021be uimitoare \u0219i caut oamenii aceia frumo\u0219i de la Cr\u0103ciun. Caut pe acei oameni sfio\u0219i, bl\u00e2nzi \u0219i smeri\u021bi de o bun\u0103tate ca p\u00e2inea cald\u0103 \u0219i aspri ca gerul rece al iernilor friguroase. C\u00e2nd e frig, c\u00eend fagii se \u00eendoaie \u0219i bate v\u00e2ntul, e bine s\u0103 stai la c\u0103ldur\u0103, \u00eenfofolit \u00een iubire \u0219i s\u0103 ai certitudinea c\u0103 toat\u0103 lumea e a ta.<\/p>\n<p style=\"text-align: justify;\">Da, m-am sim\u021bit protejat\u0103, fericit\u0103, la c\u0103ldur\u0103, la ad\u0103post. La ad\u0103post de tot ce era rece \u0219i r\u0103u. Arma care m\u0103 ap\u0103ra era credin\u021ba \u00een Dumnezeu, \u00een Isus Cristos, con\u0219tiin\u021ba binelui, a r\u0103bd\u0103rii, a biruin\u021bei.<\/p>\n<p style=\"text-align: justify;\">De ce erau oamenii ferici\u021bi cu at\u00e2t de pu\u021bine lucruri? Nu aveau nimic din ce le ofer\u0103 lumea modern\u0103. Abia apucaser\u0103 s\u0103 \u00ee\u0219i ia televizor. Era bucurie mare \u00een casa lor \u0219i abia a\u0219teptau s\u0103 vin\u0103 seara. Actorii erau lua\u021bi \u00een serios, erau trata\u021bi ca oaspe\u021bi de seam\u0103 \u0219i se integrau perfect \u00een via\u021ba de zi cu zi a s\u0103tenilor. Lumea lor era invadat\u0103 de o alt\u0103 lume dar pe care o adaptau situa\u021biei lor. Nu se speriau de numele greu de pronun\u021bat din serialul \u201cDallas\u201d \u0219i a\u0219teptau cu ner\u0103bdare \u00eenceperea pove\u0219tii de s\u00eemb\u0103t\u0103 seara. Oameni cumin\u021bi cu suflet a\u0219ezat de copil \u00een care nu p\u0103trunsese r\u0103utate, \u00een care biruin\u021ba era a binelui&#8230;<\/p>\n<address style=\"text-align: center;\">Cr\u0103ciunul meu frumos \u0219i drag,<\/address>\n<address style=\"text-align: center;\">Lumin\u0103 ce-mi apari \u00een prag<\/address>\n<address style=\"text-align: center;\">C\u0103ci eu pe Tine te-am ales<\/address>\n<address style=\"text-align: center;\">Isuse, Prunc iubit, ales!<\/address>\n<address style=\"text-align: center;\"> <\/address>\n<p style=\"text-align: justify;\">A\u0219tept Cr\u0103ciunul \u0219i de diminea\u021ba m\u0103 duc \u00een sat, mai \u00eent\u00e2i la n\u0103na\u0219a cu \u201epi\u021b\u0103ratul\u201d. Zic o mic\u0103 urare \u0219i a\u0219tept s\u0103 primesc ceva dulce \u0219i bun. N\u0103na\u0219a e bun\u0103 \u0219i \u00eemi d\u0103 portocale, ciocolat\u0103 \u0219i bomboane de pom. M\u0103 duc mai departe \u0219i povestea se repet\u0103. M\u0103 \u00eentorc acas\u0103 la mirosul de \u201ccuib de viespe\u201d, pr\u0103jitura preferat\u0103 de s\u0103rb\u0103tori. Se face tort, pr\u0103jitur\u0103 cu amoniac \u0219i haio\u0219. Se preg\u0103te\u0219te la\u0219ca \u0219i chiftelele, sarmalele \u0219i se taie carnea pentru friptur\u0103. C\u0103rna\u021bul mai st\u0103 pu\u021bin la afumat. Buc\u0103t\u0103ria e centrul universului meu: mama \u0219i bunica se \u00eentrec care mai de care s\u0103 g\u0103teasc\u0103 bun\u0103t\u0103\u021bi. Eu, tat\u0103l meu \u0219i sora mea mai mic\u0103, facem pomul. Bunicul e singurul care vede de treburile de afar\u0103. Din c\u00e2nd \u00een c\u00e2nd apare \u00een prag ca s\u0103 vedem c\u0103 e \u0219i el pe acolo. Mai prime\u0219te c\u00eete ceva de m\u00e2ncat. Vine c\u0103te un vecin, o vecin\u0103, vin al\u021bi copii cu pi\u021b\u0103ratul \u0219i tot a\u0219a.<\/p>\n<p style=\"text-align: justify;\">Se face seara \u0219i ne preg\u0103tim s\u0103 plec\u0103m cu colinda \u00een sat. Plec\u0103 to\u021bi \u00een afar\u0103 de bunica. Ea r\u0103m\u00eene s\u0103 termine bun\u0103t\u0103\u021bile \u0219i s\u0103 preg\u0103teasc\u0103 masa.<\/p>\n<p style=\"text-align: justify;\">Ne ducem la baciul Culi\u021ba \u0219i \u00eel colind\u0103m, apoi la popa \u0219i la n\u0103na\u0219a \u0219i \u00een final la \u00eenc\u0103 doi vecini.<\/p>\n<p style=\"text-align: justify;\">Apoi cu mic cu mare ne \u00eentoarcem la noi acas\u0103, unde ne a\u0219teapt\u0103 cu bra\u021bele deschise, bunica. U\u0219ile camerelor sunt deschise, mirosurile se \u00eentrep\u0103trund \u0219i o arom\u0103 \u00eembietoare de sarmale \u0219i friptur\u0103 domin\u0103 atmosfera. Colinzi minunate \u0219i atmosfer\u0103 \u00een\u0103l\u021b\u0103toare! Pe mas\u0103 \u00een buc\u0103t\u0103rie, troneaz\u0103 falnic bradul de Cr\u0103ciun \u00eempodobit rege\u0219te. Sim\u021bim S\u0103rb\u0103toarea \u00een inim\u0103 \u0219i \u00een priviri: o S\u0103rb\u0103toare a Na\u0219terii Luminii cere\u0219ti, s\u0103rb\u0103toarea Iubirii celei mai mari, Na\u0219terea Domnului Isus Christos. Ne bucur\u0103m \u00eempreun\u0103, suntem acolo ca s\u0103 sim\u021bim, ca s\u0103 ne \u00een\u0103l\u021b\u0103m \u0219i s\u0103 avem parte de bucuria incandescent\u0103 a vie\u021bii ce nu cunoa\u0219te moartea.<\/p>\n<p style=\"text-align: justify;\">E diminea\u021b\u0103 si oamenii au plecat. \u00cen cas\u0103 a r\u0103mas bucuria Na\u0219terii Domnului, br\u0103du\u021bul frumos cu globuri str\u0103lucitoare \u0219i iubirea cald\u0103 a casei p\u0103rinte\u0219ti. At\u00e2t de pu\u021bin \u0219i totu\u0219i at\u00eet de mult!<\/p>\n<p style=\"text-align: justify;\">Averea din sufletul oamenilor, aurul din ei \u00een\u0219i\u0219i, optimismul \u0219i credin\u021ba lor, biruin\u021ba!!!!<\/p>\n<p style=\"text-align: justify;\">Lumin\u0103 s\u0103 fie pentru acest P\u0103m\u00e2nt, binecuv\u00eentat de Dumnezeu! Lumin\u0103, Via\u021b\u0103 \u0219i Dragoste!<\/p>\n<p style=\"text-align: justify;\">Privirea a\u021bintit\u0103 spre Cer, spre altarul ceresc din care Tat\u0103l \u00ee\u0219i revars\u0103 c\u0103ldura \u0219i puritatea de cristal peste to\u021bi p\u0103m\u00e2ntenii. O privire de mul\u021bumire spre Cer, spre El, Creatorul tuturor celor v\u0103zute \u0219i nev\u0103zute, care ne-a f\u0103cut s\u0103 \u00een\u021belegem magia Cr\u0103cunului cu suflet de copil pentru a nu o mai uita apoi niciodat\u0103.<\/p>\n<address style=\"text-align: center;\">L\u0103udat s\u0103 fie Dumnezeu Tat\u0103l \u0219i toat\u0103 Lucrarea Lui!<\/address>\n<address style=\"text-align: center;\">Fire de Lumin\u0103 Sf\u00eent\u0103<\/address>\n<address style=\"text-align: center;\">Cobor\u00eet-au printre noi<\/address>\n<address style=\"text-align: center;\">Toate fiin\u021bele cuv\u00e2nt\u0103<\/address>\n<address style=\"text-align: center;\">Bucuria ce-i \u00een noi!<\/address>\n<address style=\"text-align: center;\"> <\/address>\n<p style=\"text-align: justify;\">Cr\u0103ciun binecuv\u00eentat tuturor, plin de c\u0103ldur\u0103, armonie \u0219i pace! Cr\u0103ciun fericit \u00een care s\u0103 sim\u021bi\u021bi c\u0103 sunte\u021bi parte a frumosului Univers creat de \u00censu\u0219i Iubirea Divin\u0103. \u00cen\u021belepciunea era de fa\u021b\u0103 c\u00eend toate lucr\u0103rile Lumii s-au zidit.<\/p>\n<address style=\"text-align: center;\">S\u0103 ne iubim, s\u0103 fim mai buni,<\/address>\n<address style=\"text-align: center;\">Cu suflet de copii,<\/address>\n<address style=\"text-align: center;\">\u0218i s\u0103 iert\u0103m, s\u0103 fim cumin\u021bi<\/address>\n<address style=\"text-align: center;\">\u0218i s\u0103 avem bucurii!<\/address>\n<address style=\"text-align: center;\"> <\/address>\n<p style=\"text-align: justify;\">Iubi\u021bi-v\u0103 unii pe al\u021bii f\u0103r\u0103 a cere r\u0103splat\u0103, iubi\u021bi de dragul sentimentului de iubire \u0219i Dumnezeu Tat\u0103l v\u0103 va r\u0103spl\u0103ti prin Cr\u0103ciunul Lui minunat! Cr\u0103ciun frumos, minunat \u0219i binecuv\u00e2ntat! Pace, tuturor!<\/p>\n<address style=\"text-align: center;\"> <\/address>\n<\/div>\n<div class=\"meta-pullout meta-left-pullout\">\n<ul>\n<li class=\"fix\"><span class=\"category\"><span class=\"icon\">&nbsp;<\/span> <a href=\"https:\/\/niramart.com\/revista-magazine\/category\/s5-articulos\/c42-articulos-romana\/\" rel=\"category tag\">Articole in limba romana<\/a><\/span><\/li>\n<li class=\"fix\"><span class=\"tags tax\"><span class=\"icon\">&nbsp;<\/span>Tagged with: <a href=\"https:\/\/niramart.com\/revista-magazine\" rel=\"tag\">brad<\/a>, <a href=\"https:\/\/niramart.com\/revista-magazine\" rel=\"tag\">craciun<\/a>, <a href=\"https:\/\/niramart.com\/revista-magazine\" rel=\"tag\">dragoste<\/a>, <a href=\"https:\/\/niramart.com\/revista-magazine\" rel=\"tag\">iubire<\/a>, <a href=\"https:\/\/niramart.com\/revista-magazine\" rel=\"tag\">Mos Craciun<\/a>, <a href=\"https:\/\/niramart.com\/revista-magazine\" rel=\"tag\">pace<\/a>, <a href=\"https:\/\/niramart.com\/revista-magazine\" rel=\"tag\">sarbatori<\/a>, <a href=\"https:\/\/niramart.com\/revista-magazine\" rel=\"tag\">zapada<\/a><\/span><\/li>\n<\/ul>\n<\/div>\n<\/div>\n<footer class=\"post-footer postdata fix\"> <\/footer>\n<section id=\"comments\"> <\/section>\n<\/article>\n<nav class=\"post-nav fix\">\n<table>\n<tr>\n<td class=\"previous\"><a href=\"https:\/\/niramart.com\/revista-magazine\/noi-lansari-de-carte-academica-romaneasca-la-univ-complutense-din-madrid\/\" rel=\"prev\"><span class=\"icon\">&nbsp;<\/span> Noi lansari de carte academica romaneasca la Univ. Complutense din Madrid<\/a><\/td>\n<td class=\"next\"><a href=\"https:\/\/niramart.com\/revista-magazine\/afirmare-prin-conservarea-valorilor-artstice-teatrale-traditionale\/\" rel=\"next\"><span class=\"icon\">&nbsp;<\/span> AFIRMARE PRIN CONSERVAREA VALORILOR ARTSTICE TEATRALE  TRADI\u0162IONALE de Otilia Huzum<\/a><\/td>\n<\/tr>\n<\/table>\n<\/nav>\n<\/div>\n<\/div>\n","protected":false,"raw":""},"excerpt":{"rendered":"<p>Cr\u0103ciun frumos \u0219i fire de Lumin\u0103 de Valentina Alexa [&hellip;]<\/p>\n","protected":false},"author":0,"featured_media":0,"parent":0,"menu_order":0,"comment_status":"closed","ping_status":"closed","template":"","meta":{"footnotes":""},"class_list":["post-104","page","type-page","status-publish","hentry"],"yoast_head":"<!-- This site is optimized with the Yoast SEO plugin v27.4 - https:\/\/yoast.com\/product\/yoast-seo-wordpress\/ -->\n<title>Cr\u0103ciun frumos \u0219i fire de Lumin\u0103 de Valentina Alexa \u00bb Niram Art Magazine<\/title>\n<meta name=\"robots\" content=\"index, follow, max-snippet:-1, max-image-preview:large, max-video-preview:-1\" \/>\n<link rel=\"canonical\" href=\"https:\/\/niramart.com\/revista-magazine\/craciun-frumos-si-fire-de-lumina-de-valentina-alexa\/\" \/>\n<meta property=\"og:type\" content=\"article\" \/>\n<meta property=\"og:title\" content=\"Cr\u0103ciun frumos \u0219i fire de Lumin\u0103 de Valentina Alexa \u00bb Niram Art Magazine\" \/>\n<meta property=\"og:description\" content=\"Cr\u0103ciun frumos \u0219i fire de Lumin\u0103 de Valentina Alexa [&hellip;]\" \/>\n<meta property=\"og:url\" content=\"https:\/\/niramart.com\/revista-magazine\/craciun-frumos-si-fire-de-lumina-de-valentina-alexa\/\" \/>\n<meta property=\"og:site_name\" content=\"Niram Art Magazine\" \/>\n<meta name=\"twitter:card\" content=\"summary_large_image\" \/>\n<meta name=\"twitter:label1\" content=\"Est. reading time\" \/>\n\t<meta name=\"twitter:data1\" content=\"7 minutes\" \/>\n<!-- \/ Yoast SEO plugin. -->","yoast_head_json":{"title":"Cr\u0103ciun frumos \u0219i fire de Lumin\u0103 de Valentina Alexa \u00bb Niram Art Magazine","robots":{"index":"index","follow":"follow","max-snippet":"max-snippet:-1","max-image-preview":"max-image-preview:large","max-video-preview":"max-video-preview:-1"},"canonical":"https:\/\/niramart.com\/revista-magazine\/craciun-frumos-si-fire-de-lumina-de-valentina-alexa\/","og_type":"article","og_title":"Cr\u0103ciun frumos \u0219i fire de Lumin\u0103 de Valentina Alexa \u00bb Niram Art Magazine","og_description":"Cr\u0103ciun frumos \u0219i fire de Lumin\u0103 de Valentina Alexa [&hellip;]","og_url":"https:\/\/niramart.com\/revista-magazine\/craciun-frumos-si-fire-de-lumina-de-valentina-alexa\/","og_site_name":"Niram Art Magazine","twitter_card":"summary_large_image","twitter_misc":{"Est. reading time":"7 minutes"}},"_links":{"self":[{"href":"https:\/\/niramart.com\/revista-magazine\/wp-json\/wp\/v2\/pages\/104","targetHints":{"allow":["GET"]}}],"collection":[{"href":"https:\/\/niramart.com\/revista-magazine\/wp-json\/wp\/v2\/pages"}],"about":[{"href":"https:\/\/niramart.com\/revista-magazine\/wp-json\/wp\/v2\/types\/page"}],"replies":[{"embeddable":true,"href":"https:\/\/niramart.com\/revista-magazine\/wp-json\/wp\/v2\/comments?post=104"}],"version-history":[{"count":0,"href":"https:\/\/niramart.com\/revista-magazine\/wp-json\/wp\/v2\/pages\/104\/revisions"}],"wp:attachment":[{"href":"https:\/\/niramart.com\/revista-magazine\/wp-json\/wp\/v2\/media?parent=104"}],"curies":[{"name":"wp","href":"https:\/\/api.w.org\/{rel}","templated":true}]}}