{"id":102,"date":"2024-04-01T07:40:47","date_gmt":"2024-04-01T07:40:47","guid":{"rendered":"https:\/\/niramart.com\/revista-magazine\/teama-de-valentina-alexa\/"},"modified":"2024-04-01T07:40:47","modified_gmt":"2024-04-01T07:40:47","slug":"teama-de-valentina-alexa","status":"publish","type":"page","link":"https:\/\/niramart.com\/revista-magazine\/category\/uncategorized\/","title":{"rendered":"Teama de Valentina Alexa"},"content":{"rendered":"<div id=\"main-col\">\n<div id=\"content\" class=\"hfeed\">\n<article class=\"post-1462 post type-post status-publish format-standard hentry category-uncategorized tag-biruitor tag-bucurie tag-creator tag-culori tag-curaj tag-divin tag-dusmani tag-fiinta tag-forte tag-frica tag-fuga tag-ganduri tag-incredere tag-intuneric tag-lumina tag-pierdut tag-plangand tag-puternic tag-teama tag-temeri excerpt category-1-id post-seq-1 post-parity-odd meta-position-left-pullout fix\" id=\"post-1462\">\n<header class=\"post-header title-container fix\">\n<div class=\"title\">\n<h2 class=\"posttitle\"><a href=\"https:\/\/niramart.com\/revista-magazine\/teama-de-valentina-alexa\/\" class=\"entry-title\" rel=\"bookmark\" title=\"Teama de Valentina Alexa\">Teama de Valentina Alexa<\/a><\/h2>\n<\/div>\n<div class=\"date\"><span class=\"month\">Oct<\/span> <span class=\"day\">20<\/span><span class=\"year\">2016<\/span><\/div>\n<\/header>\n<p> <span class=\"post-format-icon\">&nbsp;<\/span><span class=\"updated\" title=\"2016-10-20T17:14:39+00:00\">&nbsp;<\/span><\/p>\n<div class=\"entry-container fix\">\n<div class=\"entry entry-content fix\">\n<p class=\"bch4dcbow065stdpy\">D\u0103ruiesc acest mesaj tuturor celor c\u0103rora le e team\u0103, care s-au confruntat sau se confrunt\u0103 cu teama: pot s\u0103 le spun c\u0103 teama lor e inutil\u0103 at\u00e2ta timp c\u00e2t au credin\u021b\u0103 \u00een Dumnezeu! Teama dispare \u00een momentul instaur\u0103rii credin\u021bei ferme \u00een ajutorul Divin! Dumnezeu <a href=\"https:\/\/niramart.com\/revista-magazine\/teama-de-valentina-alexa\/\" class=\"excerpt-more\">[&#8230;]<\/a><\/p>\n<\/div>\n<div class=\"meta-pullout meta-left-pullout\">\n<ul>\n<li class=\"fix\"><span class=\"category\"><span class=\"icon\">&nbsp;<\/span> <a href=\"https:\/\/niramart.com\/revista-magazine\/category\/uncategorized\/\" rel=\"category tag\">Uncategorized<\/a><\/span><\/li>\n<li class=\"fix\"><span class=\"tags tax\"><span class=\"icon\">&nbsp;<\/span>Tagged with: <a href=\"https:\/\/niramart.com\/revista-magazine\/tag\/biruitor\/\" rel=\"tag\">biruitor<\/a>, <a href=\"https:\/\/niramart.com\/revista-magazine\/tag\/bucurie\/\" rel=\"tag\">bucurie<\/a>, <a href=\"https:\/\/niramart.com\/revista-magazine\/tag\/creator\/\" rel=\"tag\">creator<\/a>, <a href=\"https:\/\/niramart.com\/revista-magazine\/tag\/culori\/\" rel=\"tag\">culori<\/a>, <a href=\"https:\/\/niramart.com\/revista-magazine\/tag\/curaj\/\" rel=\"tag\">curaj<\/a>, <a href=\"https:\/\/niramart.com\/revista-magazine\/tag\/divin\/\" rel=\"tag\">divin<\/a>, <a href=\"https:\/\/niramart.com\/revista-magazine\/tag\/dusmani\/\" rel=\"tag\">dusmani<\/a>, <a href=\"https:\/\/niramart.com\/revista-magazine\/tag\/fiinta\/\" rel=\"tag\">fiin\u0163a<\/a>, <a href=\"https:\/\/niramart.com\/revista-magazine\/tag\/forte\/\" rel=\"tag\">forte<\/a>, <a href=\"https:\/\/niramart.com\/revista-magazine\/tag\/frica\/\" rel=\"tag\">frica<\/a>, <a href=\"https:\/\/niramart.com\/revista-magazine\/tag\/fuga\/\" rel=\"tag\">fuga<\/a>, <a href=\"https:\/\/niramart.com\/revista-magazine\/tag\/ganduri\/\" rel=\"tag\">ganduri<\/a>, <a href=\"https:\/\/niramart.com\/revista-magazine\/tag\/incredere\/\" rel=\"tag\">incredere<\/a>, <a href=\"https:\/\/niramart.com\/revista-magazine\/tag\/intuneric\/\" rel=\"tag\">intuneric<\/a>, <a href=\"https:\/\/niramart.com\/revista-magazine\/tag\/lumina\/\" rel=\"tag\">lumina<\/a>, <a href=\"https:\/\/niramart.com\/revista-magazine\/tag\/pierdut\/\" rel=\"tag\">pierdut<\/a>, <a href=\"https:\/\/niramart.com\/revista-magazine\/tag\/plangand\/\" rel=\"tag\">plangand<\/a>, <a href=\"https:\/\/niramart.com\/revista-magazine\/tag\/puternic\/\" rel=\"tag\">puternic<\/a>, <a href=\"https:\/\/niramart.com\/revista-magazine\/tag\/teama\/\" rel=\"tag\">Teama<\/a>, <a href=\"https:\/\/niramart.com\/revista-magazine\/tag\/temeri\/\" rel=\"tag\">temeri<\/a><\/span><\/li>\n<\/ul>\n<\/div>\n<\/div>\n<footer class=\"post-footer postdata fix\"> <\/footer>\n<\/article>\n<article class=\"post-1450 post type-post status-publish format-standard hentry category-c42-articulos-romana category-uncategorized tag-carti tag-complutense tag-disciplina tag-editura tag-educatie tag-elevi tag-invatamant tag-invatare tag-liceu tag-niram-art tag-povesti tag-profesii tag-profesor tag-reforma tag-reusita tag-romani tag-studenti tag-succes excerpt category-16-id category-1-id post-seq-2 post-parity-even meta-position-left-pullout fix\" id=\"post-1450\">\n<header class=\"post-header title-container fix\">\n<div class=\"title\">\n<h2 class=\"posttitle\"><a href=\"https:\/\/niramart.com\/revista-magazine\/invingand-reforma-educatiei-si-alti-balauri-de-daniela-roxana-andron\/\" class=\"entry-title\" rel=\"bookmark\" title=\"\u00cenving\u00e2nd reforma educa\u021biei (\u0219i al\u021bi balauri) de Daniela Roxana Andron\">\u00cenving\u00e2nd reforma educa\u021biei (\u0219i al\u021bi balauri) de Daniela Roxana Andron<\/a><\/h2>\n<\/div>\n<div class=\"date\"><span class=\"month\">Sep<\/span> <span class=\"day\">05<\/span><span class=\"year\">2016<\/span><\/div>\n<\/header>\n<p> <span class=\"post-format-icon\">&nbsp;<\/span><span class=\"updated\" title=\"2016-09-05T17:20:13+00:00\">&nbsp;<\/span><\/p>\n<div class=\"entry-container fix\">\n<div class=\"entry entry-content fix\">\n<p class=\"bch4dcbow065stdpy\">Pove\u0219tile de succes ale rom\u00e2nilor sunt multe, \u00eentr-adev\u0103r, \u0219i \u00een mare parte chiar spectaculoase, dar par s\u0103 aib\u0103 o tr\u0103s\u0103tur\u0103 comun\u0103 \u2013 sunt str\u0103luciri \u00eendep\u0103rtate, evolu\u021bii spectaculoase undeva departe de noi, spre care privim cu speran\u021b\u0103, nu doar cu bucurie. Ne-am obi\u0219nuit (pu\u021bin riscant) <a href=\"https:\/\/niramart.com\/revista-magazine\/invingand-reforma-educatiei-si-alti-balauri-de-daniela-roxana-andron\/\" class=\"excerpt-more\">[&#8230;]<\/a><\/p>\n<\/div>\n<div class=\"meta-pullout meta-left-pullout\">\n<ul>\n<li class=\"fix\"><span class=\"category\"><span class=\"icon\">&nbsp;<\/span> <a href=\"https:\/\/niramart.com\/revista-magazine\/category\/s5-articulos\/c42-articulos-romana\/\" rel=\"category tag\">Articole in limba romana<\/a>, <a href=\"https:\/\/niramart.com\/revista-magazine\/category\/uncategorized\/\" rel=\"category tag\">Uncategorized<\/a><\/span><\/li>\n<li class=\"fix\"><span class=\"tags tax\"><span class=\"icon\">&nbsp;<\/span>Tagged with: <a href=\"https:\/\/niramart.com\/revista-magazine\/tag\/carti\/\" rel=\"tag\">carti<\/a>, <a href=\"https:\/\/niramart.com\/revista-magazine\/tag\/complutense\/\" rel=\"tag\">complutense<\/a>, <a href=\"https:\/\/niramart.com\/revista-magazine\/tag\/disciplina\/\" rel=\"tag\">disciplina<\/a>, <a href=\"https:\/\/niramart.com\/revista-magazine\/tag\/editura\/\" rel=\"tag\">editura<\/a>, <a href=\"https:\/\/niramart.com\/revista-magazine\/tag\/educatie\/\" rel=\"tag\">educatie<\/a>, <a href=\"https:\/\/niramart.com\/revista-magazine\/tag\/elevi\/\" rel=\"tag\">elevi<\/a>, <a href=\"https:\/\/niramart.com\/revista-magazine\/tag\/invatamant\/\" rel=\"tag\">invatamant<\/a>, <a href=\"https:\/\/niramart.com\/revista-magazine\/tag\/invatare\/\" rel=\"tag\">invatare<\/a>, <a href=\"https:\/\/niramart.com\/revista-magazine\/tag\/liceu\/\" rel=\"tag\">liceu<\/a>, <a href=\"https:\/\/niramart.com\/revista-magazine\/tag\/niram-art\/\" rel=\"tag\">niram art<\/a>, <a href=\"https:\/\/niramart.com\/revista-magazine\/tag\/povesti\/\" rel=\"tag\">povesti<\/a>, <a href=\"https:\/\/niramart.com\/revista-magazine\/tag\/profesii\/\" rel=\"tag\">profesii<\/a>, <a href=\"https:\/\/niramart.com\/revista-magazine\/tag\/profesor\/\" rel=\"tag\">profesor<\/a>, <a href=\"https:\/\/niramart.com\/revista-magazine\/tag\/reforma\/\" rel=\"tag\">reforma<\/a>, <a href=\"https:\/\/niramart.com\/revista-magazine\/tag\/reusita\/\" rel=\"tag\">reusita<\/a>, <a href=\"https:\/\/niramart.com\/revista-magazine\/tag\/romani\/\" rel=\"tag\">romani<\/a>, <a href=\"https:\/\/niramart.com\/revista-magazine\/tag\/studenti\/\" rel=\"tag\">studenti<\/a>, <a href=\"https:\/\/niramart.com\/revista-magazine\/tag\/succes\/\" rel=\"tag\">succes<\/a><\/span><\/li>\n<\/ul>\n<\/div>\n<\/div>\n<footer class=\"post-footer postdata fix\"> <\/footer>\n<\/article>\n<article class=\"post-1439 post type-post status-publish format-standard hentry category-c42-articulos-romana category-uncategorized tag-absolventi tag-cadru-didactic tag-cariera tag-cunoastere tag-cursuri tag-educatie tag-invatare tag-management tag-matematica tag-motivatie tag-profesional tag-profesor tag-profesori tag-rezultate tag-seminarii tag-stiintific tag-student tag-studenti tag-universitate excerpt category-16-id category-1-id post-seq-3 post-parity-odd meta-position-left-pullout fix\" id=\"post-1439\">\n<header class=\"post-header title-container fix\">\n<div class=\"title\">\n<h2 class=\"posttitle\"><a href=\"https:\/\/niramart.com\/revista-magazine\/rezultatele-bune-ale-studetilor-stau-la-baza-motivatiei-mele-interviu-cu-amelia-bucur\/\" class=\"entry-title\" rel=\"bookmark\" title=\"Rezultatele bune ale stude\u021bilor stau la baza motiva\u021biei mele. Interviu cu Amelia Bucur\">Rezultatele bune ale stude\u021bilor stau la baza motiva\u021biei mele. Interviu cu Amelia Bucur<\/a><\/h2>\n<\/div>\n<div class=\"date\"><span class=\"month\">Jul<\/span> <span class=\"day\">10<\/span><span class=\"year\">2016<\/span><\/div>\n<\/header>\n<p> <span class=\"post-format-icon\">&nbsp;<\/span><span class=\"updated\" title=\"2016-07-10T14:18:57+00:00\">&nbsp;<\/span><\/p>\n<div class=\"entry-container fix\">\n<div class=\"entry entry-content fix\">\n<p class=\"bch4dcbow065stdpy\">1. Vorbi\u0163i-ne despre 2-3 aspecte notabile ale activit\u0103\u0163ii dvs. din ultimii 3 ani. Un mare g\u00e2nditor al Rena\u015fterii -Erasmus- a exprimat, \u00eentr-un mod aparte, ideea form\u0103rii \u015fi educa\u0163iei omului: ,,Speran\u0163a cea mai de seam\u0103 a unei na\u0163iuni st\u0103 \u00een buna educa\u0163ie pe care o <a href=\"https:\/\/niramart.com\/revista-magazine\/rezultatele-bune-ale-studetilor-stau-la-baza-motivatiei-mele-interviu-cu-amelia-bucur\/\" class=\"excerpt-more\">[&#8230;]<\/a><\/p>\n<\/div>\n<div class=\"meta-pullout meta-left-pullout\">\n<ul>\n<li class=\"fix\"><span class=\"category\"><span class=\"icon\">&nbsp;<\/span> <a href=\"https:\/\/niramart.com\/revista-magazine\/category\/s5-articulos\/c42-articulos-romana\/\" rel=\"category tag\">Articole in limba romana<\/a>, <a href=\"https:\/\/niramart.com\/revista-magazine\/category\/uncategorized\/\" rel=\"category tag\">Uncategorized<\/a><\/span><\/li>\n<li class=\"fix\"><span class=\"tags tax\"><span class=\"icon\">&nbsp;<\/span>Tagged with: <a href=\"https:\/\/niramart.com\/revista-magazine\/tag\/absolventi\/\" rel=\"tag\">absolventi<\/a>, <a href=\"https:\/\/niramart.com\/revista-magazine\/tag\/cadru-didactic\/\" rel=\"tag\">cadru didactic<\/a>, <a href=\"https:\/\/niramart.com\/revista-magazine\/tag\/cariera\/\" rel=\"tag\">cariera<\/a>, <a href=\"https:\/\/niramart.com\/revista-magazine\/tag\/cunoastere\/\" rel=\"tag\">cunoa\u0219tere<\/a>, <a href=\"https:\/\/niramart.com\/revista-magazine\/tag\/cursuri\/\" rel=\"tag\">cursuri<\/a>, <a href=\"https:\/\/niramart.com\/revista-magazine\/tag\/educatie\/\" rel=\"tag\">educatie<\/a>, <a href=\"https:\/\/niramart.com\/revista-magazine\/tag\/invatare\/\" rel=\"tag\">invatare<\/a>, <a href=\"https:\/\/niramart.com\/revista-magazine\/tag\/management\/\" rel=\"tag\">management<\/a>, <a href=\"https:\/\/niramart.com\/revista-magazine\/tag\/matematica\/\" rel=\"tag\">matematica<\/a>, <a href=\"https:\/\/niramart.com\/revista-magazine\/tag\/motivatie\/\" rel=\"tag\">motivatie<\/a>, <a href=\"https:\/\/niramart.com\/revista-magazine\/tag\/profesional\/\" rel=\"tag\">profesional<\/a>, <a href=\"https:\/\/niramart.com\/revista-magazine\/tag\/profesor\/\" rel=\"tag\">profesor<\/a>, <a href=\"https:\/\/niramart.com\/revista-magazine\/tag\/profesori\/\" rel=\"tag\">profesori<\/a>, <a href=\"https:\/\/niramart.com\/revista-magazine\/tag\/rezultate\/\" rel=\"tag\">rezultate<\/a>, <a href=\"https:\/\/niramart.com\/revista-magazine\/tag\/seminarii\/\" rel=\"tag\">seminarii<\/a>, <a href=\"https:\/\/niramart.com\/revista-magazine\/tag\/stiintific\/\" rel=\"tag\">stiintific<\/a>, <a href=\"https:\/\/niramart.com\/revista-magazine\/tag\/student\/\" rel=\"tag\">student<\/a>, <a href=\"https:\/\/niramart.com\/revista-magazine\/tag\/studenti\/\" rel=\"tag\">studenti<\/a>, <a href=\"https:\/\/niramart.com\/revista-magazine\/tag\/universitate\/\" rel=\"tag\">universitate<\/a><\/span><\/li>\n<\/ul>\n<\/div>\n<\/div>\n<footer class=\"post-footer postdata fix\"> <\/footer>\n<\/article>\n<article class=\"post-1437 post type-post status-publish format-standard hentry category-uncategorized excerpt category-1-id post-seq-4 post-parity-even meta-position-left-pullout fix\" id=\"post-1437\">\n<header class=\"post-header title-container fix\">\n<div class=\"title\">\n<h2 class=\"posttitle\"><a href=\"https:\/\/niramart.com\/revista-magazine\/drumul-catre-suflet-de-valentina-alexa\/\" class=\"entry-title\" rel=\"bookmark\" title=\"Drumul c\u0103tre suflet de Valentina Alexa\">Drumul c\u0103tre suflet de Valentina Alexa<\/a><\/h2>\n<\/div>\n<div class=\"date\"><span class=\"month\">Jul<\/span> <span class=\"day\">08<\/span><span class=\"year\">2016<\/span><\/div>\n<\/header>\n<p> <span class=\"post-format-icon\">&nbsp;<\/span><span class=\"updated\" title=\"2016-07-08T18:37:10+00:00\">&nbsp;<\/span><\/p>\n<div class=\"entry-container fix\">\n<div class=\"entry entry-content fix\">\n<p class=\"bch4dcbow065stdpy\">Azi ne m\u00e2ndrim cu cariera noastr\u0103, cu casele, ma\u0219inile, conturile \u00een b\u0103nci, cu vacan\u021bele exotice \u0219i cu traiul bun! Ne m\u00e2ndrim cu pierderea treptat\u0103 a valorilor fundamentale, cu transformarea verdelui din iarba de pe c\u00e2mp \u00een beton rece \u0219i gri. Ne m\u00e2ndrim c\u0103 suntem <a href=\"https:\/\/niramart.com\/revista-magazine\/drumul-catre-suflet-de-valentina-alexa\/\" class=\"excerpt-more\">[&#8230;]<\/a><\/p>\n<\/div>\n<div class=\"meta-pullout meta-left-pullout\">\n<ul>\n<li class=\"fix\"><span class=\"category\"><span class=\"icon\">&nbsp;<\/span> <a href=\"https:\/\/niramart.com\/revista-magazine\/category\/uncategorized\/\" rel=\"category tag\">Uncategorized<\/a><\/span><\/li>\n<\/ul>\n<\/div>\n<\/div>\n<footer class=\"post-footer postdata fix\"> <\/footer>\n<\/article>\n<article class=\"post-1396 post type-post status-publish format-standard hentry category-uncategorized excerpt category-1-id post-seq-5 post-parity-odd meta-position-left-pullout fix\" id=\"post-1396\">\n<header class=\"post-header title-container fix\">\n<div class=\"title\">\n<h2 class=\"posttitle\"><a href=\"https:\/\/niramart.com\/revista-magazine\/calea-cea-vesnic-dreapta-a-arhitecturii-de-anca-sandu-tomaszewski\/\" class=\"entry-title\" rel=\"bookmark\" title=\"Calea cea ve\u015fnic dreapt\u0103 a arhitecturii de Anca Sandu Tomaszewski\">Calea cea ve\u015fnic dreapt\u0103 a arhitecturii de Anca Sandu Tomaszewski<\/a><\/h2>\n<\/div>\n<div class=\"date\"><span class=\"month\">Jul<\/span> <span class=\"day\">07<\/span><span class=\"year\">2016<\/span><\/div>\n<\/header>\n<p> <span class=\"post-format-icon\">&nbsp;<\/span><span class=\"updated\" title=\"2016-07-07T15:06:42+00:00\">&nbsp;<\/span><\/p>\n<div class=\"entry-container fix\">\n<div class=\"entry entry-content fix\">\n<p class=\"bch4dcbow065stdpy\">Liberi sau bigo\u0163i Arhitectura pare azi, mai mult dec\u00e2t oric\u00e2nd, prins\u0103 \u00een capcana dintre democra\u0163ie \u015fi elitism, adic\u0103 dintre necesitatea de a fuziona cu via\u0163a, pe de o parte, \u015fi subordonarea la canonul estetic, de cealalt\u0103 parte. (Despre aceast\u0103 neidentificabil\u0103 constr\u00e2ngere a Zeitgeistului, Matisse <a href=\"https:\/\/niramart.com\/revista-magazine\/calea-cea-vesnic-dreapta-a-arhitecturii-de-anca-sandu-tomaszewski\/\" class=\"excerpt-more\">[&#8230;]<\/a><\/p>\n<\/div>\n<div class=\"meta-pullout meta-left-pullout\">\n<ul>\n<li class=\"fix\"><span class=\"category\"><span class=\"icon\">&nbsp;<\/span> <a href=\"https:\/\/niramart.com\/revista-magazine\/category\/uncategorized\/\" rel=\"category tag\">Uncategorized<\/a><\/span><\/li>\n<\/ul>\n<\/div>\n<\/div>\n<footer class=\"post-footer postdata fix\"> <\/footer>\n<\/article>\n<article class=\"post-1391 post type-post status-publish format-standard hentry category-c42-articulos-romana category-uncategorized excerpt category-16-id category-1-id post-seq-6 post-parity-even meta-position-left-pullout fix\" id=\"post-1391\">\n<header class=\"post-header title-container fix\">\n<div class=\"title\">\n<h2 class=\"posttitle\"><a href=\"https:\/\/niramart.com\/revista-magazine\/marinela-artista-a-sufletului-omenesc-valentina-alexa\/\" class=\"entry-title\" rel=\"bookmark\" title=\"Marinela. Artist\u0103 a sufletului omenesc de Valentina Alexa\">Marinela. Artist\u0103 a sufletului omenesc de Valentina Alexa<\/a><\/h2>\n<\/div>\n<div class=\"date\"><span class=\"month\">May<\/span> <span class=\"day\">01<\/span><span class=\"year\">2016<\/span><\/div>\n<\/header>\n<p> <span class=\"post-format-icon\">&nbsp;<\/span><span class=\"updated\" title=\"2016-05-01T15:08:56+00:00\">&nbsp;<\/span><\/p>\n<div class=\"entry-container fix\">\n<div class=\"entry entry-content fix\">\n<p class=\"bch4dcbow065stdpy\">Tu, suflet curat, \u00eengera\u015f frumos, \u00een\u0103l\u0163at la Cer prea devreme! Marinela mea! Sora mea iubita! Ce trist\u0103 e lumea f\u0103r\u0103 tine, ce mare e golul din sufletul meu! Unde e\u015fti tu? Frumoas\u0103, cu ochi mari \u0219i verzi, \u00eentreb\u0103tori \u0219i juc\u0103u\u0219i, cu un neast\u00e2mp\u0103r de <a href=\"https:\/\/niramart.com\/revista-magazine\/marinela-artista-a-sufletului-omenesc-valentina-alexa\/\" class=\"excerpt-more\">[&#8230;]<\/a><\/p>\n<\/div>\n<div class=\"meta-pullout meta-left-pullout\">\n<ul>\n<li class=\"fix\"><span class=\"category\"><span class=\"icon\">&nbsp;<\/span> <a href=\"https:\/\/niramart.com\/revista-magazine\/category\/s5-articulos\/c42-articulos-romana\/\" rel=\"category tag\">Articole in limba romana<\/a>, <a href=\"https:\/\/niramart.com\/revista-magazine\/category\/uncategorized\/\" rel=\"category tag\">Uncategorized<\/a><\/span><\/li>\n<\/ul>\n<\/div>\n<\/div>\n<footer class=\"post-footer postdata fix\"> <\/footer>\n<\/article>\n<\/div>\n<\/div>\n","protected":false,"raw":""},"excerpt":{"rendered":"<p>Teama de Valentina Alexa Oct 202016 &nbsp;&nbsp; D\u0103ruiesc acest [&hellip;]<\/p>\n","protected":false},"author":0,"featured_media":0,"parent":0,"menu_order":0,"comment_status":"closed","ping_status":"closed","template":"","meta":{"footnotes":""},"class_list":["post-102","page","type-page","status-publish","hentry"],"yoast_head":"<!-- This site is optimized with the Yoast SEO plugin v27.4 - https:\/\/yoast.com\/product\/yoast-seo-wordpress\/ -->\n<title>Uncategorized \u00bb Niram Art Magazine<\/title>\n<meta name=\"robots\" content=\"index, follow, max-snippet:-1, max-image-preview:large, max-video-preview:-1\" \/>\n<link rel=\"canonical\" href=\"https:\/\/niramart.com\/revista-magazine\/category\/uncategorized\/\" \/>\n<meta property=\"og:type\" content=\"article\" \/>\n<meta property=\"og:title\" content=\"Uncategorized \u00bb Niram Art Magazine\" \/>\n<meta property=\"og:description\" content=\"Teama de Valentina Alexa Oct 202016 &nbsp;&nbsp; D\u0103ruiesc acest [&hellip;]\" \/>\n<meta property=\"og:url\" content=\"https:\/\/niramart.com\/revista-magazine\/category\/uncategorized\/\" \/>\n<meta property=\"og:site_name\" content=\"Niram Art Magazine\" \/>\n<meta name=\"twitter:card\" content=\"summary_large_image\" \/>\n<meta name=\"twitter:label1\" content=\"Est. reading time\" \/>\n\t<meta name=\"twitter:data1\" content=\"2 minutes\" \/>\n<!-- \/ Yoast SEO plugin. -->","yoast_head_json":{"title":"Uncategorized \u00bb Niram Art Magazine","robots":{"index":"index","follow":"follow","max-snippet":"max-snippet:-1","max-image-preview":"max-image-preview:large","max-video-preview":"max-video-preview:-1"},"canonical":"https:\/\/niramart.com\/revista-magazine\/category\/uncategorized\/","og_type":"article","og_title":"Uncategorized \u00bb Niram Art Magazine","og_description":"Teama de Valentina Alexa Oct 202016 &nbsp;&nbsp; D\u0103ruiesc acest [&hellip;]","og_url":"https:\/\/niramart.com\/revista-magazine\/category\/uncategorized\/","og_site_name":"Niram Art Magazine","twitter_card":"summary_large_image","twitter_misc":{"Est. reading time":"2 minutes"}},"_links":{"self":[{"href":"https:\/\/niramart.com\/revista-magazine\/wp-json\/wp\/v2\/pages\/102","targetHints":{"allow":["GET"]}}],"collection":[{"href":"https:\/\/niramart.com\/revista-magazine\/wp-json\/wp\/v2\/pages"}],"about":[{"href":"https:\/\/niramart.com\/revista-magazine\/wp-json\/wp\/v2\/types\/page"}],"replies":[{"embeddable":true,"href":"https:\/\/niramart.com\/revista-magazine\/wp-json\/wp\/v2\/comments?post=102"}],"version-history":[{"count":0,"href":"https:\/\/niramart.com\/revista-magazine\/wp-json\/wp\/v2\/pages\/102\/revisions"}],"wp:attachment":[{"href":"https:\/\/niramart.com\/revista-magazine\/wp-json\/wp\/v2\/media?parent=102"}],"curies":[{"name":"wp","href":"https:\/\/api.w.org\/{rel}","templated":true}]}}